{"id":13776,"date":"2024-03-15T18:43:14","date_gmt":"2024-03-15T18:43:14","guid":{"rendered":"https:\/?page_id=13776"},"modified":"2024-03-15T18:43:14","modified_gmt":"2024-03-15T18:43:14","slug":"areolascarcamouflage","status":"publish","type":"page","link":"https:\/\/remakeupacademy.com\/en\/areolascarcamouflage\/","title":{"rendered":"Course Page Areola"},"content":{"rendered":"<div data-elementor-type=\"wp-page\" data-elementor-id=\"13776\" class=\"elementor elementor-13776\">\n\t\t\t\t\t\t<section class=\"elementor-section elementor-top-section elementor-element elementor-element-d60b8a2 elementor-section-boxed elementor-section-height-default elementor-section-height-default\" data-id=\"d60b8a2\" data-element_type=\"section\" data-e-type=\"section\">\n\t\t\t\t\t\t<div class=\"elementor-container elementor-column-gap-default\">\n\t\t\t\t\t<div class=\"elementor-column elementor-col-66 elementor-top-column elementor-element elementor-element-88a835f\" data-id=\"88a835f\" data-element_type=\"column\" data-e-type=\"column\">\n\t\t\t<div class=\"elementor-widget-wrap elementor-element-populated\">\n\t\t\t\t\t\t<div class=\"elementor-element elementor-element-2b1d9be elementor-widget elementor-widget-image\" data-id=\"2b1d9be\" data-element_type=\"widget\" data-e-type=\"widget\" data-widget_type=\"image.default\">\n\t\t\t\t<div class=\"elementor-widget-container\">\n\t\t\t\t\t\t\t\t\t\t\t\t\t\t\t<img fetchpriority=\"high\" decoding=\"async\" width=\"1084\" height=\"975\" src=\"https:\/\/remakeupacademy.com\/wp-content\/uploads\/2024\/03\/Areola4.png\" class=\"attachment-large size-large wp-image-13721\" alt=\"\" srcset=\"https:\/\/remakeupacademy.com\/wp-content\/uploads\/2024\/03\/Areola4.png 1084w, https:\/\/remakeupacademy.com\/wp-content\/uploads\/2024\/03\/Areola4-500x450.png 500w, https:\/\/remakeupacademy.com\/wp-content\/uploads\/2024\/03\/Areola4-300x270.png 300w, https:\/\/remakeupacademy.com\/wp-content\/uploads\/2024\/03\/Areola4-768x691.png 768w, https:\/\/remakeupacademy.com\/wp-content\/uploads\/2024\/03\/Areola4-83x75.png 83w, https:\/\/remakeupacademy.com\/wp-content\/uploads\/2024\/03\/Areola4-480x432.png 480w, https:\/\/remakeupacademy.com\/wp-content\/uploads\/2024\/03\/Areola4-800x720.png 800w\" sizes=\"(max-width:767px) 480px, (max-width:1084px) 100vw, 1084px\" \/>\t\t\t\t\t\t\t\t\t\t\t\t\t\t\t<\/div>\n\t\t\t\t<\/div>\n\t\t\t\t\t<\/div>\n\t\t<\/div>\n\t\t\t\t<div class=\"elementor-column elementor-col-33 elementor-top-column elementor-element elementor-element-c0ef324\" data-id=\"c0ef324\" data-element_type=\"column\" data-e-type=\"column\">\n\t\t\t<div class=\"elementor-widget-wrap elementor-element-populated\">\n\t\t\t\t\t\t<div class=\"elementor-element elementor-element-dad58bd elementor-widget elementor-widget-heading\" data-id=\"dad58bd\" data-element_type=\"widget\" data-e-type=\"widget\" data-widget_type=\"heading.default\">\n\t\t\t\t<div class=\"elementor-widget-container\">\n\t\t\t\t\t<h2 class=\"elementor-heading-title elementor-size-default\">Micropigmentation\n(Areola, Stretch Marks and Scars CAMOUFLAGE)<span style=\"color: inherit;font-family: var( --e-global-typography-primary-font-family ), Sans-serif;font-size: var( --e-global-typography-primary-font-size );font-weight: var( --e-global-typography-primary-font-weight );letter-spacing: var( --e-global-typography-primary-letter-spacing );text-transform: var( --e-global-typography-primary-text-transform )\"><\/span><br><\/h2>\t\t\t\t<\/div>\n\t\t\t\t<\/div>\n\t\t\t\t<div class=\"elementor-element elementor-element-93ee423 elementor-widget elementor-widget-text-editor\" data-id=\"93ee423\" data-element_type=\"widget\" data-e-type=\"widget\" data-widget_type=\"text-editor.default\">\n\t\t\t\t<div class=\"elementor-widget-container\">\n\t\t\t\t\t\t\t\t\t<p>Duration: 16 Hours<\/p><p>Price: \u00a3 1.250<\/p>\t\t\t\t\t\t\t\t<\/div>\n\t\t\t\t<\/div>\n\t\t\t\t<div class=\"elementor-element elementor-element-7ca889a elementor-button-info elementor-align-center elementor-widget elementor-widget-button\" data-id=\"7ca889a\" data-element_type=\"widget\" data-e-type=\"widget\" data-widget_type=\"button.default\">\n\t\t\t\t<div class=\"elementor-widget-container\">\n\t\t\t\t\t\t\t\t\t<div class=\"elementor-button-wrapper\">\n\t\t\t\t\t<a class=\"elementor-button elementor-button-link elementor-size-sm\" href=\"https:\/\/www.paypal.com\/ncp\/payment\/3N6EH37K8WZ5J\" target=\"_blank\">\n\t\t\t\t\t\t<span class=\"elementor-button-content-wrapper\">\n\t\t\t\t\t\t\t\t\t<span class=\"elementor-button-text\">BOOK YOUR SPOT HERE!<\/span>\n\t\t\t\t\t<\/span>\n\t\t\t\t\t<\/a>\n\t\t\t\t<\/div>\n\t\t\t\t\t\t\t\t<\/div>\n\t\t\t\t<\/div>\n\t\t\t\t\t<\/div>\n\t\t<\/div>\n\t\t\t\t\t<\/div>\n\t\t<\/section>\n\t\t\t\t<section class=\"elementor-section elementor-top-section elementor-element elementor-element-2d5e6da elementor-section-boxed elementor-section-height-default elementor-section-height-default\" data-id=\"2d5e6da\" data-element_type=\"section\" data-e-type=\"section\">\n\t\t\t\t\t\t<div class=\"elementor-container elementor-column-gap-default\">\n\t\t\t\t\t<div class=\"elementor-column elementor-col-100 elementor-top-column elementor-element elementor-element-58dba52\" data-id=\"58dba52\" data-element_type=\"column\" data-e-type=\"column\">\n\t\t\t<div class=\"elementor-widget-wrap elementor-element-populated\">\n\t\t\t\t\t\t<div class=\"elementor-element elementor-element-78629d0 elementor-widget elementor-widget-spacer\" data-id=\"78629d0\" data-element_type=\"widget\" data-e-type=\"widget\" data-widget_type=\"spacer.default\">\n\t\t\t\t<div class=\"elementor-widget-container\">\n\t\t\t\t\t\t\t<div class=\"elementor-spacer\">\n\t\t\t<div class=\"elementor-spacer-inner\"><\/div>\n\t\t<\/div>\n\t\t\t\t\t\t<\/div>\n\t\t\t\t<\/div>\n\t\t\t\t<div class=\"elementor-element elementor-element-2560238 elementor-widget elementor-widget-heading\" data-id=\"2560238\" data-element_type=\"widget\" data-e-type=\"widget\" data-widget_type=\"heading.default\">\n\t\t\t\t<div class=\"elementor-widget-container\">\n\t\t\t\t\t<h2 class=\"elementor-heading-title elementor-size-default\">Course Structure<\/h2>\t\t\t\t<\/div>\n\t\t\t\t<\/div>\n\t\t\t\t<div class=\"elementor-element elementor-element-8a053ea elementor-widget elementor-widget-text-editor\" data-id=\"8a053ea\" data-element_type=\"widget\" data-e-type=\"widget\" data-widget_type=\"text-editor.default\">\n\t\t\t\t<div class=\"elementor-widget-container\">\n\t\t\t\t\t\t\t\t\t<p><b>Prerequisites<\/b><o:p><\/o:p><\/p>\n<p>Good eyesight;<o:p><\/o:p><\/p>\n<p>Good manual dexterity and firm hands;<o:p><\/o:p><\/p>\n<p>Health, beauty and related professionals.<o:p><\/o:p><\/p>\n<p><b>Target audience<\/b><o:p><\/o:p><\/p>\n<p>Health and beauty professionals (employed or unemployed)<br>\naged 18 or over.<o:p><\/o:p><\/p>\n<p><b>Programme content:<\/b><o:p><\/o:p><\/p>\n<p><b>Day 1 &#8211; Introduction to Micropigmentation (Areola, Scar<br>\nCamouflage and Stretch Marks).<\/b><o:p><\/o:p><\/p>\n<p>This module will present the following topics and follow the structure presented:<o:p><\/o:p><\/p>\n<p>1- Introduction to Micropigmentation and legal requirements for practice.<o:p><\/o:p><\/p>\n<p>2- Basic theoretical concepts (Anatomy, Skin Tones and Colour Theory) and equipment.<o:p><\/o:p><\/p>\n<p>3- Consultation and the Office.<o:p><\/o:p><\/p>\n<p>4- The Technique. Step by step. Drawing and colour choice.<o:p><\/o:p><\/p>\n<p>5- The Technique. Applying the technique to synthetic leather.<o:p><\/o:p><\/p>\n<p>6- Protocol and Aftercare.<o:p><\/o:p><\/p>\n<p><b>Day 2 &#8211; Practical Micropigmentation on Models<\/b><o:p><\/o:p><\/p>\n<p>In this module the theoretical concepts will be applied in a practical environment.<o:p><\/o:p><\/p>\n<p>1- Practice of the technique on a model (trainees and trainer). In the practical aspect, each student will practice on a real model, demonstrating skills in carrying out a consultation, applying the technique and counselling on aftercare.<o:p><\/o:p><\/p>\n<p>2- Award of certificates.<o:p><\/o:p><\/p>\n<p><b>Training Objectives<\/b><o:p><\/o:p><\/p>\n<p>The training is divided into two types of objectives:<o:p><\/o:p><\/p>\n<p><b>General Objectives<\/b><o:p><\/o:p><\/p>\n<p>This course aims to provide participants with the theoretical and practical knowledge required to correctly apply the Micropigmentation technique <b>(Areola,&nbsp;<\/b><span style=\"font-weight: 700;\">Scars and Stretch Marks Camouflage<\/span><b>)<\/b>.<o:p><\/o:p><\/p>\n<p><b>Specific objectives<\/b><o:p><\/o:p><\/p>\n<p>At the end of the course, the trainee should be able to:<o:p><\/o:p><\/p>\n<p>&#8211; Identify the skin type<o:p><\/o:p><\/p>\n<p>&#8211; Draw up a Micropigmentation treatment plan <b>(Areola,&nbsp;<\/b><span style=\"font-weight: 700;\">Scars and Stretch Marks Camouflage<\/span><b>).<\/b><o:p><\/o:p><\/p>\n<p>&#8211; Recognise the ways of preventing injury in the practice of Micropigmentation <b>(Areola, Scars and Stretch Marks Camouflage)<\/b>.<o:p><\/o:p><\/p>\n<p>&#8211; Recognise the different equipment, pigments and utensils needed to carry out the technique.<o:p><\/o:p><\/p>\n<p>&#8211; Identify the contraindications of the procedures.<o:p><\/o:p><\/p>\n<p>&#8211; Recognise the applications of the micropigmentation technique <b>(Areola,&nbsp;<\/b><span style=\"font-weight: 700;\">Scars and Stretch Marks Camouflage<\/span><b>)<\/b>.<o:p><\/o:p><\/p>\n<p>&#8211; Recognise the potential results of the procedure and advise on aftercare.<o:p><\/o:p><\/p>\n<p><b>Optional kit :<\/b><o:p><\/o:p><\/p>\n<p>&#8211; 2 pigments<o:p><\/o:p><\/p>\n<p>&#8211; Synthetic skin<o:p><\/o:p><\/p>\n<p>&#8211; Rings without separator for pigments 25un.<o:p><\/o:p><\/p>\n<p>&#8211; Waterproof white eyeliner pencil<o:p><\/o:p><\/p>\n<p>&#8211; Healing ointment in tube 8g<o:p><\/o:p><\/p>\n<p>&#8211; Self-adhesive elastic bandage<o:p><\/o:p><\/p>\n<p><\/p>\n<p>&#8211; Cordless digital dermograph<o:p><\/o:p><\/p>\t\t\t\t\t\t\t\t<\/div>\n\t\t\t\t<\/div>\n\t\t\t\t\t<\/div>\n\t\t<\/div>\n\t\t\t\t\t<\/div>\n\t\t<\/section>\n\t\t\t\t<section class=\"elementor-section elementor-top-section elementor-element elementor-element-e18730f elementor-section-boxed elementor-section-height-default elementor-section-height-default\" data-id=\"e18730f\" data-element_type=\"section\" data-e-type=\"section\">\n\t\t\t\t\t\t<div class=\"elementor-container elementor-column-gap-default\">\n\t\t\t\t\t<div class=\"elementor-column elementor-col-100 elementor-top-column elementor-element elementor-element-812ad4e\" data-id=\"812ad4e\" data-element_type=\"column\" data-e-type=\"column\">\n\t\t\t<div class=\"elementor-widget-wrap elementor-element-populated\">\n\t\t\t\t\t\t<div class=\"elementor-element elementor-element-1487fc9 elementor-position-left elementor-vertical-align-middle elementor-widget elementor-widget-image-box\" data-id=\"1487fc9\" data-element_type=\"widget\" data-e-type=\"widget\" data-widget_type=\"image-box.default\">\n\t\t\t\t<div class=\"elementor-widget-container\">\n\t\t\t\t\t<div class=\"elementor-image-box-wrapper\"><figure class=\"elementor-image-box-img\"><img decoding=\"async\" src=\"http:\/\/remakeupacademy-com-628954.hostingersite.com\/wp-content\/uploads\/2024\/03\/282510492_539333287586427_7130304611526234971_n.jpg\" title=\"\" alt=\"\" loading=\"lazy\" \/><\/figure><div class=\"elementor-image-box-content\"><h3 class=\"elementor-image-box-title\">Meet your trainer - cristina bernardino<\/h3><p class=\"elementor-image-box-description\">\"Allow us to introduce you to our esteemed Master in Advanced Aesthetics, Aesthtetic Equipment applied to Advanced Aesthetics, Laser and Micropigmentation. With a prolific 15 years' experience as a trainer in the UK and Portugal, she is a beacon of expertise in her field. She has received several international awards as a professional, and her greatest passion lies in helping others to progress in their careers. Fluently bilingual, her teaching skills extend to both English and Portuguese. In 2015, she set up RemakeUp Academy in the UK, a testament to her leadership. She would expand her reach to Portugal in 2021, allowing her to seamlessly bridge cultures. <br><br>She has an exceptional talent for establishing lasting relationships. Her professional training comes from the prestigious Sorisa, SA. - Escola de Est\u00e9tica e Especializa\u00e7\u00e3o Profissional, where she obtained her certification as an Aesthetician-Cosmetologist, with multiple courses in advanced aesthetics and micropigmentation with world-class trainers. She is also a certified trainer (CAP) by Training House, Lda.. As the visionary behind RemakeUp Academy in the UK and Portugal, she has become a leading figure in the field of micropigmentation training. <br><br>Proudly representing the renowned Tina Davies brand in Portugal and the UK (Scotland), her commitment to providing face-to-face and distance learning guarantees access to latest practices and techniques.Don't miss this unrivalled opportunity to join this exceptional professional on our course. Unlock your potential and master the intricacies of this technique, guided by the mastery, experience and passion of someone with over 20 years in the industry. Get in touch today to secure your place.<\/p><\/div><\/div>\t\t\t\t<\/div>\n\t\t\t\t<\/div>\n\t\t\t\t\t<\/div>\n\t\t<\/div>\n\t\t\t\t\t<\/div>\n\t\t<\/section>\n\t\t\t\t<section class=\"elementor-section elementor-top-section elementor-element elementor-element-ef0ddc3 elementor-section-boxed elementor-section-height-default elementor-section-height-default\" data-id=\"ef0ddc3\" data-element_type=\"section\" data-e-type=\"section\">\n\t\t\t\t\t\t<div class=\"elementor-container elementor-column-gap-default\">\n\t\t\t\t\t<div class=\"elementor-column elementor-col-100 elementor-top-column elementor-element elementor-element-545671d\" data-id=\"545671d\" data-element_type=\"column\" data-e-type=\"column\">\n\t\t\t<div class=\"elementor-widget-wrap elementor-element-populated\">\n\t\t\t\t\t\t<div class=\"elementor-element elementor-element-6063216 elementor-widget elementor-widget-spacer\" data-id=\"6063216\" data-element_type=\"widget\" data-e-type=\"widget\" data-widget_type=\"spacer.default\">\n\t\t\t\t<div class=\"elementor-widget-container\">\n\t\t\t\t\t\t\t<div class=\"elementor-spacer\">\n\t\t\t<div class=\"elementor-spacer-inner\"><\/div>\n\t\t<\/div>\n\t\t\t\t\t\t<\/div>\n\t\t\t\t<\/div>\n\t\t\t\t<div class=\"elementor-element elementor-element-e6f5288 elementor-button-info elementor-align-center elementor-widget elementor-widget-button\" data-id=\"e6f5288\" data-element_type=\"widget\" data-e-type=\"widget\" data-widget_type=\"button.default\">\n\t\t\t\t<div class=\"elementor-widget-container\">\n\t\t\t\t\t\t\t\t\t<div class=\"elementor-button-wrapper\">\n\t\t\t\t\t<a class=\"elementor-button elementor-button-link elementor-size-sm\" href=\"https:\/\/www.paypal.com\/ncp\/payment\/3N6EH37K8WZ5J\" target=\"_blank\">\n\t\t\t\t\t\t<span class=\"elementor-button-content-wrapper\">\n\t\t\t\t\t\t\t\t\t<span class=\"elementor-button-text\">BOOK YOUR SPOT HERE!<\/span>\n\t\t\t\t\t<\/span>\n\t\t\t\t\t<\/a>\n\t\t\t\t<\/div>\n\t\t\t\t\t\t\t\t<\/div>\n\t\t\t\t<\/div>\n\t\t\t\t\t<\/div>\n\t\t<\/div>\n\t\t\t\t\t<\/div>\n\t\t<\/section>\n\t\t\t\t<section class=\"elementor-section elementor-top-section elementor-element elementor-element-961bd4d elementor-section-boxed elementor-section-height-default elementor-section-height-default\" data-id=\"961bd4d\" data-element_type=\"section\" data-e-type=\"section\">\n\t\t\t\t\t\t<div class=\"elementor-container elementor-column-gap-default\">\n\t\t\t\t\t<div class=\"elementor-column elementor-col-100 elementor-top-column elementor-element elementor-element-139c31f\" data-id=\"139c31f\" data-element_type=\"column\" data-e-type=\"column\">\n\t\t\t<div class=\"elementor-widget-wrap\">\n\t\t\t\t\t\t\t<\/div>\n\t\t<\/div>\n\t\t\t\t\t<\/div>\n\t\t<\/section>\n\t\t\t\t<\/div>","protected":false},"excerpt":{"rendered":"<p>Micropigmentation (Areola, Stretch Marks and Scars CAMOUFLAGE) Duration: 16 Hours Price: \u00a3 1.250 BOOK YOUR SPOT HERE! Course Structure Prerequisites Good eyesight; Good manual dexterity and<span class=\"excerpt-hellip\"> [\u2026]<\/span><\/p>\n","protected":false},"author":1,"featured_media":0,"parent":0,"menu_order":0,"comment_status":"closed","ping_status":"closed","template":"","meta":{"footnotes":""},"class_list":["post-13776","page","type-page","status-publish","hentry"],"_links":{"self":[{"href":"https:\/\/remakeupacademy.com\/en\/wp-json\/wp\/v2\/pages\/13776","targetHints":{"allow":["GET"]}}],"collection":[{"href":"https:\/\/remakeupacademy.com\/en\/wp-json\/wp\/v2\/pages"}],"about":[{"href":"https:\/\/remakeupacademy.com\/en\/wp-json\/wp\/v2\/types\/page"}],"author":[{"embeddable":true,"href":"https:\/\/remakeupacademy.com\/en\/wp-json\/wp\/v2\/users\/1"}],"replies":[{"embeddable":true,"href":"https:\/\/remakeupacademy.com\/en\/wp-json\/wp\/v2\/comments?post=13776"}],"version-history":[{"count":0,"href":"https:\/\/remakeupacademy.com\/en\/wp-json\/wp\/v2\/pages\/13776\/revisions"}],"wp:attachment":[{"href":"https:\/\/remakeupacademy.com\/en\/wp-json\/wp\/v2\/media?parent=13776"}],"curies":[{"name":"wp","href":"https:\/\/api.w.org\/{rel}","templated":true}]}}