{"id":13958,"date":"2024-03-27T18:34:14","date_gmt":"2024-03-27T18:34:14","guid":{"rendered":"https:\/?page_id=13958"},"modified":"2024-03-27T18:34:14","modified_gmt":"2024-03-27T18:34:14","slug":"micro-eyeliner","status":"publish","type":"page","link":"https:\/\/remakeupacademy.com\/en\/micro-eyeliner\/","title":{"rendered":"Micro Eyeliner"},"content":{"rendered":"<div data-elementor-type=\"wp-page\" data-elementor-id=\"13958\" class=\"elementor elementor-13958\">\n\t\t\t\t\t\t<section class=\"elementor-section elementor-top-section elementor-element elementor-element-35fab3ca elementor-section-boxed elementor-section-height-default elementor-section-height-default\" data-id=\"35fab3ca\" data-element_type=\"section\" data-e-type=\"section\">\n\t\t\t\t\t\t<div class=\"elementor-container elementor-column-gap-default\">\n\t\t\t\t\t<div class=\"elementor-column elementor-col-66 elementor-top-column elementor-element elementor-element-12d61928\" data-id=\"12d61928\" data-element_type=\"column\" data-e-type=\"column\">\n\t\t\t<div class=\"elementor-widget-wrap elementor-element-populated\">\n\t\t\t\t\t\t<div class=\"elementor-element elementor-element-286031fa elementor-widget elementor-widget-image\" data-id=\"286031fa\" data-element_type=\"widget\" data-e-type=\"widget\" data-widget_type=\"image.default\">\n\t\t\t\t<div class=\"elementor-widget-container\">\n\t\t\t\t\t\t\t\t\t\t\t\t\t\t\t<img fetchpriority=\"high\" decoding=\"async\" width=\"653\" height=\"653\" src=\"https:\/\/remakeupacademy.com\/wp-content\/uploads\/2024\/02\/Eyeliner2.png\" class=\"attachment-large size-large wp-image-13666\" alt=\"Therapits Performing Eyeliner\" srcset=\"https:\/\/remakeupacademy.com\/wp-content\/uploads\/2024\/02\/Eyeliner2.png 653w, https:\/\/remakeupacademy.com\/wp-content\/uploads\/2024\/02\/Eyeliner2-500x500.png 500w, https:\/\/remakeupacademy.com\/wp-content\/uploads\/2024\/02\/Eyeliner2-300x300.png 300w, https:\/\/remakeupacademy.com\/wp-content\/uploads\/2024\/02\/Eyeliner2-150x150.png 150w, https:\/\/remakeupacademy.com\/wp-content\/uploads\/2024\/02\/Eyeliner2-75x75.png 75w, https:\/\/remakeupacademy.com\/wp-content\/uploads\/2024\/02\/Eyeliner2-480x480.png 480w\" sizes=\"(max-width:767px) 480px, 653px\" \/>\t\t\t\t\t\t\t\t\t\t\t\t\t\t\t<\/div>\n\t\t\t\t<\/div>\n\t\t\t\t\t<\/div>\n\t\t<\/div>\n\t\t\t\t<div class=\"elementor-column elementor-col-33 elementor-top-column elementor-element elementor-element-4bf7fb96\" data-id=\"4bf7fb96\" data-element_type=\"column\" data-e-type=\"column\">\n\t\t\t<div class=\"elementor-widget-wrap elementor-element-populated\">\n\t\t\t\t\t\t<div class=\"elementor-element elementor-element-1ef54bff elementor-widget elementor-widget-heading\" data-id=\"1ef54bff\" data-element_type=\"widget\" data-e-type=\"widget\" data-widget_type=\"heading.default\">\n\t\t\t\t<div class=\"elementor-widget-container\">\n\t\t\t\t\t<h2 class=\"elementor-heading-title elementor-size-default\">Micropigmentation\n(EYELINER)<span style=\"color: inherit;font-family: var( --e-global-typography-primary-font-family ), Sans-serif;font-size: var( --e-global-typography-primary-font-size );font-weight: var( --e-global-typography-primary-font-weight );letter-spacing: var( --e-global-typography-primary-letter-spacing );text-transform: var( --e-global-typography-primary-text-transform )\"><\/span><br><\/h2>\t\t\t\t<\/div>\n\t\t\t\t<\/div>\n\t\t\t\t<div class=\"elementor-element elementor-element-63f66009 elementor-widget elementor-widget-text-editor\" data-id=\"63f66009\" data-element_type=\"widget\" data-e-type=\"widget\" data-widget_type=\"text-editor.default\">\n\t\t\t\t<div class=\"elementor-widget-container\">\n\t\t\t\t\t\t\t\t\t<p>Duration: 8 Hours<\/p><p>Price: \u00a3 750<\/p>\t\t\t\t\t\t\t\t<\/div>\n\t\t\t\t<\/div>\n\t\t\t\t<div class=\"elementor-element elementor-element-72327155 elementor-button-info elementor-align-center elementor-widget elementor-widget-button\" data-id=\"72327155\" data-element_type=\"widget\" data-e-type=\"widget\" data-widget_type=\"button.default\">\n\t\t\t\t<div class=\"elementor-widget-container\">\n\t\t\t\t\t\t\t\t\t<div class=\"elementor-button-wrapper\">\n\t\t\t\t\t<a class=\"elementor-button elementor-button-link elementor-size-sm\" href=\"https:\/\/www.paypal.com\/ncp\/payment\/3N6EH37K8WZ5J\" target=\"_blank\">\n\t\t\t\t\t\t<span class=\"elementor-button-content-wrapper\">\n\t\t\t\t\t\t\t\t\t<span class=\"elementor-button-text\">BOOK YOUR SPOT HERE!<\/span>\n\t\t\t\t\t<\/span>\n\t\t\t\t\t<\/a>\n\t\t\t\t<\/div>\n\t\t\t\t\t\t\t\t<\/div>\n\t\t\t\t<\/div>\n\t\t\t\t\t<\/div>\n\t\t<\/div>\n\t\t\t\t\t<\/div>\n\t\t<\/section>\n\t\t\t\t<section class=\"elementor-section elementor-top-section elementor-element elementor-element-7dfb4742 elementor-section-boxed elementor-section-height-default elementor-section-height-default\" data-id=\"7dfb4742\" data-element_type=\"section\" data-e-type=\"section\">\n\t\t\t\t\t\t<div class=\"elementor-container elementor-column-gap-default\">\n\t\t\t\t\t<div class=\"elementor-column elementor-col-100 elementor-top-column elementor-element elementor-element-5b4b5afc\" data-id=\"5b4b5afc\" data-element_type=\"column\" data-e-type=\"column\">\n\t\t\t<div class=\"elementor-widget-wrap elementor-element-populated\">\n\t\t\t\t\t\t<div class=\"elementor-element elementor-element-33d1a089 elementor-widget elementor-widget-heading\" data-id=\"33d1a089\" data-element_type=\"widget\" data-e-type=\"widget\" data-widget_type=\"heading.default\">\n\t\t\t\t<div class=\"elementor-widget-container\">\n\t\t\t\t\t<h2 class=\"elementor-heading-title elementor-size-default\">Course Structure<\/h2>\t\t\t\t<\/div>\n\t\t\t\t<\/div>\n\t\t\t\t<div class=\"elementor-element elementor-element-118aef05 elementor-widget elementor-widget-text-editor\" data-id=\"118aef05\" data-element_type=\"widget\" data-e-type=\"widget\" data-widget_type=\"text-editor.default\">\n\t\t\t\t<div class=\"elementor-widget-container\">\n\t\t\t\t\t\t\t\t\t<p><b>Prerequisites<\/b><\/p><p>Good eyesight;<\/p><p>Good manual dexterity and firm hands;<\/p><p>Health, beauty and related professionals<\/p><p><b>Target audience<\/b><\/p><p>Beauty and related professionals (employed and unemployed) aged 18 or over<\/p><p><b>Programme content:<\/b><\/p><p><b>Day 1 &#8211; Introduction to Micropigmentation.<\/b><\/p><p>This module will present the following topics and follow the structure presented:<\/p><p>1- Introduction to Micropigmentation and legal requirements for practice.<\/p><p>2- Micropigmentation &#8211; Basic theoretical concepts (Anatomy, Skin Tones and Colour Theory) and equipment.<\/p><p>3- Consultation and the Office.<\/p><p>4- The different Micropigmentation Techniques.<\/p><p>5- The Technique. Applying the technique to synthetic skin.<\/p><p>6- Protocol. Aftercare.<\/p><p><b>Day 2 &#8211; Practical Micropigmentation on Models<\/b><\/p><p>In this module the theoretical concepts will be applied in a practical environment.<\/p><p>1- Practice of the technique on a model (trainees and trainer). In the practical aspect, each student will practice on a real model, demonstrating skills in carrying out a consultation, applying the technique and counselling on aftercare.<\/p><p>2- Award of certificates.<\/p><p><b>Training Objectives<\/b><\/p><p>The training is divided into two types of objectives:<\/p><p><b>General Objectives<\/b><\/p><p>This course aims to provide participants with the theoretical and practical knowledge required to correctly apply the Eyeliner Micropigmentation technique.<\/p><p><b>Specific objectives<\/b><\/p><p>At the end of the course, the trainee should be able to:<\/p><p>&#8211; Identify skin type<\/p><p>&#8211; Draw up a micropigmentation treatment plan<\/p><p>&#8211; Recognise the ways of preventing injury in the practice of Micropigmentation.<\/p><p>&#8211; Recognise the different equipment, pigments and utensils needed to carry out the technique.<\/p><p>&#8211; Identify the contraindications of micropigmentation procedures.<\/p><p>&#8211; Recognise the applications of the Eyeliner Micropigmentation technique.<\/p><p>&#8211; Recognise the potential results of the procedure and advise on aftercare.<\/p><p><b>Optional kit:<\/b><\/p><p>&#8211; 2 pigments<\/p><p>&#8211; Synthetic skin<\/p><p>&#8211; Rings without separator for pigments 25un.<\/p><p>&#8211; Waterproof white eyeliner pencil<\/p><p>&#8211; Healing Ointment in Tube 8g<\/p><p>&#8211; Self-adhesive elastic bandage<\/p><p>\u00a0<\/p><p>&#8211; Demograph<\/p>\t\t\t\t\t\t\t\t<\/div>\n\t\t\t\t<\/div>\n\t\t\t\t\t<\/div>\n\t\t<\/div>\n\t\t\t\t\t<\/div>\n\t\t<\/section>\n\t\t\t\t<section class=\"elementor-section elementor-top-section elementor-element elementor-element-3296ba93 elementor-section-boxed elementor-section-height-default elementor-section-height-default\" data-id=\"3296ba93\" data-element_type=\"section\" data-e-type=\"section\">\n\t\t\t\t\t\t<div class=\"elementor-container elementor-column-gap-default\">\n\t\t\t\t\t<div class=\"elementor-column elementor-col-100 elementor-top-column elementor-element elementor-element-73afd8ab\" data-id=\"73afd8ab\" data-element_type=\"column\" data-e-type=\"column\">\n\t\t\t<div class=\"elementor-widget-wrap elementor-element-populated\">\n\t\t\t\t\t\t<div class=\"elementor-element elementor-element-4e28ff87 elementor-position-left elementor-vertical-align-middle elementor-widget elementor-widget-image-box\" data-id=\"4e28ff87\" data-element_type=\"widget\" data-e-type=\"widget\" data-widget_type=\"image-box.default\">\n\t\t\t\t<div class=\"elementor-widget-container\">\n\t\t\t\t\t<div class=\"elementor-image-box-wrapper\"><figure class=\"elementor-image-box-img\"><img decoding=\"async\" src=\"http:\/\/remakeupacademy-com-628954.hostingersite.com\/wp-content\/uploads\/2024\/03\/282510492_539333287586427_7130304611526234971_n.jpg\" title=\"\" alt=\"\" loading=\"lazy\" \/><\/figure><div class=\"elementor-image-box-content\"><h3 class=\"elementor-image-box-title\">Meet your trainer - cristina bernardino<\/h3><p class=\"elementor-image-box-description\">\"Allow us to introduce you to our esteemed Master in\nAdvanced Aesthetics, Aesthtetic Equipment applied to Advanced Aesthetics, Laser and Micropigmentation. \nWith a prolific 15 years' experience as a trainer in the UK and Portugal, she is a beacon of expertise in her field. She has received several international awards as a professional, and her greatest passion lies in helping others to progress in their careers. Fluently bilingual, her teaching skills extend to both English and Portuguese. In 2015, she set up RemakeUp Academy in the UK, a\ntestament to her leadership. She will expand her reach to Portugal in 2021,\nallowing her to seamlessly bridge cultures. He has an exceptional talent for establishing lasting relationships. Her professional training comes from the prestigious Sorisa, SA. - Escola de Est\u00e9tica e Especializa\u00e7\u00e3o Profissional,\nwhere she obtained her certification as an Aesthetician-Cosmetologist, with multiple courses in advanced aesthetics and micropigmentation with world-class trainers.\nShe is also a certified trainer (CAP) by Training House, Lda.. As the visionary behind RemakeUp Academy in the UK and Portugal, she has become a leading figure in the field of micropigmentation\ntraining. Proudly representing the renowned Tina Davies brand in Portugal and the UK (Scotland), her commitment to providing face-to-face and distance\nlearning guarantees access to latest practices and techniques.Don't miss this unrivalled opportunity to join this\nexceptional professional on our course. Unlock your potential and master the\nintricacies of this technique, guided by the mastery, experience and passion of\nsomeone with over 20 years in the industry. Get in touch today to secure your place.<\/p><\/div><\/div>\t\t\t\t<\/div>\n\t\t\t\t<\/div>\n\t\t\t\t\t<\/div>\n\t\t<\/div>\n\t\t\t\t\t<\/div>\n\t\t<\/section>\n\t\t\t\t<section class=\"elementor-section elementor-top-section elementor-element elementor-element-4286e0f5 elementor-section-boxed elementor-section-height-default elementor-section-height-default\" data-id=\"4286e0f5\" data-element_type=\"section\" data-e-type=\"section\">\n\t\t\t\t\t\t<div class=\"elementor-container elementor-column-gap-default\">\n\t\t\t\t\t<div class=\"elementor-column elementor-col-100 elementor-top-column elementor-element elementor-element-55e244d6\" data-id=\"55e244d6\" data-element_type=\"column\" data-e-type=\"column\">\n\t\t\t<div class=\"elementor-widget-wrap elementor-element-populated\">\n\t\t\t\t\t\t<div class=\"elementor-element elementor-element-1252e9cc elementor-button-info elementor-align-center elementor-widget elementor-widget-button\" data-id=\"1252e9cc\" data-element_type=\"widget\" data-e-type=\"widget\" data-widget_type=\"button.default\">\n\t\t\t\t<div class=\"elementor-widget-container\">\n\t\t\t\t\t\t\t\t\t<div class=\"elementor-button-wrapper\">\n\t\t\t\t\t<a class=\"elementor-button elementor-button-link elementor-size-sm\" href=\"https:\/\/www.paypal.com\/ncp\/payment\/3N6EH37K8WZ5J\" target=\"_blank\">\n\t\t\t\t\t\t<span class=\"elementor-button-content-wrapper\">\n\t\t\t\t\t\t\t\t\t<span class=\"elementor-button-text\">BOOK YOUR SPOT HERE!<\/span>\n\t\t\t\t\t<\/span>\n\t\t\t\t\t<\/a>\n\t\t\t\t<\/div>\n\t\t\t\t\t\t\t\t<\/div>\n\t\t\t\t<\/div>\n\t\t\t\t\t<\/div>\n\t\t<\/div>\n\t\t\t\t\t<\/div>\n\t\t<\/section>\n\t\t\t\t<section class=\"elementor-section elementor-top-section elementor-element elementor-element-435828dc elementor-section-boxed elementor-section-height-default elementor-section-height-default\" data-id=\"435828dc\" data-element_type=\"section\" data-e-type=\"section\">\n\t\t\t\t\t\t<div class=\"elementor-container elementor-column-gap-default\">\n\t\t\t\t\t<div class=\"elementor-column elementor-col-100 elementor-top-column elementor-element elementor-element-d16ab1\" data-id=\"d16ab1\" data-element_type=\"column\" data-e-type=\"column\">\n\t\t\t<div class=\"elementor-widget-wrap\">\n\t\t\t\t\t\t\t<\/div>\n\t\t<\/div>\n\t\t\t\t\t<\/div>\n\t\t<\/section>\n\t\t\t\t<\/div>","protected":false},"excerpt":{"rendered":"<p>Micropigmentation (EYELINER) Duration: 8 Hours Price: \u00a3 750 BOOK YOUR SPOT HERE! Course Structure Prerequisites Good eyesight; Good manual dexterity and firm hands; Health, beauty and<span class=\"excerpt-hellip\"> [\u2026]<\/span><\/p>\n","protected":false},"author":1,"featured_media":0,"parent":0,"menu_order":0,"comment_status":"closed","ping_status":"closed","template":"","meta":{"footnotes":""},"class_list":["post-13958","page","type-page","status-publish","hentry"],"_links":{"self":[{"href":"https:\/\/remakeupacademy.com\/en\/wp-json\/wp\/v2\/pages\/13958","targetHints":{"allow":["GET"]}}],"collection":[{"href":"https:\/\/remakeupacademy.com\/en\/wp-json\/wp\/v2\/pages"}],"about":[{"href":"https:\/\/remakeupacademy.com\/en\/wp-json\/wp\/v2\/types\/page"}],"author":[{"embeddable":true,"href":"https:\/\/remakeupacademy.com\/en\/wp-json\/wp\/v2\/users\/1"}],"replies":[{"embeddable":true,"href":"https:\/\/remakeupacademy.com\/en\/wp-json\/wp\/v2\/comments?post=13958"}],"version-history":[{"count":0,"href":"https:\/\/remakeupacademy.com\/en\/wp-json\/wp\/v2\/pages\/13958\/revisions"}],"wp:attachment":[{"href":"https:\/\/remakeupacademy.com\/en\/wp-json\/wp\/v2\/media?parent=13958"}],"curies":[{"name":"wp","href":"https:\/\/api.w.org\/{rel}","templated":true}]}}