{"id":13981,"date":"2024-03-27T18:53:57","date_gmt":"2024-03-27T18:53:57","guid":{"rendered":"https:\/?page_id=13981"},"modified":"2024-03-27T18:53:57","modified_gmt":"2024-03-27T18:53:57","slug":"micro-lips","status":"publish","type":"page","link":"https:\/\/remakeupacademy.com\/en\/micro-lips\/","title":{"rendered":"Micro Lips"},"content":{"rendered":"<div data-elementor-type=\"wp-page\" data-elementor-id=\"13981\" class=\"elementor elementor-13981\">\n\t\t\t\t\t\t<section class=\"elementor-section elementor-top-section elementor-element elementor-element-7f539d7a elementor-section-boxed elementor-section-height-default elementor-section-height-default\" data-id=\"7f539d7a\" data-element_type=\"section\" data-e-type=\"section\">\n\t\t\t\t\t\t<div class=\"elementor-container elementor-column-gap-default\">\n\t\t\t\t\t<div class=\"elementor-column elementor-col-66 elementor-top-column elementor-element elementor-element-2f09f00e\" data-id=\"2f09f00e\" data-element_type=\"column\" data-e-type=\"column\">\n\t\t\t<div class=\"elementor-widget-wrap elementor-element-populated\">\n\t\t\t\t\t\t<div class=\"elementor-element elementor-element-1e6a5f78 elementor-widget elementor-widget-image\" data-id=\"1e6a5f78\" data-element_type=\"widget\" data-e-type=\"widget\" data-widget_type=\"image.default\">\n\t\t\t\t<div class=\"elementor-widget-container\">\n\t\t\t\t\t\t\t\t\t\t\t\t\t\t\t<img fetchpriority=\"high\" decoding=\"async\" width=\"1081\" height=\"974\" src=\"https:\/\/remakeupacademy.com\/wp-content\/uploads\/2024\/03\/Lips.png\" class=\"attachment-large size-large wp-image-13769\" alt=\"\" srcset=\"https:\/\/remakeupacademy.com\/wp-content\/uploads\/2024\/03\/Lips.png 1081w, https:\/\/remakeupacademy.com\/wp-content\/uploads\/2024\/03\/Lips-500x451.png 500w, https:\/\/remakeupacademy.com\/wp-content\/uploads\/2024\/03\/Lips-300x270.png 300w, https:\/\/remakeupacademy.com\/wp-content\/uploads\/2024\/03\/Lips-768x692.png 768w, https:\/\/remakeupacademy.com\/wp-content\/uploads\/2024\/03\/Lips-83x75.png 83w, https:\/\/remakeupacademy.com\/wp-content\/uploads\/2024\/03\/Lips-480x432.png 480w, https:\/\/remakeupacademy.com\/wp-content\/uploads\/2024\/03\/Lips-800x721.png 800w\" sizes=\"(max-width:767px) 480px, (max-width:1081px) 100vw, 1081px\" \/>\t\t\t\t\t\t\t\t\t\t\t\t\t\t\t<\/div>\n\t\t\t\t<\/div>\n\t\t\t\t\t<\/div>\n\t\t<\/div>\n\t\t\t\t<div class=\"elementor-column elementor-col-33 elementor-top-column elementor-element elementor-element-6ba55324\" data-id=\"6ba55324\" data-element_type=\"column\" data-e-type=\"column\">\n\t\t\t<div class=\"elementor-widget-wrap elementor-element-populated\">\n\t\t\t\t\t\t<div class=\"elementor-element elementor-element-4b00151 elementor-widget elementor-widget-heading\" data-id=\"4b00151\" data-element_type=\"widget\" data-e-type=\"widget\" data-widget_type=\"heading.default\">\n\t\t\t\t<div class=\"elementor-widget-container\">\n\t\t\t\t\t<h2 class=\"elementor-heading-title elementor-size-default\">Micropigmentation\n(LIPS)<\/h2>\t\t\t\t<\/div>\n\t\t\t\t<\/div>\n\t\t\t\t<div class=\"elementor-element elementor-element-1c6772af elementor-widget elementor-widget-text-editor\" data-id=\"1c6772af\" data-element_type=\"widget\" data-e-type=\"widget\" data-widget_type=\"text-editor.default\">\n\t\t\t\t<div class=\"elementor-widget-container\">\n\t\t\t\t\t\t\t\t\t<p>Duration: 16 Hours<\/p><p>Price: \u00a31.250<\/p>\t\t\t\t\t\t\t\t<\/div>\n\t\t\t\t<\/div>\n\t\t\t\t<div class=\"elementor-element elementor-element-2a340463 elementor-button-info elementor-align-center elementor-widget elementor-widget-button\" data-id=\"2a340463\" data-element_type=\"widget\" data-e-type=\"widget\" data-widget_type=\"button.default\">\n\t\t\t\t<div class=\"elementor-widget-container\">\n\t\t\t\t\t\t\t\t\t<div class=\"elementor-button-wrapper\">\n\t\t\t\t\t<a class=\"elementor-button elementor-button-link elementor-size-sm\" href=\"https:\/\/www.paypal.com\/ncp\/payment\/3N6EH37K8WZ5J\" target=\"_blank\">\n\t\t\t\t\t\t<span class=\"elementor-button-content-wrapper\">\n\t\t\t\t\t\t\t\t\t<span class=\"elementor-button-text\">BOOK YOUR SPOT HERE!<\/span>\n\t\t\t\t\t<\/span>\n\t\t\t\t\t<\/a>\n\t\t\t\t<\/div>\n\t\t\t\t\t\t\t\t<\/div>\n\t\t\t\t<\/div>\n\t\t\t\t\t<\/div>\n\t\t<\/div>\n\t\t\t\t\t<\/div>\n\t\t<\/section>\n\t\t\t\t<section class=\"elementor-section elementor-top-section elementor-element elementor-element-755c6cbe elementor-section-boxed elementor-section-height-default elementor-section-height-default\" data-id=\"755c6cbe\" data-element_type=\"section\" data-e-type=\"section\">\n\t\t\t\t\t\t<div class=\"elementor-container elementor-column-gap-default\">\n\t\t\t\t\t<div class=\"elementor-column elementor-col-100 elementor-top-column elementor-element elementor-element-108e93c2\" data-id=\"108e93c2\" data-element_type=\"column\" data-e-type=\"column\">\n\t\t\t<div class=\"elementor-widget-wrap elementor-element-populated\">\n\t\t\t\t\t\t<div class=\"elementor-element elementor-element-42642b2b elementor-widget elementor-widget-heading\" data-id=\"42642b2b\" data-element_type=\"widget\" data-e-type=\"widget\" data-widget_type=\"heading.default\">\n\t\t\t\t<div class=\"elementor-widget-container\">\n\t\t\t\t\t<h2 class=\"elementor-heading-title elementor-size-default\">Course Structure<\/h2>\t\t\t\t<\/div>\n\t\t\t\t<\/div>\n\t\t\t\t<div class=\"elementor-element elementor-element-70883802 elementor-widget elementor-widget-text-editor\" data-id=\"70883802\" data-element_type=\"widget\" data-e-type=\"widget\" data-widget_type=\"text-editor.default\">\n\t\t\t\t<div class=\"elementor-widget-container\">\n\t\t\t\t\t\t\t\t\t<p class=\"MsoNormal\"><b>Pre-requisites<\/b><o:p><\/o:p><\/p><p class=\"MsoNormal\">Good eyesight;<o:p><\/o:p><\/p><p class=\"MsoNormal\">Good manual dexterity and firm hands;<o:p><\/o:p><\/p><p class=\"MsoNormal\">Health, beauty and related professionals<o:p><\/o:p><\/p><p class=\"MsoNormal\"><b>Target audience<\/b><o:p><\/o:p><\/p><p class=\"MsoNormal\">Beauty professionals (employed and unemployed) aged 18 or\nover<o:p><\/o:p><\/p><p class=\"MsoNormal\"><b>Programme content:<\/b><o:p><\/o:p><\/p><p class=\"MsoNormal\"><b>Day 1 &#8211; Introduction to Lip Micropigmentation.<\/b><o:p><\/o:p><\/p><p class=\"MsoNormal\">This module will present the following topics and follow the\nstructure presented:<o:p><\/o:p><\/p><p class=\"MsoNormal\">1- Introduction to Lip Micropigmentation and Legal\nRequirements for Practising.<o:p><\/o:p><\/p><p class=\"MsoNormal\">2- Lip Micropigmentation &#8211; Basic theoretical concepts\n(Anatomy, Skin Tones and Colour Theory) and equipment.<o:p><\/o:p><\/p><p class=\"MsoNormal\">3- The Consultation and the Office.<o:p><\/o:p><\/p><p class=\"MsoNormal\">4- The Technique. Step by step. Marking the lip and choosing\nthe colour.<o:p><\/o:p><\/p><p class=\"MsoNormal\">5- The Technique. Applying the technique to synthetic skin.<o:p><\/o:p><\/p><p class=\"MsoNormal\">6- Protocol. Aftercare.<o:p><\/o:p><\/p><p class=\"MsoNormal\"><b>Day 2 &#8211; Practical Lip Micropigmentation on Models<\/b><o:p><\/o:p><\/p><p class=\"MsoNormal\">In this module the theoretical concepts will be applied in a\npractical environment.<o:p><\/o:p><\/p><p class=\"MsoNormal\">1- Practising the technique on a model (Trainees and\nTrainer). In the practical aspect, each student will practise on a real model\nand must demonstrate skills in carrying out a consultation, applying the\ntechnique and advising on aftercare.<o:p><\/o:p><\/p><p class=\"MsoNormal\">2- Award of certificates.<o:p><\/o:p><\/p><p class=\"MsoNormal\"><b>Training Objectives<\/b><o:p><\/o:p><\/p><p class=\"MsoNormal\">The training is divided into two types of objectives:<o:p><\/o:p><\/p><p class=\"MsoNormal\"><b>General Objectives<\/b><o:p><\/o:p><\/p><p class=\"MsoNormal\">This course aims to provide participants with the\ntheoretical and practical knowledge required to correctly apply the Lip\nMicropigmentation technique.<o:p><\/o:p><\/p><p class=\"MsoNormal\"><b>Specific Objectives<\/b><o:p><\/o:p><\/p><p class=\"MsoNormal\">At the end of the training, the trainee should be able to:<o:p><\/o:p><\/p><p class=\"MsoNormal\">&#8211; Identify the skin type<o:p><\/o:p><\/p><p class=\"MsoNormal\">&#8211; Draw up a lip micropigmentation treatment plan<o:p><\/o:p><\/p><p class=\"MsoNormal\">&#8211; Recognise the ways of preventing injury in the practice of\nlip micropigmentation.<o:p><\/o:p><\/p><p class=\"MsoNormal\">&#8211; Recognise the different equipment, pigments and utensils\nneeded to carry out the technique.<o:p><\/o:p><\/p><p class=\"MsoNormal\">&#8211; Identify the contraindications for lip micropigmentation\nprocedures.<o:p><\/o:p><\/p><p class=\"MsoNormal\">&#8211; Recognise the applications of the lip micropigmentation\ntechnique.<o:p><\/o:p><\/p><p class=\"MsoNormal\">&#8211; Recognise the potential results of the procedure and\nadvise on aftercare.<o:p><\/o:p><\/p><p class=\"MsoNormal\"><b>Optional kit:<\/b><o:p><\/o:p><\/p><p class=\"MsoNormal\">&#8211; 2 pigments<o:p><\/o:p><\/p><p class=\"MsoNormal\">&#8211; Synthetic skin<o:p><\/o:p><\/p><p class=\"MsoNormal\">&#8211; Rings without separator for pigments 25un.<o:p><\/o:p><\/p><p class=\"MsoNormal\">&#8211; Waterproof white eyeliner pencil<o:p><\/o:p><\/p><p class=\"MsoNormal\">&#8211; Healing Ointment in Tube 8g<o:p><\/o:p><\/p><p class=\"MsoNormal\">&#8211; Self-adhesive elastic bandage<o:p><\/o:p><\/p><p>\n\n\n\n\n\n\n\n\n\n\n\n\n\n\n\n\n\n\n\n\n\n\n\n\n\n\n\n\n\n\n\n\n\n\n\n\n\n\n\n\n\n\n\n\n\n\n\n\n\n\n\n\n\n\n\n\n\n\n\n\n\n\n\n\n\n\n\n\n\n\n\n\n\n\n\n\n\n<\/p><p class=\"MsoNormal\">&#8211; Cordless digital dermograph<o:p><\/o:p><\/p>\t\t\t\t\t\t\t\t<\/div>\n\t\t\t\t<\/div>\n\t\t\t\t\t<\/div>\n\t\t<\/div>\n\t\t\t\t\t<\/div>\n\t\t<\/section>\n\t\t\t\t<section class=\"elementor-section elementor-top-section elementor-element elementor-element-332bb08f elementor-section-boxed elementor-section-height-default elementor-section-height-default\" data-id=\"332bb08f\" data-element_type=\"section\" data-e-type=\"section\">\n\t\t\t\t\t\t<div class=\"elementor-container elementor-column-gap-default\">\n\t\t\t\t\t<div class=\"elementor-column elementor-col-100 elementor-top-column elementor-element elementor-element-55251c4c\" data-id=\"55251c4c\" data-element_type=\"column\" data-e-type=\"column\">\n\t\t\t<div class=\"elementor-widget-wrap elementor-element-populated\">\n\t\t\t\t\t\t<div class=\"elementor-element elementor-element-7ea5ea61 elementor-position-left elementor-vertical-align-middle elementor-widget elementor-widget-image-box\" data-id=\"7ea5ea61\" data-element_type=\"widget\" data-e-type=\"widget\" data-widget_type=\"image-box.default\">\n\t\t\t\t<div class=\"elementor-widget-container\">\n\t\t\t\t\t<div class=\"elementor-image-box-wrapper\"><figure class=\"elementor-image-box-img\"><img decoding=\"async\" src=\"http:\/\/remakeupacademy-com-628954.hostingersite.com\/wp-content\/uploads\/2024\/03\/282510492_539333287586427_7130304611526234971_n.jpg\" title=\"\" alt=\"\" loading=\"lazy\" \/><\/figure><div class=\"elementor-image-box-content\"><h3 class=\"elementor-image-box-title\">Meet your trainer - cristina bernardino<\/h3><p class=\"elementor-image-box-description\">\"Allow us to introduce you to our esteemed Master in\nAdvanced Aesthetics, Aesthtetic Equipment applied to Advanced Aesthetics, Laser and Micropigmentation. \nWith a prolific 15 years' experience as a trainer in the UK and Portugal, she is a beacon of expertise in her field. She has received several international awards as a professional, and her greatest passion lies in helping others to progress in their careers. Fluently bilingual, her teaching skills extend to both English and Portuguese. In 2015, she set up RemakeUp Academy in the UK, a\ntestament to her leadership. She will expand her reach to Portugal in 2021,\nallowing her to seamlessly bridge cultures. He has an exceptional talent for establishing lasting relationships. Her professional training comes from the prestigious Sorisa, SA. - Escola de Est\u00e9tica e Especializa\u00e7\u00e3o Profissional,\nwhere she obtained her certification as an Aesthetician-Cosmetologist, with multiple courses in advanced aesthetics and micropigmentation with world-class trainers.\nShe is also a certified trainer (CAP) by Training House, Lda.. As the visionary behind RemakeUp Academy in the UK and Portugal, she has become a leading figure in the field of micropigmentation\ntraining. Proudly representing the renowned Tina Davies brand in Portugal and the UK (Scotland), her commitment to providing face-to-face and distance\nlearning guarantees access to latest practices and techniques.Don't miss this unrivalled opportunity to join this\nexceptional professional on our course. Unlock your potential and master the\nintricacies of this technique, guided by the mastery, experience and passion of\nsomeone with over 20 years in the industry. Get in touch today to secure your place.<\/p><\/div><\/div>\t\t\t\t<\/div>\n\t\t\t\t<\/div>\n\t\t\t\t\t<\/div>\n\t\t<\/div>\n\t\t\t\t\t<\/div>\n\t\t<\/section>\n\t\t\t\t<section class=\"elementor-section elementor-top-section elementor-element elementor-element-7cd9b69 elementor-section-boxed elementor-section-height-default elementor-section-height-default\" data-id=\"7cd9b69\" data-element_type=\"section\" data-e-type=\"section\">\n\t\t\t\t\t\t<div class=\"elementor-container elementor-column-gap-default\">\n\t\t\t\t\t<div class=\"elementor-column elementor-col-100 elementor-top-column elementor-element elementor-element-185a0765\" data-id=\"185a0765\" data-element_type=\"column\" data-e-type=\"column\">\n\t\t\t<div class=\"elementor-widget-wrap elementor-element-populated\">\n\t\t\t\t\t\t<div class=\"elementor-element elementor-element-4b98e8ac elementor-button-info elementor-align-center elementor-widget elementor-widget-button\" data-id=\"4b98e8ac\" data-element_type=\"widget\" data-e-type=\"widget\" data-widget_type=\"button.default\">\n\t\t\t\t<div class=\"elementor-widget-container\">\n\t\t\t\t\t\t\t\t\t<div class=\"elementor-button-wrapper\">\n\t\t\t\t\t<a class=\"elementor-button elementor-button-link elementor-size-sm\" href=\"https:\/\/www.paypal.com\/ncp\/payment\/3N6EH37K8WZ5J\" target=\"_blank\">\n\t\t\t\t\t\t<span class=\"elementor-button-content-wrapper\">\n\t\t\t\t\t\t\t\t\t<span class=\"elementor-button-text\">BOOK YOUR SPOT HERE!<\/span>\n\t\t\t\t\t<\/span>\n\t\t\t\t\t<\/a>\n\t\t\t\t<\/div>\n\t\t\t\t\t\t\t\t<\/div>\n\t\t\t\t<\/div>\n\t\t\t\t\t<\/div>\n\t\t<\/div>\n\t\t\t\t\t<\/div>\n\t\t<\/section>\n\t\t\t\t<section class=\"elementor-section elementor-top-section elementor-element elementor-element-2597f3ee elementor-section-boxed elementor-section-height-default elementor-section-height-default\" data-id=\"2597f3ee\" data-element_type=\"section\" data-e-type=\"section\">\n\t\t\t\t\t\t<div class=\"elementor-container elementor-column-gap-default\">\n\t\t\t\t\t<div class=\"elementor-column elementor-col-100 elementor-top-column elementor-element elementor-element-600531a5\" data-id=\"600531a5\" data-element_type=\"column\" data-e-type=\"column\">\n\t\t\t<div class=\"elementor-widget-wrap\">\n\t\t\t\t\t\t\t<\/div>\n\t\t<\/div>\n\t\t\t\t\t<\/div>\n\t\t<\/section>\n\t\t\t\t<\/div>","protected":false},"excerpt":{"rendered":"<p>Micropigmentation (LIPS) Duration: 16 Hours Price: \u00a31.250 BOOK YOUR SPOT HERE! Course Structure Pre-requisites Good eyesight; Good manual dexterity and firm hands; Health, beauty and related<span class=\"excerpt-hellip\"> [\u2026]<\/span><\/p>\n","protected":false},"author":1,"featured_media":0,"parent":0,"menu_order":0,"comment_status":"closed","ping_status":"closed","template":"","meta":{"footnotes":""},"class_list":["post-13981","page","type-page","status-publish","hentry"],"_links":{"self":[{"href":"https:\/\/remakeupacademy.com\/en\/wp-json\/wp\/v2\/pages\/13981","targetHints":{"allow":["GET"]}}],"collection":[{"href":"https:\/\/remakeupacademy.com\/en\/wp-json\/wp\/v2\/pages"}],"about":[{"href":"https:\/\/remakeupacademy.com\/en\/wp-json\/wp\/v2\/types\/page"}],"author":[{"embeddable":true,"href":"https:\/\/remakeupacademy.com\/en\/wp-json\/wp\/v2\/users\/1"}],"replies":[{"embeddable":true,"href":"https:\/\/remakeupacademy.com\/en\/wp-json\/wp\/v2\/comments?post=13981"}],"version-history":[{"count":0,"href":"https:\/\/remakeupacademy.com\/en\/wp-json\/wp\/v2\/pages\/13981\/revisions"}],"wp:attachment":[{"href":"https:\/\/remakeupacademy.com\/en\/wp-json\/wp\/v2\/media?parent=13981"}],"curies":[{"name":"wp","href":"https:\/\/api.w.org\/{rel}","templated":true}]}}