{"id":14000,"date":"2024-03-27T19:08:50","date_gmt":"2024-03-27T19:08:50","guid":{"rendered":"https:\/?page_id=14000"},"modified":"2024-03-27T19:08:50","modified_gmt":"2024-03-27T19:08:50","slug":"master-hifu","status":"publish","type":"page","link":"https:\/\/remakeupacademy.com\/en\/master-hifu\/","title":{"rendered":"Master HiFu"},"content":{"rendered":"<div data-elementor-type=\"wp-page\" data-elementor-id=\"14000\" class=\"elementor elementor-14000\">\n\t\t\t\t\t\t<section class=\"elementor-section elementor-top-section elementor-element elementor-element-49d6c291 elementor-section-boxed elementor-section-height-default elementor-section-height-default\" data-id=\"49d6c291\" data-element_type=\"section\" data-e-type=\"section\">\n\t\t\t\t\t\t<div class=\"elementor-container elementor-column-gap-default\">\n\t\t\t\t\t<div class=\"elementor-column elementor-col-66 elementor-top-column elementor-element elementor-element-db12751\" data-id=\"db12751\" data-element_type=\"column\" data-e-type=\"column\">\n\t\t\t<div class=\"elementor-widget-wrap elementor-element-populated\">\n\t\t\t\t\t\t<div class=\"elementor-element elementor-element-4b92ac1a elementor-widget elementor-widget-image\" data-id=\"4b92ac1a\" data-element_type=\"widget\" data-e-type=\"widget\" data-widget_type=\"image.default\">\n\t\t\t\t<div class=\"elementor-widget-container\">\n\t\t\t\t\t\t\t\t\t\t\t\t\t\t\t<img fetchpriority=\"high\" decoding=\"async\" width=\"944\" height=\"668\" src=\"https:\/\/remakeupacademy.com\/wp-content\/uploads\/2023\/11\/HiFu2.png\" class=\"attachment-large size-large wp-image-13500\" alt=\"\" srcset=\"https:\/\/remakeupacademy.com\/wp-content\/uploads\/2023\/11\/HiFu2.png 944w, https:\/\/remakeupacademy.com\/wp-content\/uploads\/2023\/11\/HiFu2-500x354.png 500w, https:\/\/remakeupacademy.com\/wp-content\/uploads\/2023\/11\/HiFu2-300x212.png 300w, https:\/\/remakeupacademy.com\/wp-content\/uploads\/2023\/11\/HiFu2-768x543.png 768w, https:\/\/remakeupacademy.com\/wp-content\/uploads\/2023\/11\/HiFu2-106x75.png 106w, https:\/\/remakeupacademy.com\/wp-content\/uploads\/2023\/11\/HiFu2-480x340.png 480w, https:\/\/remakeupacademy.com\/wp-content\/uploads\/2023\/11\/HiFu2-800x566.png 800w\" sizes=\"(max-width:767px) 480px, (max-width:944px) 100vw, 944px\" \/>\t\t\t\t\t\t\t\t\t\t\t\t\t\t\t<\/div>\n\t\t\t\t<\/div>\n\t\t\t\t\t<\/div>\n\t\t<\/div>\n\t\t\t\t<div class=\"elementor-column elementor-col-33 elementor-top-column elementor-element elementor-element-60f0a295\" data-id=\"60f0a295\" data-element_type=\"column\" data-e-type=\"column\">\n\t\t\t<div class=\"elementor-widget-wrap elementor-element-populated\">\n\t\t\t\t\t\t<div class=\"elementor-element elementor-element-584a6aa6 elementor-widget elementor-widget-heading\" data-id=\"584a6aa6\" data-element_type=\"widget\" data-e-type=\"widget\" data-widget_type=\"heading.default\">\n\t\t\t\t<div class=\"elementor-widget-container\">\n\t\t\t\t\t<h2 class=\"elementor-heading-title elementor-size-default\">Master hifu<span style=\"color: inherit;font-family: var( --e-global-typography-primary-font-family ), Sans-serif;font-size: var( --e-global-typography-primary-font-size );font-weight: var( --e-global-typography-primary-font-weight );letter-spacing: var( --e-global-typography-primary-letter-spacing );text-transform: var( --e-global-typography-primary-text-transform )\"><\/span><br><\/h2>\t\t\t\t<\/div>\n\t\t\t\t<\/div>\n\t\t\t\t<div class=\"elementor-element elementor-element-871530e elementor-widget elementor-widget-text-editor\" data-id=\"871530e\" data-element_type=\"widget\" data-e-type=\"widget\" data-widget_type=\"text-editor.default\">\n\t\t\t\t<div class=\"elementor-widget-container\">\n\t\t\t\t\t\t\t\t\t<p>Duration: 8 Hours<\/p><p>Price: \u00a3 750<\/p>\t\t\t\t\t\t\t\t<\/div>\n\t\t\t\t<\/div>\n\t\t\t\t<div class=\"elementor-element elementor-element-430699e9 elementor-button-info elementor-align-center elementor-widget elementor-widget-button\" data-id=\"430699e9\" data-element_type=\"widget\" data-e-type=\"widget\" data-widget_type=\"button.default\">\n\t\t\t\t<div class=\"elementor-widget-container\">\n\t\t\t\t\t\t\t\t\t<div class=\"elementor-button-wrapper\">\n\t\t\t\t\t<a class=\"elementor-button elementor-button-link elementor-size-sm\" href=\"https:\/\/www.paypal.com\/ncp\/payment\/3N6EH37K8WZ5J\" target=\"_blank\">\n\t\t\t\t\t\t<span class=\"elementor-button-content-wrapper\">\n\t\t\t\t\t\t\t\t\t<span class=\"elementor-button-text\">BOOK YOUR SPOT HERE!<\/span>\n\t\t\t\t\t<\/span>\n\t\t\t\t\t<\/a>\n\t\t\t\t<\/div>\n\t\t\t\t\t\t\t\t<\/div>\n\t\t\t\t<\/div>\n\t\t\t\t\t<\/div>\n\t\t<\/div>\n\t\t\t\t\t<\/div>\n\t\t<\/section>\n\t\t\t\t<section class=\"elementor-section elementor-top-section elementor-element elementor-element-7bb6e898 elementor-section-boxed elementor-section-height-default elementor-section-height-default\" data-id=\"7bb6e898\" data-element_type=\"section\" data-e-type=\"section\">\n\t\t\t\t\t\t<div class=\"elementor-container elementor-column-gap-default\">\n\t\t\t\t\t<div class=\"elementor-column elementor-col-100 elementor-top-column elementor-element elementor-element-4fd7aa8e\" data-id=\"4fd7aa8e\" data-element_type=\"column\" data-e-type=\"column\">\n\t\t\t<div class=\"elementor-widget-wrap elementor-element-populated\">\n\t\t\t\t\t\t<div class=\"elementor-element elementor-element-6e179817 elementor-widget elementor-widget-heading\" data-id=\"6e179817\" data-element_type=\"widget\" data-e-type=\"widget\" data-widget_type=\"heading.default\">\n\t\t\t\t<div class=\"elementor-widget-container\">\n\t\t\t\t\t<h2 class=\"elementor-heading-title elementor-size-default\">Course Structure<\/h2>\t\t\t\t<\/div>\n\t\t\t\t<\/div>\n\t\t\t\t<div class=\"elementor-element elementor-element-365759e7 elementor-widget elementor-widget-text-editor\" data-id=\"365759e7\" data-element_type=\"widget\" data-e-type=\"widget\" data-widget_type=\"text-editor.default\">\n\t\t\t\t<div class=\"elementor-widget-container\">\n\t\t\t\t\t\t\t\t\t<p class=\"MsoNormal\"><b>Prerequisites<\/b><\/p><p class=\"MsoNormal\">Good eyesight;<\/p><p class=\"MsoNormal\">Good manual dexterity and firm hands;<\/p><p class=\"MsoNormal\">Health professionals and advanced aestheticians.<\/p><p class=\"MsoNormal\"><b>Target audience<\/b><\/p><p class=\"MsoNormal\">Advanced health and aesthetics professionals (employed and unemployed) aged 18 or over.<\/p><p class=\"MsoNormal\"><b>Programme content:<\/b><\/p><p class=\"MsoNormal\"><b>Day 1 Morning &#8211; Introduction to USM (Microfocussed Ultrasound).<\/b><\/p><p class=\"MsoNormal\">This module will present the following topics and follow the structure presented:<\/p><p class=\"MsoNormal\">&#8211; HIFU (Microfocussed Ultrasound) concept<\/p><p class=\"MsoNormal\">&#8211; Anatomy (Skin and its Layers, SMAS &#8211; SURFACE APONEUROTIC MUSCLE SYSTEM and Main Structures of the Face and Body)<\/p><p class=\"MsoNormal\">&#8211; Diagnosis\\Consultation<\/p><p class=\"MsoNormal\">&#8211; Prevention<\/p><p class=\"MsoNormal\">&#8211; Treatment<\/p><p class=\"MsoNormal\">&#8211; How it works<\/p><p class=\"MsoNormal\">&#8211; Contraindications<\/p><p class=\"MsoNormal\">&#8211; Applications<\/p><p class=\"MsoNormal\">&#8211; Protocol<\/p><p class=\"MsoNormal\">-Procedure<\/p><p class=\"MsoNormal\"><b>Day 1 Afternoon &#8211; Practical HIFU (Microfocused Ultrasound) on Models.<\/b><\/p><p class=\"MsoNormal\">In this module, theoretical concepts will be applied in a practical environment.<\/p><p class=\"MsoNormal\">1- Practice of the technique with a model (trainees and trainer). In the practical aspect, each student will practise on a real model, and must demonstrate skills in carrying out a consultation, applying the technique and counselling after the session.<\/p><p class=\"MsoNormal\">2- Award of certificates.<\/p><p class=\"MsoNormal\"><b>Training Objectives<\/b><\/p><p class=\"MsoNormal\">The training is divided into two types of objectives:<\/p><p class=\"MsoNormal\"><b>General Objectives<\/b><\/p><p class=\"MsoNormal\">This course aims to provide participants with the theoretical and practical knowledge to<\/p><p class=\"MsoNormal\">enable the correct application of the HIFU technique (face and body)<\/p><p class=\"MsoNormal\"><b>Specific objectives<\/b><\/p><p class=\"MsoNormal\">At the end of the training, the trainee should be able to:<\/p><p class=\"MsoNormal\">&#8211; Identify skin type<\/p><p class=\"MsoNormal\">&#8211; Draw up a diagnosis<\/p><p class=\"MsoNormal\">&#8211; Recognise the forms of prevention<\/p><p class=\"MsoNormal\">&#8211; Recognise HIFU treatments and how they work<\/p><p class=\"MsoNormal\">&#8211; Recognise the technical procedures<\/p><p class=\"MsoNormal\">&#8211; Recognise contraindications<\/p><p class=\"MsoNormal\">&#8211; Recognise applications<\/p><p class=\"MsoNormal\">&#8211; Recognising the Protocol<\/p><p>\u00a0<\/p><p class=\"MsoNormal\">&#8211; Recognising the Prognosis<\/p>\t\t\t\t\t\t\t\t<\/div>\n\t\t\t\t<\/div>\n\t\t\t\t\t<\/div>\n\t\t<\/div>\n\t\t\t\t\t<\/div>\n\t\t<\/section>\n\t\t\t\t<section class=\"elementor-section elementor-top-section elementor-element elementor-element-69642721 elementor-section-boxed elementor-section-height-default elementor-section-height-default\" data-id=\"69642721\" data-element_type=\"section\" data-e-type=\"section\">\n\t\t\t\t\t\t<div class=\"elementor-container elementor-column-gap-default\">\n\t\t\t\t\t<div class=\"elementor-column elementor-col-100 elementor-top-column elementor-element elementor-element-400c6e61\" data-id=\"400c6e61\" data-element_type=\"column\" data-e-type=\"column\">\n\t\t\t<div class=\"elementor-widget-wrap elementor-element-populated\">\n\t\t\t\t\t\t<div class=\"elementor-element elementor-element-2d582b6c elementor-position-left elementor-vertical-align-middle elementor-widget elementor-widget-image-box\" data-id=\"2d582b6c\" data-element_type=\"widget\" data-e-type=\"widget\" data-widget_type=\"image-box.default\">\n\t\t\t\t<div class=\"elementor-widget-container\">\n\t\t\t\t\t<div class=\"elementor-image-box-wrapper\"><figure class=\"elementor-image-box-img\"><img decoding=\"async\" src=\"http:\/\/remakeupacademy-com-628954.hostingersite.com\/wp-content\/uploads\/2024\/03\/282510492_539333287586427_7130304611526234971_n.jpg\" title=\"\" alt=\"\" loading=\"lazy\" \/><\/figure><div class=\"elementor-image-box-content\"><h3 class=\"elementor-image-box-title\">Meet your trainer - cristina bernardino<\/h3><p class=\"elementor-image-box-description\">\"Allow us to introduce you to our esteemed Master in\nAdvanced Aesthetics, Aesthtetic Equipment applied to Advanced Aesthetics, Laser and Micropigmentation. \nWith a prolific 15 years' experience as a trainer in the UK and Portugal, she is a beacon of expertise in her field. She has received several international awards as a professional, and her greatest passion lies in helping others to progress in their careers. Fluently bilingual, her teaching skills extend to both English and Portuguese. In 2015, she set up RemakeUp Academy in the UK, a\ntestament to her leadership. She will expand her reach to Portugal in 2021,\nallowing her to seamlessly bridge cultures. He has an exceptional talent for establishing lasting relationships. Her professional training comes from the prestigious Sorisa, SA. - Escola de Est\u00e9tica e Especializa\u00e7\u00e3o Profissional,\nwhere she obtained her certification as an Aesthetician-Cosmetologist, with multiple courses in advanced aesthetics and micropigmentation with world-class trainers.\nShe is also a certified trainer (CAP) by Training House, Lda.. As the visionary behind RemakeUp Academy in the UK and Portugal, she has become a leading figure in the field of micropigmentation\ntraining. Proudly representing the renowned Tina Davies brand in Portugal and the UK (Scotland), her commitment to providing face-to-face and distance\nlearning guarantees access to latest practices and techniques.Don't miss this unrivalled opportunity to join this\nexceptional professional on our course. Unlock your potential and master the\nintricacies of this technique, guided by the mastery, experience and passion of\nsomeone with over 20 years in the industry. Get in touch today to secure your place.<\/p><\/div><\/div>\t\t\t\t<\/div>\n\t\t\t\t<\/div>\n\t\t\t\t\t<\/div>\n\t\t<\/div>\n\t\t\t\t\t<\/div>\n\t\t<\/section>\n\t\t\t\t<section class=\"elementor-section elementor-top-section elementor-element elementor-element-53acf3ce elementor-section-boxed elementor-section-height-default elementor-section-height-default\" data-id=\"53acf3ce\" data-element_type=\"section\" data-e-type=\"section\">\n\t\t\t\t\t\t<div class=\"elementor-container elementor-column-gap-default\">\n\t\t\t\t\t<div class=\"elementor-column elementor-col-100 elementor-top-column elementor-element elementor-element-12d90952\" data-id=\"12d90952\" data-element_type=\"column\" data-e-type=\"column\">\n\t\t\t<div class=\"elementor-widget-wrap elementor-element-populated\">\n\t\t\t\t\t\t<div class=\"elementor-element elementor-element-c118815 elementor-button-info elementor-align-center elementor-widget elementor-widget-button\" data-id=\"c118815\" data-element_type=\"widget\" data-e-type=\"widget\" data-widget_type=\"button.default\">\n\t\t\t\t<div class=\"elementor-widget-container\">\n\t\t\t\t\t\t\t\t\t<div class=\"elementor-button-wrapper\">\n\t\t\t\t\t<a class=\"elementor-button elementor-button-link elementor-size-sm\" href=\"https:\/\/www.paypal.com\/ncp\/payment\/3N6EH37K8WZ5J\" target=\"_blank\">\n\t\t\t\t\t\t<span class=\"elementor-button-content-wrapper\">\n\t\t\t\t\t\t\t\t\t<span class=\"elementor-button-text\">BOOK YOUR SPOT HERE!<\/span>\n\t\t\t\t\t<\/span>\n\t\t\t\t\t<\/a>\n\t\t\t\t<\/div>\n\t\t\t\t\t\t\t\t<\/div>\n\t\t\t\t<\/div>\n\t\t\t\t\t<\/div>\n\t\t<\/div>\n\t\t\t\t\t<\/div>\n\t\t<\/section>\n\t\t\t\t<section class=\"elementor-section elementor-top-section elementor-element elementor-element-493d8d95 elementor-section-boxed elementor-section-height-default elementor-section-height-default\" data-id=\"493d8d95\" data-element_type=\"section\" data-e-type=\"section\">\n\t\t\t\t\t\t<div class=\"elementor-container elementor-column-gap-default\">\n\t\t\t\t\t<div class=\"elementor-column elementor-col-100 elementor-top-column elementor-element elementor-element-200709b4\" data-id=\"200709b4\" data-element_type=\"column\" data-e-type=\"column\">\n\t\t\t<div class=\"elementor-widget-wrap\">\n\t\t\t\t\t\t\t<\/div>\n\t\t<\/div>\n\t\t\t\t\t<\/div>\n\t\t<\/section>\n\t\t\t\t<\/div>","protected":false},"excerpt":{"rendered":"<p>Master hifu Duration: 8 Hours Price: \u00a3 750 BOOK YOUR SPOT HERE! Course Structure Prerequisites Good eyesight; Good manual dexterity and firm hands; Health professionals and<span class=\"excerpt-hellip\"> [\u2026]<\/span><\/p>\n","protected":false},"author":1,"featured_media":0,"parent":0,"menu_order":0,"comment_status":"closed","ping_status":"closed","template":"","meta":{"footnotes":""},"class_list":["post-14000","page","type-page","status-publish","hentry"],"_links":{"self":[{"href":"https:\/\/remakeupacademy.com\/en\/wp-json\/wp\/v2\/pages\/14000","targetHints":{"allow":["GET"]}}],"collection":[{"href":"https:\/\/remakeupacademy.com\/en\/wp-json\/wp\/v2\/pages"}],"about":[{"href":"https:\/\/remakeupacademy.com\/en\/wp-json\/wp\/v2\/types\/page"}],"author":[{"embeddable":true,"href":"https:\/\/remakeupacademy.com\/en\/wp-json\/wp\/v2\/users\/1"}],"replies":[{"embeddable":true,"href":"https:\/\/remakeupacademy.com\/en\/wp-json\/wp\/v2\/comments?post=14000"}],"version-history":[{"count":0,"href":"https:\/\/remakeupacademy.com\/en\/wp-json\/wp\/v2\/pages\/14000\/revisions"}],"wp:attachment":[{"href":"https:\/\/remakeupacademy.com\/en\/wp-json\/wp\/v2\/media?parent=14000"}],"curies":[{"name":"wp","href":"https:\/\/api.w.org\/{rel}","templated":true}]}}