{"id":14006,"date":"2024-03-27T19:14:39","date_gmt":"2024-03-27T19:14:39","guid":{"rendered":"https:\/?page_id=14006"},"modified":"2024-03-27T19:14:39","modified_gmt":"2024-03-27T19:14:39","slug":"nd-yag-laser-tattoo-reduction","status":"publish","type":"page","link":"https:\/\/remakeupacademy.com\/en\/nd-yag-laser-tattoo-reduction\/","title":{"rendered":"ND YAG Laser &#8211; Tattoo Reduction"},"content":{"rendered":"<div data-elementor-type=\"wp-page\" data-elementor-id=\"14006\" class=\"elementor elementor-14006\">\n\t\t\t\t\t\t<section class=\"elementor-section elementor-top-section elementor-element elementor-element-250b77a6 elementor-section-boxed elementor-section-height-default elementor-section-height-default\" data-id=\"250b77a6\" data-element_type=\"section\" data-e-type=\"section\">\n\t\t\t\t\t\t<div class=\"elementor-container elementor-column-gap-default\">\n\t\t\t\t\t<div class=\"elementor-column elementor-col-66 elementor-top-column elementor-element elementor-element-20487f5f\" data-id=\"20487f5f\" data-element_type=\"column\" data-e-type=\"column\">\n\t\t\t<div class=\"elementor-widget-wrap elementor-element-populated\">\n\t\t\t\t\t\t<div class=\"elementor-element elementor-element-711a22cd elementor-widget elementor-widget-image\" data-id=\"711a22cd\" data-element_type=\"widget\" data-e-type=\"widget\" data-widget_type=\"image.default\">\n\t\t\t\t<div class=\"elementor-widget-container\">\n\t\t\t\t\t\t\t\t\t\t\t\t\t\t\t<img fetchpriority=\"high\" decoding=\"async\" width=\"665\" height=\"665\" src=\"https:\/\/remakeupacademy.com\/wp-content\/uploads\/2023\/11\/Removal.png\" class=\"attachment-large size-large wp-image-13522\" alt=\"\" srcset=\"https:\/\/remakeupacademy.com\/wp-content\/uploads\/2023\/11\/Removal.png 665w, https:\/\/remakeupacademy.com\/wp-content\/uploads\/2023\/11\/Removal-500x500.png 500w, https:\/\/remakeupacademy.com\/wp-content\/uploads\/2023\/11\/Removal-300x300.png 300w, https:\/\/remakeupacademy.com\/wp-content\/uploads\/2023\/11\/Removal-150x150.png 150w, https:\/\/remakeupacademy.com\/wp-content\/uploads\/2023\/11\/Removal-75x75.png 75w, https:\/\/remakeupacademy.com\/wp-content\/uploads\/2023\/11\/Removal-480x480.png 480w\" sizes=\"(max-width:767px) 480px, 665px\" \/>\t\t\t\t\t\t\t\t\t\t\t\t\t\t\t<\/div>\n\t\t\t\t<\/div>\n\t\t\t\t\t<\/div>\n\t\t<\/div>\n\t\t\t\t<div class=\"elementor-column elementor-col-33 elementor-top-column elementor-element elementor-element-ad86048\" data-id=\"ad86048\" data-element_type=\"column\" data-e-type=\"column\">\n\t\t\t<div class=\"elementor-widget-wrap elementor-element-populated\">\n\t\t\t\t\t\t<div class=\"elementor-element elementor-element-3d80acc9 elementor-widget elementor-widget-heading\" data-id=\"3d80acc9\" data-element_type=\"widget\" data-e-type=\"widget\" data-widget_type=\"heading.default\">\n\t\t\t\t<div class=\"elementor-widget-container\">\n\t\t\t\t\t<h2 class=\"elementor-heading-title elementor-size-default\">PMU &amp; TATTOO REDUCTION <\/h2>\t\t\t\t<\/div>\n\t\t\t\t<\/div>\n\t\t\t\t<div class=\"elementor-element elementor-element-14bee240 elementor-widget elementor-widget-text-editor\" data-id=\"14bee240\" data-element_type=\"widget\" data-e-type=\"widget\" data-widget_type=\"text-editor.default\">\n\t\t\t\t<div class=\"elementor-widget-container\">\n\t\t\t\t\t\t\t\t\t<p>Duration: 8 Hours<\/p><p>Price: \u00a3 750<\/p>\t\t\t\t\t\t\t\t<\/div>\n\t\t\t\t<\/div>\n\t\t\t\t<div class=\"elementor-element elementor-element-5f646225 elementor-button-info elementor-align-center elementor-widget elementor-widget-button\" data-id=\"5f646225\" data-element_type=\"widget\" data-e-type=\"widget\" data-widget_type=\"button.default\">\n\t\t\t\t<div class=\"elementor-widget-container\">\n\t\t\t\t\t\t\t\t\t<div class=\"elementor-button-wrapper\">\n\t\t\t\t\t<a class=\"elementor-button elementor-button-link elementor-size-sm\" href=\"https:\/\/www.paypal.com\/ncp\/payment\/3N6EH37K8WZ5J\" target=\"_blank\">\n\t\t\t\t\t\t<span class=\"elementor-button-content-wrapper\">\n\t\t\t\t\t\t\t\t\t<span class=\"elementor-button-text\">BOOK YOUR SPOT HERE!<\/span>\n\t\t\t\t\t<\/span>\n\t\t\t\t\t<\/a>\n\t\t\t\t<\/div>\n\t\t\t\t\t\t\t\t<\/div>\n\t\t\t\t<\/div>\n\t\t\t\t\t<\/div>\n\t\t<\/div>\n\t\t\t\t\t<\/div>\n\t\t<\/section>\n\t\t\t\t<section class=\"elementor-section elementor-top-section elementor-element elementor-element-744b99ad elementor-section-boxed elementor-section-height-default elementor-section-height-default\" data-id=\"744b99ad\" data-element_type=\"section\" data-e-type=\"section\">\n\t\t\t\t\t\t<div class=\"elementor-container elementor-column-gap-default\">\n\t\t\t\t\t<div class=\"elementor-column elementor-col-100 elementor-top-column elementor-element elementor-element-2bb88bb5\" data-id=\"2bb88bb5\" data-element_type=\"column\" data-e-type=\"column\">\n\t\t\t<div class=\"elementor-widget-wrap elementor-element-populated\">\n\t\t\t\t\t\t<div class=\"elementor-element elementor-element-7ac16dfc elementor-widget elementor-widget-heading\" data-id=\"7ac16dfc\" data-element_type=\"widget\" data-e-type=\"widget\" data-widget_type=\"heading.default\">\n\t\t\t\t<div class=\"elementor-widget-container\">\n\t\t\t\t\t<h2 class=\"elementor-heading-title elementor-size-default\">Course Structure<\/h2>\t\t\t\t<\/div>\n\t\t\t\t<\/div>\n\t\t\t\t<div class=\"elementor-element elementor-element-3a7a14dc elementor-widget elementor-widget-text-editor\" data-id=\"3a7a14dc\" data-element_type=\"widget\" data-e-type=\"widget\" data-widget_type=\"text-editor.default\">\n\t\t\t\t<div class=\"elementor-widget-container\">\n\t\t\t\t\t\t\t\t\t<p>Good eyesight;<\/p><p>Good manual dexterity and firm hands;<\/p><p>Health or beauty professionals<\/p><p><b>Target audience<\/b><\/p><p>Health or beauty professionals (employed and unemployed) aged 18 or over.<\/p><p><b>Programme content:<\/b><\/p><p><b>Day 1 Morning &#8211; Introduction Tattoo Reduction Techniques, ND-Yag Laser and Saline<\/b><\/p><p>This module will present the following topics and follow the structure presented:<\/p><p>1- Introduction to the\u00a0<span style=\"font-weight: bold;\">Tattoo Reduction Techniques, ND-Yag Laser and Saline\u00a0<\/span>and legal requirements for practice.<\/p><p>2-\u00a0<span style=\"font-weight: bold;\">Tattoo Reduction Techniques, ND-Yag Laser and Saline<\/span>\u00a0&#8211; Basic theoretical concepts (Anatomy, Skin Tones and Colour Theory) and equipment.<\/p><p>3- The Consultation and the Office.<\/p><p>4- The Techniques, Step by Step.<\/p><p>5- The Techniques Application of the technique.<\/p><p>6- Protocol. Aftercare.<\/p><p><b>Day 1 Afternoon &#8211; Practical\u00a0<\/b><span style=\"font-weight: bold; font-family: var( --e-global-typography-5a4d705-font-family ), Sans-serif; font-size: var( --e-global-typography-5a4d705-font-size ); letter-spacing: var( --e-global-typography-5a4d705-letter-spacing );\">Tattoo Reduction Techniques, ND-Yag Laser and Saline<\/span><\/p><p>This module will apply the theoretical concepts in a practical environment.<\/p><p>1- Practice the technique with a model (trainees and trainer). In the practical aspect, each student will practice on a real model, demonstrating skills in carrying out a consultation, applying the technique and counselling on aftercare.<\/p><p>2- <b>EXTRA (FREE)<\/b> &#8211; Hollywood Peel &#8211; Learn and Practice this excellent skin technique with no extra cost. Very popular with no downtime for clients.<\/p><p>2- Award of certificates.<\/p><p><b>Training Objectives<\/b><\/p><p>The course is divided into two types of objectives:<\/p><p><b>General Objectives<\/b><\/p><p>This course aims to provide participants with the theoretical and practical knowledge to\u00a0<span style=\"font-family: var( --e-global-typography-5a4d705-font-family ), Sans-serif; font-size: var( --e-global-typography-5a4d705-font-size ); font-weight: var( --e-global-typography-5a4d705-font-weight ); letter-spacing: var( --e-global-typography-5a4d705-letter-spacing );\">the correct procedure for applying the technique of\u00a0<\/span><span style=\"font-weight: bold; font-family: var( --e-global-typography-5a4d705-font-family ), Sans-serif; font-size: var( --e-global-typography-5a4d705-font-size ); letter-spacing: var( --e-global-typography-5a4d705-letter-spacing );\">Tattoo Reduction with ND-Yag Laser and Saline<\/span><\/p><p><b>Specific Objectives<\/b><\/p><p>At the end of the training, the trainee should be able to:<\/p><p>&#8211; Identify the skin type<\/p><p>&#8211; Draw up a diagnosis<\/p><p>&#8211; Recognise forms of prevention<\/p><p>&#8211; Recognise equipment treatments and how to act<\/p><p>&#8211; Recognise technical procedures<\/p><p>&#8211; Recognise contraindications<\/p><p>&#8211; Recognise applications<\/p><p>&#8211; Recognising the Protocol<\/p><p>&#8211; Recognising the Prognosis<\/p>\t\t\t\t\t\t\t\t<\/div>\n\t\t\t\t<\/div>\n\t\t\t\t\t<\/div>\n\t\t<\/div>\n\t\t\t\t\t<\/div>\n\t\t<\/section>\n\t\t\t\t<section class=\"elementor-section elementor-top-section elementor-element elementor-element-414ff009 elementor-section-boxed elementor-section-height-default elementor-section-height-default\" data-id=\"414ff009\" data-element_type=\"section\" data-e-type=\"section\">\n\t\t\t\t\t\t<div class=\"elementor-container elementor-column-gap-default\">\n\t\t\t\t\t<div class=\"elementor-column elementor-col-100 elementor-top-column elementor-element elementor-element-5a2bf12c\" data-id=\"5a2bf12c\" data-element_type=\"column\" data-e-type=\"column\">\n\t\t\t<div class=\"elementor-widget-wrap elementor-element-populated\">\n\t\t\t\t\t\t<div class=\"elementor-element elementor-element-2723d8a7 elementor-position-left elementor-vertical-align-middle elementor-widget elementor-widget-image-box\" data-id=\"2723d8a7\" data-element_type=\"widget\" data-e-type=\"widget\" data-widget_type=\"image-box.default\">\n\t\t\t\t<div class=\"elementor-widget-container\">\n\t\t\t\t\t<div class=\"elementor-image-box-wrapper\"><figure class=\"elementor-image-box-img\"><img decoding=\"async\" src=\"http:\/\/remakeupacademy-com-628954.hostingersite.com\/wp-content\/uploads\/2024\/03\/282510492_539333287586427_7130304611526234971_n.jpg\" title=\"\" alt=\"\" loading=\"lazy\" \/><\/figure><div class=\"elementor-image-box-content\"><h3 class=\"elementor-image-box-title\">Meet your trainer - cristina bernardino<\/h3><p class=\"elementor-image-box-description\">\"Allow us to introduce you to our esteemed Master in\nAdvanced Aesthetics, Aesthtetic Equipment applied to Advanced Aesthetics, Laser and Micropigmentation. \nWith a prolific 15 years' experience as a trainer in the UK and Portugal, she is a beacon of expertise in her field. She has received several international awards as a professional, and her greatest passion lies in helping others to progress in their careers. Fluently bilingual, her teaching skills extend to both English and Portuguese. In 2015, she set up RemakeUp Academy in the UK, a\ntestament to her leadership. She will expand her reach to Portugal in 2021,\nallowing her to seamlessly bridge cultures. He has an exceptional talent for establishing lasting relationships. Her professional training comes from the prestigious Sorisa, SA. - Escola de Est\u00e9tica e Especializa\u00e7\u00e3o Profissional,\nwhere she obtained her certification as an Aesthetician-Cosmetologist, with multiple courses in advanced aesthetics and micropigmentation with world-class trainers.\nShe is also a certified trainer (CAP) by Training House, Lda.. As the visionary behind RemakeUp Academy in the UK and Portugal, she has become a leading figure in the field of micropigmentation\ntraining. Proudly representing the renowned Tina Davies brand in Portugal and the UK (Scotland), her commitment to providing face-to-face and distance\nlearning guarantees access to latest practices and techniques.Don't miss this unrivalled opportunity to join this\nexceptional professional on our course. Unlock your potential and master the\nintricacies of this technique, guided by the mastery, experience and passion of\nsomeone with over 20 years in the industry. Get in touch today to secure your place.<\/p><\/div><\/div>\t\t\t\t<\/div>\n\t\t\t\t<\/div>\n\t\t\t\t\t<\/div>\n\t\t<\/div>\n\t\t\t\t\t<\/div>\n\t\t<\/section>\n\t\t\t\t<section class=\"elementor-section elementor-top-section elementor-element elementor-element-18eb7ed6 elementor-section-boxed elementor-section-height-default elementor-section-height-default\" data-id=\"18eb7ed6\" data-element_type=\"section\" data-e-type=\"section\">\n\t\t\t\t\t\t<div class=\"elementor-container elementor-column-gap-default\">\n\t\t\t\t\t<div class=\"elementor-column elementor-col-100 elementor-top-column elementor-element elementor-element-3c842f64\" data-id=\"3c842f64\" data-element_type=\"column\" data-e-type=\"column\">\n\t\t\t<div class=\"elementor-widget-wrap elementor-element-populated\">\n\t\t\t\t\t\t<div class=\"elementor-element elementor-element-bd296e4 elementor-button-info elementor-align-center elementor-widget elementor-widget-button\" data-id=\"bd296e4\" data-element_type=\"widget\" data-e-type=\"widget\" data-widget_type=\"button.default\">\n\t\t\t\t<div class=\"elementor-widget-container\">\n\t\t\t\t\t\t\t\t\t<div class=\"elementor-button-wrapper\">\n\t\t\t\t\t<a class=\"elementor-button elementor-button-link elementor-size-sm\" href=\"https:\/\/www.paypal.com\/ncp\/payment\/3N6EH37K8WZ5J\" target=\"_blank\">\n\t\t\t\t\t\t<span class=\"elementor-button-content-wrapper\">\n\t\t\t\t\t\t\t\t\t<span class=\"elementor-button-text\">BOOK YOUR SPOT HERE!<\/span>\n\t\t\t\t\t<\/span>\n\t\t\t\t\t<\/a>\n\t\t\t\t<\/div>\n\t\t\t\t\t\t\t\t<\/div>\n\t\t\t\t<\/div>\n\t\t\t\t\t<\/div>\n\t\t<\/div>\n\t\t\t\t\t<\/div>\n\t\t<\/section>\n\t\t\t\t<section class=\"elementor-section elementor-top-section elementor-element elementor-element-13572768 elementor-section-boxed elementor-section-height-default elementor-section-height-default\" data-id=\"13572768\" data-element_type=\"section\" data-e-type=\"section\">\n\t\t\t\t\t\t<div class=\"elementor-container elementor-column-gap-default\">\n\t\t\t\t\t<div class=\"elementor-column elementor-col-100 elementor-top-column elementor-element elementor-element-67cce80f\" data-id=\"67cce80f\" data-element_type=\"column\" data-e-type=\"column\">\n\t\t\t<div class=\"elementor-widget-wrap\">\n\t\t\t\t\t\t\t<\/div>\n\t\t<\/div>\n\t\t\t\t\t<\/div>\n\t\t<\/section>\n\t\t\t\t<\/div>","protected":false},"excerpt":{"rendered":"<p>PMU &amp; TATTOO REDUCTION Duration: 8 Hours Price: \u00a3 750 BOOK YOUR SPOT HERE! Course Structure Good eyesight; Good manual dexterity and firm hands; Health or<span class=\"excerpt-hellip\"> [\u2026]<\/span><\/p>\n","protected":false},"author":1,"featured_media":0,"parent":0,"menu_order":0,"comment_status":"closed","ping_status":"closed","template":"","meta":{"footnotes":""},"class_list":["post-14006","page","type-page","status-publish","hentry"],"_links":{"self":[{"href":"https:\/\/remakeupacademy.com\/en\/wp-json\/wp\/v2\/pages\/14006","targetHints":{"allow":["GET"]}}],"collection":[{"href":"https:\/\/remakeupacademy.com\/en\/wp-json\/wp\/v2\/pages"}],"about":[{"href":"https:\/\/remakeupacademy.com\/en\/wp-json\/wp\/v2\/types\/page"}],"author":[{"embeddable":true,"href":"https:\/\/remakeupacademy.com\/en\/wp-json\/wp\/v2\/users\/1"}],"replies":[{"embeddable":true,"href":"https:\/\/remakeupacademy.com\/en\/wp-json\/wp\/v2\/comments?post=14006"}],"version-history":[{"count":0,"href":"https:\/\/remakeupacademy.com\/en\/wp-json\/wp\/v2\/pages\/14006\/revisions"}],"wp:attachment":[{"href":"https:\/\/remakeupacademy.com\/en\/wp-json\/wp\/v2\/media?parent=14006"}],"curies":[{"name":"wp","href":"https:\/\/api.w.org\/{rel}","templated":true}]}}