{"id":14033,"date":"2024-04-28T14:53:29","date_gmt":"2024-04-28T14:53:29","guid":{"rendered":"https:\/?page_id=14033"},"modified":"2024-04-28T14:53:29","modified_gmt":"2024-04-28T14:53:29","slug":"micro-lip-neutralization","status":"publish","type":"page","link":"https:\/\/remakeupacademy.com\/en\/micro-lip-neutralization\/","title":{"rendered":"Micro Lip Neutralization"},"content":{"rendered":"<div data-elementor-type=\"wp-page\" data-elementor-id=\"14033\" class=\"elementor elementor-14033\">\n\t\t\t\t\t\t<section class=\"elementor-section elementor-top-section elementor-element elementor-element-6b4473c0 elementor-section-boxed elementor-section-height-default elementor-section-height-default\" data-id=\"6b4473c0\" data-element_type=\"section\" data-e-type=\"section\">\n\t\t\t\t\t\t<div class=\"elementor-container elementor-column-gap-default\">\n\t\t\t\t\t<div class=\"elementor-column elementor-col-66 elementor-top-column elementor-element elementor-element-db0a42e\" data-id=\"db0a42e\" data-element_type=\"column\" data-e-type=\"column\">\n\t\t\t<div class=\"elementor-widget-wrap elementor-element-populated\">\n\t\t\t\t\t\t<div class=\"elementor-element elementor-element-569e081a elementor-widget elementor-widget-image\" data-id=\"569e081a\" data-element_type=\"widget\" data-e-type=\"widget\" data-widget_type=\"image.default\">\n\t\t\t\t<div class=\"elementor-widget-container\">\n\t\t\t\t\t\t\t\t\t\t\t\t\t\t\t<img fetchpriority=\"high\" decoding=\"async\" width=\"665\" height=\"665\" src=\"https:\/\/remakeupacademy.com\/wp-content\/uploads\/2023\/11\/Lip-Neutralization2.png\" class=\"attachment-large size-large wp-image-13505\" alt=\"\" srcset=\"https:\/\/remakeupacademy.com\/wp-content\/uploads\/2023\/11\/Lip-Neutralization2.png 665w, https:\/\/remakeupacademy.com\/wp-content\/uploads\/2023\/11\/Lip-Neutralization2-500x500.png 500w, https:\/\/remakeupacademy.com\/wp-content\/uploads\/2023\/11\/Lip-Neutralization2-300x300.png 300w, https:\/\/remakeupacademy.com\/wp-content\/uploads\/2023\/11\/Lip-Neutralization2-150x150.png 150w, https:\/\/remakeupacademy.com\/wp-content\/uploads\/2023\/11\/Lip-Neutralization2-75x75.png 75w, https:\/\/remakeupacademy.com\/wp-content\/uploads\/2023\/11\/Lip-Neutralization2-480x480.png 480w\" sizes=\"(max-width:767px) 480px, 665px\" \/>\t\t\t\t\t\t\t\t\t\t\t\t\t\t\t<\/div>\n\t\t\t\t<\/div>\n\t\t\t\t\t<\/div>\n\t\t<\/div>\n\t\t\t\t<div class=\"elementor-column elementor-col-33 elementor-top-column elementor-element elementor-element-23a10c9f\" data-id=\"23a10c9f\" data-element_type=\"column\" data-e-type=\"column\">\n\t\t\t<div class=\"elementor-widget-wrap elementor-element-populated\">\n\t\t\t\t\t\t<div class=\"elementor-element elementor-element-f846151 elementor-widget elementor-widget-heading\" data-id=\"f846151\" data-element_type=\"widget\" data-e-type=\"widget\" data-widget_type=\"heading.default\">\n\t\t\t\t<div class=\"elementor-widget-container\">\n\t\t\t\t\t<h2 class=\"elementor-heading-title elementor-size-default\">Micropigmentation  \n(Lip Neutralisation)<\/h2>\t\t\t\t<\/div>\n\t\t\t\t<\/div>\n\t\t\t\t<div class=\"elementor-element elementor-element-2e73ca68 elementor-widget elementor-widget-text-editor\" data-id=\"2e73ca68\" data-element_type=\"widget\" data-e-type=\"widget\" data-widget_type=\"text-editor.default\">\n\t\t\t\t<div class=\"elementor-widget-container\">\n\t\t\t\t\t\t\t\t\t<p>Duration: 8 Hours<\/p><p>Price: \u00a3 500<\/p>\t\t\t\t\t\t\t\t<\/div>\n\t\t\t\t<\/div>\n\t\t\t\t<div class=\"elementor-element elementor-element-2d57a7af elementor-button-info elementor-align-center elementor-widget elementor-widget-button\" data-id=\"2d57a7af\" data-element_type=\"widget\" data-e-type=\"widget\" data-widget_type=\"button.default\">\n\t\t\t\t<div class=\"elementor-widget-container\">\n\t\t\t\t\t\t\t\t\t<div class=\"elementor-button-wrapper\">\n\t\t\t\t\t<a class=\"elementor-button elementor-button-link elementor-size-sm\" href=\"https:\/\/www.paypal.com\/ncp\/payment\/3N6EH37K8WZ5J\" target=\"_blank\">\n\t\t\t\t\t\t<span class=\"elementor-button-content-wrapper\">\n\t\t\t\t\t\t\t\t\t<span class=\"elementor-button-text\">BOOK YOUR SPOT HERE!<\/span>\n\t\t\t\t\t<\/span>\n\t\t\t\t\t<\/a>\n\t\t\t\t<\/div>\n\t\t\t\t\t\t\t\t<\/div>\n\t\t\t\t<\/div>\n\t\t\t\t\t<\/div>\n\t\t<\/div>\n\t\t\t\t\t<\/div>\n\t\t<\/section>\n\t\t\t\t<section class=\"elementor-section elementor-top-section elementor-element elementor-element-6f8e53f2 elementor-section-boxed elementor-section-height-default elementor-section-height-default\" data-id=\"6f8e53f2\" data-element_type=\"section\" data-e-type=\"section\">\n\t\t\t\t\t\t<div class=\"elementor-container elementor-column-gap-default\">\n\t\t\t\t\t<div class=\"elementor-column elementor-col-100 elementor-top-column elementor-element elementor-element-57f5ee1a\" data-id=\"57f5ee1a\" data-element_type=\"column\" data-e-type=\"column\">\n\t\t\t<div class=\"elementor-widget-wrap elementor-element-populated\">\n\t\t\t\t\t\t<div class=\"elementor-element elementor-element-5ece2bce elementor-widget elementor-widget-heading\" data-id=\"5ece2bce\" data-element_type=\"widget\" data-e-type=\"widget\" data-widget_type=\"heading.default\">\n\t\t\t\t<div class=\"elementor-widget-container\">\n\t\t\t\t\t<h2 class=\"elementor-heading-title elementor-size-default\">Course Structure<\/h2>\t\t\t\t<\/div>\n\t\t\t\t<\/div>\n\t\t\t\t<div class=\"elementor-element elementor-element-640d8d42 elementor-widget elementor-widget-text-editor\" data-id=\"640d8d42\" data-element_type=\"widget\" data-e-type=\"widget\" data-widget_type=\"text-editor.default\">\n\t\t\t\t<div class=\"elementor-widget-container\">\n\t\t\t\t\t\t\t\t\t<p class=\"MsoNormal\"><b>Prerequisites<\/b><o:p><\/o:p><\/p><p class=\"MsoNormal\">Good eyesight;<o:p><\/o:p><\/p><p class=\"MsoNormal\">Good manual dexterity and firm hands;<o:p><\/o:p><\/p><p class=\"MsoNormal\">Health, beauty and related professionals<o:p><\/o:p><\/p><p class=\"MsoNormal\"><b>Target audience<\/b><o:p><\/o:p><\/p><p class=\"MsoNormal\">Professionals with experience in lip micropigmentation\n(employed or unemployed) aged 18 or over.<o:p><\/o:p><\/p><p class=\"MsoNormal\"><b>Programme content:<\/b><o:p><\/o:p><\/p><p class=\"MsoNormal\"><b>Day 1 (Morning) &#8211; Introduction to Lip Neutralisation.<\/b><o:p><\/o:p><\/p><p class=\"MsoNormal\">This module will present the following topics and follow the\nstructure presented:<o:p><\/o:p><\/p><p class=\"MsoNormal\">1- Introduction to Lip Neutralisation.<o:p><\/o:p><\/p><p class=\"MsoNormal\">2- Review of basic concepts (Lip Anatomy, Skin Tones and\nColour Theory) and equipment.<o:p><\/o:p><\/p><p class=\"MsoNormal\">3- The Technique. Step by step.<o:p><\/o:p><\/p><p class=\"MsoNormal\">4- Protocol. Aftercare.<o:p><\/o:p><\/p><p class=\"MsoNormal\"><b>Day 1 (Afternoon) &#8211; Practising Lip Neutralisation on\nModels<\/b><o:p><\/o:p><\/p><p class=\"MsoNormal\">In this module, the theoretical concepts will be applied in\na practical environment.<o:p><\/o:p><\/p><p class=\"MsoNormal\">1- Practise the technique on a model (trainees and trainer).\nOn the practical side, each student will practise on a real model.<o:p><\/o:p><\/p><p class=\"MsoNormal\">2- Award of participation certificates.<o:p><\/o:p><\/p><p class=\"MsoNormal\"><b>Training Objectives<\/b><o:p><\/o:p><\/p><p class=\"MsoNormal\">The training is divided into two types of objectives:<o:p><\/o:p><\/p><p class=\"MsoNormal\"><b>General Objectives<\/b><o:p><\/o:p><\/p><p class=\"MsoNormal\">This workshop aims to provide participants with the\ntheoretical and practical knowledge needed to correctly apply the Lip\nNeutralisation technique.<o:p><\/o:p><\/p><p class=\"MsoNormal\"><b>Specific Objectives<\/b><o:p><\/o:p><\/p><p class=\"MsoNormal\">At the end of the session, the trainee should be able to:<o:p><\/o:p><\/p><p class=\"MsoNormal\">&#8211; Draw up a Lip Neutralisation treatment plan<o:p><\/o:p><\/p><p class=\"MsoNormal\">&#8211; Recognise the ways of preventing injuries in the practice\nof Lip Neutralisation.<o:p><\/o:p><\/p><p class=\"MsoNormal\">&#8211; Recognise the different equipment, pigments and utensils\nneeded to carry out the technique.<o:p><\/o:p><\/p><p class=\"MsoNormal\">&#8211; Identify the contraindications of the procedures<o:p><\/o:p><\/p><p class=\"MsoNormal\">&#8211; Recognise the applications of the Lip Neutralisation\ntechnique.<o:p><\/o:p><\/p><p class=\"MsoNormal\">&#8211; Recognise the potential results of the procedure and\nadvise on aftercare.<o:p><\/o:p><\/p><p class=\"MsoNormal\"><b>Kit (Optional):<\/b><o:p><\/o:p><\/p><p class=\"MsoNormal\">&#8211; 2 pigments<o:p><\/o:p><\/p><p class=\"MsoNormal\">&#8211; Synthetic leather<o:p><\/o:p><\/p><p class=\"MsoNormal\">&#8211; Rings without separator for pigments 25un.<o:p><\/o:p><\/p><p class=\"MsoNormal\">&#8211; Waterproof white eyeliner pencil<o:p><\/o:p><\/p><p class=\"MsoNormal\">&#8211; Healing ointment in tube 8g<o:p><\/o:p><\/p><p class=\"MsoNormal\">&#8211; Self-adhesive elastic bandage<o:p><\/o:p><\/p><p>\n\n\n\n\n\n\n\n\n\n\n\n\n\n\n\n\n\n\n\n\n\n\n\n\n\n\n\n\n\n\n\n\n\n\n\n\n\n\n\n\n\n\n\n\n\n\n\n\n\n\n\n\n\n\n\n\n\n\n\n\n\n\n\n\n\n\n\n\n\n\n\n<\/p><p class=\"MsoNormal\">&#8211; Cordless digital dermograph<o:p><\/o:p><\/p>\t\t\t\t\t\t\t\t<\/div>\n\t\t\t\t<\/div>\n\t\t\t\t\t<\/div>\n\t\t<\/div>\n\t\t\t\t\t<\/div>\n\t\t<\/section>\n\t\t\t\t<section class=\"elementor-section elementor-top-section elementor-element elementor-element-33c31ca1 elementor-section-boxed elementor-section-height-default elementor-section-height-default\" data-id=\"33c31ca1\" data-element_type=\"section\" data-e-type=\"section\">\n\t\t\t\t\t\t<div class=\"elementor-container elementor-column-gap-default\">\n\t\t\t\t\t<div class=\"elementor-column elementor-col-100 elementor-top-column elementor-element elementor-element-2669994d\" data-id=\"2669994d\" data-element_type=\"column\" data-e-type=\"column\">\n\t\t\t<div class=\"elementor-widget-wrap elementor-element-populated\">\n\t\t\t\t\t\t<div class=\"elementor-element elementor-element-72f5334a elementor-position-left elementor-vertical-align-middle elementor-widget elementor-widget-image-box\" data-id=\"72f5334a\" data-element_type=\"widget\" data-e-type=\"widget\" data-widget_type=\"image-box.default\">\n\t\t\t\t<div class=\"elementor-widget-container\">\n\t\t\t\t\t<div class=\"elementor-image-box-wrapper\"><figure class=\"elementor-image-box-img\"><img decoding=\"async\" src=\"http:\/\/remakeupacademy-com-628954.hostingersite.com\/wp-content\/uploads\/2024\/03\/282510492_539333287586427_7130304611526234971_n.jpg\" title=\"\" alt=\"\" loading=\"lazy\" \/><\/figure><div class=\"elementor-image-box-content\"><h3 class=\"elementor-image-box-title\">Meet your trainer - cristina bernardino<\/h3><p class=\"elementor-image-box-description\">\"Allow us to introduce you to our esteemed Master in Advanced Aesthetics, Aesthtetic Equipment applied to Advanced Aesthetics, Laser and Micropigmentation. With a prolific 15 years' experience as a trainer in the UK and Portugal, she is a beacon of expertise in her field. She has received several international awards as a professional, and her greatest passion lies in helping others to progress in their careers. Fluently bilingual, her teaching skills extend to both English and Portuguese. In 2015, she set up RemakeUp Academy in the UK, a testament to her leadership. She would expand her reach to Portugal in 2021, allowing her to seamlessly bridge cultures. <br><br>She has an exceptional talent for establishing lasting relationships. Her professional training comes from the prestigious Sorisa, SA. - Escola de Est\u00e9tica e Especializa\u00e7\u00e3o Profissional, where she obtained her certification as an Aesthetician-Cosmetologist, with multiple courses in advanced aesthetics and micropigmentation with world-class trainers. She is also a certified trainer (CAP) by Training House, Lda.. As the visionary behind RemakeUp Academy in the UK and Portugal, she has become a leading figure in the field of micropigmentation training. <br><br>Proudly representing the renowned Tina Davies brand in Portugal and the UK (Scotland), her commitment to providing face-to-face and distance learning guarantees access to latest practices and techniques.Don't miss this unrivalled opportunity to join this exceptional professional on our course. Unlock your potential and master the intricacies of this technique, guided by the mastery, experience and passion of someone with over 20 years in the industry. Get in touch today to secure your place.<\/p><\/div><\/div>\t\t\t\t<\/div>\n\t\t\t\t<\/div>\n\t\t\t\t\t<\/div>\n\t\t<\/div>\n\t\t\t\t\t<\/div>\n\t\t<\/section>\n\t\t\t\t<section class=\"elementor-section elementor-top-section elementor-element elementor-element-426660ef elementor-section-boxed elementor-section-height-default elementor-section-height-default\" data-id=\"426660ef\" data-element_type=\"section\" data-e-type=\"section\">\n\t\t\t\t\t\t<div class=\"elementor-container elementor-column-gap-default\">\n\t\t\t\t\t<div class=\"elementor-column elementor-col-100 elementor-top-column elementor-element elementor-element-502bb836\" data-id=\"502bb836\" data-element_type=\"column\" data-e-type=\"column\">\n\t\t\t<div class=\"elementor-widget-wrap elementor-element-populated\">\n\t\t\t\t\t\t<div class=\"elementor-element elementor-element-5b0603cf elementor-button-info elementor-align-center elementor-widget elementor-widget-button\" data-id=\"5b0603cf\" data-element_type=\"widget\" data-e-type=\"widget\" data-widget_type=\"button.default\">\n\t\t\t\t<div class=\"elementor-widget-container\">\n\t\t\t\t\t\t\t\t\t<div class=\"elementor-button-wrapper\">\n\t\t\t\t\t<a class=\"elementor-button elementor-button-link elementor-size-sm\" href=\"https:\/\/www.paypal.com\/ncp\/payment\/3N6EH37K8WZ5J\" target=\"_blank\">\n\t\t\t\t\t\t<span class=\"elementor-button-content-wrapper\">\n\t\t\t\t\t\t\t\t\t<span class=\"elementor-button-text\">BOOK YOUR SPOT HERE!<\/span>\n\t\t\t\t\t<\/span>\n\t\t\t\t\t<\/a>\n\t\t\t\t<\/div>\n\t\t\t\t\t\t\t\t<\/div>\n\t\t\t\t<\/div>\n\t\t\t\t\t<\/div>\n\t\t<\/div>\n\t\t\t\t\t<\/div>\n\t\t<\/section>\n\t\t\t\t<section class=\"elementor-section elementor-top-section elementor-element elementor-element-1dccd926 elementor-section-boxed elementor-section-height-default elementor-section-height-default\" data-id=\"1dccd926\" data-element_type=\"section\" data-e-type=\"section\">\n\t\t\t\t\t\t<div class=\"elementor-container elementor-column-gap-default\">\n\t\t\t\t\t<div class=\"elementor-column elementor-col-100 elementor-top-column elementor-element elementor-element-8d6a53b\" data-id=\"8d6a53b\" data-element_type=\"column\" data-e-type=\"column\">\n\t\t\t<div class=\"elementor-widget-wrap\">\n\t\t\t\t\t\t\t<\/div>\n\t\t<\/div>\n\t\t\t\t\t<\/div>\n\t\t<\/section>\n\t\t\t\t<\/div>","protected":false},"excerpt":{"rendered":"<p>Micropigmentation (Lip Neutralisation) Duration: 8 Hours Price: \u00a3 500 BOOK YOUR SPOT HERE! Course Structure Prerequisites Good eyesight; Good manual dexterity and firm hands; Health, beauty<span class=\"excerpt-hellip\"> [\u2026]<\/span><\/p>\n","protected":false},"author":1,"featured_media":0,"parent":0,"menu_order":0,"comment_status":"closed","ping_status":"closed","template":"","meta":{"footnotes":""},"class_list":["post-14033","page","type-page","status-publish","hentry"],"_links":{"self":[{"href":"https:\/\/remakeupacademy.com\/en\/wp-json\/wp\/v2\/pages\/14033","targetHints":{"allow":["GET"]}}],"collection":[{"href":"https:\/\/remakeupacademy.com\/en\/wp-json\/wp\/v2\/pages"}],"about":[{"href":"https:\/\/remakeupacademy.com\/en\/wp-json\/wp\/v2\/types\/page"}],"author":[{"embeddable":true,"href":"https:\/\/remakeupacademy.com\/en\/wp-json\/wp\/v2\/users\/1"}],"replies":[{"embeddable":true,"href":"https:\/\/remakeupacademy.com\/en\/wp-json\/wp\/v2\/comments?post=14033"}],"version-history":[{"count":0,"href":"https:\/\/remakeupacademy.com\/en\/wp-json\/wp\/v2\/pages\/14033\/revisions"}],"wp:attachment":[{"href":"https:\/\/remakeupacademy.com\/en\/wp-json\/wp\/v2\/media?parent=14033"}],"curies":[{"name":"wp","href":"https:\/\/api.w.org\/{rel}","templated":true}]}}