{"id":14077,"date":"2024-03-27T18:59:12","date_gmt":"2024-03-27T18:59:12","guid":{"rendered":"https:\/?page_id=14077"},"modified":"2024-03-27T18:59:12","modified_gmt":"2024-03-27T18:59:12","slug":"desenho-sobrancelhas","status":"publish","type":"page","link":"https:\/\/remakeupacademy.com\/en\/desenho-sobrancelhas\/","title":{"rendered":"Desenho Sobrancelhas"},"content":{"rendered":"<div data-elementor-type=\"wp-page\" data-elementor-id=\"14077\" class=\"elementor elementor-14077\">\n\t\t\t\t\t\t<section class=\"elementor-section elementor-top-section elementor-element elementor-element-2a14cd7b elementor-section-boxed elementor-section-height-default elementor-section-height-default\" data-id=\"2a14cd7b\" data-element_type=\"section\" data-e-type=\"section\">\n\t\t\t\t\t\t<div class=\"elementor-container elementor-column-gap-default\">\n\t\t\t\t\t<div class=\"elementor-column elementor-col-66 elementor-top-column elementor-element elementor-element-54355d45\" data-id=\"54355d45\" data-element_type=\"column\" data-e-type=\"column\">\n\t\t\t<div class=\"elementor-widget-wrap elementor-element-populated\">\n\t\t\t\t\t\t<div class=\"elementor-element elementor-element-4968ed7a elementor-widget elementor-widget-image\" data-id=\"4968ed7a\" data-element_type=\"widget\" data-e-type=\"widget\" data-widget_type=\"image.default\">\n\t\t\t\t<div class=\"elementor-widget-container\">\n\t\t\t\t\t\t\t\t\t\t\t\t\t\t\t<img decoding=\"async\" src=\"http:\/\/remakeupacademy-com-628954.hostingersite.com\/wp-content\/uploads\/2024\/08\/dESIGN.png\" title=\"\" alt=\"\" loading=\"lazy\" \/>\t\t\t\t\t\t\t\t\t\t\t\t\t\t\t<\/div>\n\t\t\t\t<\/div>\n\t\t\t\t\t<\/div>\n\t\t<\/div>\n\t\t\t\t<div class=\"elementor-column elementor-col-33 elementor-top-column elementor-element elementor-element-6a431db6\" data-id=\"6a431db6\" data-element_type=\"column\" data-e-type=\"column\">\n\t\t\t<div class=\"elementor-widget-wrap elementor-element-populated\">\n\t\t\t\t\t\t<div class=\"elementor-element elementor-element-30a2d5ce elementor-widget elementor-widget-heading\" data-id=\"30a2d5ce\" data-element_type=\"widget\" data-e-type=\"widget\" data-widget_type=\"heading.default\">\n\t\t\t\t<div class=\"elementor-widget-container\">\n\t\t\t\t\t<h2 class=\"elementor-heading-title elementor-size-default\">Desenho sobrancelhas<\/h2>\t\t\t\t<\/div>\n\t\t\t\t<\/div>\n\t\t\t\t<div class=\"elementor-element elementor-element-7c66cbe5 elementor-widget elementor-widget-text-editor\" data-id=\"7c66cbe5\" data-element_type=\"widget\" data-e-type=\"widget\" data-widget_type=\"text-editor.default\">\n\t\t\t\t<div class=\"elementor-widget-container\">\n\t\t\t\t\t\t\t\t\t<p>DURA\u00c7\u00c3O: 8\u00a0<span style=\"font-family: var( --e-global-typography-secondary-font-family ), Sans-serif; font-size: var( --e-global-typography-secondary-font-size ); font-weight: var( --e-global-typography-secondary-font-weight ); letter-spacing: var( --e-global-typography-secondary-letter-spacing ); text-transform: var( --e-global-typography-secondary-text-transform );\">HORAS<\/span><\/p><p><span style=\"font-family: var( --e-global-typography-secondary-font-family ), Sans-serif; font-size: var( --e-global-typography-secondary-font-size ); font-weight: var( --e-global-typography-secondary-font-weight ); letter-spacing: var( --e-global-typography-secondary-letter-spacing ); text-transform: var( --e-global-typography-secondary-text-transform );\">PrE\u00c7O: 150\u20ac<\/span><\/p>\t\t\t\t\t\t\t\t<\/div>\n\t\t\t\t<\/div>\n\t\t\t\t<div class=\"elementor-element elementor-element-59ad0886 elementor-button-info elementor-align-center elementor-widget elementor-widget-button\" data-id=\"59ad0886\" data-element_type=\"widget\" data-e-type=\"widget\" data-widget_type=\"button.default\">\n\t\t\t\t<div class=\"elementor-widget-container\">\n\t\t\t\t\t\t\t\t\t<div class=\"elementor-button-wrapper\">\n\t\t\t\t\t<a class=\"elementor-button elementor-button-link elementor-size-sm\" href=\"https:\/\/www.paypal.com\/ncp\/payment\/NW4P7JUJ8NQPA\" target=\"_blank\">\n\t\t\t\t\t\t<span class=\"elementor-button-content-wrapper\">\n\t\t\t\t\t\t\t\t\t<span class=\"elementor-button-text\">reserva o teu lugar aqui<\/span>\n\t\t\t\t\t<\/span>\n\t\t\t\t\t<\/a>\n\t\t\t\t<\/div>\n\t\t\t\t\t\t\t\t<\/div>\n\t\t\t\t<\/div>\n\t\t\t\t\t<\/div>\n\t\t<\/div>\n\t\t\t\t\t<\/div>\n\t\t<\/section>\n\t\t\t\t<section class=\"elementor-section elementor-top-section elementor-element elementor-element-671fbb6a elementor-section-boxed elementor-section-height-default elementor-section-height-default\" data-id=\"671fbb6a\" data-element_type=\"section\" data-e-type=\"section\">\n\t\t\t\t\t\t<div class=\"elementor-container elementor-column-gap-default\">\n\t\t\t\t\t<div class=\"elementor-column elementor-col-100 elementor-top-column elementor-element elementor-element-5d3d6bf9\" data-id=\"5d3d6bf9\" data-element_type=\"column\" data-e-type=\"column\">\n\t\t\t<div class=\"elementor-widget-wrap elementor-element-populated\">\n\t\t\t\t\t\t<div class=\"elementor-element elementor-element-66b52827 elementor-widget elementor-widget-heading\" data-id=\"66b52827\" data-element_type=\"widget\" data-e-type=\"widget\" data-widget_type=\"heading.default\">\n\t\t\t\t<div class=\"elementor-widget-container\">\n\t\t\t\t\t<h2 class=\"elementor-heading-title elementor-size-default\"><b>Quer aprender a arte do design de sobrancelhas e transformar olhares?<\/b><\/h2>\t\t\t\t<\/div>\n\t\t\t\t<\/div>\n\t\t\t\t<div class=\"elementor-element elementor-element-78a6ba9 elementor-widget elementor-widget-text-editor\" data-id=\"78a6ba9\" data-element_type=\"widget\" data-e-type=\"widget\" data-widget_type=\"text-editor.default\">\n\t\t\t\t<div class=\"elementor-widget-container\">\n\t\t\t\t\t\t\t\t\t<h5>Estamos com inscri\u00e7\u00f5es abertas para o nosso curso de design de sobrancelhas, onde ir\u00e1 aprender as t\u00e9cnicas mais modernas e eficientes! <img decoding=\"async\" class=\"emoji\" role=\"img\" draggable=\"false\" src=\"https:\/\/s.w.org\/images\/core\/emoji\/14.0.0\/svg\/1f58c.svg\" alt=\"\ud83d\udd8c\ufe0f\" \/><img decoding=\"async\" class=\"emoji\" role=\"img\" draggable=\"false\" src=\"https:\/\/s.w.org\/images\/core\/emoji\/14.0.0\/svg\/2728.svg\" alt=\"\u2728\" \/><\/h5><h5><img decoding=\"async\" class=\"emoji\" role=\"img\" draggable=\"false\" src=\"https:\/\/s.w.org\/images\/core\/emoji\/14.0.0\/svg\/1f50d.svg\" alt=\"\ud83d\udd0d\" \/> O que vai aprender?<\/h5><p>\u2022 Design de sobrancelhas personalizado para cada cliente<br \/>\u2022 Aplica\u00e7\u00e3o de henna<br \/>\u2022 T\u00e9cnicas de lamina\u00e7\u00e3o<br \/>\u2022 E muito mais!<\/p><h5><img decoding=\"async\" class=\"emoji\" role=\"img\" draggable=\"false\" src=\"https:\/\/s.w.org\/images\/core\/emoji\/14.0.0\/svg\/1f381.svg\" alt=\"\ud83c\udf81\" \/> Oferta Exclusiva:<\/h5><p>Inscreva se agora e ganha a aplica\u00e7\u00e3o de henna e lamina\u00e7\u00e3o gratuitas!<\/p><p><img decoding=\"async\" class=\"emoji\" role=\"img\" draggable=\"false\" src=\"https:\/\/s.w.org\/images\/core\/emoji\/14.0.0\/svg\/1f4c5.svg\" alt=\"\ud83d\udcc5\" \/> Data: 27 de Agosto<br \/><img decoding=\"async\" class=\"emoji\" role=\"img\" draggable=\"false\" src=\"https:\/\/s.w.org\/images\/core\/emoji\/14.0.0\/svg\/1f4cd.svg\" alt=\"\ud83d\udccd\" \/> Local: Leiria<\/p><h4><img decoding=\"async\" class=\"emoji\" role=\"img\" draggable=\"false\" src=\"https:\/\/s.w.org\/images\/core\/emoji\/14.0.0\/svg\/1f4a1.svg\" alt=\"\ud83d\udca1\" \/> N\u00e3o perca esta oportunidade! Vagas limitadas!<\/h4>\t\t\t\t\t\t\t\t<\/div>\n\t\t\t\t<\/div>\n\t\t\t\t<div class=\"elementor-element elementor-element-11dbb17e elementor-widget__width-initial elementor-widget elementor-widget-text-editor\" data-id=\"11dbb17e\" data-element_type=\"widget\" data-e-type=\"widget\" data-widget_type=\"text-editor.default\">\n\t\t\t\t<div class=\"elementor-widget-container\">\n\t\t\t\t\t\t\t\t\t<h1 class=\"MsoNormal\"><b><span lang=\"PT\">Estrutura do Curso<\/span><\/b><\/h1><p class=\"MsoNormal\"><b><span lang=\"PT\">Pr\u00e9-Requisitos<\/span><\/b><\/p><p class=\"MsoNormal\"><span lang=\"PT\">Boa habilidade manual e firmeza nas m\u00e3os;<\/span><\/p><p class=\"MsoNormal\"><span lang=\"PT\">Profissionais de sa\u00fade, est\u00e9tica e afins<\/span><\/p><p class=\"MsoNormal\"><b><span lang=\"PT\">P\u00fablico-alvo<\/span><\/b><\/p><p class=\"MsoNormal\"><span lang=\"PT\">Profissionais com experi\u00eancia em est\u00e9tica (empregados e desempregados) com idade igual ou superior a 18 anos.<\/span><\/p><p class=\"MsoNormal\"><b><span lang=\"PT\">Conte\u00fado program\u00e1tico:<\/span><\/b><\/p><p class=\"MsoNormal\"><b><span lang=\"PT\">Dia 1 (Manh\u00e3) \u2013 Introdu\u00e7\u00e3o ao Design de Sobrancelhas.<\/span><\/b><\/p><p class=\"MsoNormal\"><span lang=\"PT\">Neste m\u00f3dulo ser\u00e3o apresentados os seguintes t\u00f3picos e seguida a estrutura apresentada:<\/span><\/p><p class=\"MsoNormal\"><span lang=\"PT\">1- Introdu\u00e7\u00e3o ao Design de Sobrancelhas.<\/span><\/p><p class=\"MsoNormal\"><span lang=\"PT\">2- Revis\u00e3o conceitos de base (Anatomia do Rostos, Tipos de Rosto, Simetrias e Assimetrias) e equipamentos.<\/span><\/p><p class=\"MsoNormal\"><span lang=\"PT\">3- A T\u00e9cnica. Passo a Passo. <\/span><\/p><p class=\"MsoNormal\"><b><span lang=\"PT\">Dia 1 (Tarde)\u2013 Marca\u00e7\u00e3o e Design Sobrancelhas entre Formandos.<\/span><\/b><\/p><p class=\"MsoNormal\"><span lang=\"PT\">Neste m\u00f3dulo ser\u00e3o aplicados os conceitos te\u00f3ricos discutidos a situa\u00e7\u00f5es especificas previamente submetidas pelos alunos.<\/span><\/p><p class=\"MsoNormal\"><span lang=\"PT\">1- Aplica\u00e7\u00e3o dos conceitos te\u00f3ricos.<\/span><\/p><p class=\"MsoNormal\"><span lang=\"PT\">2- Entrega de certificados de participa\u00e7\u00e3o.<\/span><\/p><p class=\"MsoNormal\"><b><span lang=\"PT\">Objetivos da Forma\u00e7\u00e3o<\/span><\/b><\/p><p class=\"MsoNormal\"><span lang=\"PT\">A forma\u00e7\u00e3o divide-se em dois tipos de objetivos:<\/span><\/p><p class=\"MsoNormal\"><b><span lang=\"PT\">Objetivos Gerais<\/span><\/b><\/p><p class=\"MsoNormal\"><span lang=\"PT\">Este Workshop visa dotar os participantes de conhecimentos te\u00f3ricos e pr\u00e1ticos que permitam identificar e resolver os problemas mais comuns na realiza\u00e7\u00e3o de sobrancelhas com t\u00e9cnicas n\u00e3o permanentes.<\/span><\/p><p class=\"MsoNormal\"><b><span lang=\"PT\">Objetivos Espec\u00edficos<\/span><\/b><\/p><p class=\"MsoNormal\"><span lang=\"PT\">No final da sess\u00e3o, o\/a formando\/a dever\u00e1 ser capaz de:<\/span><\/p><p class=\"MsoNormal\"><span lang=\"PT\">&#8211; Identificar os diferentes tipos de Rostos e Sobrancelhas.<\/span><\/p><p class=\"MsoNormal\"><span lang=\"PT\">&#8211; Reconhecer as formas de corrigir Assimetrias.<\/span><\/p><p class=\"MsoNormal\"><span lang=\"PT\">&#8211; Realizar a Marca\u00e7\u00e3o e design de sobrancelhas com t\u00e9cnicas n\u00e3o\u00a0permanentes.<\/span><\/p><p class=\"MsoNormal\"><b><span lang=\"PT\">Kit (Opcional):<\/span><\/b><\/p><p class=\"MsoNormal\"><span lang=\"PT\">N\u00e3o Aplic\u00e1vel.<\/span><\/p>\t\t\t\t\t\t\t\t<\/div>\n\t\t\t\t<\/div>\n\t\t\t\t\t<\/div>\n\t\t<\/div>\n\t\t\t\t\t<\/div>\n\t\t<\/section>\n\t\t\t\t<section class=\"elementor-section elementor-top-section elementor-element elementor-element-59cb69b elementor-section-boxed elementor-section-height-default elementor-section-height-default\" data-id=\"59cb69b\" data-element_type=\"section\" data-e-type=\"section\">\n\t\t\t\t\t\t<div class=\"elementor-container elementor-column-gap-default\">\n\t\t\t\t\t<div class=\"elementor-column elementor-col-100 elementor-top-column elementor-element elementor-element-549de6db\" data-id=\"549de6db\" data-element_type=\"column\" data-e-type=\"column\">\n\t\t\t<div class=\"elementor-widget-wrap elementor-element-populated\">\n\t\t\t\t\t\t<div class=\"elementor-element elementor-element-5eb67def elementor-position-left elementor-vertical-align-middle elementor-widget elementor-widget-image-box\" data-id=\"5eb67def\" data-element_type=\"widget\" data-e-type=\"widget\" data-widget_type=\"image-box.default\">\n\t\t\t\t<div class=\"elementor-widget-container\">\n\t\t\t\t\t<div class=\"elementor-image-box-wrapper\"><figure class=\"elementor-image-box-img\"><img decoding=\"async\" src=\"http:\/\/remakeupacademy-com-628954.hostingersite.com\/wp-content\/uploads\/2024\/03\/RemakeUp108-scaled.jpg\" title=\"\" alt=\"\" loading=\"lazy\" \/><\/figure><div class=\"elementor-image-box-content\"><h3 class=\"elementor-image-box-title\"><h3 data-elementor-setting-key=\"title_text\" data-elementor-inline-editing-toolbar=\"none\" data-pen-placeholder=\"Type Here...\" style=\"font-family: var( --e-global-typography-primary-font-family ), Sans-serif;font-weight: var( --e-global-typography-primary-font-weight );font-size: var( --e-global-typography-primary-font-size );text-transform: var( --e-global-typography-primary-text-transform );letter-spacing: var( --e-global-typography-primary-letter-spacing )\">O TEU FORMADOR - CRISTINA BERNARDINO<\/h3><\/h3><p class=\"elementor-image-box-description\">Permita-nos apresentar-lhe a nossa estimada Master em Est\u00e9tica Avan\u00e7ada, Equipamento Est\u00e9tico aplicado \u00e0 Est\u00e9tica Avan\u00e7ada, Laser e Micropigmenta\u00e7\u00e3o. Com uma prol\u00edfica experi\u00eancia de 15 anos como formadora no Reino Unido e em Portugal, \u00e9 uma refer\u00eancia na sua \u00e1rea. Recebeu v\u00e1rios pr\u00e9mios internacionais como profissional e a sua maior paix\u00e3o \u00e9 ajudar os outros a progredir nas suas carreiras. Fluentemente bilingue, as suas compet\u00eancias pedag\u00f3gicas estendem-se tanto ao ingl\u00eas como ao portugu\u00eas. Em 2015, criou a RemakeUp Academy no Reino Unido, um testemunho da sua lideran\u00e7a. Em 2021, expandiu o seu alcance para Portugal, o que lhe permitiu estabelecer uma ponte perfeita entre culturas. \n\nTem um talento excecional para estabelecer rela\u00e7\u00f5es duradouras. A sua forma\u00e7\u00e3o profissional prov\u00e9m da prestigiada Sorisa, SA. - Escola de Est\u00e9tica e Especializa\u00e7\u00e3o Profissional, onde obteve a sua certifica\u00e7\u00e3o como Esteticista-Cosmetologista, com m\u00faltiplos cursos de est\u00e9tica avan\u00e7ada e micropigmenta\u00e7\u00e3o com formadores de n\u00edvel mundial. \u00c9 tamb\u00e9m formadora certificada (CAP) pela Training House, Lda. Como vision\u00e1ria por detr\u00e1s da RemakeUp Academy no Reino Unido e em Portugal, tornou-se uma figura de destaque no campo da forma\u00e7\u00e3o em micropigmenta\u00e7\u00e3o. \n\nOrgulhosamente representante da conceituada marca Tina Davies em Portugal e no Reino Unido (Esc\u00f3cia), o seu empenho em proporcionar forma\u00e7\u00e3o presencial e \u00e0 dist\u00e2ncia garante o acesso \u00e0s mais recentes pr\u00e1ticas e t\u00e9cnicas. N\u00e3o perca esta oportunidade \u00fanica de se juntar a esta profissional excecional no nosso curso. Liberte o seu potencial e domine os meandros desta t\u00e9cnica, guiado pela mestria, experi\u00eancia e paix\u00e3o de algu\u00e9m com mais de 20 anos no sector. Entre em contacto hoje para garantir o seu lugar.<\/p><\/div><\/div>\t\t\t\t<\/div>\n\t\t\t\t<\/div>\n\t\t\t\t\t<\/div>\n\t\t<\/div>\n\t\t\t\t\t<\/div>\n\t\t<\/section>\n\t\t\t\t<section class=\"elementor-section elementor-top-section elementor-element elementor-element-45f0a29d elementor-section-boxed elementor-section-height-default elementor-section-height-default\" data-id=\"45f0a29d\" data-element_type=\"section\" data-e-type=\"section\">\n\t\t\t\t\t\t<div class=\"elementor-container elementor-column-gap-default\">\n\t\t\t\t\t<div class=\"elementor-column elementor-col-100 elementor-top-column elementor-element elementor-element-5b2abb5a\" data-id=\"5b2abb5a\" data-element_type=\"column\" data-e-type=\"column\">\n\t\t\t<div class=\"elementor-widget-wrap elementor-element-populated\">\n\t\t\t\t\t\t<div class=\"elementor-element elementor-element-3eeeab10 elementor-button-info elementor-align-center elementor-widget elementor-widget-button\" data-id=\"3eeeab10\" data-element_type=\"widget\" data-e-type=\"widget\" data-widget_type=\"button.default\">\n\t\t\t\t<div class=\"elementor-widget-container\">\n\t\t\t\t\t\t\t\t\t<div class=\"elementor-button-wrapper\">\n\t\t\t\t\t<a class=\"elementor-button elementor-button-link elementor-size-sm\" href=\"https:\/\/www.paypal.com\/ncp\/payment\/NW4P7JUJ8NQPA\" target=\"_blank\">\n\t\t\t\t\t\t<span class=\"elementor-button-content-wrapper\">\n\t\t\t\t\t\t\t\t\t<span class=\"elementor-button-text\">reserva o teu lugar aqui<\/span>\n\t\t\t\t\t<\/span>\n\t\t\t\t\t<\/a>\n\t\t\t\t<\/div>\n\t\t\t\t\t\t\t\t<\/div>\n\t\t\t\t<\/div>\n\t\t\t\t\t<\/div>\n\t\t<\/div>\n\t\t\t\t\t<\/div>\n\t\t<\/section>\n\t\t\t\t<section class=\"elementor-section elementor-top-section elementor-element elementor-element-4fec8116 elementor-section-boxed elementor-section-height-default elementor-section-height-default\" data-id=\"4fec8116\" data-element_type=\"section\" data-e-type=\"section\">\n\t\t\t\t\t\t<div class=\"elementor-container elementor-column-gap-default\">\n\t\t\t\t\t<div class=\"elementor-column elementor-col-100 elementor-top-column elementor-element elementor-element-3c1fd054\" data-id=\"3c1fd054\" data-element_type=\"column\" data-e-type=\"column\">\n\t\t\t<div class=\"elementor-widget-wrap\">\n\t\t\t\t\t\t\t<\/div>\n\t\t<\/div>\n\t\t\t\t\t<\/div>\n\t\t<\/section>\n\t\t\t\t<\/div>","protected":false},"excerpt":{"rendered":"<p>Desenho sobrancelhas DURA\u00c7\u00c3O: 8\u00a0HORAS PrE\u00c7O: 150\u20ac reserva o teu lugar aqui Quer aprender a arte do design de sobrancelhas e transformar olhares? Estamos com inscri\u00e7\u00f5es abertas<span class=\"excerpt-hellip\"> [\u2026]<\/span><\/p>\n","protected":false},"author":1,"featured_media":0,"parent":0,"menu_order":0,"comment_status":"closed","ping_status":"closed","template":"","meta":{"footnotes":""},"class_list":["post-14077","page","type-page","status-publish","hentry"],"_links":{"self":[{"href":"https:\/\/remakeupacademy.com\/en\/wp-json\/wp\/v2\/pages\/14077","targetHints":{"allow":["GET"]}}],"collection":[{"href":"https:\/\/remakeupacademy.com\/en\/wp-json\/wp\/v2\/pages"}],"about":[{"href":"https:\/\/remakeupacademy.com\/en\/wp-json\/wp\/v2\/types\/page"}],"author":[{"embeddable":true,"href":"https:\/\/remakeupacademy.com\/en\/wp-json\/wp\/v2\/users\/1"}],"replies":[{"embeddable":true,"href":"https:\/\/remakeupacademy.com\/en\/wp-json\/wp\/v2\/comments?post=14077"}],"version-history":[{"count":0,"href":"https:\/\/remakeupacademy.com\/en\/wp-json\/wp\/v2\/pages\/14077\/revisions"}],"wp:attachment":[{"href":"https:\/\/remakeupacademy.com\/en\/wp-json\/wp\/v2\/media?parent=14077"}],"curies":[{"name":"wp","href":"https:\/\/api.w.org\/{rel}","templated":true}]}}