{"id":14168,"date":"2024-04-26T16:42:47","date_gmt":"2024-04-26T16:42:47","guid":{"rendered":"https:\/?page_id=14168"},"modified":"2024-04-26T16:42:47","modified_gmt":"2024-04-26T16:42:47","slug":"micro-eyebrows-pt-2","status":"publish","type":"page","link":"https:\/\/remakeupacademy.com\/en\/micro-eyebrows-pt-2\/","title":{"rendered":"Micro eyebrows &#8211; Pt"},"content":{"rendered":"<div data-elementor-type=\"wp-page\" data-elementor-id=\"14168\" class=\"elementor elementor-14168\">\n\t\t\t\t\t\t<section class=\"elementor-section elementor-top-section elementor-element elementor-element-43d59c92 elementor-section-boxed elementor-section-height-default elementor-section-height-default\" data-id=\"43d59c92\" data-element_type=\"section\" data-e-type=\"section\">\n\t\t\t\t\t\t<div class=\"elementor-container elementor-column-gap-default\">\n\t\t\t\t\t<div class=\"elementor-column elementor-col-66 elementor-top-column elementor-element elementor-element-5f67ce01\" data-id=\"5f67ce01\" data-element_type=\"column\" data-e-type=\"column\">\n\t\t\t<div class=\"elementor-widget-wrap elementor-element-populated\">\n\t\t\t\t\t\t<div class=\"elementor-element elementor-element-694d3e44 elementor-widget elementor-widget-image\" data-id=\"694d3e44\" data-element_type=\"widget\" data-e-type=\"widget\" data-widget_type=\"image.default\">\n\t\t\t\t<div class=\"elementor-widget-container\">\n\t\t\t\t\t\t\t\t\t\t\t\t\t\t\t<img fetchpriority=\"high\" decoding=\"async\" width=\"661\" height=\"663\" src=\"https:\/\/remakeupacademy.com\/wp-content\/uploads\/2023\/11\/Micropigmentation2.png\" class=\"attachment-large size-large wp-image-13517\" alt=\"\" srcset=\"https:\/\/remakeupacademy.com\/wp-content\/uploads\/2023\/11\/Micropigmentation2.png 661w, https:\/\/remakeupacademy.com\/wp-content\/uploads\/2023\/11\/Micropigmentation2-498x500.png 498w, https:\/\/remakeupacademy.com\/wp-content\/uploads\/2023\/11\/Micropigmentation2-300x300.png 300w, https:\/\/remakeupacademy.com\/wp-content\/uploads\/2023\/11\/Micropigmentation2-150x150.png 150w, https:\/\/remakeupacademy.com\/wp-content\/uploads\/2023\/11\/Micropigmentation2-75x75.png 75w, https:\/\/remakeupacademy.com\/wp-content\/uploads\/2023\/11\/Micropigmentation2-480x481.png 480w\" sizes=\"(max-width:767px) 480px, 661px\" \/>\t\t\t\t\t\t\t\t\t\t\t\t\t\t\t<\/div>\n\t\t\t\t<\/div>\n\t\t\t\t\t<\/div>\n\t\t<\/div>\n\t\t\t\t<div class=\"elementor-column elementor-col-33 elementor-top-column elementor-element elementor-element-69126963\" data-id=\"69126963\" data-element_type=\"column\" data-e-type=\"column\">\n\t\t\t<div class=\"elementor-widget-wrap elementor-element-populated\">\n\t\t\t\t\t\t<div class=\"elementor-element elementor-element-f1d3555 elementor-widget elementor-widget-heading\" data-id=\"f1d3555\" data-element_type=\"widget\" data-e-type=\"widget\" data-widget_type=\"heading.default\">\n\t\t\t\t<div class=\"elementor-widget-container\">\n\t\t\t\t\t<h2 class=\"elementor-heading-title elementor-size-default\">Micropigmenta\u00e7\u00e3o (Sobrancelhas)<\/h2>\t\t\t\t<\/div>\n\t\t\t\t<\/div>\n\t\t\t\t<div class=\"elementor-element elementor-element-537bd663 elementor-widget elementor-widget-text-editor\" data-id=\"537bd663\" data-element_type=\"widget\" data-e-type=\"widget\" data-widget_type=\"text-editor.default\">\n\t\t\t\t<div class=\"elementor-widget-container\">\n\t\t\t\t\t\t\t\t\t<p>Dura\u00c7\u00c3O: 16 Horas<\/p><p>Price: 600\u20ac<\/p>\t\t\t\t\t\t\t\t<\/div>\n\t\t\t\t<\/div>\n\t\t\t\t<div class=\"elementor-element elementor-element-687eda77 elementor-button-info elementor-align-center elementor-widget elementor-widget-button\" data-id=\"687eda77\" data-element_type=\"widget\" data-e-type=\"widget\" data-widget_type=\"button.default\">\n\t\t\t\t<div class=\"elementor-widget-container\">\n\t\t\t\t\t\t\t\t\t<div class=\"elementor-button-wrapper\">\n\t\t\t\t\t<a class=\"elementor-button elementor-button-link elementor-size-sm\" href=\"https:\/\/www.paypal.com\/ncp\/payment\/NW4P7JUJ8NQPA\" target=\"_blank\">\n\t\t\t\t\t\t<span class=\"elementor-button-content-wrapper\">\n\t\t\t\t\t\t\t\t\t<span class=\"elementor-button-text\">reserva o teu lugar aqui<\/span>\n\t\t\t\t\t<\/span>\n\t\t\t\t\t<\/a>\n\t\t\t\t<\/div>\n\t\t\t\t\t\t\t\t<\/div>\n\t\t\t\t<\/div>\n\t\t\t\t\t<\/div>\n\t\t<\/div>\n\t\t\t\t\t<\/div>\n\t\t<\/section>\n\t\t\t\t<section class=\"elementor-section elementor-top-section elementor-element elementor-element-4e5eeb40 elementor-section-boxed elementor-section-height-default elementor-section-height-default\" data-id=\"4e5eeb40\" data-element_type=\"section\" data-e-type=\"section\">\n\t\t\t\t\t\t<div class=\"elementor-container elementor-column-gap-default\">\n\t\t\t\t\t<div class=\"elementor-column elementor-col-100 elementor-top-column elementor-element elementor-element-444eeca8\" data-id=\"444eeca8\" data-element_type=\"column\" data-e-type=\"column\">\n\t\t\t<div class=\"elementor-widget-wrap elementor-element-populated\">\n\t\t\t\t\t\t<div class=\"elementor-element elementor-element-38491d05 elementor-widget elementor-widget-heading\" data-id=\"38491d05\" data-element_type=\"widget\" data-e-type=\"widget\" data-widget_type=\"heading.default\">\n\t\t\t\t<div class=\"elementor-widget-container\">\n\t\t\t\t\t<h2 class=\"elementor-heading-title elementor-size-default\">Estrutura do Curso<\/h2>\t\t\t\t<\/div>\n\t\t\t\t<\/div>\n\t\t\t\t<div class=\"elementor-element elementor-element-6ffd4e4d elementor-widget elementor-widget-text-editor\" data-id=\"6ffd4e4d\" data-element_type=\"widget\" data-e-type=\"widget\" data-widget_type=\"text-editor.default\">\n\t\t\t\t<div class=\"elementor-widget-container\">\n\t\t\t\t\t\t\t\t\t<p class=\"MsoNormal\"><b><span lang=\"PT\">Pr\u00e9-Requisitos<\/span><\/b><\/p>\n<p class=\"MsoNormal\"><span lang=\"PT\">Boa vis\u00e3o;<\/span><\/p>\n<p class=\"MsoNormal\"><span lang=\"PT\">Boa habilidade manual e firmeza nas m\u00e3os;<\/span><\/p>\n<p class=\"MsoNormal\"><span lang=\"PT\">Profissionais de est\u00e9tica e afins<\/span><\/p>\n<p class=\"MsoNormal\"><b><span lang=\"PT\">P\u00fablico alvo<\/span><\/b><\/p>\n<p class=\"MsoNormal\"><span lang=\"PT\">Profissionais de est\u00e9tica e afins (empregados e desempregados) com idade igual ou superior a 18 anos<\/span><\/p>\n<p class=\"MsoNormal\"><b><span lang=\"PT\">Conte\u00fado program\u00e1tico:<\/span><\/b><\/p>\n<p class=\"MsoNormal\"><b><span lang=\"PT\">Dia 1 \u2013 Introdu\u00e7\u00e3o \u00e1 Micropigmenta\u00e7\u00e3o.<\/span><\/b><\/p>\n<p class=\"MsoNormal\"><span lang=\"PT\">Neste m\u00f3dulo ser\u00e3o apresentados os seguintes t\u00f3picos e seguida a estrutura apresentada:<\/span><\/p>\n<p class=\"MsoNormal\"><span lang=\"PT\">1- Introdu\u00e7\u00e3o a Micropigmenta\u00e7\u00e3o e Requisitos legais para pratica.<\/span><\/p>\n<p class=\"MsoNormal\"><span lang=\"PT\">2- Micropigmenta\u00e7\u00e3o &#8211; Conceitos teor\u00e9ticos de base (Anatomia, Tons de Pele e Teoria da Cor)&nbsp;e equipamentos.<\/span><\/p>\n<p class=\"MsoNormal\"><span lang=\"PT\">3- A Consulta e o Gabinete.<\/span><\/p>\n<p class=\"MsoNormal\"><span lang=\"PT\">4- As diferentes T\u00e9cnicas de Micropigmenta\u00e7\u00e3o. <\/span><\/p>\n<p class=\"MsoNormal\"><span lang=\"PT\">5- A T\u00e9cnica. Aplica\u00e7\u00e3o da t\u00e9cnica em pele sint\u00e9tica.<\/span><\/p>\n<p class=\"MsoNormal\"><span lang=\"PT\">6- Protocolo. Cuidados ap\u00f3s tratamento.<\/span><\/p>\n<p class=\"MsoNormal\"><b><span lang=\"PT\">Dia 2 \u2013 Pr\u00e1tica de Micropigmenta\u00e7\u00e3o em Modelos<\/span><\/b><\/p>\n<p class=\"MsoNormal\"><span lang=\"PT\">Neste m\u00f3dulo ser\u00e3o aplicados os conceitos te\u00f3ricos em ambiente pr\u00e1tico.<\/span><\/p>\n<p class=\"MsoNormal\"><span lang=\"PT\">1- Pr\u00e1tica da T\u00e9cnica com modelo (Formandos e Formadora).Na vertente pr\u00e1tica, cada aluno ir\u00e1 praticar em modelo real, devendo demonstrar compet\u00eancias na&nbsp;realiza\u00e7\u00e3o de consulta, aplica\u00e7\u00e3o da t\u00e9cnica e aconselhamento de cuidados ap\u00f3s-sess\u00e3o.<\/span><\/p>\n<p class=\"MsoNormal\"><span lang=\"PT\">2- Entrega de certificados.<\/span><\/p>\n<p class=\"MsoNormal\"><b><span lang=\"PT\">Objetivos da Forma\u00e7\u00e3o<\/span><\/b><\/p>\n<p class=\"MsoNormal\"><span lang=\"PT\">A forma\u00e7\u00e3o divide-se em dois tipos de objetivos:<\/span><\/p>\n<p class=\"MsoNormal\"><b><span lang=\"PT\">Objetivos Gerais<\/span><\/b><\/p>\n<p class=\"MsoNormal\"><span lang=\"PT\">Este curso visa dotar os participantes de conhecimentos te\u00f3ricos e pr\u00e1ticos que permitam fazer o procedimento correto da aplica\u00e7\u00e3o das t\u00e9cnicas de Micropigmenta\u00e7\u00e3o de Sobrancelhas.<\/span><\/p>\n<p class=\"MsoNormal\"><b><span lang=\"PT\">Objetivos Espec\u00edficos<\/span><\/b><\/p>\n<p class=\"MsoNormal\"><span lang=\"PT\">No final da forma\u00e7\u00e3o, o\/a formando\/a dever\u00e1 ser capaz de:<\/span><\/p>\n<p class=\"MsoNormal\"><span lang=\"PT\">&#8211; Identificar o tipo de Pele<\/span><\/p>\n<p class=\"MsoNormal\"><span lang=\"PT\">&#8211; Elaborar o plano de tratamento de Micropigmenta\u00e7\u00e3o<\/span><\/p>\n<p class=\"MsoNormal\"><span lang=\"PT\">&#8211; Reconhecer as formas de Preven\u00e7\u00e3o de les\u00e3o na pr\u00e1tica de Micropigmenta\u00e7\u00e3o .<\/span><\/p>\n<p class=\"MsoNormal\"><span lang=\"PT\">&#8211; Reconhecer os diferentes equipamentos, pigmentos e utens\u00edlios necess\u00e1rios a realizar a t\u00e9cnica.<\/span><\/p>\n<p class=\"MsoNormal\"><span lang=\"PT\">&#8211; Identificar as Contra-indica\u00e7\u00f5es dos procedimentos de Micropigmenta\u00e7\u00e3o<\/span><\/p>\n<p class=\"MsoNormal\"><span lang=\"PT\">&#8211; Reconhecer as Aplica\u00e7\u00f5es da t\u00e9cnica de Micropigmenta\u00e7\u00e3o &#8211; Microblading.<\/span><\/p>\n<p class=\"MsoNormal\"><span lang=\"PT\">&#8211; Reconhecer os potenciais resultados do procedimento e aconselhar os cuidados ap\u00f3s-tratamento.<\/span><\/p>\n<p class=\"MsoNormal\"><b><span lang=\"PT\">Kit Opcional:<\/span><\/b><\/p>\n<p class=\"MsoNormal\"><span lang=\"PT\">&#8211; 2 pigmentos&nbsp;<\/span><\/p>\n<p class=\"MsoNormal\"><span lang=\"PT\">&#8211; Pele sint\u00e9tica<\/span><\/p>\n<p class=\"MsoNormal\"><span lang=\"PT\">&#8211; An\u00e9is sem Separador para pigmentos 25un.<\/span><\/p>\n<p class=\"MsoNormal\"><span lang=\"PT\">&#8211;&nbsp;L\u00e1pis delineador branco a prova de \u00e1gua<\/span><\/p>\n<p class=\"MsoNormal\"><span lang=\"PT\">&#8211;&nbsp;Pomada Cicatrizante em Bisnaga 8g<\/span><\/p>\n<p class=\"MsoNormal\"><span lang=\"PT\">&#8211;&nbsp;Ligadura el\u00e1stica autoadesiva<\/span><\/p><p class=\"MsoNormal\"><span style=\"font-family: var( --e-global-typography-5a4d705-font-family ), Sans-serif; font-size: var( --e-global-typography-5a4d705-font-size ); font-weight: var( --e-global-typography-5a4d705-font-weight ); letter-spacing: var( --e-global-typography-5a4d705-letter-spacing ); word-spacing: var( --e-global-typography-5a4d705-word-spacing );\">&#8211; Tebori e\\ou demografo<\/span><\/p>\t\t\t\t\t\t\t\t<\/div>\n\t\t\t\t<\/div>\n\t\t\t\t\t<\/div>\n\t\t<\/div>\n\t\t\t\t\t<\/div>\n\t\t<\/section>\n\t\t\t\t<section class=\"elementor-section elementor-top-section elementor-element elementor-element-6fc77d78 elementor-section-boxed elementor-section-height-default elementor-section-height-default\" data-id=\"6fc77d78\" data-element_type=\"section\" data-e-type=\"section\">\n\t\t\t\t\t\t<div class=\"elementor-container elementor-column-gap-default\">\n\t\t\t\t\t<div class=\"elementor-column elementor-col-100 elementor-top-column elementor-element elementor-element-c81deb6\" data-id=\"c81deb6\" data-element_type=\"column\" data-e-type=\"column\">\n\t\t\t<div class=\"elementor-widget-wrap elementor-element-populated\">\n\t\t\t\t\t\t<div class=\"elementor-element elementor-element-720450a4 elementor-position-left elementor-vertical-align-middle elementor-widget elementor-widget-image-box\" data-id=\"720450a4\" data-element_type=\"widget\" data-e-type=\"widget\" data-widget_type=\"image-box.default\">\n\t\t\t\t<div class=\"elementor-widget-container\">\n\t\t\t\t\t<div class=\"elementor-image-box-wrapper\"><figure class=\"elementor-image-box-img\"><img decoding=\"async\" src=\"http:\/\/remakeupacademy-com-628954.hostingersite.com\/wp-content\/uploads\/2024\/03\/RemakeUp108-scaled.jpg\" title=\"\" alt=\"\" loading=\"lazy\" \/><\/figure><div class=\"elementor-image-box-content\"><h3 class=\"elementor-image-box-title\"><span style=\"font-family: var( --e-global-typography-primary-font-family ), Sans-serif;font-size: var( --e-global-typography-primary-font-size );font-weight: var( --e-global-typography-primary-font-weight );letter-spacing: var( --e-global-typography-primary-letter-spacing );text-transform: var( --e-global-typography-primary-text-transform )\">O TEU FORMADOR - CRISTINA BERNARDINO<\/span><\/h3><p class=\"elementor-image-box-description\"><span>Permita-nos apresentar-lhe a nossa estimada Master em Est\u00e9tica Avan\u00e7ada, Equipamento Est\u00e9tico aplicado \u00e0 Est\u00e9tica Avan\u00e7ada, Laser e Micropigmenta\u00e7\u00e3o. Com uma prol\u00edfica experi\u00eancia de 15 anos como formadora no Reino Unido e em Portugal, \u00e9 uma refer\u00eancia na sua \u00e1rea. Recebeu v\u00e1rios pr\u00e9mios internacionais como profissional e a sua maior paix\u00e3o \u00e9 ajudar os outros a progredir nas suas carreiras. Fluentemente bilingue, as suas compet\u00eancias pedag\u00f3gicas estendem-se tanto ao ingl\u00eas como ao portugu\u00eas. Em 2015, criou a RemakeUp Academy no Reino Unido, um testemunho da sua lideran\u00e7a. Em 2021, expandiu o seu alcance para Portugal, o que lhe permitiu estabelecer uma ponte perfeita entre culturas. Tem um talento excecional para estabelecer rela\u00e7\u00f5es duradouras. A sua forma\u00e7\u00e3o profissional prov\u00e9m da prestigiada Sorisa, SA. - Escola de Est\u00e9tica e Especializa\u00e7\u00e3o Profissional, onde obteve a sua certifica\u00e7\u00e3o como Esteticista-Cosmetologista, com m\u00faltiplos cursos de est\u00e9tica avan\u00e7ada e micropigmenta\u00e7\u00e3o com formadores de n\u00edvel mundial. \u00c9 tamb\u00e9m formadora certificada (CAP) pela Training House, Lda. Como vision\u00e1ria por detr\u00e1s da RemakeUp Academy no Reino Unido e em Portugal, tornou-se uma figura de destaque no campo da forma\u00e7\u00e3o em micropigmenta\u00e7\u00e3o. Orgulhosamente representante da conceituada marca Tina Davies em Portugal e no Reino Unido (Esc\u00f3cia), o seu empenho em proporcionar forma\u00e7\u00e3o presencial e \u00e0 dist\u00e2ncia garante o acesso \u00e0s mais recentes pr\u00e1ticas e t\u00e9cnicas. N\u00e3o perca esta oportunidade \u00fanica de se juntar a esta profissional excecional no nosso curso. Liberte o seu potencial e domine os meandros desta t\u00e9cnica, guiado pela mestria, experi\u00eancia e paix\u00e3o de algu\u00e9m com mais de 20 anos no sector. Entre em contacto hoje para garantir o seu lugar.<\/span><\/p><\/div><\/div>\t\t\t\t<\/div>\n\t\t\t\t<\/div>\n\t\t\t\t\t<\/div>\n\t\t<\/div>\n\t\t\t\t\t<\/div>\n\t\t<\/section>\n\t\t\t\t<section class=\"elementor-section elementor-top-section elementor-element elementor-element-5cec9f0b elementor-section-boxed elementor-section-height-default elementor-section-height-default\" data-id=\"5cec9f0b\" data-element_type=\"section\" data-e-type=\"section\">\n\t\t\t\t\t\t<div class=\"elementor-container elementor-column-gap-default\">\n\t\t\t\t\t<div class=\"elementor-column elementor-col-100 elementor-top-column elementor-element elementor-element-25be676\" data-id=\"25be676\" data-element_type=\"column\" data-e-type=\"column\">\n\t\t\t<div class=\"elementor-widget-wrap elementor-element-populated\">\n\t\t\t\t\t\t<div class=\"elementor-element elementor-element-cc55800 elementor-button-info elementor-align-center elementor-widget elementor-widget-button\" data-id=\"cc55800\" data-element_type=\"widget\" data-e-type=\"widget\" data-widget_type=\"button.default\">\n\t\t\t\t<div class=\"elementor-widget-container\">\n\t\t\t\t\t\t\t\t\t<div class=\"elementor-button-wrapper\">\n\t\t\t\t\t<a class=\"elementor-button elementor-button-link elementor-size-sm\" href=\"https:\/\/www.paypal.com\/ncp\/payment\/NW4P7JUJ8NQPA\" target=\"_blank\">\n\t\t\t\t\t\t<span class=\"elementor-button-content-wrapper\">\n\t\t\t\t\t\t\t\t\t<span class=\"elementor-button-text\">reserva o teu lugar aqui<\/span>\n\t\t\t\t\t<\/span>\n\t\t\t\t\t<\/a>\n\t\t\t\t<\/div>\n\t\t\t\t\t\t\t\t<\/div>\n\t\t\t\t<\/div>\n\t\t\t\t\t<\/div>\n\t\t<\/div>\n\t\t\t\t\t<\/div>\n\t\t<\/section>\n\t\t\t\t<section class=\"elementor-section elementor-top-section elementor-element elementor-element-6357dc2a elementor-section-boxed elementor-section-height-default elementor-section-height-default\" data-id=\"6357dc2a\" data-element_type=\"section\" data-e-type=\"section\">\n\t\t\t\t\t\t<div class=\"elementor-container elementor-column-gap-default\">\n\t\t\t\t\t<div class=\"elementor-column elementor-col-100 elementor-top-column elementor-element elementor-element-3d4b17a1\" data-id=\"3d4b17a1\" data-element_type=\"column\" data-e-type=\"column\">\n\t\t\t<div class=\"elementor-widget-wrap\">\n\t\t\t\t\t\t\t<\/div>\n\t\t<\/div>\n\t\t\t\t\t<\/div>\n\t\t<\/section>\n\t\t\t\t<\/div>","protected":false},"excerpt":{"rendered":"<p>Micropigmenta\u00e7\u00e3o (Sobrancelhas) Dura\u00c7\u00c3O: 16 Horas Price: 600\u20ac reserva o teu lugar aqui Estrutura do Curso Pr\u00e9-Requisitos Boa vis\u00e3o; Boa habilidade manual e firmeza nas m\u00e3os; Profissionais<span class=\"excerpt-hellip\"> [\u2026]<\/span><\/p>\n","protected":false},"author":1,"featured_media":0,"parent":0,"menu_order":0,"comment_status":"closed","ping_status":"closed","template":"","meta":{"footnotes":""},"class_list":["post-14168","page","type-page","status-publish","hentry"],"_links":{"self":[{"href":"https:\/\/remakeupacademy.com\/en\/wp-json\/wp\/v2\/pages\/14168","targetHints":{"allow":["GET"]}}],"collection":[{"href":"https:\/\/remakeupacademy.com\/en\/wp-json\/wp\/v2\/pages"}],"about":[{"href":"https:\/\/remakeupacademy.com\/en\/wp-json\/wp\/v2\/types\/page"}],"author":[{"embeddable":true,"href":"https:\/\/remakeupacademy.com\/en\/wp-json\/wp\/v2\/users\/1"}],"replies":[{"embeddable":true,"href":"https:\/\/remakeupacademy.com\/en\/wp-json\/wp\/v2\/comments?post=14168"}],"version-history":[{"count":0,"href":"https:\/\/remakeupacademy.com\/en\/wp-json\/wp\/v2\/pages\/14168\/revisions"}],"wp:attachment":[{"href":"https:\/\/remakeupacademy.com\/en\/wp-json\/wp\/v2\/media?parent=14168"}],"curies":[{"name":"wp","href":"https:\/\/api.w.org\/{rel}","templated":true}]}}