{"id":14239,"date":"2024-04-17T15:38:15","date_gmt":"2024-04-17T15:38:15","guid":{"rendered":"https:\/?page_id=14239"},"modified":"2024-04-17T15:38:15","modified_gmt":"2024-04-17T15:38:15","slug":"laser-hair-removal-pt","status":"publish","type":"page","link":"https:\/\/remakeupacademy.com\/en\/laser-hair-removal-pt\/","title":{"rendered":"LASER HAIR REMOVAL &#8211; PT"},"content":{"rendered":"<div data-elementor-type=\"wp-page\" data-elementor-id=\"14239\" class=\"elementor elementor-14239\">\n\t\t\t\t\t\t<section class=\"elementor-section elementor-top-section elementor-element elementor-element-314e492f elementor-section-boxed elementor-section-height-default elementor-section-height-default\" data-id=\"314e492f\" data-element_type=\"section\" data-e-type=\"section\">\n\t\t\t\t\t\t<div class=\"elementor-container elementor-column-gap-default\">\n\t\t\t\t\t<div class=\"elementor-column elementor-col-66 elementor-top-column elementor-element elementor-element-3bc0e23\" data-id=\"3bc0e23\" data-element_type=\"column\" data-e-type=\"column\">\n\t\t\t<div class=\"elementor-widget-wrap elementor-element-populated\">\n\t\t\t\t\t\t<div class=\"elementor-element elementor-element-7fc4a761 elementor-widget elementor-widget-image\" data-id=\"7fc4a761\" data-element_type=\"widget\" data-e-type=\"widget\" data-widget_type=\"image.default\">\n\t\t\t\t<div class=\"elementor-widget-container\">\n\t\t\t\t\t\t\t\t\t\t\t\t\t\t\t<img fetchpriority=\"high\" decoding=\"async\" width=\"853\" height=\"666\" src=\"https:\/\/remakeupacademy.com\/wp-content\/uploads\/2023\/11\/Laser_Removal_Hair.png\" class=\"attachment-large size-large wp-image-13503\" alt=\"\" srcset=\"https:\/\/remakeupacademy.com\/wp-content\/uploads\/2023\/11\/Laser_Removal_Hair.png 853w, https:\/\/remakeupacademy.com\/wp-content\/uploads\/2023\/11\/Laser_Removal_Hair-500x390.png 500w, https:\/\/remakeupacademy.com\/wp-content\/uploads\/2023\/11\/Laser_Removal_Hair-300x234.png 300w, https:\/\/remakeupacademy.com\/wp-content\/uploads\/2023\/11\/Laser_Removal_Hair-768x600.png 768w, https:\/\/remakeupacademy.com\/wp-content\/uploads\/2023\/11\/Laser_Removal_Hair-96x75.png 96w, https:\/\/remakeupacademy.com\/wp-content\/uploads\/2023\/11\/Laser_Removal_Hair-480x375.png 480w, https:\/\/remakeupacademy.com\/wp-content\/uploads\/2023\/11\/Laser_Removal_Hair-800x625.png 800w\" sizes=\"(max-width:767px) 480px, (max-width:853px) 100vw, 853px\" \/>\t\t\t\t\t\t\t\t\t\t\t\t\t\t\t<\/div>\n\t\t\t\t<\/div>\n\t\t\t\t\t<\/div>\n\t\t<\/div>\n\t\t\t\t<div class=\"elementor-column elementor-col-33 elementor-top-column elementor-element elementor-element-3ecf785\" data-id=\"3ecf785\" data-element_type=\"column\" data-e-type=\"column\">\n\t\t\t<div class=\"elementor-widget-wrap elementor-element-populated\">\n\t\t\t\t\t\t<div class=\"elementor-element elementor-element-630b7cbe elementor-widget elementor-widget-heading\" data-id=\"630b7cbe\" data-element_type=\"widget\" data-e-type=\"widget\" data-widget_type=\"heading.default\">\n\t\t\t\t<div class=\"elementor-widget-container\">\n\t\t\t\t\t<h2 class=\"elementor-heading-title elementor-size-default\">Laser Depila\u00e7\u00e3o<\/h2>\t\t\t\t<\/div>\n\t\t\t\t<\/div>\n\t\t\t\t<div class=\"elementor-element elementor-element-02ee94e elementor-widget elementor-widget-text-editor\" data-id=\"02ee94e\" data-element_type=\"widget\" data-e-type=\"widget\" data-widget_type=\"text-editor.default\">\n\t\t\t\t<div class=\"elementor-widget-container\">\n\t\t\t\t\t\t\t\t\t<p>DURA\u00c7\u00c3O: 8 <span style=\"font-family: var( --e-global-typography-secondary-font-family ), Sans-serif; font-size: var( --e-global-typography-secondary-font-size ); font-weight: var( --e-global-typography-secondary-font-weight ); letter-spacing: var( --e-global-typography-secondary-letter-spacing ); text-transform: var( --e-global-typography-secondary-text-transform );\">HOras<\/span><\/p><p><span style=\"font-family: var( --e-global-typography-secondary-font-family ), Sans-serif; font-size: var( --e-global-typography-secondary-font-size ); font-weight: var( --e-global-typography-secondary-font-weight ); letter-spacing: var( --e-global-typography-secondary-letter-spacing ); text-transform: var( --e-global-typography-secondary-text-transform );\">Pre\u00c7o: 250\u20ac<\/span><\/p>\t\t\t\t\t\t\t\t<\/div>\n\t\t\t\t<\/div>\n\t\t\t\t<div class=\"elementor-element elementor-element-1e2dfb35 elementor-button-info elementor-align-center elementor-widget elementor-widget-button\" data-id=\"1e2dfb35\" data-element_type=\"widget\" data-e-type=\"widget\" data-widget_type=\"button.default\">\n\t\t\t\t<div class=\"elementor-widget-container\">\n\t\t\t\t\t\t\t\t\t<div class=\"elementor-button-wrapper\">\n\t\t\t\t\t<a class=\"elementor-button elementor-button-link elementor-size-sm\" href=\"https:\/\/www.paypal.com\/ncp\/payment\/NW4P7JUJ8NQPA\" target=\"_blank\">\n\t\t\t\t\t\t<span class=\"elementor-button-content-wrapper\">\n\t\t\t\t\t\t\t\t\t<span class=\"elementor-button-text\">RESERVA O TEU LUGAR AQUI<\/span>\n\t\t\t\t\t<\/span>\n\t\t\t\t\t<\/a>\n\t\t\t\t<\/div>\n\t\t\t\t\t\t\t\t<\/div>\n\t\t\t\t<\/div>\n\t\t\t\t\t<\/div>\n\t\t<\/div>\n\t\t\t\t\t<\/div>\n\t\t<\/section>\n\t\t\t\t<section class=\"elementor-section elementor-top-section elementor-element elementor-element-2aeeb7c9 elementor-section-boxed elementor-section-height-default elementor-section-height-default\" data-id=\"2aeeb7c9\" data-element_type=\"section\" data-e-type=\"section\">\n\t\t\t\t\t\t<div class=\"elementor-container elementor-column-gap-default\">\n\t\t\t\t\t<div class=\"elementor-column elementor-col-100 elementor-top-column elementor-element elementor-element-213e2e3f\" data-id=\"213e2e3f\" data-element_type=\"column\" data-e-type=\"column\">\n\t\t\t<div class=\"elementor-widget-wrap elementor-element-populated\">\n\t\t\t\t\t\t<div class=\"elementor-element elementor-element-5e067aac elementor-widget elementor-widget-heading\" data-id=\"5e067aac\" data-element_type=\"widget\" data-e-type=\"widget\" data-widget_type=\"heading.default\">\n\t\t\t\t<div class=\"elementor-widget-container\">\n\t\t\t\t\t<h2 class=\"elementor-heading-title elementor-size-default\">Estrutura do Curso<\/h2>\t\t\t\t<\/div>\n\t\t\t\t<\/div>\n\t\t\t\t<div class=\"elementor-element elementor-element-f1a8c82 elementor-widget elementor-widget-text-editor\" data-id=\"f1a8c82\" data-element_type=\"widget\" data-e-type=\"widget\" data-widget_type=\"text-editor.default\">\n\t\t\t\t<div class=\"elementor-widget-container\">\n\t\t\t\t\t\t\t\t\t<p class=\"MsoNormal\"><b><span lang=\"PT\">Pr\u00e9-Requisitos<\/span><\/b><\/p><p class=\"MsoNormal\"><span lang=\"PT\">Boa vis\u00e3o;<\/span><\/p><p class=\"MsoNormal\"><span lang=\"PT\">Boa habilidade e destreza manual;<\/span><\/p><p class=\"MsoNormal\"><span lang=\"PT\">Profissionais de est\u00e9tica e afins.<\/span><\/p><p class=\"MsoNormal\"><b><span lang=\"PT\">P\u00fablico-alvo<\/span><\/b><\/p><p class=\"MsoNormal\"><span lang=\"PT\">Profissionais de est\u00e9tica e afins (empregados e desempregados) com idade igual ou superior a 18 anos<\/span><\/p><p class=\"MsoNormal\"><b><span lang=\"PT\">Conte\u00fado program\u00e1tico:<\/span><\/b><\/p><p class=\"MsoNormal\"><b><span lang=\"PT\">Dia 1 (Manh\u00e3) \u2013 Introdu\u00e7\u00e3o a Depila\u00e7\u00e3o a Laser.<\/span><\/b><\/p><p class=\"MsoNormal\"><span lang=\"PT\">Neste m\u00f3dulo ser\u00e3o apresentados os seguintes t\u00f3picos e seguida a estrutura apresentada:<\/span><\/p><p class=\"MsoNormal\"><span lang=\"PT\">1- Introdu\u00e7\u00e3o a Depila\u00e7\u00e3o a Laser e Requisitos legais para pratica.<\/span><\/p><p class=\"MsoNormal\"><span lang=\"PT\">2- Depila\u00e7\u00e3o a Laser &#8211; Conceitos teor\u00e9ticos de base (Tipos de Laser, Par\u00e2metros, Anatomia e Tons de Pele).<\/span><\/p><p class=\"MsoNormal\"><span lang=\"PT\">3- A Consulta e o Gabinete.<\/span><\/p><p class=\"MsoNormal\"><span lang=\"PT\">4- A T\u00e9cnica. Parametriza\u00e7\u00e3o.<\/span><\/p><p class=\"MsoNormal\"><span lang=\"PT\">5- A T\u00e9cnica. Passo a Passo. <\/span><\/p><p class=\"MsoNormal\"><span lang=\"PT\">6- Protocolo. Cuidados ap\u00f3s tratamento.<\/span><\/p><p class=\"MsoNormal\"><b><span lang=\"PT\">Dia 1 (Tarde) \u2013 Pr\u00e1tica em Modelos<\/span><\/b><\/p><p class=\"MsoNormal\"><span lang=\"PT\">Neste m\u00f3dulo ser\u00e3o aplicados os conceitos te\u00f3ricos em ambiente pr\u00e1tico.<\/span><\/p><p class=\"MsoNormal\"><span lang=\"PT\">1- Pr\u00e1tica da T\u00e9cnica com modelo (Formandos e Formadora). Na vertente pr\u00e1tica, cada aluno ir\u00e1 praticar em modelo real, devendo demonstrar compet\u00eancias na\u00a0realiza\u00e7\u00e3o de consulta, aplica\u00e7\u00e3o da t\u00e9cnica e aconselhamento de cuidados ap\u00f3s-sess\u00e3o.<\/span><\/p><p class=\"MsoNormal\"><span lang=\"PT\">2- Entrega de certificados.<\/span><\/p><p class=\"MsoNormal\"><b><span lang=\"PT\">Objetivos da Forma\u00e7\u00e3o<\/span><\/b><\/p><p class=\"MsoNormal\"><span lang=\"PT\">A forma\u00e7\u00e3o divide-se em dois tipos de objetivos:<\/span><\/p><p class=\"MsoNormal\"><b><span lang=\"PT\">Objetivos Gerais<\/span><\/b><\/p><p class=\"MsoNormal\"><span lang=\"PT\">Este curso visa dotar os participantes de conhecimentos te\u00f3ricos e pr\u00e1ticos que permitam fazer o procedimento correto da aplica\u00e7\u00e3o da t\u00e9cnica de depila\u00e7\u00e3o a Laser.<\/span><\/p><p class=\"MsoNormal\"><b><span lang=\"PT\">Objetivos Espec\u00edficos<\/span><\/b><\/p><p class=\"MsoNormal\"><span lang=\"PT\">No final da forma\u00e7\u00e3o, o\/a formando\/a dever\u00e1 ser capaz de:<\/span><\/p><p class=\"MsoNormal\"><span lang=\"PT\">&#8211; Identificar o tipo de Pele<\/span><\/p><p class=\"MsoNormal\"><span lang=\"PT\">&#8211; Elaborar o Diagn\u00f3stico<\/span><\/p><p class=\"MsoNormal\"><span lang=\"PT\">&#8211; Reconhecer as formas de Preven\u00e7\u00e3o<\/span><\/p><p class=\"MsoNormal\"><span lang=\"PT\">&#8211; Reconhecer os tratamentos do Laser e forma de atuar<\/span><\/p><p class=\"MsoNormal\"><span lang=\"PT\">&#8211; Reconhecer os Procedimento t\u00e9cnicos<\/span><\/p><p class=\"MsoNormal\"><span lang=\"PT\">&#8211; Identificar as Contra-indica\u00e7\u00f5es<\/span><\/p><p class=\"MsoNormal\"><span lang=\"PT\">&#8211; Reconhecer as Aplica\u00e7\u00f5es<\/span><\/p><p class=\"MsoNormal\"><span lang=\"PT\">&#8211; Reconhecer o Protocolo<\/span><\/p><p class=\"MsoNormal\">\u00a0<\/p><p class=\"MsoNormal\"><span lang=\"PT\">&#8211; Reconhecer o Progn\u00f3stico<\/span><\/p>\t\t\t\t\t\t\t\t<\/div>\n\t\t\t\t<\/div>\n\t\t\t\t\t<\/div>\n\t\t<\/div>\n\t\t\t\t\t<\/div>\n\t\t<\/section>\n\t\t\t\t<section class=\"elementor-section elementor-top-section elementor-element elementor-element-6784ba2a elementor-section-boxed elementor-section-height-default elementor-section-height-default\" data-id=\"6784ba2a\" data-element_type=\"section\" data-e-type=\"section\">\n\t\t\t\t\t\t<div class=\"elementor-container elementor-column-gap-default\">\n\t\t\t\t\t<div class=\"elementor-column elementor-col-100 elementor-top-column elementor-element elementor-element-5aa58514\" data-id=\"5aa58514\" data-element_type=\"column\" data-e-type=\"column\">\n\t\t\t<div class=\"elementor-widget-wrap\">\n\t\t\t\t\t\t\t<\/div>\n\t\t<\/div>\n\t\t\t\t\t<\/div>\n\t\t<\/section>\n\t\t\t\t<section class=\"elementor-section elementor-top-section elementor-element elementor-element-182af12 elementor-section-boxed elementor-section-height-default elementor-section-height-default\" data-id=\"182af12\" data-element_type=\"section\" data-e-type=\"section\">\n\t\t\t\t\t\t<div class=\"elementor-container elementor-column-gap-default\">\n\t\t\t\t\t<div class=\"elementor-column elementor-col-100 elementor-top-column elementor-element elementor-element-36bdb41\" data-id=\"36bdb41\" data-element_type=\"column\" data-e-type=\"column\">\n\t\t\t<div class=\"elementor-widget-wrap elementor-element-populated\">\n\t\t\t\t\t\t<div class=\"elementor-element elementor-element-baccc0d elementor-button-info elementor-align-center elementor-widget elementor-widget-button\" data-id=\"baccc0d\" data-element_type=\"widget\" data-e-type=\"widget\" data-widget_type=\"button.default\">\n\t\t\t\t<div class=\"elementor-widget-container\">\n\t\t\t\t\t\t\t\t\t<div class=\"elementor-button-wrapper\">\n\t\t\t\t\t<a class=\"elementor-button elementor-button-link elementor-size-sm\" href=\"https:\/\/www.paypal.com\/ncp\/payment\/NW4P7JUJ8NQPA\" target=\"_blank\">\n\t\t\t\t\t\t<span class=\"elementor-button-content-wrapper\">\n\t\t\t\t\t\t\t\t\t<span class=\"elementor-button-text\">RESERVA O TEU LUGAR AQUI<\/span>\n\t\t\t\t\t<\/span>\n\t\t\t\t\t<\/a>\n\t\t\t\t<\/div>\n\t\t\t\t\t\t\t\t<\/div>\n\t\t\t\t<\/div>\n\t\t\t\t<div class=\"elementor-element elementor-element-282b045 elementor-position-left elementor-vertical-align-middle elementor-position-left elementor-vertical-align-middle elementor-widget elementor-widget-image-box\" data-id=\"282b045\" data-element_type=\"widget\" data-e-type=\"widget\" data-widget_type=\"image-box.default\">\n\t\t\t\t<div class=\"elementor-widget-container\">\n\t\t\t\t\t<div class=\"elementor-image-box-wrapper\"><figure class=\"elementor-image-box-img\"><img decoding=\"async\" src=\"http:\/\/remakeupacademy-com-628954.hostingersite.com\/wp-content\/uploads\/2024\/03\/RemakeUp108-scaled.jpg\" title=\"\" alt=\"\" loading=\"lazy\" \/><\/figure><div class=\"elementor-image-box-content\"><h3 class=\"elementor-image-box-title\"><h3 data-elementor-setting-key=\"title_text\" data-elementor-inline-editing-toolbar=\"none\" data-pen-placeholder=\"Type Here...\" style=\"font-family: var( --e-global-typography-primary-font-family ), Sans-serif;font-weight: var( --e-global-typography-primary-font-weight );font-size: var( --e-global-typography-primary-font-size );text-transform: var( --e-global-typography-primary-text-transform );letter-spacing: var( --e-global-typography-primary-letter-spacing )\">O TEU FORMADOR - CRISTINA BERNARDINO<\/h3><\/h3><p class=\"elementor-image-box-description\">Permita-nos apresentar-lhe a nossa estimada Master em Est\u00e9tica Avan\u00e7ada, Equipamento Est\u00e9tico aplicado \u00e0 Est\u00e9tica Avan\u00e7ada, Laser e Micropigmenta\u00e7\u00e3o. Com uma prol\u00edfica experi\u00eancia de 15 anos como formadora no Reino Unido e em Portugal, \u00e9 uma refer\u00eancia na sua \u00e1rea. Recebeu v\u00e1rios pr\u00e9mios internacionais como profissional e a sua maior paix\u00e3o \u00e9 ajudar os outros a progredir nas suas carreiras. Fluentemente bilingue, as suas compet\u00eancias pedag\u00f3gicas estendem-se tanto ao ingl\u00eas como ao portugu\u00eas. Em 2015, criou a RemakeUp Academy no Reino Unido, um testemunho da sua lideran\u00e7a. Em 2021, expandiu o seu alcance para Portugal, o que lhe permitiu estabelecer uma ponte perfeita entre culturas. \n\nTem um talento excecional para estabelecer rela\u00e7\u00f5es duradouras. A sua forma\u00e7\u00e3o profissional prov\u00e9m da prestigiada Sorisa, SA. - Escola de Est\u00e9tica e Especializa\u00e7\u00e3o Profissional, onde obteve a sua certifica\u00e7\u00e3o como Esteticista-Cosmetologista, com m\u00faltiplos cursos de est\u00e9tica avan\u00e7ada e micropigmenta\u00e7\u00e3o com formadores de n\u00edvel mundial. \u00c9 tamb\u00e9m formadora certificada (CAP) pela Training House, Lda. Como vision\u00e1ria por detr\u00e1s da RemakeUp Academy no Reino Unido e em Portugal, tornou-se uma figura de destaque no campo da forma\u00e7\u00e3o em micropigmenta\u00e7\u00e3o. \n\nOrgulhosamente representante da conceituada marca Tina Davies em Portugal e no Reino Unido (Esc\u00f3cia), o seu empenho em proporcionar forma\u00e7\u00e3o presencial e \u00e0 dist\u00e2ncia garante o acesso \u00e0s mais recentes pr\u00e1ticas e t\u00e9cnicas. N\u00e3o perca esta oportunidade \u00fanica de se juntar a esta profissional excecional no nosso curso. Liberte o seu potencial e domine os meandros desta t\u00e9cnica, guiado pela mestria, experi\u00eancia e paix\u00e3o de algu\u00e9m com mais de 20 anos no sector. Entre em contacto hoje para garantir o seu lugar.<\/p><\/div><\/div>\t\t\t\t<\/div>\n\t\t\t\t<\/div>\n\t\t\t\t\t<\/div>\n\t\t<\/div>\n\t\t\t\t\t<\/div>\n\t\t<\/section>\n\t\t\t\t<section class=\"elementor-section elementor-top-section elementor-element elementor-element-18857d42 elementor-section-boxed elementor-section-height-default elementor-section-height-default\" data-id=\"18857d42\" data-element_type=\"section\" data-e-type=\"section\">\n\t\t\t\t\t\t<div class=\"elementor-container elementor-column-gap-default\">\n\t\t\t\t\t<div class=\"elementor-column elementor-col-100 elementor-top-column elementor-element elementor-element-41ffc825\" data-id=\"41ffc825\" data-element_type=\"column\" data-e-type=\"column\">\n\t\t\t<div class=\"elementor-widget-wrap\">\n\t\t\t\t\t\t\t<\/div>\n\t\t<\/div>\n\t\t\t\t\t<\/div>\n\t\t<\/section>\n\t\t\t\t<\/div>","protected":false},"excerpt":{"rendered":"<p>Laser Depila\u00e7\u00e3o DURA\u00c7\u00c3O: 8 HOras Pre\u00c7o: 250\u20ac RESERVA O TEU LUGAR AQUI Estrutura do Curso Pr\u00e9-Requisitos Boa vis\u00e3o; Boa habilidade e destreza manual; Profissionais de est\u00e9tica<span class=\"excerpt-hellip\"> [\u2026]<\/span><\/p>\n","protected":false},"author":1,"featured_media":0,"parent":0,"menu_order":0,"comment_status":"closed","ping_status":"closed","template":"","meta":{"footnotes":""},"class_list":["post-14239","page","type-page","status-publish","hentry"],"_links":{"self":[{"href":"https:\/\/remakeupacademy.com\/en\/wp-json\/wp\/v2\/pages\/14239","targetHints":{"allow":["GET"]}}],"collection":[{"href":"https:\/\/remakeupacademy.com\/en\/wp-json\/wp\/v2\/pages"}],"about":[{"href":"https:\/\/remakeupacademy.com\/en\/wp-json\/wp\/v2\/types\/page"}],"author":[{"embeddable":true,"href":"https:\/\/remakeupacademy.com\/en\/wp-json\/wp\/v2\/users\/1"}],"replies":[{"embeddable":true,"href":"https:\/\/remakeupacademy.com\/en\/wp-json\/wp\/v2\/comments?post=14239"}],"version-history":[{"count":0,"href":"https:\/\/remakeupacademy.com\/en\/wp-json\/wp\/v2\/pages\/14239\/revisions"}],"wp:attachment":[{"href":"https:\/\/remakeupacademy.com\/en\/wp-json\/wp\/v2\/media?parent=14239"}],"curies":[{"name":"wp","href":"https:\/\/api.w.org\/{rel}","templated":true}]}}