{"id":14414,"date":"2024-04-26T16:42:47","date_gmt":"2024-04-26T16:42:47","guid":{"rendered":"https:\/?page_id=14414"},"modified":"2024-04-26T16:42:47","modified_gmt":"2024-04-26T16:42:47","slug":"micro-eyebrows-nano-shadow","status":"publish","type":"page","link":"https:\/\/remakeupacademy.com\/en\/micro-eyebrows-nano-shadow\/","title":{"rendered":"Micro Eyebrows Nano+Shadow"},"content":{"rendered":"<div data-elementor-type=\"wp-page\" data-elementor-id=\"14414\" class=\"elementor elementor-14414\">\n\t\t\t\t\t\t<section class=\"elementor-section elementor-top-section elementor-element elementor-element-43d59c92 elementor-section-boxed elementor-section-height-default elementor-section-height-default\" data-id=\"43d59c92\" data-element_type=\"section\" data-e-type=\"section\">\n\t\t\t\t\t\t<div class=\"elementor-container elementor-column-gap-default\">\n\t\t\t\t\t<div class=\"elementor-column elementor-col-66 elementor-top-column elementor-element elementor-element-5f67ce01\" data-id=\"5f67ce01\" data-element_type=\"column\" data-e-type=\"column\">\n\t\t\t<div class=\"elementor-widget-wrap elementor-element-populated\">\n\t\t\t\t\t\t<div class=\"elementor-element elementor-element-694d3e44 elementor-widget elementor-widget-image\" data-id=\"694d3e44\" data-element_type=\"widget\" data-e-type=\"widget\" data-widget_type=\"image.default\">\n\t\t\t\t<div class=\"elementor-widget-container\">\n\t\t\t\t\t\t\t\t\t\t\t\t\t\t\t<img fetchpriority=\"high\" decoding=\"async\" width=\"667\" height=\"664\" src=\"https:\/\/remakeupacademy.com\/wp-content\/uploads\/2023\/11\/Micropigmentation.png\" class=\"attachment-large size-large wp-image-13516\" alt=\"\" srcset=\"https:\/\/remakeupacademy.com\/wp-content\/uploads\/2023\/11\/Micropigmentation.png 667w, https:\/\/remakeupacademy.com\/wp-content\/uploads\/2023\/11\/Micropigmentation-500x498.png 500w, https:\/\/remakeupacademy.com\/wp-content\/uploads\/2023\/11\/Micropigmentation-300x300.png 300w, https:\/\/remakeupacademy.com\/wp-content\/uploads\/2023\/11\/Micropigmentation-150x150.png 150w, https:\/\/remakeupacademy.com\/wp-content\/uploads\/2023\/11\/Micropigmentation-75x75.png 75w, https:\/\/remakeupacademy.com\/wp-content\/uploads\/2023\/11\/Micropigmentation-480x478.png 480w\" sizes=\"(max-width:767px) 480px, 667px\" \/>\t\t\t\t\t\t\t\t\t\t\t\t\t\t\t<\/div>\n\t\t\t\t<\/div>\n\t\t\t\t\t<\/div>\n\t\t<\/div>\n\t\t\t\t<div class=\"elementor-column elementor-col-33 elementor-top-column elementor-element elementor-element-69126963\" data-id=\"69126963\" data-element_type=\"column\" data-e-type=\"column\">\n\t\t\t<div class=\"elementor-widget-wrap elementor-element-populated\">\n\t\t\t\t\t\t<div class=\"elementor-element elementor-element-f1d3555 elementor-widget elementor-widget-heading\" data-id=\"f1d3555\" data-element_type=\"widget\" data-e-type=\"widget\" data-widget_type=\"heading.default\">\n\t\t\t\t<div class=\"elementor-widget-container\">\n\t\t\t\t\t<h2 class=\"elementor-heading-title elementor-size-default\">Nanobrowns - UK<\/h2>\t\t\t\t<\/div>\n\t\t\t\t<\/div>\n\t\t\t\t<div class=\"elementor-element elementor-element-537bd663 elementor-widget elementor-widget-text-editor\" data-id=\"537bd663\" data-element_type=\"widget\" data-e-type=\"widget\" data-widget_type=\"text-editor.default\">\n\t\t\t\t<div class=\"elementor-widget-container\">\n\t\t\t\t\t\t\t\t\t<p>Duration: 16 Hours<\/p><p>Price: \u00a31950<\/p>\t\t\t\t\t\t\t\t<\/div>\n\t\t\t\t<\/div>\n\t\t\t\t<div class=\"elementor-element elementor-element-687eda77 elementor-button-info elementor-align-center elementor-widget elementor-widget-button\" data-id=\"687eda77\" data-element_type=\"widget\" data-e-type=\"widget\" data-widget_type=\"button.default\">\n\t\t\t\t<div class=\"elementor-widget-container\">\n\t\t\t\t\t\t\t\t\t<div class=\"elementor-button-wrapper\">\n\t\t\t\t\t<a class=\"elementor-button elementor-button-link elementor-size-sm\" href=\"https:\/\/www.paypal.com\/ncp\/payment\/3N6EH37K8WZ5J\" target=\"_blank\">\n\t\t\t\t\t\t<span class=\"elementor-button-content-wrapper\">\n\t\t\t\t\t\t\t\t\t<span class=\"elementor-button-text\">BOOK YOUR SPOT HERE!<\/span>\n\t\t\t\t\t<\/span>\n\t\t\t\t\t<\/a>\n\t\t\t\t<\/div>\n\t\t\t\t\t\t\t\t<\/div>\n\t\t\t\t<\/div>\n\t\t\t\t\t<\/div>\n\t\t<\/div>\n\t\t\t\t\t<\/div>\n\t\t<\/section>\n\t\t\t\t<section class=\"elementor-section elementor-top-section elementor-element elementor-element-4e5eeb40 elementor-section-boxed elementor-section-height-default elementor-section-height-default\" data-id=\"4e5eeb40\" data-element_type=\"section\" data-e-type=\"section\">\n\t\t\t\t\t\t<div class=\"elementor-container elementor-column-gap-default\">\n\t\t\t\t\t<div class=\"elementor-column elementor-col-100 elementor-top-column elementor-element elementor-element-444eeca8\" data-id=\"444eeca8\" data-element_type=\"column\" data-e-type=\"column\">\n\t\t\t<div class=\"elementor-widget-wrap elementor-element-populated\">\n\t\t\t\t\t\t<div class=\"elementor-element elementor-element-38491d05 elementor-widget elementor-widget-heading\" data-id=\"38491d05\" data-element_type=\"widget\" data-e-type=\"widget\" data-widget_type=\"heading.default\">\n\t\t\t\t<div class=\"elementor-widget-container\">\n\t\t\t\t\t<h2 class=\"elementor-heading-title elementor-size-default\">Course Structure<\/h2>\t\t\t\t<\/div>\n\t\t\t\t<\/div>\n\t\t\t\t<div class=\"elementor-element elementor-element-6ffd4e4d elementor-widget elementor-widget-text-editor\" data-id=\"6ffd4e4d\" data-element_type=\"widget\" data-e-type=\"widget\" data-widget_type=\"text-editor.default\">\n\t\t\t\t<div class=\"elementor-widget-container\">\n\t\t\t\t\t\t\t\t\t<p><b>Prerequisites<\/b><\/p>\n<p>Good eyesight;<\/p>\n<p>Good manual dexterity and steady hands;<\/p>\n<p>Beauty professionals and related professionals<\/p>\n<p><b>Target audience<\/b><\/p>\n<p>Beauty professionals and the like (employed and unemployed) aged 18 or over<\/p>\n<p><b>Programme content:<\/b><\/p>\n<p><b>Day 1 &#8211; Introduction to Micropigmentation and Nanobrows.<\/b><\/p>\n<p>This module will present the following topics and follow the structure presented:<\/p>\n<p>1- Introduction to Micropigmentation and legal requirements for practice.<\/p>\n<p>2- Micropigmentation &#8211; Basic theoretical concepts (Anatomy, Skin Tones and Colour Theory) and equipment.<\/p>\n<p>3- Consultation and the Office.<\/p>\n<p>4- The different Micropigmentation Techniques. NanoBrows <b>is not<\/b> Nanoblading.<\/p>\n<p>5- The Nanobrows Technique. Applying the technique to synthetic skin.<\/p>\n<p>6- Protocol.&nbsp;<\/p><p>7- Aftercare.<\/p>\n<p><b>Day 2 &#8211; Practical Micropigmentation on Models<\/b><\/p>\n<p>In this module, the theoretical concepts will be applied in a practical environment.<\/p>\n<p>1- Practice the technique on a model (trainees and trainer). On the practical day, each student will practice on a real model, demonstrating skills in carrying out a consultation, applying the technique and counselling on aftercare.<\/p>\n<p>2- Award of certificates.<\/p>\n<p><b>Training Objectives<\/b><\/p>\n<p>The training is divided into two types of objectives:<\/p>\n<p><b>General Objectives<\/b><\/p>\n<p>This course aims to provide participants with the theoretical and practical knowledge needed to correctly apply eyebrow micropigmentation techniques.<\/p>\n<p><b>Specific objectives<\/b><\/p>\n<p>At the end of the course, the trainee should be able to:<\/p>\n<p>&#8211; Identify skin type<\/p>\n<p>&#8211; Draw up a Micropigmentation treatment plan<\/p>\n<p>&#8211; Recognise the ways of preventing injury in the practice of Micropigmentation.<\/p>\n<p>&#8211; Recognise the different equipment, pigments and utensils needed to carry out the technique.<\/p>\n<p>&#8211; Identify the contraindications of micropigmentation procedures.<\/p>\n<p>&#8211; Recognise the applications of the Microblading technique.<\/p>\n<p>&#8211; Recognise the potential results of the procedure and advise on aftercare.<\/p>\n<p><b>Optional kit:<\/b><\/p>\n<p>&#8211; 2 pigments<\/p>\n<p>&#8211; Synthetic skin<\/p>\n<p>&#8211; Rings without separator for pigments 25un.<\/p>\n<p>&#8211; Waterproof white eyeliner pencil<\/p>\n<p>&#8211; Healing Ointment in Tube 8g<\/p>\n<p>&#8211; Self-adhesive elastic bandage<\/p>\n<p><span style=\"font-size: 12.0pt; line-height: 115%; font-family: 'Aptos',sans-serif; mso-ascii-theme-font: minor-latin; mso-fareast-font-family: Aptos; mso-fareast-theme-font: minor-latin; mso-hansi-theme-font: minor-latin; mso-bidi-font-family: 'Times New Roman'; mso-bidi-theme-font: minor-bidi; mso-ansi-language: EN-GB; mso-fareast-language: EN-US; mso-bidi-language: AR-SA;\">&#8211; Demographer<\/span><\/p>\t\t\t\t\t\t\t\t<\/div>\n\t\t\t\t<\/div>\n\t\t\t\t\t<\/div>\n\t\t<\/div>\n\t\t\t\t\t<\/div>\n\t\t<\/section>\n\t\t\t\t<section class=\"elementor-section elementor-top-section elementor-element elementor-element-6fc77d78 elementor-section-boxed elementor-section-height-default elementor-section-height-default\" data-id=\"6fc77d78\" data-element_type=\"section\" data-e-type=\"section\">\n\t\t\t\t\t\t<div class=\"elementor-container elementor-column-gap-default\">\n\t\t\t\t\t<div class=\"elementor-column elementor-col-100 elementor-top-column elementor-element elementor-element-c81deb6\" data-id=\"c81deb6\" data-element_type=\"column\" data-e-type=\"column\">\n\t\t\t<div class=\"elementor-widget-wrap elementor-element-populated\">\n\t\t\t\t\t\t<div class=\"elementor-element elementor-element-720450a4 elementor-position-left elementor-vertical-align-middle elementor-widget elementor-widget-image-box\" data-id=\"720450a4\" data-element_type=\"widget\" data-e-type=\"widget\" data-widget_type=\"image-box.default\">\n\t\t\t\t<div class=\"elementor-widget-container\">\n\t\t\t\t\t<div class=\"elementor-image-box-wrapper\"><figure class=\"elementor-image-box-img\"><img decoding=\"async\" src=\"http:\/\/remakeupacademy-com-628954.hostingersite.com\/wp-content\/uploads\/2024\/03\/282510492_539333287586427_7130304611526234971_n.jpg\" title=\"\" alt=\"\" loading=\"lazy\" \/><\/figure><div class=\"elementor-image-box-content\"><h3 class=\"elementor-image-box-title\">Meet your trainer - cristina bernardino<\/h3><p class=\"elementor-image-box-description\">\"Allow us to introduce you to our esteemed Master in\nAdvanced Aesthetics, Aesthtetic Equipment applied to Advanced Aesthetics, Laser and Micropigmentation. \nWith a prolific 15 years' experience as a trainer in the UK and Portugal, she is a beacon of expertise in her field. She has received several international awards as a professional, and her greatest passion lies in helping others to progress in their careers. Fluently bilingual, her teaching skills extend to both English and Portuguese. In 2015, she set up RemakeUp Academy in the UK, a\ntestament to her leadership. She will expand her reach to Portugal in 2021,\nallowing her to seamlessly bridge cultures. He has an exceptional talent for establishing lasting relationships. Her professional training comes from the prestigious Sorisa, SA. - Escola de Est\u00e9tica e Especializa\u00e7\u00e3o Profissional,\nwhere she obtained her certification as an Aesthetician-Cosmetologist, with multiple courses in advanced aesthetics and micropigmentation with world-class trainers.\nShe is also a certified trainer (CAP) by Training House, Lda.. As the visionary behind RemakeUp Academy in the UK and Portugal, she has become a leading figure in the field of micropigmentation\ntraining. Proudly representing the renowned Tina Davies brand in Portugal and the UK (Scotland), her commitment to providing face-to-face and distance\nlearning guarantees access to latest practices and techniques.Don't miss this unrivalled opportunity to join this\nexceptional professional on our course. Unlock your potential and master the\nintricacies of this technique, guided by the mastery, experience and passion of\nsomeone with over 20 years in the industry. Get in touch today to secure your place.<\/p><\/div><\/div>\t\t\t\t<\/div>\n\t\t\t\t<\/div>\n\t\t\t\t\t<\/div>\n\t\t<\/div>\n\t\t\t\t\t<\/div>\n\t\t<\/section>\n\t\t\t\t<section class=\"elementor-section elementor-top-section elementor-element elementor-element-5cec9f0b elementor-section-boxed elementor-section-height-default elementor-section-height-default\" data-id=\"5cec9f0b\" data-element_type=\"section\" data-e-type=\"section\">\n\t\t\t\t\t\t<div class=\"elementor-container elementor-column-gap-default\">\n\t\t\t\t\t<div class=\"elementor-column elementor-col-100 elementor-top-column elementor-element elementor-element-25be676\" data-id=\"25be676\" data-element_type=\"column\" data-e-type=\"column\">\n\t\t\t<div class=\"elementor-widget-wrap elementor-element-populated\">\n\t\t\t\t\t\t<div class=\"elementor-element elementor-element-cc55800 elementor-button-info elementor-align-center elementor-widget elementor-widget-button\" data-id=\"cc55800\" data-element_type=\"widget\" data-e-type=\"widget\" data-widget_type=\"button.default\">\n\t\t\t\t<div class=\"elementor-widget-container\">\n\t\t\t\t\t\t\t\t\t<div class=\"elementor-button-wrapper\">\n\t\t\t\t\t<a class=\"elementor-button elementor-button-link elementor-size-sm\" href=\"https:\/\/www.paypal.com\/ncp\/payment\/3N6EH37K8WZ5J\" target=\"_blank\">\n\t\t\t\t\t\t<span class=\"elementor-button-content-wrapper\">\n\t\t\t\t\t\t\t\t\t<span class=\"elementor-button-text\">BOOK YOUR SPOT HERE!<\/span>\n\t\t\t\t\t<\/span>\n\t\t\t\t\t<\/a>\n\t\t\t\t<\/div>\n\t\t\t\t\t\t\t\t<\/div>\n\t\t\t\t<\/div>\n\t\t\t\t\t<\/div>\n\t\t<\/div>\n\t\t\t\t\t<\/div>\n\t\t<\/section>\n\t\t\t\t<section class=\"elementor-section elementor-top-section elementor-element elementor-element-6357dc2a elementor-section-boxed elementor-section-height-default elementor-section-height-default\" data-id=\"6357dc2a\" data-element_type=\"section\" data-e-type=\"section\">\n\t\t\t\t\t\t<div class=\"elementor-container elementor-column-gap-default\">\n\t\t\t\t\t<div class=\"elementor-column elementor-col-100 elementor-top-column elementor-element elementor-element-3d4b17a1\" data-id=\"3d4b17a1\" data-element_type=\"column\" data-e-type=\"column\">\n\t\t\t<div class=\"elementor-widget-wrap\">\n\t\t\t\t\t\t\t<\/div>\n\t\t<\/div>\n\t\t\t\t\t<\/div>\n\t\t<\/section>\n\t\t\t\t<\/div>","protected":false},"excerpt":{"rendered":"<p>Nanobrowns &#8211; UK Duration: 16 Hours Price: \u00a31950 BOOK YOUR SPOT HERE! Course Structure Prerequisites Good eyesight; Good manual dexterity and steady hands; Beauty professionals and<span class=\"excerpt-hellip\"> [\u2026]<\/span><\/p>\n","protected":false},"author":1,"featured_media":0,"parent":0,"menu_order":0,"comment_status":"closed","ping_status":"closed","template":"","meta":{"footnotes":""},"class_list":["post-14414","page","type-page","status-publish","hentry"],"_links":{"self":[{"href":"https:\/\/remakeupacademy.com\/en\/wp-json\/wp\/v2\/pages\/14414","targetHints":{"allow":["GET"]}}],"collection":[{"href":"https:\/\/remakeupacademy.com\/en\/wp-json\/wp\/v2\/pages"}],"about":[{"href":"https:\/\/remakeupacademy.com\/en\/wp-json\/wp\/v2\/types\/page"}],"author":[{"embeddable":true,"href":"https:\/\/remakeupacademy.com\/en\/wp-json\/wp\/v2\/users\/1"}],"replies":[{"embeddable":true,"href":"https:\/\/remakeupacademy.com\/en\/wp-json\/wp\/v2\/comments?post=14414"}],"version-history":[{"count":0,"href":"https:\/\/remakeupacademy.com\/en\/wp-json\/wp\/v2\/pages\/14414\/revisions"}],"wp:attachment":[{"href":"https:\/\/remakeupacademy.com\/en\/wp-json\/wp\/v2\/media?parent=14414"}],"curies":[{"name":"wp","href":"https:\/\/api.w.org\/{rel}","templated":true}]}}