{"id":14417,"date":"2024-04-26T16:42:47","date_gmt":"2024-04-26T16:42:47","guid":{"rendered":"https:\/?page_id=14417"},"modified":"2024-04-26T16:42:47","modified_gmt":"2024-04-26T16:42:47","slug":"micro-eyebrows-nanoshadow-pt","status":"publish","type":"page","link":"https:\/\/remakeupacademy.com\/en\/micro-eyebrows-nanoshadow-pt\/","title":{"rendered":"Micro Eyebrows Nano+Shadow PT"},"content":{"rendered":"<div data-elementor-type=\"wp-page\" data-elementor-id=\"14417\" class=\"elementor elementor-14417\">\n\t\t\t\t\t\t<section class=\"elementor-section elementor-top-section elementor-element elementor-element-43d59c92 elementor-section-boxed elementor-section-height-default elementor-section-height-default\" data-id=\"43d59c92\" data-element_type=\"section\" data-e-type=\"section\">\n\t\t\t\t\t\t<div class=\"elementor-container elementor-column-gap-default\">\n\t\t\t\t\t<div class=\"elementor-column elementor-col-66 elementor-top-column elementor-element elementor-element-5f67ce01\" data-id=\"5f67ce01\" data-element_type=\"column\" data-e-type=\"column\">\n\t\t\t<div class=\"elementor-widget-wrap elementor-element-populated\">\n\t\t\t\t\t\t<div class=\"elementor-element elementor-element-694d3e44 elementor-widget elementor-widget-image\" data-id=\"694d3e44\" data-element_type=\"widget\" data-e-type=\"widget\" data-widget_type=\"image.default\">\n\t\t\t\t<div class=\"elementor-widget-container\">\n\t\t\t\t\t\t\t\t\t\t\t\t\t\t\t<img decoding=\"async\" src=\"http:\/\/remakeupacademy-com-628954.hostingersite.com\/wp-content\/uploads\/2024\/04\/euebrowsnano.png\" title=\"\" alt=\"\" loading=\"lazy\" \/>\t\t\t\t\t\t\t\t\t\t\t\t\t\t\t<\/div>\n\t\t\t\t<\/div>\n\t\t\t\t\t<\/div>\n\t\t<\/div>\n\t\t\t\t<div class=\"elementor-column elementor-col-33 elementor-top-column elementor-element elementor-element-69126963\" data-id=\"69126963\" data-element_type=\"column\" data-e-type=\"column\">\n\t\t\t<div class=\"elementor-widget-wrap elementor-element-populated\">\n\t\t\t\t\t\t<div class=\"elementor-element elementor-element-f1d3555 elementor-widget elementor-widget-heading\" data-id=\"f1d3555\" data-element_type=\"widget\" data-e-type=\"widget\" data-widget_type=\"heading.default\">\n\t\t\t\t<div class=\"elementor-widget-container\">\n\t\t\t\t\t<h2 class=\"elementor-heading-title elementor-size-default\"><div><span style=\"color: inherit;font-family: var( --e-global-typography-primary-font-family ), Sans-serif;font-size: var( --e-global-typography-primary-font-size );font-weight: var( --e-global-typography-primary-font-weight );letter-spacing: var( --e-global-typography-primary-letter-spacing );text-transform: var( --e-global-typography-primary-text-transform )\">MICROPIGMEN\u00c7\u00c3O&nbsp;<\/span><\/div><div><span style=\"color: inherit;font-family: var( --e-global-typography-primary-font-family ), Sans-serif;font-size: var( --e-global-typography-primary-font-size );font-weight: var( --e-global-typography-primary-font-weight );letter-spacing: var( --e-global-typography-primary-letter-spacing );text-transform: var( --e-global-typography-primary-text-transform )\">NANOBLADING <\/span><\/div><\/h2>\t\t\t\t<\/div>\n\t\t\t\t<\/div>\n\t\t\t\t<div class=\"elementor-element elementor-element-537bd663 elementor-widget elementor-widget-text-editor\" data-id=\"537bd663\" data-element_type=\"widget\" data-e-type=\"widget\" data-widget_type=\"text-editor.default\">\n\t\t\t\t<div class=\"elementor-widget-container\">\n\t\t\t\t\t\t\t\t\t<p>DURA\u00c7\u00c3O: 16 HORAS<\/p>\n<p>PRE\u00c7O: 600\u20ac<\/p>\t\t\t\t\t\t\t\t<\/div>\n\t\t\t\t<\/div>\n\t\t\t\t<div class=\"elementor-element elementor-element-687eda77 elementor-button-info elementor-align-center elementor-widget elementor-widget-button\" data-id=\"687eda77\" data-element_type=\"widget\" data-e-type=\"widget\" data-widget_type=\"button.default\">\n\t\t\t\t<div class=\"elementor-widget-container\">\n\t\t\t\t\t\t\t\t\t<div class=\"elementor-button-wrapper\">\n\t\t\t\t\t<a class=\"elementor-button elementor-button-link elementor-size-sm\" href=\"https:\/\/www.paypal.com\/ncp\/payment\/NW4P7JUJ8NQPA\" target=\"_blank\">\n\t\t\t\t\t\t<span class=\"elementor-button-content-wrapper\">\n\t\t\t\t\t\t\t\t\t<span class=\"elementor-button-text\">RESERVA O TEU LUGAR AQUI!<\/span>\n\t\t\t\t\t<\/span>\n\t\t\t\t\t<\/a>\n\t\t\t\t<\/div>\n\t\t\t\t\t\t\t\t<\/div>\n\t\t\t\t<\/div>\n\t\t\t\t\t<\/div>\n\t\t<\/div>\n\t\t\t\t\t<\/div>\n\t\t<\/section>\n\t\t\t\t<section class=\"elementor-section elementor-top-section elementor-element elementor-element-4e5eeb40 elementor-section-boxed elementor-section-height-default elementor-section-height-default\" data-id=\"4e5eeb40\" data-element_type=\"section\" data-e-type=\"section\">\n\t\t\t\t\t\t<div class=\"elementor-container elementor-column-gap-default\">\n\t\t\t\t\t<div class=\"elementor-column elementor-col-100 elementor-top-column elementor-element elementor-element-444eeca8\" data-id=\"444eeca8\" data-element_type=\"column\" data-e-type=\"column\">\n\t\t\t<div class=\"elementor-widget-wrap elementor-element-populated\">\n\t\t\t\t\t\t<div class=\"elementor-element elementor-element-b9ae7db elementor-widget elementor-widget-heading\" data-id=\"b9ae7db\" data-element_type=\"widget\" data-e-type=\"widget\" data-widget_type=\"heading.default\">\n\t\t\t\t<div class=\"elementor-widget-container\">\n\t\t\t\t\t<h2 class=\"elementor-heading-title elementor-size-default\">Eleva a tua Arte em Micropigmenta\u00e7\u00e3o! <img decoding=\"async\" role=\"img\" class=\"emoji\" alt=\"\ud83c\udf1f\" src=\"https:\/\/s.w.org\/images\/core\/emoji\/14.0.0\/svg\/1f31f.svg\"><\/h2>\t\t\t\t<\/div>\n\t\t\t\t<\/div>\n\t\t\t\t<div class=\"elementor-element elementor-element-4db7ef3 elementor-widget elementor-widget-text-editor\" data-id=\"4db7ef3\" data-element_type=\"widget\" data-e-type=\"widget\" data-widget_type=\"text-editor.default\">\n\t\t\t\t<div class=\"elementor-widget-container\">\n\t\t\t\t\t\t\t\t\t<p>Aprenda a t\u00e9cnica avan\u00e7ada de <strong>Nanoblading\u00a0<\/strong>e ofere\u00e7a resultados hiper-realistas e naturais para suas clientes. Essa forma\u00e7\u00e3o \u00e9 ideal para quem deseja se especializar em um dos procedimentos de sobrancelhas mais procurados!<\/p><p><img decoding=\"async\" class=\"emoji\" role=\"img\" draggable=\"false\" src=\"https:\/\/s.w.org\/images\/core\/emoji\/15.0.3\/svg\/1f50d.svg\" alt=\"\ud83d\udd0d\" \/> <strong>O que voc\u00ea vai aprender:<\/strong><\/p><p>\u00a0\u00a0\u00a0\u00a0\u00a0\u00a0\u00a0 \u2022\u00a0\u00a0\u00a0\u00a0\u00a0\u00a0 T\u00e9cnica de Nanoblading: Desenho de fios ultrafinos que imitam a naturalidade dos pelos reais.<br \/>\u00a0\u00a0\u00a0\u00a0\u00a0\u00a0\u00a0 \u2022\u00a0\u00a0\u00a0\u00a0\u00a0\u00a0 Escolha de Pigmentos e Design: Personaliza\u00e7\u00e3o de cor e design para cada tipo de rosto.<br \/>\u00a0\u00a0\u00a0\u00a0\u00a0\u00a0\u00a0 \u2022\u00a0\u00a0\u00a0\u00a0\u00a0\u00a0 Cuidados Pr\u00e9 e P\u00f3s-Procedimento: Orienta\u00e7\u00f5es essenciais para garantir uma cicatriza\u00e7\u00e3o perfeita e resultados duradouros.<br \/>\u00a0\u00a0\u00a0\u00a0\u00a0\u00a0\u00a0 \u2022\u00a0\u00a0\u00a0\u00a0\u00a0\u00a0 Seguran\u00e7a e Higiene: Procedimentos seguros e normas sanit\u00e1rias para a pr\u00e1tica da micropigmenta\u00e7\u00e3o.<\/p><p><img decoding=\"async\" class=\"emoji\" role=\"img\" draggable=\"false\" src=\"https:\/\/s.w.org\/images\/core\/emoji\/15.0.3\/svg\/1f469-200d-1f3eb.svg\" alt=\"\ud83d\udc69\u200d\ud83c\udfeb\" \/> <strong>Para quem \u00e9 essa forma\u00e7\u00e3o:<\/strong><br \/>Micropigmentadores, esteticistas e profissionais de beleza que desejam aprimorar suas habilidades e oferecer um servi\u00e7o premium.<\/p><p><img decoding=\"async\" class=\"emoji\" role=\"img\" draggable=\"false\" src=\"https:\/\/s.w.org\/images\/core\/emoji\/15.0.3\/svg\/1f4c5.svg\" alt=\"\ud83d\udcc5\" \/> Data: 6 &amp; 7\/04\/25<br \/><img decoding=\"async\" class=\"emoji\" role=\"img\" draggable=\"false\" src=\"https:\/\/s.w.org\/images\/core\/emoji\/15.0.3\/svg\/1f4cd.svg\" alt=\"\ud83d\udccd\" \/> Local: Leiria<\/p>\t\t\t\t\t\t\t\t<\/div>\n\t\t\t\t<\/div>\n\t\t\t\t<div class=\"elementor-element elementor-element-6ffd4e4d elementor-widget elementor-widget-text-editor\" data-id=\"6ffd4e4d\" data-element_type=\"widget\" data-e-type=\"widget\" data-widget_type=\"text-editor.default\">\n\t\t\t\t<div class=\"elementor-widget-container\">\n\t\t\t\t\t\t\t\t\t<p><b>Pr\u00e9-requisitos<\/b><\/p>\n<p>Boa vis\u00e3o;<\/p>\n<p>Boa destreza manual e m\u00e3os firmes;<\/p>\n<p>Profissionais de beleza e afins<\/p>\n<p><b>P\u00fablico-alvo<\/b><\/p>\n<p>Profissionais de beleza e afins (empregados e desempregados) com idade igual ou superior a 18 anos<\/p>\n<p><b>Conte\u00fado program\u00e1tico:<\/b><\/p>\n<p><b>Dia 1 Manha &#8211; Introdu\u00e7\u00e3o \u00e0 Micropigmenta\u00e7\u00e3o.<\/b><\/p>\n<p>Este m\u00f3dulo apresentar\u00e1 os seguintes t\u00f3picos e seguir\u00e1 a estrutura apresentada:<\/p>\n<p>1- Introdu\u00e7\u00e3o \u00e0 Micropigmenta\u00e7\u00e3o e requisitos legais para a pr\u00e1tica.<\/p>\n<p>2- Micropigmenta\u00e7\u00e3o &#8211; Conceitos te\u00f3ricos b\u00e1sicos (Anatomia,<br>Tons de Pele e Teoria da Cor) e equipamento.<\/p>\n<p>3- A consulta e o consult\u00f3rio.<\/p>\n<p>4- As diferentes T\u00e9cnicas de Micropigmenta\u00e7\u00e3o e o Nanoblading.<\/p>\n<p>5- A T\u00e9cnica. Aplica\u00e7\u00e3o da t\u00e9cnica em pele sint\u00e9tica.<\/p>\n<p>6- Protocolo. Cuidados posteriores.<\/p>\n<p><b>Dia 1 Tarde &#8211; Micropigmenta\u00e7\u00e3o pr\u00e1tica em modelos<\/b><\/p>\n<p>Neste m\u00f3dulo ser\u00e3o aplicados os conceitos te\u00f3ricos num<br>num ambiente pr\u00e1tico.<\/p>\n<p>1- Pr\u00e1tica da t\u00e9cnica num modelo (formandos e formandos e formador). Na vertente pr\u00e1tica, cada aluno ir\u00e1 praticar num modelo real, demonstrando compet\u00eancias na realiza\u00e7\u00e3o de uma consulta, na aplica\u00e7\u00e3o da t\u00e9cnica e no aconselhamento sobre os cuidados posteriores.<\/p>\n<p>2- Entrega de certificados.<\/p>\n<p><b>Objectivos da forma\u00e7\u00e3o<\/b><\/p>\n<p>A forma\u00e7\u00e3o divide-se em dois tipos de objectivos:<\/p>\n<p><b>Objectivos gerais<\/b><\/p>\n<p>Este curso tem como objetivo fornecer aos participantes os conhecimentos te\u00f3ricos e pr\u00e1ticos necess\u00e1rios \u00e0 correcta aplica\u00e7\u00e3o das t\u00e9cnicas de t\u00e9cnicas de micropigmenta\u00e7\u00e3o de sobrancelhas.<\/p>\n<p><b>Objectivos espec\u00edficos<\/b><\/p>\n<p>No final do curso, o formando dever\u00e1 ser capaz de<\/p>\n<p>&#8211; Identificar o tipo de pele<\/p>\n<p>&#8211; Elaborar um plano de tratamento de micropigmenta\u00e7\u00e3o<\/p>\n<p>&#8211; Reconhecer as formas de preven\u00e7\u00e3o de les\u00f5es na pr\u00e1tica da Micropigmenta\u00e7\u00e3o.<\/p>\n<p>&#8211; Reconhecer os diferentes equipamentos, pigmentos e utens\u00edlios necess\u00e1rios para a realiza\u00e7\u00e3o da t\u00e9cnica.<\/p>\n<p>&#8211; Identificar as contra-indica\u00e7\u00f5es dos procedimentos de micropigmenta\u00e7\u00e3o procedimentos de micropigmenta\u00e7\u00e3o.<\/p>\n<p>&#8211; Reconhecer as aplica\u00e7\u00f5es da t\u00e9cnica de Microblading.<\/p>\n<p>&#8211; Reconhecer os potenciais resultados do procedimento e aconselhar sobre os cuidados posteriores.<\/p>\n<p><b>Kit Opcional:<\/b><\/p>\n<p>&#8211; 2 pigmentos<\/p>\n<p>&#8211; Pele sint\u00e9tica<\/p>\n<p>&#8211; An\u00e9is sem separador para pigmentos 25un.<\/p>\n<p>&#8211; L\u00e1pis de branco \u00e0 prova de \u00e1gua<\/p>\n<p>&#8211; Pomada cicatrizante em bisnaga 8g<\/p>\n<p>&#8211; Ligadura el\u00e1stica auto-adesiva<\/p>\n<p>&#8211; Tebori&nbsp;<\/p>\t\t\t\t\t\t\t\t<\/div>\n\t\t\t\t<\/div>\n\t\t\t\t\t<\/div>\n\t\t<\/div>\n\t\t\t\t\t<\/div>\n\t\t<\/section>\n\t\t\t\t<section class=\"elementor-section elementor-top-section elementor-element elementor-element-6fc77d78 elementor-section-boxed elementor-section-height-default elementor-section-height-default\" data-id=\"6fc77d78\" data-element_type=\"section\" data-e-type=\"section\">\n\t\t\t\t\t\t<div class=\"elementor-container elementor-column-gap-default\">\n\t\t\t\t\t<div class=\"elementor-column elementor-col-100 elementor-top-column elementor-element elementor-element-c81deb6\" data-id=\"c81deb6\" data-element_type=\"column\" data-e-type=\"column\">\n\t\t\t<div class=\"elementor-widget-wrap elementor-element-populated\">\n\t\t\t\t\t\t<div class=\"elementor-element elementor-element-720450a4 elementor-position-left elementor-vertical-align-middle elementor-widget elementor-widget-image-box\" data-id=\"720450a4\" data-element_type=\"widget\" data-e-type=\"widget\" data-widget_type=\"image-box.default\">\n\t\t\t\t<div class=\"elementor-widget-container\">\n\t\t\t\t\t<div class=\"elementor-image-box-wrapper\"><figure class=\"elementor-image-box-img\"><img decoding=\"async\" src=\"http:\/\/remakeupacademy-com-628954.hostingersite.com\/wp-content\/uploads\/2024\/03\/RemakeUp108-scaled.jpg\" title=\"\" alt=\"\" loading=\"lazy\" \/><\/figure><div class=\"elementor-image-box-content\"><h3 class=\"elementor-image-box-title\"><span style=\"font-family: var( --e-global-typography-primary-font-family ), Sans-serif;font-size: var( --e-global-typography-primary-font-size );font-weight: var( --e-global-typography-primary-font-weight );letter-spacing: var( --e-global-typography-primary-letter-spacing );text-transform: var( --e-global-typography-primary-text-transform )\">O TEU FORMADOR<\/span> - cristina bernardino<\/h3><p class=\"elementor-image-box-description\">Permita-nos apresentar-lhe a nossa estimada Master em Est\u00e9tica Avan\u00e7ada, Equipamento Est\u00e9tico aplicado \u00e0 Est\u00e9tica Avan\u00e7ada, Laser e Micropigmenta\u00e7\u00e3o. Com uma prol\u00edfica experi\u00eancia de 15 anos como formadora no Reino Unido e em Portugal, \u00e9 uma refer\u00eancia na sua \u00e1rea. Recebeu v\u00e1rios pr\u00e9mios internacionais como profissional e a sua maior paix\u00e3o \u00e9 ajudar os outros a progredir nas suas carreiras. Fluentemente bilingue, as suas compet\u00eancias pedag\u00f3gicas estendem-se tanto ao ingl\u00eas como ao portugu\u00eas. Em 2015, criou a RemakeUp Academy no Reino Unido, um testemunho da sua lideran\u00e7a. Em 2021, expandiu o seu alcance para Portugal, o que lhe permitiu estabelecer uma ponte perfeita entre culturas. Tem um talento excecional para estabelecer rela\u00e7\u00f5es duradouras. A sua forma\u00e7\u00e3o profissional prov\u00e9m da prestigiada Sorisa, SA. - Escola de Est\u00e9tica e Especializa\u00e7\u00e3o Profissional, onde obteve a sua certifica\u00e7\u00e3o como Esteticista-Cosmetologista, com m\u00faltiplos cursos de est\u00e9tica avan\u00e7ada e micropigmenta\u00e7\u00e3o com formadores de n\u00edvel mundial. \u00c9 tamb\u00e9m formadora certificada (CAP) pela Training House, Lda. Como vision\u00e1ria por detr\u00e1s da RemakeUp Academy no Reino Unido e em Portugal, tornou-se uma figura de destaque no campo da forma\u00e7\u00e3o em micropigmenta\u00e7\u00e3o. Orgulhosamente representante da conceituada marca Tina Davies em Portugal e no Reino Unido (Esc\u00f3cia), o seu empenho em proporcionar forma\u00e7\u00e3o presencial e \u00e0 dist\u00e2ncia garante o acesso \u00e0s mais recentes pr\u00e1ticas e t\u00e9cnicas. N\u00e3o perca esta oportunidade \u00fanica de se juntar a esta profissional excecional no nosso curso. Liberte o seu potencial e domine os meandros desta t\u00e9cnica, guiado pela mestria, experi\u00eancia e paix\u00e3o de algu\u00e9m com mais de 20 anos no sector. Entre em contacto hoje para garantir o seu lugar..<\/p><\/div><\/div>\t\t\t\t<\/div>\n\t\t\t\t<\/div>\n\t\t\t\t\t<\/div>\n\t\t<\/div>\n\t\t\t\t\t<\/div>\n\t\t<\/section>\n\t\t\t\t<section class=\"elementor-section elementor-top-section elementor-element elementor-element-5cec9f0b elementor-section-boxed elementor-section-height-default elementor-section-height-default\" data-id=\"5cec9f0b\" data-element_type=\"section\" data-e-type=\"section\">\n\t\t\t\t\t\t<div class=\"elementor-container elementor-column-gap-default\">\n\t\t\t\t\t<div class=\"elementor-column elementor-col-100 elementor-top-column elementor-element elementor-element-25be676\" data-id=\"25be676\" data-element_type=\"column\" data-e-type=\"column\">\n\t\t\t<div class=\"elementor-widget-wrap elementor-element-populated\">\n\t\t\t\t\t\t<div class=\"elementor-element elementor-element-cc55800 elementor-button-info elementor-align-center elementor-widget elementor-widget-button\" data-id=\"cc55800\" data-element_type=\"widget\" data-e-type=\"widget\" data-widget_type=\"button.default\">\n\t\t\t\t<div class=\"elementor-widget-container\">\n\t\t\t\t\t\t\t\t\t<div class=\"elementor-button-wrapper\">\n\t\t\t\t\t<a class=\"elementor-button elementor-button-link elementor-size-sm\" href=\"https:\/\/www.paypal.com\/ncp\/payment\/NW4P7JUJ8NQPA\" target=\"_blank\">\n\t\t\t\t\t\t<span class=\"elementor-button-content-wrapper\">\n\t\t\t\t\t\t\t\t\t<span class=\"elementor-button-text\">RESERVA O TEU LUGAR AQUI!<\/span>\n\t\t\t\t\t<\/span>\n\t\t\t\t\t<\/a>\n\t\t\t\t<\/div>\n\t\t\t\t\t\t\t\t<\/div>\n\t\t\t\t<\/div>\n\t\t\t\t\t<\/div>\n\t\t<\/div>\n\t\t\t\t\t<\/div>\n\t\t<\/section>\n\t\t\t\t<section class=\"elementor-section elementor-top-section elementor-element elementor-element-6357dc2a elementor-section-boxed elementor-section-height-default elementor-section-height-default\" data-id=\"6357dc2a\" data-element_type=\"section\" data-e-type=\"section\">\n\t\t\t\t\t\t<div class=\"elementor-container elementor-column-gap-default\">\n\t\t\t\t\t<div class=\"elementor-column elementor-col-100 elementor-top-column elementor-element elementor-element-3d4b17a1\" data-id=\"3d4b17a1\" data-element_type=\"column\" data-e-type=\"column\">\n\t\t\t<div class=\"elementor-widget-wrap\">\n\t\t\t\t\t\t\t<\/div>\n\t\t<\/div>\n\t\t\t\t\t<\/div>\n\t\t<\/section>\n\t\t\t\t<\/div>","protected":false},"excerpt":{"rendered":"<p>MICROPIGMEN\u00c7\u00c3O&nbsp;NANOBLADING DURA\u00c7\u00c3O: 16 HORAS PRE\u00c7O: 600\u20ac RESERVA O TEU LUGAR AQUI! Eleva a tua Arte em Micropigmenta\u00e7\u00e3o! Aprenda a t\u00e9cnica avan\u00e7ada de Nanoblading\u00a0e ofere\u00e7a resultados hiper-realistas<span class=\"excerpt-hellip\"> [\u2026]<\/span><\/p>\n","protected":false},"author":1,"featured_media":0,"parent":0,"menu_order":0,"comment_status":"closed","ping_status":"closed","template":"","meta":{"footnotes":""},"class_list":["post-14417","page","type-page","status-publish","hentry"],"_links":{"self":[{"href":"https:\/\/remakeupacademy.com\/en\/wp-json\/wp\/v2\/pages\/14417","targetHints":{"allow":["GET"]}}],"collection":[{"href":"https:\/\/remakeupacademy.com\/en\/wp-json\/wp\/v2\/pages"}],"about":[{"href":"https:\/\/remakeupacademy.com\/en\/wp-json\/wp\/v2\/types\/page"}],"author":[{"embeddable":true,"href":"https:\/\/remakeupacademy.com\/en\/wp-json\/wp\/v2\/users\/1"}],"replies":[{"embeddable":true,"href":"https:\/\/remakeupacademy.com\/en\/wp-json\/wp\/v2\/comments?post=14417"}],"version-history":[{"count":0,"href":"https:\/\/remakeupacademy.com\/en\/wp-json\/wp\/v2\/pages\/14417\/revisions"}],"wp:attachment":[{"href":"https:\/\/remakeupacademy.com\/en\/wp-json\/wp\/v2\/media?parent=14417"}],"curies":[{"name":"wp","href":"https:\/\/api.w.org\/{rel}","templated":true}]}}