{"id":14424,"date":"2024-04-28T14:53:29","date_gmt":"2024-04-28T14:53:29","guid":{"rendered":"https:\/?page_id=14424"},"modified":"2024-04-28T14:53:29","modified_gmt":"2024-04-28T14:53:29","slug":"micro-lip-revitalization-pt","status":"publish","type":"page","link":"https:\/\/remakeupacademy.com\/en\/micro-lip-revitalization-pt\/","title":{"rendered":"Micro Lip Revitalization PT"},"content":{"rendered":"<div data-elementor-type=\"wp-page\" data-elementor-id=\"14424\" class=\"elementor elementor-14424\">\n\t\t\t\t\t\t<section class=\"elementor-section elementor-top-section elementor-element elementor-element-6b4473c0 elementor-section-boxed elementor-section-height-default elementor-section-height-default\" data-id=\"6b4473c0\" data-element_type=\"section\" data-e-type=\"section\">\n\t\t\t\t\t\t<div class=\"elementor-container elementor-column-gap-default\">\n\t\t\t\t\t<div class=\"elementor-column elementor-col-66 elementor-top-column elementor-element elementor-element-db0a42e\" data-id=\"db0a42e\" data-element_type=\"column\" data-e-type=\"column\">\n\t\t\t<div class=\"elementor-widget-wrap elementor-element-populated\">\n\t\t\t\t\t\t<div class=\"elementor-element elementor-element-569e081a elementor-widget elementor-widget-image\" data-id=\"569e081a\" data-element_type=\"widget\" data-e-type=\"widget\" data-widget_type=\"image.default\">\n\t\t\t\t<div class=\"elementor-widget-container\">\n\t\t\t\t\t\t\t\t\t\t\t\t\t\t\t<img fetchpriority=\"high\" decoding=\"async\" width=\"666\" height=\"666\" src=\"https:\/\/remakeupacademy.com\/wp-content\/uploads\/2023\/11\/Lips.png\" class=\"attachment-large size-large wp-image-13507\" alt=\"\" srcset=\"https:\/\/remakeupacademy.com\/wp-content\/uploads\/2023\/11\/Lips.png 666w, https:\/\/remakeupacademy.com\/wp-content\/uploads\/2023\/11\/Lips-500x500.png 500w, https:\/\/remakeupacademy.com\/wp-content\/uploads\/2023\/11\/Lips-300x300.png 300w, https:\/\/remakeupacademy.com\/wp-content\/uploads\/2023\/11\/Lips-150x150.png 150w, https:\/\/remakeupacademy.com\/wp-content\/uploads\/2023\/11\/Lips-75x75.png 75w, https:\/\/remakeupacademy.com\/wp-content\/uploads\/2023\/11\/Lips-480x480.png 480w\" sizes=\"(max-width:767px) 480px, 666px\" \/>\t\t\t\t\t\t\t\t\t\t\t\t\t\t\t<\/div>\n\t\t\t\t<\/div>\n\t\t\t\t\t<\/div>\n\t\t<\/div>\n\t\t\t\t<div class=\"elementor-column elementor-col-33 elementor-top-column elementor-element elementor-element-23a10c9f\" data-id=\"23a10c9f\" data-element_type=\"column\" data-e-type=\"column\">\n\t\t\t<div class=\"elementor-widget-wrap elementor-element-populated\">\n\t\t\t\t\t\t<div class=\"elementor-element elementor-element-f846151 elementor-widget elementor-widget-heading\" data-id=\"f846151\" data-element_type=\"widget\" data-e-type=\"widget\" data-widget_type=\"heading.default\">\n\t\t\t\t<div class=\"elementor-widget-container\">\n\t\t\t\t\t<h2 class=\"elementor-heading-title elementor-size-default\">REVItaliza\u00c7\u00c3O labial<\/h2>\t\t\t\t<\/div>\n\t\t\t\t<\/div>\n\t\t\t\t<div class=\"elementor-element elementor-element-2e73ca68 elementor-widget elementor-widget-text-editor\" data-id=\"2e73ca68\" data-element_type=\"widget\" data-e-type=\"widget\" data-widget_type=\"text-editor.default\">\n\t\t\t\t<div class=\"elementor-widget-container\">\n\t\t\t\t\t\t\t\t\t<p>DURA\u00c7\u00c3O: 8\u00a0<span style=\"font-family: var( --e-global-typography-secondary-font-family ), Sans-serif; font-size: var( --e-global-typography-secondary-font-size ); font-weight: var( --e-global-typography-secondary-font-weight ); letter-spacing: var( --e-global-typography-secondary-letter-spacing ); text-transform: var( --e-global-typography-secondary-text-transform );\">HORAS<\/span><\/p><p><span style=\"font-family: var( --e-global-typography-secondary-font-family ), Sans-serif; font-size: var( --e-global-typography-secondary-font-size ); font-weight: var( --e-global-typography-secondary-font-weight ); letter-spacing: var( --e-global-typography-secondary-letter-spacing ); text-transform: var( --e-global-typography-secondary-text-transform );\">PRE\u00c7O:<\/span><span style=\"font-family: var( --e-global-typography-secondary-font-family ), Sans-serif; font-size: var( --e-global-typography-secondary-font-size ); font-weight: var( --e-global-typography-secondary-font-weight ); letter-spacing: var( --e-global-typography-secondary-letter-spacing ); text-transform: var( --e-global-typography-secondary-text-transform );\">\u00a0<\/span>250\u20ac<\/p>\t\t\t\t\t\t\t\t<\/div>\n\t\t\t\t<\/div>\n\t\t\t\t<div class=\"elementor-element elementor-element-2d57a7af elementor-button-info elementor-align-center elementor-widget elementor-widget-button\" data-id=\"2d57a7af\" data-element_type=\"widget\" data-e-type=\"widget\" data-widget_type=\"button.default\">\n\t\t\t\t<div class=\"elementor-widget-container\">\n\t\t\t\t\t\t\t\t\t<div class=\"elementor-button-wrapper\">\n\t\t\t\t\t<a class=\"elementor-button elementor-button-link elementor-size-sm\" href=\"https:\/\/www.paypal.com\/ncp\/payment\/NW4P7JUJ8NQPA\" target=\"_blank\">\n\t\t\t\t\t\t<span class=\"elementor-button-content-wrapper\">\n\t\t\t\t\t\t\t\t\t<span class=\"elementor-button-text\">reserva o teu lugar aqui!<\/span>\n\t\t\t\t\t<\/span>\n\t\t\t\t\t<\/a>\n\t\t\t\t<\/div>\n\t\t\t\t\t\t\t\t<\/div>\n\t\t\t\t<\/div>\n\t\t\t\t\t<\/div>\n\t\t<\/div>\n\t\t\t\t\t<\/div>\n\t\t<\/section>\n\t\t\t\t<section class=\"elementor-section elementor-top-section elementor-element elementor-element-6f8e53f2 elementor-section-boxed elementor-section-height-default elementor-section-height-default\" data-id=\"6f8e53f2\" data-element_type=\"section\" data-e-type=\"section\">\n\t\t\t\t\t\t<div class=\"elementor-container elementor-column-gap-default\">\n\t\t\t\t\t<div class=\"elementor-column elementor-col-100 elementor-top-column elementor-element elementor-element-57f5ee1a\" data-id=\"57f5ee1a\" data-element_type=\"column\" data-e-type=\"column\">\n\t\t\t<div class=\"elementor-widget-wrap elementor-element-populated\">\n\t\t\t\t\t\t<div class=\"elementor-element elementor-element-5ece2bce elementor-widget elementor-widget-heading\" data-id=\"5ece2bce\" data-element_type=\"widget\" data-e-type=\"widget\" data-widget_type=\"heading.default\">\n\t\t\t\t<div class=\"elementor-widget-container\">\n\t\t\t\t\t<h2 class=\"elementor-heading-title elementor-size-default\">Estrutura do Curso<\/h2>\t\t\t\t<\/div>\n\t\t\t\t<\/div>\n\t\t\t\t<div class=\"elementor-element elementor-element-640d8d42 elementor-widget elementor-widget-text-editor\" data-id=\"640d8d42\" data-element_type=\"widget\" data-e-type=\"widget\" data-widget_type=\"text-editor.default\">\n\t\t\t\t<div class=\"elementor-widget-container\">\n\t\t\t\t\t\t\t\t\t<p><b>Pr\u00e9-requisitos<\/b><\/p><p>Boa vis\u00e3o;<\/p><p>Boa destreza manual e m\u00e3os firmes;<\/p><p>Profissionais da \u00e1rea da sa\u00fade, beleza e afins<\/p><p><b>P\u00fablico-alvo<\/b><\/p><p>Profissionais com experi\u00eancia em Est\u00e9tica e\\ou micropigmenta\u00e7\u00e3o labial<br \/>(empregados ou desempregados) com idade igual ou superior a 18 anos.<\/p><p><b>Conte\u00fado program\u00e1tico:<\/b><\/p><p><b>Dia 1 (Manh\u00e3) &#8211; Introdu\u00e7\u00e3o \u00e0 Revitaliza\u00e7\u00e3o dos L\u00e1bios.<\/b><\/p><p>Este m\u00f3dulo apresentar\u00e1 os seguintes t\u00f3picos e seguir\u00e1 a<br \/>estrutura apresentada:<\/p><p>1- Introdu\u00e7\u00e3o \u00e0 Revitaliza\u00e7\u00e3o dos L\u00e1bios.<\/p><p>2- Revis\u00e3o dos conceitos b\u00e1sicos (Anatomia dos L\u00e1bios, Tons de Pele e<br \/>Teoria da Cor) e equipamento.<\/p><p>3- A T\u00e9cnica. Passo a passo.<\/p><p>4- Protocolo. Cuidados posteriores.<\/p><p><b>Dia 1 (Tarde) &#8211; Pr\u00e1tica da revitaliza\u00e7\u00e3o dos l\u00e1bios em<br \/>Modelos<\/b><\/p><p>Neste m\u00f3dulo, os conceitos te\u00f3ricos ser\u00e3o aplicados em<br \/>num ambiente pr\u00e1tico.<\/p><p>1- Praticar a t\u00e9cnica num modelo (formandos e formador).<br \/>Na parte pr\u00e1tica, cada aluno praticar\u00e1 num modelo real.<\/p><p>2- Atribui\u00e7\u00e3o de certificados de participa\u00e7\u00e3o.<\/p><p><b>Objectivos da forma\u00e7\u00e3o<\/b><\/p><p>A forma\u00e7\u00e3o divide-se em dois tipos de objectivos:<\/p><p><b>Objectivos gerais<\/b><\/p><p>Este workshop tem como objetivo fornecer aos participantes os<br \/>conhecimentos te\u00f3ricos e pr\u00e1ticos necess\u00e1rios \u00e0 correcta aplica\u00e7\u00e3o da t\u00e9cnica de Revitaliza\u00e7\u00e3o<br \/>Revitaliza\u00e7\u00e3o dos L\u00e1bios.<\/p><p><b>Objectivos Espec\u00edficos<\/b><\/p><p>No final da sess\u00e3o, o formando dever\u00e1 ser capaz de<\/p><p>&#8211; Elaborar um plano de tratamento de Revitaliza\u00e7\u00e3o dos L\u00e1bios<\/p><p>&#8211; Reconhecer as formas de preven\u00e7\u00e3o de les\u00f5es na pr\u00e1tica da Revitaliza\u00e7\u00e3o<br \/>de Revitaliza\u00e7\u00e3o dos L\u00e1bios.<\/p><p>&#8211; Reconhecer os diferentes equipamentos, pigmentos e utens\u00edlios<br \/>necess\u00e1rios para a execu\u00e7\u00e3o da t\u00e9cnica.<\/p><p>&#8211; Identificar as contra-indica\u00e7\u00f5es dos procedimentos<\/p><p>&#8211; Reconhecer as aplica\u00e7\u00f5es da t\u00e9cnica de Revitaliza\u00e7\u00e3o<br \/>Revitaliza\u00e7\u00e3o dos L\u00e1bios.<\/p><p>&#8211; Reconhecer os potenciais resultados do procedimento e<br \/>aconselhar sobre os cuidados posteriores.<\/p><p>K<b>it (Opcional): N\\A<\/b><\/p>\t\t\t\t\t\t\t\t<\/div>\n\t\t\t\t<\/div>\n\t\t\t\t\t<\/div>\n\t\t<\/div>\n\t\t\t\t\t<\/div>\n\t\t<\/section>\n\t\t\t\t<section class=\"elementor-section elementor-top-section elementor-element elementor-element-33c31ca1 elementor-section-boxed elementor-section-height-default elementor-section-height-default\" data-id=\"33c31ca1\" data-element_type=\"section\" data-e-type=\"section\">\n\t\t\t\t\t\t<div class=\"elementor-container elementor-column-gap-default\">\n\t\t\t\t\t<div class=\"elementor-column elementor-col-100 elementor-top-column elementor-element elementor-element-2669994d\" data-id=\"2669994d\" data-element_type=\"column\" data-e-type=\"column\">\n\t\t\t<div class=\"elementor-widget-wrap elementor-element-populated\">\n\t\t\t\t\t\t<div class=\"elementor-element elementor-element-72f5334a elementor-position-left elementor-vertical-align-middle elementor-widget elementor-widget-image-box\" data-id=\"72f5334a\" data-element_type=\"widget\" data-e-type=\"widget\" data-widget_type=\"image-box.default\">\n\t\t\t\t<div class=\"elementor-widget-container\">\n\t\t\t\t\t<div class=\"elementor-image-box-wrapper\"><figure class=\"elementor-image-box-img\"><img decoding=\"async\" src=\"http:\/\/remakeupacademy-com-628954.hostingersite.com\/wp-content\/uploads\/2024\/03\/RemakeUp108-scaled.jpg\" title=\"\" alt=\"\" loading=\"lazy\" \/><\/figure><div class=\"elementor-image-box-content\"><h3 class=\"elementor-image-box-title\">O TEU FORMADOR - CRISTINA BERNARDINO<br><\/h3><p class=\"elementor-image-box-description\">Permita-nos apresentar-lhe a nossa estimada Master em Est\u00e9tica Avan\u00e7ada, Equipamento Est\u00e9tico aplicado \u00e0 Est\u00e9tica Avan\u00e7ada, Laser e Micropigmenta\u00e7\u00e3o. Com uma prol\u00edfica experi\u00eancia de 15 anos como formadora no Reino Unido e em Portugal, \u00e9 uma refer\u00eancia na sua \u00e1rea. Recebeu v\u00e1rios pr\u00e9mios internacionais como profissional e a sua maior paix\u00e3o \u00e9 ajudar os outros a progredir nas suas carreiras. Fluentemente bilingue, as suas compet\u00eancias pedag\u00f3gicas estendem-se tanto ao ingl\u00eas como ao portugu\u00eas. Em 2015, criou a RemakeUp Academy no Reino Unido, um testemunho da sua lideran\u00e7a. Em 2021, expandiu o seu alcance para Portugal, o que lhe permitiu estabelecer uma ponte perfeita entre culturas. Tem um talento excecional para estabelecer rela\u00e7\u00f5es duradouras. A sua forma\u00e7\u00e3o profissional prov\u00e9m da prestigiada Sorisa, SA. - Escola de Est\u00e9tica e Especializa\u00e7\u00e3o Profissional, onde obteve a sua certifica\u00e7\u00e3o como Esteticista-Cosmetologista, com m\u00faltiplos cursos de est\u00e9tica avan\u00e7ada e micropigmenta\u00e7\u00e3o com formadores de n\u00edvel mundial. \u00c9 tamb\u00e9m formadora certificada (CAP) pela Training House, Lda. Como vision\u00e1ria por detr\u00e1s da RemakeUp Academy no Reino Unido e em Portugal, tornou-se uma figura de destaque no campo da forma\u00e7\u00e3o em micropigmenta\u00e7\u00e3o. Orgulhosamente representante da conceituada marca Tina Davies em Portugal e no Reino Unido (Esc\u00f3cia), o seu empenho em proporcionar forma\u00e7\u00e3o presencial e \u00e0 dist\u00e2ncia garante o acesso \u00e0s mais recentes pr\u00e1ticas e t\u00e9cnicas. N\u00e3o perca esta oportunidade \u00fanica de se juntar a esta profissional excecional no nosso curso. Liberte o seu potencial e domine os meandros desta t\u00e9cnica, guiado pela mestria, experi\u00eancia e paix\u00e3o de algu\u00e9m com mais de 20 anos no sector. Entre em contacto hoje para garantir o seu lugar.<\/p><\/div><\/div>\t\t\t\t<\/div>\n\t\t\t\t<\/div>\n\t\t\t\t\t<\/div>\n\t\t<\/div>\n\t\t\t\t\t<\/div>\n\t\t<\/section>\n\t\t\t\t<section class=\"elementor-section elementor-top-section elementor-element elementor-element-426660ef elementor-section-boxed elementor-section-height-default elementor-section-height-default\" data-id=\"426660ef\" data-element_type=\"section\" data-e-type=\"section\">\n\t\t\t\t\t\t<div class=\"elementor-container elementor-column-gap-default\">\n\t\t\t\t\t<div class=\"elementor-column elementor-col-100 elementor-top-column elementor-element elementor-element-502bb836\" data-id=\"502bb836\" data-element_type=\"column\" data-e-type=\"column\">\n\t\t\t<div class=\"elementor-widget-wrap elementor-element-populated\">\n\t\t\t\t\t\t<div class=\"elementor-element elementor-element-5b0603cf elementor-button-info elementor-align-center elementor-widget elementor-widget-button\" data-id=\"5b0603cf\" data-element_type=\"widget\" data-e-type=\"widget\" data-widget_type=\"button.default\">\n\t\t\t\t<div class=\"elementor-widget-container\">\n\t\t\t\t\t\t\t\t\t<div class=\"elementor-button-wrapper\">\n\t\t\t\t\t<a class=\"elementor-button elementor-button-link elementor-size-sm\" href=\"https:\/\/www.paypal.com\/ncp\/payment\/NW4P7JUJ8NQPA\" target=\"_blank\">\n\t\t\t\t\t\t<span class=\"elementor-button-content-wrapper\">\n\t\t\t\t\t\t\t\t\t<span class=\"elementor-button-text\">reserva o teu lugar aqui!<\/span>\n\t\t\t\t\t<\/span>\n\t\t\t\t\t<\/a>\n\t\t\t\t<\/div>\n\t\t\t\t\t\t\t\t<\/div>\n\t\t\t\t<\/div>\n\t\t\t\t\t<\/div>\n\t\t<\/div>\n\t\t\t\t\t<\/div>\n\t\t<\/section>\n\t\t\t\t<section class=\"elementor-section elementor-top-section elementor-element elementor-element-1dccd926 elementor-section-boxed elementor-section-height-default elementor-section-height-default\" data-id=\"1dccd926\" data-element_type=\"section\" data-e-type=\"section\">\n\t\t\t\t\t\t<div class=\"elementor-container elementor-column-gap-default\">\n\t\t\t\t\t<div class=\"elementor-column elementor-col-100 elementor-top-column elementor-element elementor-element-8d6a53b\" data-id=\"8d6a53b\" data-element_type=\"column\" data-e-type=\"column\">\n\t\t\t<div class=\"elementor-widget-wrap\">\n\t\t\t\t\t\t\t<\/div>\n\t\t<\/div>\n\t\t\t\t\t<\/div>\n\t\t<\/section>\n\t\t\t\t<\/div>","protected":false},"excerpt":{"rendered":"<p>REVItaliza\u00c7\u00c3O labial DURA\u00c7\u00c3O: 8\u00a0HORAS PRE\u00c7O:\u00a0250\u20ac reserva o teu lugar aqui! Estrutura do Curso Pr\u00e9-requisitos Boa vis\u00e3o; Boa destreza manual e m\u00e3os firmes; Profissionais da \u00e1rea da<span class=\"excerpt-hellip\"> [\u2026]<\/span><\/p>\n","protected":false},"author":1,"featured_media":0,"parent":0,"menu_order":0,"comment_status":"closed","ping_status":"closed","template":"","meta":{"footnotes":""},"class_list":["post-14424","page","type-page","status-publish","hentry"],"_links":{"self":[{"href":"https:\/\/remakeupacademy.com\/en\/wp-json\/wp\/v2\/pages\/14424","targetHints":{"allow":["GET"]}}],"collection":[{"href":"https:\/\/remakeupacademy.com\/en\/wp-json\/wp\/v2\/pages"}],"about":[{"href":"https:\/\/remakeupacademy.com\/en\/wp-json\/wp\/v2\/types\/page"}],"author":[{"embeddable":true,"href":"https:\/\/remakeupacademy.com\/en\/wp-json\/wp\/v2\/users\/1"}],"replies":[{"embeddable":true,"href":"https:\/\/remakeupacademy.com\/en\/wp-json\/wp\/v2\/comments?post=14424"}],"version-history":[{"count":0,"href":"https:\/\/remakeupacademy.com\/en\/wp-json\/wp\/v2\/pages\/14424\/revisions"}],"wp:attachment":[{"href":"https:\/\/remakeupacademy.com\/en\/wp-json\/wp\/v2\/media?parent=14424"}],"curies":[{"name":"wp","href":"https:\/\/api.w.org\/{rel}","templated":true}]}}