{"id":15431,"date":"2020-09-01T00:21:46","date_gmt":"2020-09-01T00:21:46","guid":{"rendered":"https:\/?page_id=15431"},"modified":"2020-09-01T00:21:46","modified_gmt":"2020-09-01T00:21:46","slug":"microneedlig-pt","status":"publish","type":"page","link":"https:\/\/remakeupacademy.com\/en\/microneedlig-pt\/","title":{"rendered":"Microneedlig Pt"},"content":{"rendered":"<div data-elementor-type=\"wp-page\" data-elementor-id=\"15431\" class=\"elementor elementor-15431\">\n\t\t\t\t\t\t<section class=\"elementor-section elementor-top-section elementor-element elementor-element-84832ba elementor-section-boxed elementor-section-height-default elementor-section-height-default\" data-id=\"84832ba\" data-element_type=\"section\" data-e-type=\"section\">\n\t\t\t\t\t\t<div class=\"elementor-container elementor-column-gap-default\">\n\t\t\t\t\t<div class=\"elementor-column elementor-col-100 elementor-top-column elementor-element elementor-element-29fce49\" data-id=\"29fce49\" data-element_type=\"column\" data-e-type=\"column\">\n\t\t\t<div class=\"elementor-widget-wrap\">\n\t\t\t\t\t\t\t<\/div>\n\t\t<\/div>\n\t\t\t\t\t<\/div>\n\t\t<\/section>\n\t\t\t\t<section class=\"elementor-section elementor-top-section elementor-element elementor-element-46cefc6 elementor-section-stretched elementor-section-boxed elementor-section-height-default elementor-section-height-default\" data-id=\"46cefc6\" data-element_type=\"section\" data-e-type=\"section\" data-settings=\"{&quot;stretch_section&quot;:&quot;section-stretched&quot;}\">\n\t\t\t\t\t\t<div class=\"elementor-container elementor-column-gap-default\">\n\t\t\t\t\t<div class=\"elementor-column elementor-col-50 elementor-top-column elementor-element elementor-element-bee00d4\" data-id=\"bee00d4\" data-element_type=\"column\" data-e-type=\"column\">\n\t\t\t<div class=\"elementor-widget-wrap elementor-element-populated\">\n\t\t\t\t\t\t<div class=\"elementor-element elementor-element-ceefb85 elementor-widget elementor-widget-text-editor\" data-id=\"ceefb85\" data-element_type=\"widget\" data-e-type=\"widget\" data-widget_type=\"text-editor.default\">\n\t\t\t\t<div class=\"elementor-widget-container\">\n\t\t\t\t\t\t\t\t\t<p>The\u00a0<span style=\"font-weight: bolder;\"><em>Microneedling<\/em><\/span>\u00a0(tamb\u00e9m conhecido como <b>terapia de indu\u00e7\u00e3o de colag\u00e9nio<\/b>) envolve a utiliza\u00e7\u00e3o de agulhas finas para criar centenas de feridas min\u00fasculas e invis\u00edveis na camada superior da pele.<\/p><p>Este tratamento minimamente invasivo \u00e9 praticamente indolor e incrivelmente eficaz.<\/p><h2>B<b>enef\u00edcios do Microneedling<\/b><\/h2><p>As micro-les\u00f5es criadas estimulam os processos naturais de cicatriza\u00e7\u00e3o do corpo, resultando na renova\u00e7\u00e3o das c\u00e9lulas e no aumento da produ\u00e7\u00e3o de colag\u00e9nio e elastina, que s\u00e3o a chave para uma pele nova e de aspeto jovem, invertendo e prevenindo assim os sinais de envelhecimento, melhorando o aspecto de esterias e rugas.<\/p><p>The <b>Microneedling<\/b> utiliza um dispositivo por norma conhecido como Dermapen, o tratamento \u00e9 <b>seguro<\/b> e n\u00e3o requer a implanta\u00e7\u00e3o de nada na pele, podendo, se desejado, ser <b>complementado<\/b> com tratamentos adequados com recurso a <b>cosmetologia<\/b>.\u00a0<span style=\"font-size: 1rem;\">Funciona exatamente com o mesmo princ\u00edpio que muitas outras t\u00e9cnicas de agulhamento a seco.<\/span><\/p><p>Esta t\u00e9cnica simples \u00e9 o tratamento mais eficaz para as cicatrizes, estrias e rugas. \u00c9 precisa e direcionada e n\u00e3o causa traumas desnecess\u00e1rios nas partes n\u00e3o afectadas da pele. Pode ser aplicado no rosto ou no corpo.<\/p><p>O resultado do<b> Microneedling<\/b> antes e depois \u00e9 \u00fanico. Venha aprender com uma profissional com mais <span style=\"font-size: 1rem;\">de 20 Anos de experi\u00eancia internacional, com alguns dos melhores cirurgi\u00f5es pl\u00e1sticos do Reino Unido.<\/span><\/p><p>Complemente a sua oferta de tratamentos e potencie o seu rendimento exponencialmente.<\/p>\t\t\t\t\t\t\t\t<\/div>\n\t\t\t\t<\/div>\n\t\t\t\t<div class=\"elementor-element elementor-element-cf36cd4 elementor-align-center elementor-widget elementor-widget-button\" data-id=\"cf36cd4\" data-element_type=\"widget\" data-e-type=\"widget\" data-widget_type=\"button.default\">\n\t\t\t\t<div class=\"elementor-widget-container\">\n\t\t\t\t\t\t\t\t\t<div class=\"elementor-button-wrapper\">\n\t\t\t\t\t<a class=\"elementor-button elementor-size-sm\" role=\"button\">\n\t\t\t\t\t\t<span class=\"elementor-button-content-wrapper\">\n\t\t\t\t\t\t\t\t\t<span class=\"elementor-button-text\">Reserve Ja o seu Lugar<\/span>\n\t\t\t\t\t<\/span>\n\t\t\t\t\t<\/a>\n\t\t\t\t<\/div>\n\t\t\t\t\t\t\t\t<\/div>\n\t\t\t\t<\/div>\n\t\t\t\t\t<\/div>\n\t\t<\/div>\n\t\t\t\t<div class=\"elementor-column elementor-col-50 elementor-top-column elementor-element elementor-element-5f1e574\" data-id=\"5f1e574\" data-element_type=\"column\" data-e-type=\"column\">\n\t\t\t<div class=\"elementor-widget-wrap elementor-element-populated\">\n\t\t\t\t\t\t<div class=\"elementor-element elementor-element-ede8aef elementor-widget elementor-widget-image\" data-id=\"ede8aef\" data-element_type=\"widget\" data-e-type=\"widget\" data-widget_type=\"image.default\">\n\t\t\t\t<div class=\"elementor-widget-container\">\n\t\t\t\t\t\t\t\t\t\t\t\t\t\t\t<img fetchpriority=\"high\" decoding=\"async\" width=\"640\" height=\"640\" src=\"https:\/\/remakeupacademy.com\/wp-content\/uploads\/2020\/08\/32388904_968729463306219_3692390561261551616_n.jpg\" class=\"attachment-large size-large wp-image-9577\" alt=\"Dermapen\" srcset=\"https:\/\/remakeupacademy.com\/wp-content\/uploads\/2020\/08\/32388904_968729463306219_3692390561261551616_n.jpg 640w, https:\/\/remakeupacademy.com\/wp-content\/uploads\/2020\/08\/32388904_968729463306219_3692390561261551616_n-500x500.jpg 500w, https:\/\/remakeupacademy.com\/wp-content\/uploads\/2020\/08\/32388904_968729463306219_3692390561261551616_n-300x300.jpg 300w, https:\/\/remakeupacademy.com\/wp-content\/uploads\/2020\/08\/32388904_968729463306219_3692390561261551616_n-150x150.jpg 150w, https:\/\/remakeupacademy.com\/wp-content\/uploads\/2020\/08\/32388904_968729463306219_3692390561261551616_n-75x75.jpg 75w, https:\/\/remakeupacademy.com\/wp-content\/uploads\/2020\/08\/32388904_968729463306219_3692390561261551616_n-480x480.jpg 480w\" sizes=\"(max-width:767px) 480px, 640px\" \/>\t\t\t\t\t\t\t\t\t\t\t\t\t\t\t<\/div>\n\t\t\t\t<\/div>\n\t\t\t\t\t<\/div>\n\t\t<\/div>\n\t\t\t\t\t<\/div>\n\t\t<\/section>\n\t\t\t\t<section class=\"elementor-section elementor-top-section elementor-element elementor-element-474b8d2 elementor-section-boxed elementor-section-height-default elementor-section-height-default\" data-id=\"474b8d2\" data-element_type=\"section\" data-e-type=\"section\">\n\t\t\t\t\t\t<div class=\"elementor-container elementor-column-gap-default\">\n\t\t\t\t\t<div class=\"elementor-column elementor-col-100 elementor-top-column elementor-element elementor-element-e0b091c\" data-id=\"e0b091c\" data-element_type=\"column\" data-e-type=\"column\">\n\t\t\t<div class=\"elementor-widget-wrap\">\n\t\t\t\t\t\t\t<\/div>\n\t\t<\/div>\n\t\t\t\t\t<\/div>\n\t\t<\/section>\n\t\t\t\t<\/div>","protected":false},"excerpt":{"rendered":"<p>O\u00a0Microneedling\u00a0(tamb\u00e9m conhecido como terapia de indu\u00e7\u00e3o de colag\u00e9nio) envolve a utiliza\u00e7\u00e3o de agulhas finas para criar centenas de feridas min\u00fasculas e invis\u00edveis na camada superior da<span class=\"excerpt-hellip\"> [\u2026]<\/span><\/p>\n","protected":false},"author":1,"featured_media":0,"parent":0,"menu_order":0,"comment_status":"closed","ping_status":"closed","template":"","meta":{"footnotes":""},"class_list":["post-15431","page","type-page","status-publish","hentry"],"_links":{"self":[{"href":"https:\/\/remakeupacademy.com\/en\/wp-json\/wp\/v2\/pages\/15431","targetHints":{"allow":["GET"]}}],"collection":[{"href":"https:\/\/remakeupacademy.com\/en\/wp-json\/wp\/v2\/pages"}],"about":[{"href":"https:\/\/remakeupacademy.com\/en\/wp-json\/wp\/v2\/types\/page"}],"author":[{"embeddable":true,"href":"https:\/\/remakeupacademy.com\/en\/wp-json\/wp\/v2\/users\/1"}],"replies":[{"embeddable":true,"href":"https:\/\/remakeupacademy.com\/en\/wp-json\/wp\/v2\/comments?post=15431"}],"version-history":[{"count":0,"href":"https:\/\/remakeupacademy.com\/en\/wp-json\/wp\/v2\/pages\/15431\/revisions"}],"wp:attachment":[{"href":"https:\/\/remakeupacademy.com\/en\/wp-json\/wp\/v2\/media?parent=15431"}],"curies":[{"name":"wp","href":"https:\/\/api.w.org\/{rel}","templated":true}]}}