{"id":15475,"date":"2024-03-27T19:08:50","date_gmt":"2024-03-27T19:08:50","guid":{"rendered":"https:\/pt\/master-hifu-pt-2\/"},"modified":"2024-03-27T19:08:50","modified_gmt":"2024-03-27T19:08:50","slug":"master-hifu-pt-2","status":"publish","type":"page","link":"https:\/\/remakeupacademy.com\/en\/master-hifu-pt-2\/","title":{"rendered":"Microagulhamento PT"},"content":{"rendered":"<div data-elementor-type=\"wp-page\" data-elementor-id=\"15475\" class=\"elementor elementor-15475\">\n\t\t\t\t\t\t<section class=\"elementor-section elementor-top-section elementor-element elementor-element-49d6c291 elementor-section-boxed elementor-section-height-default elementor-section-height-default\" data-id=\"49d6c291\" data-element_type=\"section\" data-e-type=\"section\">\n\t\t\t\t\t\t<div class=\"elementor-container elementor-column-gap-default\">\n\t\t\t\t\t<div class=\"elementor-column elementor-col-66 elementor-top-column elementor-element elementor-element-db12751\" data-id=\"db12751\" data-element_type=\"column\" data-e-type=\"column\">\n\t\t\t<div class=\"elementor-widget-wrap elementor-element-populated\">\n\t\t\t\t\t\t<div class=\"elementor-element elementor-element-4b92ac1a elementor-widget elementor-widget-image\" data-id=\"4b92ac1a\" data-element_type=\"widget\" data-e-type=\"widget\" data-widget_type=\"image.default\">\n\t\t\t\t<div class=\"elementor-widget-container\">\n\t\t\t\t\t\t\t\t\t\t\t\t\t\t\t<img decoding=\"async\" src=\"http:\/\/remakeupacademy-com-628954.hostingersite.com\/wp-content\/uploads\/2025\/01\/micro2.png\" title=\"\" alt=\"\" loading=\"lazy\" \/>\t\t\t\t\t\t\t\t\t\t\t\t\t\t\t<\/div>\n\t\t\t\t<\/div>\n\t\t\t\t<div class=\"elementor-element elementor-element-e493029 elementor-widget elementor-widget-heading\" data-id=\"e493029\" data-element_type=\"widget\" data-e-type=\"widget\" data-widget_type=\"heading.default\">\n\t\t\t\t<div class=\"elementor-widget-container\">\n\t\t\t\t\t<h2 class=\"elementor-heading-title elementor-size-default\">Revolucione a sua Carreira! <img decoding=\"async\" role=\"img\" class=\"emoji\" alt=\"\ud83c\udf93\" src=\"https:\/\/s.w.org\/images\/core\/emoji\/14.0.0\/svg\/1f393.svg\"><\/h2>\t\t\t\t<\/div>\n\t\t\t\t<\/div>\n\t\t\t\t<div class=\"elementor-element elementor-element-40cc06d elementor-widget elementor-widget-text-editor\" data-id=\"40cc06d\" data-element_type=\"widget\" data-e-type=\"widget\" data-widget_type=\"text-editor.default\">\n\t\t\t\t<div class=\"elementor-widget-container\">\n\t\t\t\t\t\t\t\t\t<p>D\u00ea um passo em frente na sua carreira com a nossa forma\u00e7\u00e3o especializada em <strong>MICROAGULHAMENTO<\/strong>.<br \/>Esta t\u00e9cnica \u00e9 o segredo por tr\u00e1s de alguns dos tratamentos faciais e corporais mais procurados!<\/p><p><img decoding=\"async\" class=\"emoji\" role=\"img\" draggable=\"false\" src=\"https:\/\/s.w.org\/images\/core\/emoji\/14.0.0\/svg\/1f31f.svg\" alt=\"\ud83c\udf1f\" \/> <strong>What you&#039;ll learn:<\/strong><\/p><p>\u00a0\u00a0\u00a0\u00a0\u00a0\u00a0\u00a0 \u2022\u00a0\u00a0\u00a0\u00a0\u00a0\u00a0 Princ\u00edpios do Microagulhamento: Entenda como esta tecnologia avan\u00e7ada estimula a produ\u00e7\u00e3o de col\u00e1geno e elastina.<br \/>\u00a0\u00a0\u00a0\u00a0\u00a0\u00a0\u00a0 \u2022\u00a0\u00a0\u00a0\u00a0\u00a0\u00a0 Aplica\u00e7\u00f5es Pr\u00e1ticas: T\u00e9cnicas para rejuvenescimento facial, tratamento de estrias e cicatrizes.<br \/>\u00a0\u00a0\u00a0\u00a0\u00a0\u00a0\u00a0 \u2022\u00a0\u00a0\u00a0\u00a0\u00a0\u00a0 Seguran\u00e7a e Cuidados: Dicas essenciais para garantir resultados eficazes e seguros para seus clientes.<\/p><p><img decoding=\"async\" class=\"emoji\" role=\"img\" draggable=\"false\" src=\"https:\/\/s.w.org\/images\/core\/emoji\/14.0.0\/svg\/1f469-200d-1f3eb.svg\" alt=\"\ud83d\udc69\u200d\ud83c\udfeb\" \/> <strong>Para quem \u00e9 essa forma\u00e7\u00e3o:<\/strong><br \/>Profissionais de sa\u00fade e est\u00e9tica avan\u00e7ada que desejam uma especializa\u00e7\u00e3o em tratamentos est\u00e9ticos de alta tecnologia.<\/p><p><img decoding=\"async\" class=\"emoji\" role=\"img\" draggable=\"false\" src=\"https:\/\/s.w.org\/images\/core\/emoji\/14.0.0\/svg\/1f4c5.svg\" alt=\"\ud83d\udcc5\" \/> Data: 14 e 15\/02\/25\u00a0 \u00a0<br \/><img decoding=\"async\" class=\"emoji\" role=\"img\" draggable=\"false\" src=\"https:\/\/s.w.org\/images\/core\/emoji\/14.0.0\/svg\/1f4cd.svg\" alt=\"\ud83d\udccd\" \/> Local: Albufeira\u00a0 \u00a0\u00a0<\/p><p><img decoding=\"async\" class=\"emoji\" style=\"background-color: #ffffff; background-image: none !important;\" role=\"img\" draggable=\"false\" src=\"https:\/\/s.w.org\/images\/core\/emoji\/14.0.0\/svg\/1f4c5.svg\" alt=\"\ud83d\udcc5\" \/>\u00a0Data: 24 e 25\/03\/25\u00a0<br \/><img decoding=\"async\" class=\"emoji\" style=\"background-color: #ffffff; background-image: none !important;\" role=\"img\" draggable=\"false\" src=\"https:\/\/s.w.org\/images\/core\/emoji\/14.0.0\/svg\/1f4cd.svg\" alt=\"\ud83d\udccd\" \/>\u00a0Local: LeiriaMicro<\/p>\t\t\t\t\t\t\t\t<\/div>\n\t\t\t\t<\/div>\n\t\t\t\t\t<\/div>\n\t\t<\/div>\n\t\t\t\t<div class=\"elementor-column elementor-col-33 elementor-top-column elementor-element elementor-element-60f0a295\" data-id=\"60f0a295\" data-element_type=\"column\" data-e-type=\"column\">\n\t\t\t<div class=\"elementor-widget-wrap elementor-element-populated\">\n\t\t\t\t\t\t<div class=\"elementor-element elementor-element-584a6aa6 elementor-widget elementor-widget-heading\" data-id=\"584a6aa6\" data-element_type=\"widget\" data-e-type=\"widget\" data-widget_type=\"heading.default\">\n\t\t\t\t<div class=\"elementor-widget-container\">\n\t\t\t\t\t<h2 class=\"elementor-heading-title elementor-size-default\">Forma\u00e7\u00e3o\nAvan\u00e7ada em Microagulhamento para Recupera\u00e7\u00e3o Tecidular <\/h2>\t\t\t\t<\/div>\n\t\t\t\t<\/div>\n\t\t\t\t<div class=\"elementor-element elementor-element-871530e elementor-widget elementor-widget-text-editor\" data-id=\"871530e\" data-element_type=\"widget\" data-e-type=\"widget\" data-widget_type=\"text-editor.default\">\n\t\t\t\t<div class=\"elementor-widget-container\">\n\t\t\t\t\t\t\t\t\t<p>Dura\u00e7\u00e3o:\u00a0<\/p><p>16 Horas<\/p><p>Pre\u00c7o:\u00a0<\/p><p>350\u20ac\u00a0<\/p><p>\u00a0<\/p><p>\u00a0<\/p>\t\t\t\t\t\t\t\t<\/div>\n\t\t\t\t<\/div>\n\t\t\t\t<div class=\"elementor-element elementor-element-430699e9 elementor-button-info elementor-align-center elementor-widget elementor-widget-button\" data-id=\"430699e9\" data-element_type=\"widget\" data-e-type=\"widget\" data-widget_type=\"button.default\">\n\t\t\t\t<div class=\"elementor-widget-container\">\n\t\t\t\t\t\t\t\t\t<div class=\"elementor-button-wrapper\">\n\t\t\t\t\t<a class=\"elementor-button elementor-button-link elementor-size-sm\" href=\"https:\/\/www.paypal.com\/ncp\/payment\/NW4P7JUJ8NQPA\" target=\"_blank\">\n\t\t\t\t\t\t<span class=\"elementor-button-content-wrapper\">\n\t\t\t\t\t\t\t\t\t<span class=\"elementor-button-text\">reserva o teu lugar aqui!<\/span>\n\t\t\t\t\t<\/span>\n\t\t\t\t\t<\/a>\n\t\t\t\t<\/div>\n\t\t\t\t\t\t\t\t<\/div>\n\t\t\t\t<\/div>\n\t\t\t\t\t<\/div>\n\t\t<\/div>\n\t\t\t\t\t<\/div>\n\t\t<\/section>\n\t\t\t\t<section class=\"elementor-section elementor-top-section elementor-element elementor-element-7bb6e898 elementor-section-boxed elementor-section-height-default elementor-section-height-default\" data-id=\"7bb6e898\" data-element_type=\"section\" data-e-type=\"section\">\n\t\t\t\t\t\t<div class=\"elementor-container elementor-column-gap-default\">\n\t\t\t\t\t<div class=\"elementor-column elementor-col-100 elementor-top-column elementor-element elementor-element-4fd7aa8e\" data-id=\"4fd7aa8e\" data-element_type=\"column\" data-e-type=\"column\">\n\t\t\t<div class=\"elementor-widget-wrap elementor-element-populated\">\n\t\t\t\t\t\t<div class=\"elementor-element elementor-element-6e179817 elementor-widget elementor-widget-heading\" data-id=\"6e179817\" data-element_type=\"widget\" data-e-type=\"widget\" data-widget_type=\"heading.default\">\n\t\t\t\t<div class=\"elementor-widget-container\">\n\t\t\t\t\t<h2 class=\"elementor-heading-title elementor-size-default\">Estrutura do Curso<\/h2>\t\t\t\t<\/div>\n\t\t\t\t<\/div>\n\t\t\t\t<div class=\"elementor-element elementor-element-365759e7 elementor-widget elementor-widget-text-editor\" data-id=\"365759e7\" data-element_type=\"widget\" data-e-type=\"widget\" data-widget_type=\"text-editor.default\">\n\t\t\t\t<div class=\"elementor-widget-container\">\n\t\t\t\t\t\t\t\t\t<p><b><span lang=\"PT\">Pr\u00e9-Requisitos<\/span><\/b><\/p>\n<p><span lang=\"PT\">Boa vis\u00e3o;<\/span><\/p>\n<p><span lang=\"PT\">Boa habilidade manual e firmeza nas m\u00e3os;<\/span><\/p>\n<p><span lang=\"PT\">Profissionais de sa\u00fade e est\u00e9tica avan\u00e7ada.<\/span><\/p>\n<p><b><span lang=\"PT\">P\u00fablico alvo<\/span><\/b><\/p>\n<p><span lang=\"PT\">Profissionaisde sa\u00fade e est\u00e9tica avan\u00e7ada (empregados e desempregados) com idade igual ou superior a 18 anos.<\/span><\/p>\n<p>Fisioterapeutas dermatofuncionais e outros especialistas que queiram expandir os seus conhecimentos em t\u00e9cnicas de microagulhamento.<\/p>\n<p>Ideal para quem deseja oferecer tratamentos personalizados e seguros com alta efic\u00e1cia.&nbsp;<\/p>\n<p>It should be noted that all of the courses that are offered by the RemakeUp the Academy, and its partners, which include a broad approach concerning the legal constraints related to the performance of the jobs for which our learners are being trained. However, it is their responsibility to ensure that you meet all of the requirements for the practice of the same.<\/p>\n<p><b><span lang=\"PT\">Conte\u00fado program\u00e1tico:<\/span><\/b><\/p>\n<p><b><span lang=\"PT\">Dia 1 Manh\u00e3 \u2013 Introdu\u00e7\u00e3o ao Microagulhamento.<\/span><\/b><\/p>\n<p><span lang=\"PT\">O per\u00edodo da manh\u00e3 ser\u00e1 estruturado da seguinte forma:<\/span><\/p>\n<p>Microagulhamento para Rosto<\/p>\n<p>Neste m\u00f3dulo ser\u00e3o apresentados os seguintes t\u00f3picos e seguida a estrutura apresentada:<br>Foco na recupera\u00e7\u00e3o tecidual e rejuvenescimento facial.<br>Conte\u00fado Program\u00e1tico:<\/p>\n<p>\u2022 Introdu\u00e7\u00e3o ao microagulhamento: conceitos, indica\u00e7\u00f5es e contraindica\u00e7\u00f5es.<br>\u2022 Anatomia e fisiologia da pele.<br>\u2022 Protocolos espec\u00edficos para:<br>\u2022 Redu\u00e7\u00e3o de linhas finas e rugas.<br>\u2022 Tratamento de manchas e melasma.<br>\u2022 Rejuvenescimento global da pele.<br>\u2022 T\u00e9cnicas de aplica\u00e7\u00e3o: <br>\u00e1reas sens\u00edveis e ajustes de profundidade.<br>\u2022 Combina\u00e7\u00e3o com ativos dermocosm\u00e9ticos para melhores resultados.<br>\u2022 Cuidados pr\u00e9 e p\u00f3s-tratamento no rosto.<\/p>\n<p><span style=\"font-weight: bold;\"><span lang=\"PT\">Dia 1 Tarde \u2013 Introdu\u00e7\u00e3o ao Microagulhamento.<\/span><\/span><\/p>\n<p><span lang=\"PT\">O per\u00edodo da tarde ser\u00e1 estruturado da seguinte forma:<\/span><\/p>\n<p><span style=\"font-family: var( --e-global-typography-5a4d705-font-family ), Sans-serif; font-size: var( --e-global-typography-5a4d705-font-size ); font-weight: var( --e-global-typography-5a4d705-font-weight ); letter-spacing: var( --e-global-typography-5a4d705-letter-spacing );\">Microagulhamento para o Corpo<\/span><\/p>\n<p>Protocolos para melhorar a textura e qualidade da pele corporal.<br>Conte\u00fado Program\u00e1tico:<\/p>\n<p>\u2022 Anatomia da pele corporal<br>\u2022 Indica\u00e7\u00f5es espec\u00edficas para o microagulhamento corporal:<br>\u2022 Tratamento de estrias.<br>\u2022 Melhora da flacidez em regi\u00f5es como abd\u00f4men, coxas e bra\u00e7os.<br>\u2022 Redu\u00e7\u00e3o de cicatrizes.<br>\u2022 Uniformiza\u00e7\u00e3o de \u00e1reas escurecidas (hiperpigmenta\u00e7\u00e3o).<br>\u2022 Ajustes de t\u00e9cnica e profundidade para diferentes regi\u00f5es.<br>\u2022 Como potencializar os resultados com princ\u00edpios ativos.<\/p>\n<p><span style=\"font-family: var( --e-global-typography-5a4d705-font-family ), Sans-serif; font-size: var( --e-global-typography-5a4d705-font-size ); font-weight: var( --e-global-typography-5a4d705-font-weight ); letter-spacing: var( --e-global-typography-5a4d705-letter-spacing );\">\u2022 Cuidados pr\u00e9 e p\u00f3s-tratamento no corpo.<\/span><\/p>\n<p><b style=\"font-family: var( --e-global-typography-5a4d705-font-family ), Sans-serif; font-size: var( --e-global-typography-5a4d705-font-size ); letter-spacing: var( --e-global-typography-5a4d705-letter-spacing );\"><span lang=\"PT\">Dia 2<\/span><\/b><span style=\"font-family: var( --e-global-typography-5a4d705-font-family ), Sans-serif; font-size: var( --e-global-typography-5a4d705-font-size ); letter-spacing: var( --e-global-typography-5a4d705-letter-spacing ); font-weight: bold;\"><span lang=\"PT\">&nbsp;&#8211;&nbsp;<\/span><\/span><b style=\"font-family: var( --e-global-typography-5a4d705-font-family ), Sans-serif; font-size: var( --e-global-typography-5a4d705-font-size ); letter-spacing: var( --e-global-typography-5a4d705-letter-spacing );\"><span lang=\"PT\">&nbsp;Pr\u00e1tica de&nbsp;<\/span><\/b><span style=\"font-family: var( --e-global-typography-5a4d705-font-family ), Sans-serif; font-size: var( --e-global-typography-5a4d705-font-size ); letter-spacing: var( --e-global-typography-5a4d705-letter-spacing ); font-weight: bold;\"><span lang=\"PT\">Microagulhamento<\/span><\/span><b style=\"font-family: var( --e-global-typography-5a4d705-font-family ), Sans-serif; font-size: var( --e-global-typography-5a4d705-font-size ); letter-spacing: var( --e-global-typography-5a4d705-letter-spacing );\"><span lang=\"PT\">&nbsp;em Modelos.<\/span><\/b><\/p>\n<p><span lang=\"PT\">Neste m\u00f3dulo ser\u00e3o aplicados os conceitos te\u00f3ricos em ambiente pr\u00e1tico.<\/span><\/p>\n<p><span lang=\"PT\">1- Pr\u00e1tica da T\u00e9cnica com modelo (Formandos e Formadora).Na vertente pr\u00e1tica, cada aluno ir\u00e1 praticar em modelo real, devendo demonstrar compet\u00eancias na&nbsp;realiza\u00e7\u00e3o de consulta, aplica\u00e7\u00e3o da t\u00e9cnica e aconselhamento de cuidados ap\u00f3s-sess\u00e3o.<\/span><\/p>\n<p><span lang=\"PT\">2- Entrega de certificados.<\/span><\/p>\n<p><span lang=\"PT\">&nbsp;<\/span><\/p>\n<p><b><span lang=\"PT\">Objetivos da Forma\u00e7\u00e3o<\/span><\/b><\/p>\n<p><span lang=\"PT\">A forma\u00e7\u00e3o divide-se em dois tipos de objetivos:<\/span><\/p>\n<p><b><span lang=\"PT\">Objetivos Gerais<\/span><\/b><\/p>\n<p><span lang=\"PT\">Este curso visa dotar os participantes de conhecimentos te\u00f3ricos e pr\u00e1ticos que<\/span><\/p>\n<p><span lang=\"PT\">permitam fazer o procedimento correto da aplica\u00e7\u00e3o da t\u00e9cnica de microagulhamento ( rosto e corpo )<\/span><\/p>\n<p><b><span lang=\"PT\">Objetivos Espec\u00edficos<\/span><\/b><\/p>\n<p><span lang=\"PT\">No final da forma\u00e7\u00e3o, o\/a formando\/a dever\u00e1 ser capaz de:<\/span><\/p>\n<p><span lang=\"PT\">&#8211; Identificar o tipo de Pele<\/span><\/p>\n<p><span lang=\"PT\">&#8211; Elaborar o Diagn\u00f3stico<\/span><\/p>\n<p><span lang=\"PT\">&#8211; Reconhecer as formas de Preven\u00e7\u00e3o<\/span><\/p>\n<p><span lang=\"PT\">&#8211; Reconhecer os tratamentos de Microagulhamento e forma de atuar<\/span><\/p>\n<p><span lang=\"PT\">&#8211; Reconhecer os Procedimento t\u00e9cnicos<\/span><\/p>\n<p><span lang=\"PT\">&#8211; Identificar as Contra-indica\u00e7\u00f5es<\/span><\/p>\n<p><span lang=\"PT\">&#8211; Reconhecer as Aplica\u00e7\u00f5es<\/span><\/p>\n<p><span lang=\"PT\">&#8211; Reconhecer o Protocolo<\/span><\/p>\n<p>&#8211; Reconhecer o Progn\u00f3stico<\/p>\n<p>Kit (Opcional):<br>&#8211; 1 Dermapen ( valor 125\u20ac )<br>&#8211; 1 Cx de Ampolas 4X5ml ( valor 125\u20ac)<\/p>\t\t\t\t\t\t\t\t<\/div>\n\t\t\t\t<\/div>\n\t\t\t\t\t<\/div>\n\t\t<\/div>\n\t\t\t\t\t<\/div>\n\t\t<\/section>\n\t\t\t\t<section class=\"elementor-section elementor-top-section elementor-element elementor-element-69642721 elementor-section-boxed elementor-section-height-default elementor-section-height-default\" data-id=\"69642721\" data-element_type=\"section\" data-e-type=\"section\">\n\t\t\t\t\t\t<div class=\"elementor-container elementor-column-gap-default\">\n\t\t\t\t\t<div class=\"elementor-column elementor-col-100 elementor-top-column elementor-element elementor-element-400c6e61\" data-id=\"400c6e61\" data-element_type=\"column\" data-e-type=\"column\">\n\t\t\t<div class=\"elementor-widget-wrap elementor-element-populated\">\n\t\t\t\t\t\t<div class=\"elementor-element elementor-element-2d582b6c elementor-position-left elementor-vertical-align-middle elementor-widget elementor-widget-image-box\" data-id=\"2d582b6c\" data-element_type=\"widget\" data-e-type=\"widget\" data-widget_type=\"image-box.default\">\n\t\t\t\t<div class=\"elementor-widget-container\">\n\t\t\t\t\t<div class=\"elementor-image-box-wrapper\"><figure class=\"elementor-image-box-img\"><img decoding=\"async\" src=\"http:\/\/remakeupacademy-com-628954.hostingersite.com\/wp-content\/uploads\/2024\/03\/RemakeUp108-scaled.jpg\" title=\"\" alt=\"\" loading=\"lazy\" \/><\/figure><div class=\"elementor-image-box-content\"><h3 class=\"elementor-image-box-title\"><h3 data-elementor-setting-key=\"title_text\" data-elementor-inline-editing-toolbar=\"none\" data-pen-placeholder=\"Type Here...\" style=\"font-family: var( --e-global-typography-primary-font-family ), Sans-serif;font-weight: var( --e-global-typography-primary-font-weight );font-size: var( --e-global-typography-primary-font-size );text-transform: var( --e-global-typography-primary-text-transform );letter-spacing: var( --e-global-typography-primary-letter-spacing )\">O TEU FORMADOR - CRISTINA BERNARDINO<\/h3><\/h3><p class=\"elementor-image-box-description\"><span>Permita-nos apresentar-lhe a nossa estimada Master em Est\u00e9tica Avan\u00e7ada, Equipamento Est\u00e9tico aplicado \u00e0 Est\u00e9tica Avan\u00e7ada, Laser e Micropigmenta\u00e7\u00e3o. Com uma prol\u00edfica experi\u00eancia de 15 anos como formadora no Reino Unido e em Portugal, \u00e9 uma refer\u00eancia na sua \u00e1rea. Recebeu v\u00e1rios pr\u00e9mios internacionais como profissional e a sua maior paix\u00e3o \u00e9 ajudar os outros a progredir nas suas carreiras. Fluentemente bilingue, as suas compet\u00eancias pedag\u00f3gicas estendem-se tanto ao ingl\u00eas como ao portugu\u00eas. Em 2015, criou a RemakeUp Academy no Reino Unido, um testemunho da sua lideran\u00e7a. Em 2021, expandiu o seu alcance para Portugal, o que lhe permitiu estabelecer uma ponte perfeita entre culturas. Tem um talento excecional para estabelecer rela\u00e7\u00f5es duradouras. A sua forma\u00e7\u00e3o profissional prov\u00e9m da prestigiada Sorisa, SA. - Escola de Est\u00e9tica e Especializa\u00e7\u00e3o Profissional, onde obteve a sua certifica\u00e7\u00e3o como Esteticista-Cosmetologista, com m\u00faltiplos cursos de est\u00e9tica avan\u00e7ada e micropigmenta\u00e7\u00e3o com formadores de n\u00edvel mundial. \u00c9 tamb\u00e9m formadora certificada (CAP) pela Training House, Lda. Como vision\u00e1ria por detr\u00e1s da RemakeUp Academy no Reino Unido e em Portugal, tornou-se uma figura de destaque no campo da forma\u00e7\u00e3o em micropigmenta\u00e7\u00e3o. Orgulhosamente representante da conceituada marca Tina Davies em Portugal e no Reino Unido (Esc\u00f3cia), o seu empenho em proporcionar forma\u00e7\u00e3o presencial e \u00e0 dist\u00e2ncia garante o acesso \u00e0s mais recentes pr\u00e1ticas e t\u00e9cnicas. N\u00e3o perca esta oportunidade \u00fanica de se juntar a esta profissional excecional no nosso curso. Liberte o seu potencial e domine os meandros desta t\u00e9cnica, guiado pela mestria, experi\u00eancia e paix\u00e3o de algu\u00e9m com mais de 20 anos no sector. Entre em contacto hoje para garantir o seu lugar.<\/span><\/p><\/div><\/div>\t\t\t\t<\/div>\n\t\t\t\t<\/div>\n\t\t\t\t\t<\/div>\n\t\t<\/div>\n\t\t\t\t\t<\/div>\n\t\t<\/section>\n\t\t\t\t<section class=\"elementor-section elementor-top-section elementor-element elementor-element-53acf3ce elementor-section-boxed elementor-section-height-default elementor-section-height-default\" data-id=\"53acf3ce\" data-element_type=\"section\" data-e-type=\"section\">\n\t\t\t\t\t\t<div class=\"elementor-container elementor-column-gap-default\">\n\t\t\t\t\t<div class=\"elementor-column elementor-col-100 elementor-top-column elementor-element elementor-element-12d90952\" data-id=\"12d90952\" data-element_type=\"column\" data-e-type=\"column\">\n\t\t\t<div class=\"elementor-widget-wrap elementor-element-populated\">\n\t\t\t\t\t\t<div class=\"elementor-element elementor-element-c118815 elementor-button-info elementor-align-center elementor-widget elementor-widget-button\" data-id=\"c118815\" data-element_type=\"widget\" data-e-type=\"widget\" data-widget_type=\"button.default\">\n\t\t\t\t<div class=\"elementor-widget-container\">\n\t\t\t\t\t\t\t\t\t<div class=\"elementor-button-wrapper\">\n\t\t\t\t\t<a class=\"elementor-button elementor-button-link elementor-size-sm\" href=\"https:\/\/www.paypal.com\/ncp\/payment\/NW4P7JUJ8NQPA\" target=\"_blank\">\n\t\t\t\t\t\t<span class=\"elementor-button-content-wrapper\">\n\t\t\t\t\t\t\t\t\t<span class=\"elementor-button-text\">reserva o teu lugar aqui!<\/span>\n\t\t\t\t\t<\/span>\n\t\t\t\t\t<\/a>\n\t\t\t\t<\/div>\n\t\t\t\t\t\t\t\t<\/div>\n\t\t\t\t<\/div>\n\t\t\t\t\t<\/div>\n\t\t<\/div>\n\t\t\t\t\t<\/div>\n\t\t<\/section>\n\t\t\t\t<section class=\"elementor-section elementor-top-section elementor-element elementor-element-493d8d95 elementor-section-boxed elementor-section-height-default elementor-section-height-default\" data-id=\"493d8d95\" data-element_type=\"section\" data-e-type=\"section\">\n\t\t\t\t\t\t<div class=\"elementor-container elementor-column-gap-default\">\n\t\t\t\t\t<div class=\"elementor-column elementor-col-100 elementor-top-column elementor-element elementor-element-200709b4\" data-id=\"200709b4\" data-element_type=\"column\" data-e-type=\"column\">\n\t\t\t<div class=\"elementor-widget-wrap\">\n\t\t\t\t\t\t\t<\/div>\n\t\t<\/div>\n\t\t\t\t\t<\/div>\n\t\t<\/section>\n\t\t\t\t<\/div>","protected":false},"excerpt":{"rendered":"<p>Revolucione a sua Carreira! D\u00ea um passo em frente na sua carreira com a nossa forma\u00e7\u00e3o especializada em MICROAGULHAMENTO.Esta t\u00e9cnica \u00e9 o segredo por tr\u00e1s de<span class=\"excerpt-hellip\"> [\u2026]<\/span><\/p>\n","protected":false},"author":1,"featured_media":0,"parent":0,"menu_order":0,"comment_status":"closed","ping_status":"closed","template":"","meta":{"footnotes":""},"class_list":["post-15475","page","type-page","status-publish","hentry"],"_links":{"self":[{"href":"https:\/\/remakeupacademy.com\/en\/wp-json\/wp\/v2\/pages\/15475","targetHints":{"allow":["GET"]}}],"collection":[{"href":"https:\/\/remakeupacademy.com\/en\/wp-json\/wp\/v2\/pages"}],"about":[{"href":"https:\/\/remakeupacademy.com\/en\/wp-json\/wp\/v2\/types\/page"}],"author":[{"embeddable":true,"href":"https:\/\/remakeupacademy.com\/en\/wp-json\/wp\/v2\/users\/1"}],"replies":[{"embeddable":true,"href":"https:\/\/remakeupacademy.com\/en\/wp-json\/wp\/v2\/comments?post=15475"}],"version-history":[{"count":0,"href":"https:\/\/remakeupacademy.com\/en\/wp-json\/wp\/v2\/pages\/15475\/revisions"}],"wp:attachment":[{"href":"https:\/\/remakeupacademy.com\/en\/wp-json\/wp\/v2\/media?parent=15475"}],"curies":[{"name":"wp","href":"https:\/\/api.w.org\/{rel}","templated":true}]}}