{"id":16203,"date":"2025-06-11T11:14:52","date_gmt":"2025-06-11T11:14:52","guid":{"rendered":"https:\/\/remakeupacademy.com\/?page_id=16203"},"modified":"2025-07-04T14:56:36","modified_gmt":"2025-07-04T14:56:36","slug":"litigios-de-consumo","status":"publish","type":"page","link":"https:\/\/remakeupacademy.com\/en\/litigios-de-consumo\/","title":{"rendered":"Consumer"},"content":{"rendered":"<p><strong>The entities of an Alternative Dispute Resolution in Consumer<\/strong><\/p>\n<p>You know that in the event of a dispute, the consumer may resort to the following address:<\/p>\n<ul>\n<li><a href=\"http:\/\/www.centroarbitragemlisboa.pt\/\" target=\"_blank\" rel=\"noopener\">The center of the settlement of Consumer Disputes in Lisbon<\/a>;<\/li>\n<li><a href=\"http:\/\/www.triave.pt\/\" target=\"_blank\" rel=\"noopener\">The center of the settlement of Consumer Disputes in the Valley, on the Ave<\/a>;<\/li>\n<li><a href=\"http:\/\/www.ciab.pt\/\" target=\"_blank\" rel=\"noopener\">Centre for Information, Mediation, and Arbitration of Consumer affairs<\/a>;<\/li>\n<li><a href=\"http:\/\/www.centrodearbitragemdecoimbra.com\/\" target=\"_blank\" rel=\"noopener\">The centre for Arbitration of Consumer Disputes, the District of Coimbra,<\/a>;<\/li>\n<li><a href=\"http:\/\/www.consumidoronline.pt\/\" target=\"_blank\" rel=\"noopener\">Centre for Information, Mediation, and Arbitration of Disputes between businesses and consumers in the Algarve<\/a>;<\/li>\n<li><a href=\"http:\/\/www.cicap.pt\/\" target=\"_blank\" rel=\"noopener\">The center of Information of the Consumption of Arbitration and the Port<\/a>;<\/li>\n<li><a href=\"https:\/\/www.cniacc.pt\/pt\">The National Information center, and the Arbitration of Disputes between businesses and consumers<\/a><\/li>\n<\/ul>\n<p>More information can be found in the\u00a0<a href=\"http:\/\/www.consumidor.pt\/\" target=\"_blank\" rel=\"noopener\">www.consumidor.pt<\/a><\/p>","protected":false},"excerpt":{"rendered":"<p>Entidades de Resolu\u00e7\u00e3o Alternativa de Lit\u00edgios de Consumo Saiba que em caso de lit\u00edgio, o consumidor pode recorrer aos seguintes endere\u00e7os: Centro de Arbitragem de Conflitos<span class=\"excerpt-hellip\"> [\u2026]<\/span><\/p>\n","protected":false},"author":1,"featured_media":0,"parent":0,"menu_order":0,"comment_status":"closed","ping_status":"closed","template":"","meta":{"footnotes":""},"class_list":["post-16203","page","type-page","status-publish","hentry"],"_links":{"self":[{"href":"https:\/\/remakeupacademy.com\/en\/wp-json\/wp\/v2\/pages\/16203","targetHints":{"allow":["GET"]}}],"collection":[{"href":"https:\/\/remakeupacademy.com\/en\/wp-json\/wp\/v2\/pages"}],"about":[{"href":"https:\/\/remakeupacademy.com\/en\/wp-json\/wp\/v2\/types\/page"}],"author":[{"embeddable":true,"href":"https:\/\/remakeupacademy.com\/en\/wp-json\/wp\/v2\/users\/1"}],"replies":[{"embeddable":true,"href":"https:\/\/remakeupacademy.com\/en\/wp-json\/wp\/v2\/comments?post=16203"}],"version-history":[{"count":1,"href":"https:\/\/remakeupacademy.com\/en\/wp-json\/wp\/v2\/pages\/16203\/revisions"}],"predecessor-version":[{"id":16204,"href":"https:\/\/remakeupacademy.com\/en\/wp-json\/wp\/v2\/pages\/16203\/revisions\/16204"}],"wp:attachment":[{"href":"https:\/\/remakeupacademy.com\/en\/wp-json\/wp\/v2\/media?parent=16203"}],"curies":[{"name":"wp","href":"https:\/\/api.w.org\/{rel}","templated":true}]}}