{"id":16270,"date":"2025-06-11T12:45:33","date_gmt":"2025-06-11T12:45:33","guid":{"rendered":"https:\/\/remakeupacademy.com\/?page_id=16270"},"modified":"2025-09-09T13:49:30","modified_gmt":"2025-09-09T12:49:30","slug":"micropigmentacao","status":"publish","type":"page","link":"https:\/\/remakeupacademy.com\/en\/micropigmentacao\/","title":{"rendered":"Micropigmentation"},"content":{"rendered":"<div data-elementor-type=\"wp-page\" data-elementor-id=\"16270\" class=\"elementor elementor-16270\">\n\t\t\t\t<div class=\"elementor-element elementor-element-612cea0 e-grid e-con-boxed e-con e-parent\" data-id=\"612cea0\" data-element_type=\"container\" data-e-type=\"container\">\n\t\t\t\t\t<div class=\"e-con-inner\">\n\t\t\t\t<div class=\"elementor-element elementor-element-9d4efde elementor-widget elementor-widget-image\" data-id=\"9d4efde\" data-element_type=\"widget\" data-e-type=\"widget\" data-widget_type=\"image.default\">\n\t\t\t\t<div class=\"elementor-widget-container\">\n\t\t\t\t\t\t\t\t\t\t\t\t\t\t\t<img fetchpriority=\"high\" decoding=\"async\" width=\"1200\" height=\"1200\" src=\"https:\/\/remakeupacademy.com\/wp-content\/uploads\/2025\/07\/photo-output-1200x1200.jpeg\" class=\"attachment-large size-large wp-image-16443\" alt=\"\" srcset=\"https:\/\/remakeupacademy.com\/wp-content\/uploads\/2025\/07\/photo-output-1200x1200.jpeg 1200w, https:\/\/remakeupacademy.com\/wp-content\/uploads\/2025\/07\/photo-output-500x500.jpeg 500w, https:\/\/remakeupacademy.com\/wp-content\/uploads\/2025\/07\/photo-output-300x300.jpeg 300w, https:\/\/remakeupacademy.com\/wp-content\/uploads\/2025\/07\/photo-output-768x768.jpeg 768w, https:\/\/remakeupacademy.com\/wp-content\/uploads\/2025\/07\/photo-output-1536x1536.jpeg 1536w, https:\/\/remakeupacademy.com\/wp-content\/uploads\/2025\/07\/photo-output-2048x2048.jpeg 2048w, https:\/\/remakeupacademy.com\/wp-content\/uploads\/2025\/07\/photo-output-150x150.jpeg 150w, https:\/\/remakeupacademy.com\/wp-content\/uploads\/2025\/07\/photo-output-75x75.jpeg 75w, https:\/\/remakeupacademy.com\/wp-content\/uploads\/2025\/07\/photo-output-480x480.jpeg 480w, https:\/\/remakeupacademy.com\/wp-content\/uploads\/2025\/07\/photo-output-800x800.jpeg 800w\" sizes=\"(max-width:767px) 480px, (max-width:1200px) 100vw, 1200px\" \/>\t\t\t\t\t\t\t\t\t\t\t\t\t\t\t<\/div>\n\t\t\t\t<\/div>\n\t\t\t\t<div class=\"elementor-element elementor-element-7ba6711 elementor-widget elementor-widget-image\" data-id=\"7ba6711\" data-element_type=\"widget\" data-e-type=\"widget\" data-widget_type=\"image.default\">\n\t\t\t\t<div class=\"elementor-widget-container\">\n\t\t\t\t\t\t\t\t\t\t\t\t\t\t\t<img decoding=\"async\" width=\"2560\" height=\"2560\" src=\"https:\/\/remakeupacademy.com\/wp-content\/uploads\/2025\/07\/photo-output1-scaled.jpeg\" class=\"attachment-full size-full wp-image-16445\" alt=\"\" srcset=\"https:\/\/remakeupacademy.com\/wp-content\/uploads\/2025\/07\/photo-output1-scaled.jpeg 2560w, https:\/\/remakeupacademy.com\/wp-content\/uploads\/2025\/07\/photo-output1-500x500.jpeg 500w, https:\/\/remakeupacademy.com\/wp-content\/uploads\/2025\/07\/photo-output1-1200x1200.jpeg 1200w, https:\/\/remakeupacademy.com\/wp-content\/uploads\/2025\/07\/photo-output1-300x300.jpeg 300w, https:\/\/remakeupacademy.com\/wp-content\/uploads\/2025\/07\/photo-output1-768x768.jpeg 768w, https:\/\/remakeupacademy.com\/wp-content\/uploads\/2025\/07\/photo-output1-1536x1536.jpeg 1536w, https:\/\/remakeupacademy.com\/wp-content\/uploads\/2025\/07\/photo-output1-2048x2048.jpeg 2048w, https:\/\/remakeupacademy.com\/wp-content\/uploads\/2025\/07\/photo-output1-150x150.jpeg 150w, https:\/\/remakeupacademy.com\/wp-content\/uploads\/2025\/07\/photo-output1-75x75.jpeg 75w, https:\/\/remakeupacademy.com\/wp-content\/uploads\/2025\/07\/photo-output1-480x480.jpeg 480w, https:\/\/remakeupacademy.com\/wp-content\/uploads\/2025\/07\/photo-output1-800x800.jpeg 800w\" sizes=\"(max-width:767px) 480px, (max-width:2560px) 100vw, 2560px\" \/>\t\t\t\t\t\t\t\t\t\t\t\t\t\t\t<\/div>\n\t\t\t\t<\/div>\n\t\t\t\t\t<\/div>\n\t\t\t\t<\/div>\n\t\t<div class=\"elementor-element elementor-element-cd6fb67 e-grid e-con-boxed e-con e-parent\" data-id=\"cd6fb67\" data-element_type=\"container\" data-e-type=\"container\">\n\t\t\t\t\t<div class=\"e-con-inner\">\n\t\t\t\t<div class=\"elementor-element elementor-element-eca02ee elementor-widget elementor-widget-text-editor\" data-id=\"eca02ee\" data-element_type=\"widget\" data-e-type=\"widget\" data-widget_type=\"text-editor.default\">\n\t\t\t\t<div class=\"elementor-widget-container\">\n\t\t\t\t\t\t\t\t\t<h4>Consultation and Allergy Testing<\/h4><p>It is a key step for the other. Personalized assessment to identify the possible reaction to the pigments or the product. Includes a skin analysis, medical history, and allergy test 48 hours prior to the procedure. We guarantee the tranquility and the results are flawless!<\/p>\t\t\t\t\t\t\t\t<\/div>\n\t\t\t\t<\/div>\n\t\t\t\t<div class=\"elementor-element elementor-element-d891321 elementor-widget elementor-widget-text-editor\" data-id=\"d891321\" data-element_type=\"widget\" data-e-type=\"widget\" data-widget_type=\"text-editor.default\">\n\t\t\t\t<div class=\"elementor-widget-container\">\n\t\t\t\t\t\t\t\t\t<h4>Micropigmentation Eyeliner<\/h4><p>Eyeliner semi-permanent perfect, 24 hours a day, delineated the precise and the natural pigments of high-quality, enhance the look. Life span of up to 18 months, which is ideal for those who love practicality, without giving up the glamour.<\/p>\t\t\t\t\t\t\t\t<\/div>\n\t\t\t\t<\/div>\n\t\t\t\t<div class=\"elementor-element elementor-element-16e0bfd elementor-widget elementor-widget-text-editor\" data-id=\"16e0bfd\" data-element_type=\"widget\" data-e-type=\"widget\" data-widget_type=\"text-editor.default\">\n\t\t\t\t<div class=\"elementor-widget-container\">\n\t\t\t\t\t\t\t\t\t<h4>Micropigmentation Shadow<\/h4><p>Eyebrows-perfect with the technique, a hybrid: a combination of traits that are realistic and fill in pixel (Thickness). The result is custom tailored to the shape of your face and style preferences.<\/p>\t\t\t\t\t\t\t\t<\/div>\n\t\t\t\t<\/div>\n\t\t\t\t<div class=\"elementor-element elementor-element-06d4f6e elementor-widget elementor-widget-text-editor\" data-id=\"06d4f6e\" data-element_type=\"widget\" data-e-type=\"widget\" data-widget_type=\"text-editor.default\">\n\t\t\t\t<div class=\"elementor-widget-container\">\n\t\t\t\t\t\t\t\t\t<h4>Micropigmentation-Lips<\/h4><p>The lips large, and set to the correction of imbalances, and uniform tone. Pigmentation-soft-returning to the contour to the natural or to create an effect on the gloss discretion. Durability is an average of 12 to 18 months with proper maintenance.<\/p>\t\t\t\t\t\t\t\t<\/div>\n\t\t\t\t<\/div>\n\t\t\t\t<div class=\"elementor-element elementor-element-90b2eaf elementor-widget elementor-widget-text-editor\" data-id=\"90b2eaf\" data-element_type=\"widget\" data-e-type=\"widget\" data-widget_type=\"text-editor.default\">\n\t\t\t\t<div class=\"elementor-widget-container\">\n\t\t\t\t\t\t\t\t\t<h4>Micropigmentation Paramedical<\/h4><p>Reconstruction of the aesthetic, for the scars, or areas, with the loss of skin pigmentation, such as the areolas. Technical gentle and human, to restore their self-esteem, with the results of the natural and harmonious.<\/p>\t\t\t\t\t\t\t\t<\/div>\n\t\t\t\t<\/div>\n\t\t\t\t<div class=\"elementor-element elementor-element-f82792f elementor-widget elementor-widget-text-editor\" data-id=\"f82792f\" data-element_type=\"widget\" data-e-type=\"widget\" data-widget_type=\"text-editor.default\">\n\t\t\t\t<div class=\"elementor-widget-container\">\n\t\t\t\t\t\t\t\t\t<h4>Nano (Eyebrows)<\/h4><p>The technical accuracy of drawing wires, semi-permanent eyebrows, ensuring a natural and filled in. Ideal for those seeking a fix, form, flaws, or you want to highlight your facial expression. Made with the pigments are hypoallergenic and microagulhas ultra-thin or tebori, depending on the type of your skin. To get a result is long-lasting with proper maintenance.<\/p>\t\t\t\t\t\t\t\t<\/div>\n\t\t\t\t<\/div>\n\t\t\t\t\t<\/div>\n\t\t\t\t<\/div>\n\t\t<div class=\"elementor-element elementor-element-3c71b0f e-flex e-con-boxed e-con e-parent\" data-id=\"3c71b0f\" data-element_type=\"container\" data-e-type=\"container\">\n\t\t\t\t\t<div class=\"e-con-inner\">\n\t\t\t\t<div class=\"elementor-element elementor-element-16a54c0 elementor-align-center elementor-widget elementor-widget-button\" data-id=\"16a54c0\" data-element_type=\"widget\" data-e-type=\"widget\" data-widget_type=\"button.default\">\n\t\t\t\t<div class=\"elementor-widget-container\">\n\t\t\t\t\t\t\t\t\t<div class=\"elementor-button-wrapper\">\n\t\t\t\t\t<a class=\"elementor-button elementor-button-link elementor-size-sm\" href=\"https:\/\/remakeup.book.app\/\">\n\t\t\t\t\t\t<span class=\"elementor-button-content-wrapper\">\n\t\t\t\t\t\t\t\t\t<span class=\"elementor-button-text\">MAKE APPOINTMENT<\/span>\n\t\t\t\t\t<\/span>\n\t\t\t\t\t<\/a>\n\t\t\t\t<\/div>\n\t\t\t\t\t\t\t\t<\/div>\n\t\t\t\t<\/div>\n\t\t\t\t\t<\/div>\n\t\t\t\t<\/div>\n\t\t<div class=\"elementor-element elementor-element-d989bbe e-grid e-con-boxed e-con e-parent\" data-id=\"d989bbe\" data-element_type=\"container\" data-e-type=\"container\">\n\t\t\t\t\t<div class=\"e-con-inner\">\n\t\t\t\t\t<\/div>\n\t\t\t\t<\/div>\n\t\t\t\t<\/div>","protected":false},"excerpt":{"rendered":"<p>Consulta e Teste de Alergia Passo essencial para seguran\u00e7a! Avalia\u00e7\u00e3o personalizada para identificar poss\u00edveis rea\u00e7\u00f5es a pigmentos ou produtos. Inclui an\u00e1lise da pele, hist\u00f3rico cl\u00ednico e<span class=\"excerpt-hellip\"> [\u2026]<\/span><\/p>\n","protected":false},"author":1,"featured_media":0,"parent":0,"menu_order":0,"comment_status":"closed","ping_status":"closed","template":"","meta":{"footnotes":""},"class_list":["post-16270","page","type-page","status-publish","hentry"],"_links":{"self":[{"href":"https:\/\/remakeupacademy.com\/en\/wp-json\/wp\/v2\/pages\/16270","targetHints":{"allow":["GET"]}}],"collection":[{"href":"https:\/\/remakeupacademy.com\/en\/wp-json\/wp\/v2\/pages"}],"about":[{"href":"https:\/\/remakeupacademy.com\/en\/wp-json\/wp\/v2\/types\/page"}],"author":[{"embeddable":true,"href":"https:\/\/remakeupacademy.com\/en\/wp-json\/wp\/v2\/users\/1"}],"replies":[{"embeddable":true,"href":"https:\/\/remakeupacademy.com\/en\/wp-json\/wp\/v2\/comments?post=16270"}],"version-history":[{"count":38,"href":"https:\/\/remakeupacademy.com\/en\/wp-json\/wp\/v2\/pages\/16270\/revisions"}],"predecessor-version":[{"id":17055,"href":"https:\/\/remakeupacademy.com\/en\/wp-json\/wp\/v2\/pages\/16270\/revisions\/17055"}],"wp:attachment":[{"href":"https:\/\/remakeupacademy.com\/en\/wp-json\/wp\/v2\/media?parent=16270"}],"curies":[{"name":"wp","href":"https:\/\/api.w.org\/{rel}","templated":true}]}}