{"id":16467,"date":"2025-07-11T13:48:24","date_gmt":"2025-07-11T13:48:24","guid":{"rendered":"https:\/\/remakeupacademy.com\/?page_id=16467"},"modified":"2025-10-29T12:40:30","modified_gmt":"2025-10-29T12:40:30","slug":"academia","status":"publish","type":"page","link":"https:\/\/remakeupacademy.com\/en\/academia\/","title":{"rendered":"Academy"},"content":{"rendered":"<div data-elementor-type=\"wp-page\" data-elementor-id=\"16467\" class=\"elementor elementor-16467\">\n\t\t\t\t\t\t<section class=\"elementor-section elementor-top-section elementor-element elementor-element-f193441 elementor-section-stretched elementor-section-boxed elementor-section-height-default elementor-section-height-default\" data-id=\"f193441\" data-element_type=\"section\" data-e-type=\"section\" data-settings=\"{&quot;stretch_section&quot;:&quot;section-stretched&quot;,&quot;background_background&quot;:&quot;video&quot;,&quot;background_video_link&quot;:&quot;https:\\\/\\\/remakeupacademy.com\\\/wp-content\\\/uploads\\\/remakeup.mp4&quot;,&quot;background_play_on_mobile&quot;:&quot;yes&quot;}\">\n\t\t\t\t\t\t\t\t<div class=\"elementor-background-video-container\">\n\t\t\t\t\t\t\t\t\t\t\t\t\t<video class=\"elementor-background-video-hosted\" role=\"presentation\" autoplay muted playsinline loop><\/video>\n\t\t\t\t\t\t\t\t\t\t\t<\/div>\n\t\t\t\t\t\t\t\t<div class=\"elementor-container elementor-column-gap-wider\">\n\t\t\t\t\t<div class=\"elementor-column elementor-col-100 elementor-top-column elementor-element elementor-element-919c1bb\" data-id=\"919c1bb\" data-element_type=\"column\" data-e-type=\"column\">\n\t\t\t<div class=\"elementor-widget-wrap elementor-element-populated\">\n\t\t\t\t\t\t<section class=\"elementor-section elementor-inner-section elementor-element elementor-element-1f59931 elementor-section-boxed elementor-section-height-default elementor-section-height-default\" data-id=\"1f59931\" data-element_type=\"section\" data-e-type=\"section\">\n\t\t\t\t\t\t<div class=\"elementor-container elementor-column-gap-default\">\n\t\t\t\t\t<div class=\"elementor-column elementor-col-66 elementor-inner-column elementor-element elementor-element-e3ffdba\" data-id=\"e3ffdba\" data-element_type=\"column\" data-e-type=\"column\">\n\t\t\t<div class=\"elementor-widget-wrap elementor-element-populated\">\n\t\t\t\t\t\t<div class=\"elementor-element elementor-element-490c350 elementor-widget elementor-widget-heading\" data-id=\"490c350\" data-element_type=\"widget\" data-e-type=\"widget\" data-widget_type=\"heading.default\">\n\t\t\t\t<div class=\"elementor-widget-container\">\n\t\t\t\t\t<h1 class=\"elementor-heading-title elementor-size-default\"><br><\/h1>\t\t\t\t<\/div>\n\t\t\t\t<\/div>\n\t\t\t\t\t<\/div>\n\t\t<\/div>\n\t\t\t\t<div class=\"elementor-column elementor-col-33 elementor-inner-column elementor-element elementor-element-19df51f\" data-id=\"19df51f\" data-element_type=\"column\" data-e-type=\"column\">\n\t\t\t<div class=\"elementor-widget-wrap\">\n\t\t\t\t\t\t\t<\/div>\n\t\t<\/div>\n\t\t\t\t\t<\/div>\n\t\t<\/section>\n\t\t\t\t\t<\/div>\n\t\t<\/div>\n\t\t\t\t\t<\/div>\n\t\t<\/section>\n\t\t\t\t<section class=\"elementor-section elementor-top-section elementor-element elementor-element-51d11c7 elementor-section-stretched elementor-section-boxed elementor-section-height-default elementor-section-height-default\" data-id=\"51d11c7\" data-element_type=\"section\" data-e-type=\"section\" data-settings=\"{&quot;stretch_section&quot;:&quot;section-stretched&quot;,&quot;background_background&quot;:&quot;classic&quot;}\">\n\t\t\t\t\t\t<div class=\"elementor-container elementor-column-gap-wider\">\n\t\t\t\t\t<div class=\"elementor-column elementor-col-100 elementor-top-column elementor-element elementor-element-fc9aade\" data-id=\"fc9aade\" data-element_type=\"column\" data-e-type=\"column\">\n\t\t\t<div class=\"elementor-widget-wrap\">\n\t\t\t\t\t\t\t<\/div>\n\t\t<\/div>\n\t\t\t\t\t<\/div>\n\t\t<\/section>\n\t\t\t\t<section class=\"elementor-section elementor-top-section elementor-element elementor-element-1accee0 elementor-section-full_width elementor-section-stretched elementor-section-height-default elementor-section-height-default\" data-id=\"1accee0\" data-element_type=\"section\" data-e-type=\"section\" data-settings=\"{&quot;stretch_section&quot;:&quot;section-stretched&quot;,&quot;background_background&quot;:&quot;classic&quot;}\">\n\t\t\t\t\t\t<div class=\"elementor-container elementor-column-gap-wider\">\n\t\t\t\t\t<div class=\"elementor-column elementor-col-100 elementor-top-column elementor-element elementor-element-6050977\" data-id=\"6050977\" data-element_type=\"column\" data-e-type=\"column\">\n\t\t\t<div class=\"elementor-widget-wrap elementor-element-populated\">\n\t\t\t\t\t\t<div class=\"elementor-element elementor-element-97ae5b3 elementor-widget elementor-widget-heading\" data-id=\"97ae5b3\" data-element_type=\"widget\" data-e-type=\"widget\" data-widget_type=\"heading.default\">\n\t\t\t\t<div class=\"elementor-widget-container\">\n\t\t\t\t\t<h3 class=\"elementor-heading-title elementor-size-default\">Meet the Trainers<\/h3>\t\t\t\t<\/div>\n\t\t\t\t<\/div>\n\t\t\t\t\t<\/div>\n\t\t<\/div>\n\t\t\t\t\t<\/div>\n\t\t<\/section>\n\t\t\t\t<section class=\"elementor-section elementor-top-section elementor-element elementor-element-1b8dff3 elementor-section-stretched elementor-section-boxed elementor-section-height-default elementor-section-height-default\" data-id=\"1b8dff3\" data-element_type=\"section\" data-e-type=\"section\" data-settings=\"{&quot;stretch_section&quot;:&quot;section-stretched&quot;,&quot;background_background&quot;:&quot;classic&quot;}\">\n\t\t\t\t\t\t<div class=\"elementor-container elementor-column-gap-wider\">\n\t\t\t\t\t<div class=\"elementor-column elementor-col-100 elementor-top-column elementor-element elementor-element-616ac98\" data-id=\"616ac98\" data-element_type=\"column\" data-e-type=\"column\">\n\t\t\t<div class=\"elementor-widget-wrap elementor-element-populated\">\n\t\t\t\t\t\t<section class=\"elementor-section elementor-inner-section elementor-element elementor-element-e165013 elementor-section-boxed elementor-section-height-default elementor-section-height-default\" data-id=\"e165013\" data-element_type=\"section\" data-e-type=\"section\">\n\t\t\t\t\t\t<div class=\"elementor-container elementor-column-gap-default\">\n\t\t\t\t\t<div class=\"elementor-column elementor-col-50 elementor-inner-column elementor-element elementor-element-eac1063\" data-id=\"eac1063\" data-element_type=\"column\" data-e-type=\"column\">\n\t\t\t<div class=\"elementor-widget-wrap elementor-element-populated\">\n\t\t\t\t\t\t<div class=\"elementor-element elementor-element-3976798 elementor-widget elementor-widget-text-editor\" data-id=\"3976798\" data-element_type=\"widget\" data-e-type=\"widget\" data-widget_type=\"text-editor.default\">\n\t\t\t\t<div class=\"elementor-widget-container\">\n\t\t\t\t\t\t\t\t\t<h3>Cristina Bernardino<\/h3><p>Our founder, prides itself on providing an excellent service, based on over 20 years of experience, a vast knowledge of the human anatomy, with a thorough knowledge of the skin, and, above all, is an ongoing investment in your personal development.<\/p><p>With a background in Advanced beauty and Cosmetics, has been formed, later in the Permanent Makeup or Micropigmentation with a digital camera and with a hand tool (Microblading), she completed her training in Micropigmentation Lips, and he specializes in the art of Micropigmentation Paramedical. Cristina put their knowledge to the service of those who need it most, providing Micropigmentation Paramedical free of charge or at a reduced cost to the people who are affected by cancer or alopecia.<\/p><p>These are just a few of the highlights from his incredible career, and christina bring this experience into the classroom, and supporting your students in navigating through the challenges of starting a career in the industry with the Aesthetics of the art and make-up Permanently, so that you can avoid the pitfalls though she&#039;s already experienced.<\/p>\t\t\t\t\t\t\t\t<\/div>\n\t\t\t\t<\/div>\n\t\t\t\t\t<\/div>\n\t\t<\/div>\n\t\t\t\t<div class=\"elementor-column elementor-col-50 elementor-inner-column elementor-element elementor-element-6ec5bd7\" data-id=\"6ec5bd7\" data-element_type=\"column\" data-e-type=\"column\">\n\t\t\t<div class=\"elementor-widget-wrap elementor-element-populated\">\n\t\t\t\t\t\t<div class=\"elementor-element elementor-element-f0a29a6 elementor-widget elementor-widget-image\" data-id=\"f0a29a6\" data-element_type=\"widget\" data-e-type=\"widget\" data-widget_type=\"image.default\">\n\t\t\t\t<div class=\"elementor-widget-container\">\n\t\t\t\t\t\t\t\t\t\t\t\t\t\t\t<img decoding=\"async\" src=\"https:\/\/remakeupacademy.com\/wp-content\/uploads\/2025\/07\/IMG_6882.jpg\" class=\"attachment-mobile-srcset size-mobile-srcset wp-image-16408\" alt=\"\" \/>\t\t\t\t\t\t\t\t\t\t\t\t\t\t\t<\/div>\n\t\t\t\t<\/div>\n\t\t\t\t\t<\/div>\n\t\t<\/div>\n\t\t\t\t\t<\/div>\n\t\t<\/section>\n\t\t\t\t\t<\/div>\n\t\t<\/div>\n\t\t\t\t\t<\/div>\n\t\t<\/section>\n\t\t\t\t<section class=\"elementor-section elementor-top-section elementor-element elementor-element-d8049c7 elementor-section-stretched elementor-section-boxed elementor-section-height-default elementor-section-height-default\" data-id=\"d8049c7\" data-element_type=\"section\" data-e-type=\"section\" data-settings=\"{&quot;stretch_section&quot;:&quot;section-stretched&quot;,&quot;background_background&quot;:&quot;classic&quot;}\">\n\t\t\t\t\t\t<div class=\"elementor-container elementor-column-gap-wider\">\n\t\t\t\t\t<div class=\"elementor-column elementor-col-100 elementor-top-column elementor-element elementor-element-779eaba\" data-id=\"779eaba\" data-element_type=\"column\" data-e-type=\"column\">\n\t\t\t<div class=\"elementor-widget-wrap elementor-element-populated\">\n\t\t\t\t\t\t<section class=\"elementor-section elementor-inner-section elementor-element elementor-element-5ebd13e elementor-section-boxed elementor-section-height-default elementor-section-height-default\" data-id=\"5ebd13e\" data-element_type=\"section\" data-e-type=\"section\">\n\t\t\t\t\t\t<div class=\"elementor-container elementor-column-gap-default\">\n\t\t\t\t\t<div class=\"elementor-column elementor-col-50 elementor-inner-column elementor-element elementor-element-72dca4b\" data-id=\"72dca4b\" data-element_type=\"column\" data-e-type=\"column\">\n\t\t\t<div class=\"elementor-widget-wrap elementor-element-populated\">\n\t\t\t\t\t\t<div class=\"elementor-element elementor-element-2bc3d00 elementor-widget elementor-widget-text-editor\" data-id=\"2bc3d00\" data-element_type=\"widget\" data-e-type=\"widget\" data-widget_type=\"text-editor.default\">\n\t\t\t\t<div class=\"elementor-widget-container\">\n\t\t\t\t\t\t\t\t\t<h3>Joana Salgueiro<\/h3><p data-start=\"126\" data-end=\"398\">An expert in the training of Laser light, including the hair and the de-pigmentation, our Joan is known for its vast experience in the field, hard work, and in-depth knowledge on advanced technologies such as lasers, Nd-Yag laser, Q-Switch, Picolasers, IPL hair removal machine, E-light, Alexandrite, and Diode.<\/p><p data-start=\"400\" data-end=\"852\">With a career that reflects his commitment to excellence and education in the field of nursing, which provides an in-depth knowledge of the skin, and the management of complications, Jane, it has invested continuously in the training to deliver the best possible results for her clients and is sharing all of their knowledge to the students. The technical training, and practice in the various methodologies of the laser, making it a true benchmark in the industry.<\/p><p data-start=\"854\" data-end=\"1116\">It is renowned for its tailor-made approach, always focused on the specific needs of each student, which makes it more of a professional, admired, and respected. The passion she has for helping others achieve their goals is evident in every interaction.<\/p><p data-start=\"1118\" data-end=\"1416\" data-is-last-node=\"\" data-is-only-node=\"\">Don&#039;t miss out on the opportunity to learn from the Nurse Joana a Willow tree.<br data-start=\"1192\" data-end=\"1195\" \/>Join us today and find out how you too, can master the techniques of laser light, and with the guidance of an expert is truly committed and passionate about what they do.<\/p>\t\t\t\t\t\t\t\t<\/div>\n\t\t\t\t<\/div>\n\t\t\t\t\t<\/div>\n\t\t<\/div>\n\t\t\t\t<div class=\"elementor-column elementor-col-50 elementor-inner-column elementor-element elementor-element-787cd44\" data-id=\"787cd44\" data-element_type=\"column\" data-e-type=\"column\">\n\t\t\t<div class=\"elementor-widget-wrap elementor-element-populated\">\n\t\t\t\t\t\t<div class=\"elementor-element elementor-element-d40e290 elementor-widget elementor-widget-image\" data-id=\"d40e290\" data-element_type=\"widget\" data-e-type=\"widget\" data-widget_type=\"image.default\">\n\t\t\t\t<div class=\"elementor-widget-container\">\n\t\t\t\t\t\t\t\t\t\t\t\t\t\t\t<img fetchpriority=\"high\" decoding=\"async\" width=\"480\" height=\"718\" src=\"https:\/\/remakeupacademy.com\/wp-content\/uploads\/2025\/07\/Imagem3-480x718.png\" class=\"attachment-mobile-srcset size-mobile-srcset wp-image-16243\" alt=\"\" srcset=\"https:\/\/remakeupacademy.com\/wp-content\/uploads\/2025\/07\/Imagem3-480x718.png 480w, https:\/\/remakeupacademy.com\/wp-content\/uploads\/2025\/07\/Imagem3-334x500.png 334w, https:\/\/remakeupacademy.com\/wp-content\/uploads\/2025\/07\/Imagem3-802x1200.png 802w, https:\/\/remakeupacademy.com\/wp-content\/uploads\/2025\/07\/Imagem3-200x300.png 200w, https:\/\/remakeupacademy.com\/wp-content\/uploads\/2025\/07\/Imagem3-768x1149.png 768w, https:\/\/remakeupacademy.com\/wp-content\/uploads\/2025\/07\/Imagem3-1026x1536.png 1026w, https:\/\/remakeupacademy.com\/wp-content\/uploads\/2025\/07\/Imagem3-1369x2048.png 1369w, https:\/\/remakeupacademy.com\/wp-content\/uploads\/2025\/07\/Imagem3-50x75.png 50w, https:\/\/remakeupacademy.com\/wp-content\/uploads\/2025\/07\/Imagem3-800x1197.png 800w, https:\/\/remakeupacademy.com\/wp-content\/uploads\/2025\/07\/Imagem3.png 1384w\" sizes=\"(max-width:767px) 480px, 480px\" \/>\t\t\t\t\t\t\t\t\t\t\t\t\t\t\t<\/div>\n\t\t\t\t<\/div>\n\t\t\t\t\t<\/div>\n\t\t<\/div>\n\t\t\t\t\t<\/div>\n\t\t<\/section>\n\t\t\t\t\t<\/div>\n\t\t<\/div>\n\t\t\t\t\t<\/div>\n\t\t<\/section>\n\t\t\t\t<section class=\"elementor-section elementor-top-section elementor-element elementor-element-d62d4bb elementor-section-stretched elementor-section-boxed elementor-section-height-default elementor-section-height-default\" data-id=\"d62d4bb\" data-element_type=\"section\" data-e-type=\"section\" data-settings=\"{&quot;stretch_section&quot;:&quot;section-stretched&quot;,&quot;background_background&quot;:&quot;classic&quot;}\">\n\t\t\t\t\t\t<div class=\"elementor-container elementor-column-gap-wider\">\n\t\t\t\t\t<div class=\"elementor-column elementor-col-100 elementor-top-column elementor-element elementor-element-b047c9f\" data-id=\"b047c9f\" data-element_type=\"column\" data-e-type=\"column\">\n\t\t\t<div class=\"elementor-widget-wrap elementor-element-populated\">\n\t\t\t\t\t\t<section class=\"elementor-section elementor-inner-section elementor-element elementor-element-3b0158b elementor-section-boxed elementor-section-height-default elementor-section-height-default\" data-id=\"3b0158b\" data-element_type=\"section\" data-e-type=\"section\">\n\t\t\t\t\t\t<div class=\"elementor-container elementor-column-gap-default\">\n\t\t\t\t\t<div class=\"elementor-column elementor-col-50 elementor-inner-column elementor-element elementor-element-9bc3782\" data-id=\"9bc3782\" data-element_type=\"column\" data-e-type=\"column\">\n\t\t\t<div class=\"elementor-widget-wrap elementor-element-populated\">\n\t\t\t\t\t\t<div class=\"elementor-element elementor-element-58f42df elementor-widget elementor-widget-text-editor\" data-id=\"58f42df\" data-element_type=\"widget\" data-e-type=\"widget\" data-widget_type=\"text-editor.default\">\n\t\t\t\t<div class=\"elementor-widget-container\">\n\t\t\t\t\t\t\t\t\t<h3>Eva Gluck<\/h3><p>Eva \u2013 Senior PMU Artist &amp; Trainer at RemakeUp Academy<\/p><p class=\"translation-block\">Eva has been part of the RemakeUp team for over 7 years, bringing with her more than 15 years of experience in Aesthetics and Permanent Makeup.\nHighly skilled and deeply professional, she has built a strong reputation in the field of Micropigmentation, with a special mastery in Nanobrows \u2013 creating natural, refined, and long-lasting results for her clients.<\/p><p>Now, Eva is sharing her expertise as a Trainer at RemakeUp Academy in Glasgow, where she hosts courses designed both for beginners entering the world of Permanent Makeup and for PMU technicians who wish to progress and develop new skills.<\/p><p>Her passion, dedication, and precision make her an inspiring mentor and an invaluable part of the RemakeUp family.<\/p>\t\t\t\t\t\t\t\t<\/div>\n\t\t\t\t<\/div>\n\t\t\t\t\t<\/div>\n\t\t<\/div>\n\t\t\t\t<div class=\"elementor-column elementor-col-50 elementor-inner-column elementor-element elementor-element-5a9b973\" data-id=\"5a9b973\" data-element_type=\"column\" data-e-type=\"column\">\n\t\t\t<div class=\"elementor-widget-wrap elementor-element-populated\">\n\t\t\t\t\t\t<div class=\"elementor-element elementor-element-e850cfd elementor-widget elementor-widget-image\" data-id=\"e850cfd\" data-element_type=\"widget\" data-e-type=\"widget\" data-widget_type=\"image.default\">\n\t\t\t\t<div class=\"elementor-widget-container\">\n\t\t\t\t\t\t\t\t\t\t\t\t\t\t\t<img decoding=\"async\" width=\"480\" height=\"597\" src=\"https:\/\/remakeupacademy.com\/wp-content\/uploads\/WhatsApp-Image-2025-08-18-at-12.39.44-480x597.jpeg\" class=\"attachment-mobile-srcset size-mobile-srcset wp-image-16823\" alt=\"\" srcset=\"https:\/\/remakeupacademy.com\/wp-content\/uploads\/WhatsApp-Image-2025-08-18-at-12.39.44-480x597.jpeg 480w, https:\/\/remakeupacademy.com\/wp-content\/uploads\/WhatsApp-Image-2025-08-18-at-12.39.44-402x500.jpeg 402w, https:\/\/remakeupacademy.com\/wp-content\/uploads\/WhatsApp-Image-2025-08-18-at-12.39.44-965x1200.jpeg 965w, https:\/\/remakeupacademy.com\/wp-content\/uploads\/WhatsApp-Image-2025-08-18-at-12.39.44-241x300.jpeg 241w, https:\/\/remakeupacademy.com\/wp-content\/uploads\/WhatsApp-Image-2025-08-18-at-12.39.44-768x956.jpeg 768w, https:\/\/remakeupacademy.com\/wp-content\/uploads\/WhatsApp-Image-2025-08-18-at-12.39.44-1235x1536.jpeg 1235w, https:\/\/remakeupacademy.com\/wp-content\/uploads\/WhatsApp-Image-2025-08-18-at-12.39.44-10x12.jpeg 10w, https:\/\/remakeupacademy.com\/wp-content\/uploads\/WhatsApp-Image-2025-08-18-at-12.39.44-60x75.jpeg 60w, https:\/\/remakeupacademy.com\/wp-content\/uploads\/WhatsApp-Image-2025-08-18-at-12.39.44-800x995.jpeg 800w, https:\/\/remakeupacademy.com\/wp-content\/uploads\/WhatsApp-Image-2025-08-18-at-12.39.44.jpeg 1286w\" sizes=\"(max-width:767px) 480px, 480px\" \/>\t\t\t\t\t\t\t\t\t\t\t\t\t\t\t<\/div>\n\t\t\t\t<\/div>\n\t\t\t\t\t<\/div>\n\t\t<\/div>\n\t\t\t\t\t<\/div>\n\t\t<\/section>\n\t\t\t\t\t<\/div>\n\t\t<\/div>\n\t\t\t\t\t<\/div>\n\t\t<\/section>\n\t\t\t\t<\/div>","protected":false},"excerpt":{"rendered":"<p>Conhe\u00e7a as Formadoras Cristina Bernardino A nossa fundadora, orgulha-se de oferecer um servi\u00e7o de excel\u00eancia, alicer\u00e7ado em 20 anos de experi\u00eancia, um vasto conhecimento da anatomia<span class=\"excerpt-hellip\"> [\u2026]<\/span><\/p>\n","protected":false},"author":1,"featured_media":0,"parent":0,"menu_order":0,"comment_status":"closed","ping_status":"closed","template":"","meta":{"footnotes":""},"class_list":["post-16467","page","type-page","status-publish","hentry"],"_links":{"self":[{"href":"https:\/\/remakeupacademy.com\/en\/wp-json\/wp\/v2\/pages\/16467","targetHints":{"allow":["GET"]}}],"collection":[{"href":"https:\/\/remakeupacademy.com\/en\/wp-json\/wp\/v2\/pages"}],"about":[{"href":"https:\/\/remakeupacademy.com\/en\/wp-json\/wp\/v2\/types\/page"}],"author":[{"embeddable":true,"href":"https:\/\/remakeupacademy.com\/en\/wp-json\/wp\/v2\/users\/1"}],"replies":[{"embeddable":true,"href":"https:\/\/remakeupacademy.com\/en\/wp-json\/wp\/v2\/comments?post=16467"}],"version-history":[{"count":43,"href":"https:\/\/remakeupacademy.com\/en\/wp-json\/wp\/v2\/pages\/16467\/revisions"}],"predecessor-version":[{"id":17238,"href":"https:\/\/remakeupacademy.com\/en\/wp-json\/wp\/v2\/pages\/16467\/revisions\/17238"}],"wp:attachment":[{"href":"https:\/\/remakeupacademy.com\/en\/wp-json\/wp\/v2\/media?parent=16467"}],"curies":[{"name":"wp","href":"https:\/\/api.w.org\/{rel}","templated":true}]}}