{"id":16838,"date":"2025-08-21T14:50:10","date_gmt":"2025-08-21T13:50:10","guid":{"rendered":"https:\/\/remakeupacademy.com\/?page_id=16838"},"modified":"2025-08-21T19:50:23","modified_gmt":"2025-08-21T18:50:23","slug":"clinica-uk","status":"publish","type":"page","link":"https:\/\/remakeupacademy.com\/en\/clinica-uk\/","title":{"rendered":"Clinic UK"},"content":{"rendered":"<div data-elementor-type=\"wp-page\" data-elementor-id=\"16838\" class=\"elementor elementor-16838\">\n\t\t\t\t\t\t<section class=\"elementor-section elementor-top-section elementor-element elementor-element-581b820b elementor-section-full_width elementor-section-height-min-height elementor-section-height-default elementor-section-items-middle\" data-id=\"581b820b\" data-element_type=\"section\" data-e-type=\"section\">\n\t\t\t\t\t\t<div class=\"elementor-container elementor-column-gap-no\">\n\t\t\t\t\t<div class=\"elementor-column elementor-col-100 elementor-top-column elementor-element elementor-element-53722b6d\" data-id=\"53722b6d\" data-element_type=\"column\" data-e-type=\"column\">\n\t\t\t<div class=\"elementor-widget-wrap elementor-element-populated\">\n\t\t\t\t\t\t<div class=\"elementor-element elementor-element-2820eb20 elementor-widget elementor-widget-image\" data-id=\"2820eb20\" data-element_type=\"widget\" data-e-type=\"widget\" data-widget_type=\"image.default\">\n\t\t\t\t<div class=\"elementor-widget-container\">\n\t\t\t\t\t\t\t\t\t\t\t\t\t\t\t<img decoding=\"async\" src=\"https:\/\/remakeup-pmuacademy.com\/wp-content\/uploads\/2020\/07\/REMAKE-UP-LOGOB.png\" title=\"\" alt=\"\" loading=\"lazy\" \/>\t\t\t\t\t\t\t\t\t\t\t\t\t\t\t<\/div>\n\t\t\t\t<\/div>\n\t\t\t\t<div class=\"elementor-element elementor-element-ba6c951 elementor-widget elementor-widget-heading\" data-id=\"ba6c951\" data-element_type=\"widget\" data-e-type=\"widget\" data-widget_type=\"heading.default\">\n\t\t\t\t<div class=\"elementor-widget-container\">\n\t\t\t\t\t<h1 class=\"elementor-heading-title elementor-size-default\"><i>Os Nossos <\/i>servi\u00e7os<\/h1>\t\t\t\t<\/div>\n\t\t\t\t<\/div>\n\t\t\t\t\t<\/div>\n\t\t<\/div>\n\t\t\t\t\t<\/div>\n\t\t<\/section>\n\t\t\t\t<section class=\"elementor-section elementor-top-section elementor-element elementor-element-57afd1b9 elementor-section-full_width elementor-section-height-default elementor-section-height-default\" data-id=\"57afd1b9\" data-element_type=\"section\" data-e-type=\"section\">\n\t\t\t\t\t\t<div class=\"elementor-container elementor-column-gap-no\">\n\t\t\t\t\t<div class=\"elementor-column elementor-col-33 elementor-top-column elementor-element elementor-element-4467c344\" data-id=\"4467c344\" data-element_type=\"column\" data-e-type=\"column\">\n\t\t\t<div class=\"elementor-widget-wrap elementor-element-populated\">\n\t\t\t\t\t\t<section class=\"elementor-section elementor-inner-section elementor-element elementor-element-b503232 elementor-section-full_width elementor-section-height-default elementor-section-height-default\" data-id=\"b503232\" data-element_type=\"section\" data-e-type=\"section\">\n\t\t\t\t\t\t<div class=\"elementor-container elementor-column-gap-no\">\n\t\t\t\t\t<div class=\"elementor-column elementor-col-100 elementor-inner-column elementor-element elementor-element-5802fab4\" data-id=\"5802fab4\" data-element_type=\"column\" data-e-type=\"column\">\n\t\t\t<div class=\"elementor-widget-wrap elementor-element-populated\">\n\t\t\t\t\t\t<div class=\"elementor-element elementor-element-54631a8a elementor-widget elementor-widget-text-editor\" data-id=\"54631a8a\" data-element_type=\"widget\" data-e-type=\"widget\" data-widget_type=\"text-editor.default\">\n\t\t\t\t<div class=\"elementor-widget-container\">\n\t\t\t\t\t\t\t\t\t<p>Eyebrows <b>Blade &amp; Shade<\/b>, na RemakeUp<br \/>oferecemos as mais recentes tend\u00eancias em <b>Micropigmenta\u00e7\u00e3o de Sobrancelhas<\/b>, dando um aspeto de sobrancelha com <b>sombras suaves<\/b>, com alguns p\u00ealos vis\u00edveis, criando aquele <b>aspeto natural<\/b> que todos adoram. Uma vez regenerada, d\u00e1 um <b>aspeto mais natural<\/b> do que uma sobrancelha de cor s\u00f3lida, acrescentando maior <b>defini\u00e7\u00e3o e profundidade<\/b> \u00e0s suas sobrancelhas. <b>Diferen\u00e7a entre Microblading e Shading?<\/b> O microblading \u00e9 uma t\u00e9cnica que consiste na aplica\u00e7\u00e3o de <b>tra\u00e7os individuais<\/b> semelhantes a p\u00ealos que imitam o pelo natural da sobrancelha, em oposi\u00e7\u00e3o a um aspeto de l\u00e1pis. Os resultados s\u00e3o mais ligeiros em compara\u00e7\u00e3o com o sombreamento e, o que \u00e9 mais importante, nem todos os tipos de pele s\u00e3o adequados para esta t\u00e9cnica.<\/p>\t\t\t\t\t\t\t\t<\/div>\n\t\t\t\t<\/div>\n\t\t\t\t<div class=\"elementor-element elementor-element-385051d0 elementor-align-justify elementor-widget elementor-widget-button\" data-id=\"385051d0\" data-element_type=\"widget\" data-e-type=\"widget\" data-widget_type=\"button.default\">\n\t\t\t\t<div class=\"elementor-widget-container\">\n\t\t\t\t\t\t\t\t\t<div class=\"elementor-button-wrapper\">\n\t\t\t\t\t<a class=\"elementor-button elementor-button-link elementor-size-lg\" href=\"https:\/\/remakeup.book.app\/\" target=\"_blank\">\n\t\t\t\t\t\t<span class=\"elementor-button-content-wrapper\">\n\t\t\t\t\t\t\t\t\t<span class=\"elementor-button-text\">Marque J\u00e1 a sua visita<\/span>\n\t\t\t\t\t<\/span>\n\t\t\t\t\t<\/a>\n\t\t\t\t<\/div>\n\t\t\t\t\t\t\t\t<\/div>\n\t\t\t\t<\/div>\n\t\t\t\t\t<\/div>\n\t\t<\/div>\n\t\t\t\t\t<\/div>\n\t\t<\/section>\n\t\t\t\t\t<\/div>\n\t\t<\/div>\n\t\t\t\t<div class=\"elementor-column elementor-col-33 elementor-top-column elementor-element elementor-element-12fca52c\" data-id=\"12fca52c\" data-element_type=\"column\" data-e-type=\"column\">\n\t\t\t<div class=\"elementor-widget-wrap elementor-element-populated\">\n\t\t\t\t\t\t<section class=\"elementor-section elementor-inner-section elementor-element elementor-element-43597013 elementor-section-full_width elementor-section-height-default elementor-section-height-default\" data-id=\"43597013\" data-element_type=\"section\" data-e-type=\"section\">\n\t\t\t\t\t\t<div class=\"elementor-container elementor-column-gap-no\">\n\t\t\t\t\t<div class=\"elementor-column elementor-col-100 elementor-inner-column elementor-element elementor-element-64390e33\" data-id=\"64390e33\" data-element_type=\"column\" data-e-type=\"column\">\n\t\t\t<div class=\"elementor-widget-wrap elementor-element-populated\">\n\t\t\t\t\t\t<div class=\"elementor-element elementor-element-386a042e elementor-widget elementor-widget-text-editor\" data-id=\"386a042e\" data-element_type=\"widget\" data-e-type=\"widget\" data-widget_type=\"text-editor.default\">\n\t\t\t\t<div class=\"elementor-widget-container\">\n\t\t\t\t\t\t\t\t\t<p><strong>L\u00e1bios naturais, suaves ou intensos,<\/strong>&nbsp;tudo isto \u00e9 poss\u00edvel com a micropigmenta\u00e7\u00e3o, independentemente do tipo de pele. A <b>Micropigmenta\u00e7\u00e3o labial<\/b> permite-lhe dar caracter\u00edsticas, <b>formas e defini\u00e7\u00f5es subtis<\/b> para real\u00e7ar a sua&nbsp; beleza natural, tanto em homens como em mulheres. Al\u00e9m de <b>aumentar a auto-confian\u00e7a<\/b>, a Micropigmenta\u00e7\u00e3o labial tamb\u00e9m pode levar a um estilo de vida mais ativo e \u00e0 liberdade pessoal, <b>poupando bastante tempo<\/b> na aplica\u00e7\u00e3o da maquilhagem. Al\u00e9m disso, os procedimentos t\u00eam um efeito deslumbrante, sem borr\u00f5es, que durar\u00e1 v\u00e1rios anos. Os l\u00e1bios naturais podem ficar mais definidos, ou pode obter um <b>efeito 3D<\/b> exuberante que ir\u00e1 real\u00e7ar a beleza natural dos seus l\u00e1bios, sem necessidade de aplicar maquilhagem, podendo optar por colocar um brilho para realce da cor.<\/p>\t\t\t\t\t\t\t\t<\/div>\n\t\t\t\t<\/div>\n\t\t\t\t<div class=\"elementor-element elementor-element-72331fec elementor-align-justify elementor-widget elementor-widget-button\" data-id=\"72331fec\" data-element_type=\"widget\" data-e-type=\"widget\" data-widget_type=\"button.default\">\n\t\t\t\t<div class=\"elementor-widget-container\">\n\t\t\t\t\t\t\t\t\t<div class=\"elementor-button-wrapper\">\n\t\t\t\t\t<a class=\"elementor-button elementor-button-link elementor-size-lg\" href=\"https:\/\/remakeup.book.app\/\" target=\"_blank\">\n\t\t\t\t\t\t<span class=\"elementor-button-content-wrapper\">\n\t\t\t\t\t\t\t\t\t<span class=\"elementor-button-text\">Marque J\u00e1 a sua visita<\/span>\n\t\t\t\t\t<\/span>\n\t\t\t\t\t<\/a>\n\t\t\t\t<\/div>\n\t\t\t\t\t\t\t\t<\/div>\n\t\t\t\t<\/div>\n\t\t\t\t\t<\/div>\n\t\t<\/div>\n\t\t\t\t\t<\/div>\n\t\t<\/section>\n\t\t\t\t\t<\/div>\n\t\t<\/div>\n\t\t\t\t<div class=\"elementor-column elementor-col-33 elementor-top-column elementor-element elementor-element-20179110\" data-id=\"20179110\" data-element_type=\"column\" data-e-type=\"column\">\n\t\t\t<div class=\"elementor-widget-wrap elementor-element-populated\">\n\t\t\t\t\t\t<section class=\"elementor-section elementor-inner-section elementor-element elementor-element-63cd3bde elementor-section-full_width elementor-section-height-default elementor-section-height-default\" data-id=\"63cd3bde\" data-element_type=\"section\" data-e-type=\"section\">\n\t\t\t\t\t\t<div class=\"elementor-container elementor-column-gap-no\">\n\t\t\t\t\t<div class=\"elementor-column elementor-col-100 elementor-inner-column elementor-element elementor-element-51f0e7b8\" data-id=\"51f0e7b8\" data-element_type=\"column\" data-e-type=\"column\">\n\t\t\t<div class=\"elementor-widget-wrap elementor-element-populated\">\n\t\t\t\t\t\t<div class=\"elementor-element elementor-element-c45accb elementor-widget elementor-widget-text-editor\" data-id=\"c45accb\" data-element_type=\"widget\" data-e-type=\"widget\" data-widget_type=\"text-editor.default\">\n\t\t\t\t<div class=\"elementor-widget-container\">\n\t\t\t\t\t\t\t\t\t<p><b>A Tatuagem Param\u00e9dica ou Oncol\u00f3gica <\/b>\u00e9 utilizada para disfar\u00e7ar, cobrir e retocar as <b>imperfei\u00e7\u00f5es da pele<\/b>. O pigmento \u00e9 implantado na <b>camada d\u00e9rmica <\/b>da pele para dar um toque final a <b>interven\u00e7\u00f5es cir\u00fargicas<\/b>, <b>camuflar cicatrizes e queimaduras<\/b> and <b>recolorir mamilos e ar\u00e9olas <\/b>ap\u00f3s cirurgia ou reconstru\u00e7\u00e3o mam\u00e1ria. A tatuagem param\u00e9dica tamb\u00e9m pode disfar\u00e7ar cicatrizes e <b>descolora\u00e7\u00f5es <\/b>de estrias, marcas de nascen\u00e7a, manchas de idade n\u00e3o pigmentadas e cirurgias est\u00e9ticas como liftings faciais e abdominoplastias. Para as mulheres que foram submetidas a mastectomias ou que podem ter <b>ar\u00e9olas irregulares ou desvanecidas<\/b>, esta micropigmenta\u00e7\u00e3o complexa e restaura\u00e7\u00e3o do mamilo \u00e9 um avan\u00e7o na cria\u00e7\u00e3o de um peito com um aspeto mais natural.<\/p>\t\t\t\t\t\t\t\t<\/div>\n\t\t\t\t<\/div>\n\t\t\t\t<div class=\"elementor-element elementor-element-3cd3528 elementor-align-justify elementor-widget elementor-widget-button\" data-id=\"3cd3528\" data-element_type=\"widget\" data-e-type=\"widget\" data-widget_type=\"button.default\">\n\t\t\t\t<div class=\"elementor-widget-container\">\n\t\t\t\t\t\t\t\t\t<div class=\"elementor-button-wrapper\">\n\t\t\t\t\t<a class=\"elementor-button elementor-button-link elementor-size-lg\" href=\"https:\/\/remakeup.book.app\/\" target=\"_blank\">\n\t\t\t\t\t\t<span class=\"elementor-button-content-wrapper\">\n\t\t\t\t\t\t\t\t\t<span class=\"elementor-button-text\">Marque J\u00e1 a sua visita<\/span>\n\t\t\t\t\t<\/span>\n\t\t\t\t\t<\/a>\n\t\t\t\t<\/div>\n\t\t\t\t\t\t\t\t<\/div>\n\t\t\t\t<\/div>\n\t\t\t\t\t<\/div>\n\t\t<\/div>\n\t\t\t\t\t<\/div>\n\t\t<\/section>\n\t\t\t\t\t<\/div>\n\t\t<\/div>\n\t\t\t\t\t<\/div>\n\t\t<\/section>\n\t\t<div class=\"elementor-element elementor-element-7567792 e-grid e-con-boxed e-con e-parent\" data-id=\"7567792\" data-element_type=\"container\" data-e-type=\"container\">\n\t\t\t\t\t<div class=\"e-con-inner\">\n\t\t\t\t<div class=\"elementor-element elementor-element-eccc73b elementor-widget elementor-widget-image\" data-id=\"eccc73b\" data-element_type=\"widget\" data-e-type=\"widget\" data-widget_type=\"image.default\">\n\t\t\t\t<div class=\"elementor-widget-container\">\n\t\t\t\t\t\t\t\t\t\t\t\t\t\t\t<img fetchpriority=\"high\" decoding=\"async\" width=\"665\" height=\"665\" src=\"https:\/\/remakeupacademy.com\/wp-content\/uploads\/2023\/11\/Lip-Neutralization2.png\" class=\"attachment-large size-large wp-image-13505\" alt=\"\" srcset=\"https:\/\/remakeupacademy.com\/wp-content\/uploads\/2023\/11\/Lip-Neutralization2.png 665w, https:\/\/remakeupacademy.com\/wp-content\/uploads\/2023\/11\/Lip-Neutralization2-500x500.png 500w, https:\/\/remakeupacademy.com\/wp-content\/uploads\/2023\/11\/Lip-Neutralization2-300x300.png 300w, https:\/\/remakeupacademy.com\/wp-content\/uploads\/2023\/11\/Lip-Neutralization2-150x150.png 150w, https:\/\/remakeupacademy.com\/wp-content\/uploads\/2023\/11\/Lip-Neutralization2-75x75.png 75w, https:\/\/remakeupacademy.com\/wp-content\/uploads\/2023\/11\/Lip-Neutralization2-480x480.png 480w\" sizes=\"(max-width:767px) 480px, 665px\" \/>\t\t\t\t\t\t\t\t\t\t\t\t\t\t\t<\/div>\n\t\t\t\t<\/div>\n\t\t\t\t<div class=\"elementor-element elementor-element-17af566 elementor-widget elementor-widget-image\" data-id=\"17af566\" data-element_type=\"widget\" data-e-type=\"widget\" data-widget_type=\"image.default\">\n\t\t\t\t<div class=\"elementor-widget-container\">\n\t\t\t\t\t\t\t\t\t\t\t\t\t\t\t<img decoding=\"async\" width=\"664\" height=\"664\" src=\"https:\/\/remakeupacademy.com\/wp-content\/uploads\/2023\/11\/HiFu3.png\" class=\"attachment-large size-large wp-image-13501\" alt=\"\" srcset=\"https:\/\/remakeupacademy.com\/wp-content\/uploads\/2023\/11\/HiFu3.png 664w, https:\/\/remakeupacademy.com\/wp-content\/uploads\/2023\/11\/HiFu3-500x500.png 500w, https:\/\/remakeupacademy.com\/wp-content\/uploads\/2023\/11\/HiFu3-300x300.png 300w, https:\/\/remakeupacademy.com\/wp-content\/uploads\/2023\/11\/HiFu3-150x150.png 150w, https:\/\/remakeupacademy.com\/wp-content\/uploads\/2023\/11\/HiFu3-75x75.png 75w, https:\/\/remakeupacademy.com\/wp-content\/uploads\/2023\/11\/HiFu3-480x480.png 480w\" sizes=\"(max-width:767px) 480px, 664px\" \/>\t\t\t\t\t\t\t\t\t\t\t\t\t\t\t<\/div>\n\t\t\t\t<\/div>\n\t\t\t\t\t<\/div>\n\t\t\t\t<\/div>\n\t\t\t\t<section class=\"elementor-section elementor-top-section elementor-element elementor-element-6a53f29 elementor-section-full_width elementor-section-height-default elementor-section-height-default\" data-id=\"6a53f29\" data-element_type=\"section\" data-e-type=\"section\">\n\t\t\t\t\t\t<div class=\"elementor-container elementor-column-gap-no\">\n\t\t\t\t\t<div class=\"elementor-column elementor-col-33 elementor-top-column elementor-element elementor-element-0a356cd\" data-id=\"0a356cd\" data-element_type=\"column\" data-e-type=\"column\">\n\t\t\t<div class=\"elementor-widget-wrap elementor-element-populated\">\n\t\t\t\t\t\t<section class=\"elementor-section elementor-inner-section elementor-element elementor-element-8473a5e elementor-section-full_width elementor-section-height-default elementor-section-height-default\" data-id=\"8473a5e\" data-element_type=\"section\" data-e-type=\"section\">\n\t\t\t\t\t\t<div class=\"elementor-container elementor-column-gap-no\">\n\t\t\t\t\t<div class=\"elementor-column elementor-col-100 elementor-inner-column elementor-element elementor-element-a218e2b\" data-id=\"a218e2b\" data-element_type=\"column\" data-e-type=\"column\">\n\t\t\t<div class=\"elementor-widget-wrap elementor-element-populated\">\n\t\t\t\t\t\t<div class=\"elementor-element elementor-element-3fdbd23 elementor-widget elementor-widget-text-editor\" data-id=\"3fdbd23\" data-element_type=\"widget\" data-e-type=\"widget\" data-widget_type=\"text-editor.default\">\n\t\t\t\t<div class=\"elementor-widget-container\">\n\t\t\t\t\t\t\t\t\t<p>Na <b>Remake Up Clinic<\/b> encontrar\u00e1 uma gama diversificada e vers\u00e1til de <b>servi\u00e7os e produtos de cuidados<\/b> faciais. Utilizando<b> t\u00e9cnicas e equipamentos na vanguarda<\/b> das terapias de cuidados faciais, a nossa <b>equipa de profissionais<\/b> trabalhar\u00e1 consigo para encontrar o protocolo mais adequado \u00e0s suas necessidades e aspira\u00e7\u00f5es.<\/p>\t\t\t\t\t\t\t\t<\/div>\n\t\t\t\t<\/div>\n\t\t\t\t<div class=\"elementor-element elementor-element-32e5d95 elementor-align-justify elementor-widget elementor-widget-button\" data-id=\"32e5d95\" data-element_type=\"widget\" data-e-type=\"widget\" data-widget_type=\"button.default\">\n\t\t\t\t<div class=\"elementor-widget-container\">\n\t\t\t\t\t\t\t\t\t<div class=\"elementor-button-wrapper\">\n\t\t\t\t\t<a class=\"elementor-button elementor-button-link elementor-size-lg\" href=\"https:\/\/remakeup.book.app\/\" target=\"_blank\">\n\t\t\t\t\t\t<span class=\"elementor-button-content-wrapper\">\n\t\t\t\t\t\t\t\t\t<span class=\"elementor-button-text\">Marque J\u00e1 a sua visita<\/span>\n\t\t\t\t\t<\/span>\n\t\t\t\t\t<\/a>\n\t\t\t\t<\/div>\n\t\t\t\t\t\t\t\t<\/div>\n\t\t\t\t<\/div>\n\t\t\t\t\t<\/div>\n\t\t<\/div>\n\t\t\t\t\t<\/div>\n\t\t<\/section>\n\t\t\t\t\t<\/div>\n\t\t<\/div>\n\t\t\t\t<div class=\"elementor-column elementor-col-33 elementor-top-column elementor-element elementor-element-15fda83\" data-id=\"15fda83\" data-element_type=\"column\" data-e-type=\"column\">\n\t\t\t<div class=\"elementor-widget-wrap elementor-element-populated\">\n\t\t\t\t\t\t<section class=\"elementor-section elementor-inner-section elementor-element elementor-element-fe73452 elementor-section-full_width elementor-section-height-default elementor-section-height-default\" data-id=\"fe73452\" data-element_type=\"section\" data-e-type=\"section\">\n\t\t\t\t\t\t<div class=\"elementor-container elementor-column-gap-no\">\n\t\t\t\t\t<div class=\"elementor-column elementor-col-100 elementor-inner-column elementor-element elementor-element-8354b60\" data-id=\"8354b60\" data-element_type=\"column\" data-e-type=\"column\">\n\t\t\t<div class=\"elementor-widget-wrap elementor-element-populated\">\n\t\t\t\t\t\t<div class=\"elementor-element elementor-element-f74e171 elementor-widget elementor-widget-text-editor\" data-id=\"f74e171\" data-element_type=\"widget\" data-e-type=\"widget\" data-widget_type=\"text-editor.default\">\n\t\t\t\t<div class=\"elementor-widget-container\">\n\t\t\t\t\t\t\t\t\t<p>Na <b>Remake Up Clinic<\/b> encontrar\u00e1 uma gama <b>especializada e eficaz<\/b> de servi\u00e7os e produtos de <b>cuidados corporais.<\/b> Utilizando t\u00e9cnicas e equipamentos na vanguarda das terapias corporais, a nossa equipa de profissionais trabalhar\u00e1 consigo para encontrar o\u00a0<b>protocolo mais adequado \u00e0s suas necessidades<\/b> e aspira\u00e7\u00f5es.<\/p>\t\t\t\t\t\t\t\t<\/div>\n\t\t\t\t<\/div>\n\t\t\t\t<div class=\"elementor-element elementor-element-5de9545 elementor-align-justify elementor-widget elementor-widget-button\" data-id=\"5de9545\" data-element_type=\"widget\" data-e-type=\"widget\" data-widget_type=\"button.default\">\n\t\t\t\t<div class=\"elementor-widget-container\">\n\t\t\t\t\t\t\t\t\t<div class=\"elementor-button-wrapper\">\n\t\t\t\t\t<a class=\"elementor-button elementor-button-link elementor-size-lg\" href=\"https:\/\/remakeup.book.app\/\" target=\"_blank\">\n\t\t\t\t\t\t<span class=\"elementor-button-content-wrapper\">\n\t\t\t\t\t\t\t\t\t<span class=\"elementor-button-text\">Marque J\u00e1 a sua visita<\/span>\n\t\t\t\t\t<\/span>\n\t\t\t\t\t<\/a>\n\t\t\t\t<\/div>\n\t\t\t\t\t\t\t\t<\/div>\n\t\t\t\t<\/div>\n\t\t\t\t\t<\/div>\n\t\t<\/div>\n\t\t\t\t\t<\/div>\n\t\t<\/section>\n\t\t\t\t\t<\/div>\n\t\t<\/div>\n\t\t\t\t<div class=\"elementor-column elementor-col-33 elementor-top-column elementor-element elementor-element-6a28a98\" data-id=\"6a28a98\" data-element_type=\"column\" data-e-type=\"column\">\n\t\t\t<div class=\"elementor-widget-wrap elementor-element-populated\">\n\t\t\t\t\t\t<section class=\"elementor-section elementor-inner-section elementor-element elementor-element-5b69a3c elementor-section-full_width elementor-section-height-default elementor-section-height-default\" data-id=\"5b69a3c\" data-element_type=\"section\" data-e-type=\"section\">\n\t\t\t\t\t\t<div class=\"elementor-container elementor-column-gap-no\">\n\t\t\t\t\t<div class=\"elementor-column elementor-col-100 elementor-inner-column elementor-element elementor-element-1ce62d2\" data-id=\"1ce62d2\" data-element_type=\"column\" data-e-type=\"column\">\n\t\t\t<div class=\"elementor-widget-wrap elementor-element-populated\">\n\t\t\t\t\t\t<div class=\"elementor-element elementor-element-b8c9fff elementor-widget elementor-widget-text-editor\" data-id=\"b8c9fff\" data-element_type=\"widget\" data-e-type=\"widget\" data-widget_type=\"text-editor.default\">\n\t\t\t\t<div class=\"elementor-widget-container\">\n\t\t\t\t\t\t\t\t\t<p>Na<b> Remake Up Clinic<\/b>, damos-lhe a possibilidade de <b>reescrever a sua hist\u00f3ria<\/b>. Oferecemos uma abordagem revolucion\u00e1ria \u00e0 <b>redu\u00e7\u00e3o de tatuagens<\/b> atrav\u00e9s da nossa avan\u00e7ada tecnologia <b>laser ND-YAG<\/b>, garantindo um processo de desvanecimento <b>seguro e eficaz<\/b>. Quer pretenda dizer adeus a um desenho desatualizado ou simplesmente <b>clarear a sua cor<\/b>.<\/p>\t\t\t\t\t\t\t\t<\/div>\n\t\t\t\t<\/div>\n\t\t\t\t<div class=\"elementor-element elementor-element-0a34155 elementor-align-justify elementor-widget elementor-widget-button\" data-id=\"0a34155\" data-element_type=\"widget\" data-e-type=\"widget\" data-widget_type=\"button.default\">\n\t\t\t\t<div class=\"elementor-widget-container\">\n\t\t\t\t\t\t\t\t\t<div class=\"elementor-button-wrapper\">\n\t\t\t\t\t<a class=\"elementor-button elementor-button-link elementor-size-lg\" href=\"https:\/\/remakeup.book.app\/\" target=\"_blank\">\n\t\t\t\t\t\t<span class=\"elementor-button-content-wrapper\">\n\t\t\t\t\t\t\t\t\t<span class=\"elementor-button-text\">Marque J\u00e1 a sua visita<\/span>\n\t\t\t\t\t<\/span>\n\t\t\t\t\t<\/a>\n\t\t\t\t<\/div>\n\t\t\t\t\t\t\t\t<\/div>\n\t\t\t\t<\/div>\n\t\t\t\t\t<\/div>\n\t\t<\/div>\n\t\t\t\t\t<\/div>\n\t\t<\/section>\n\t\t\t\t\t<\/div>\n\t\t<\/div>\n\t\t\t\t\t<\/div>\n\t\t<\/section>\n\t\t\t\t<\/div>","protected":false},"excerpt":{"rendered":"<p>Os Nossos servi\u00e7os Sobrancelhas Blade &amp; Shade, na RemakeUpoferecemos as mais recentes tend\u00eancias em Micropigmenta\u00e7\u00e3o de Sobrancelhas, dando um aspeto de sobrancelha com sombras suaves, com<span class=\"excerpt-hellip\"> [\u2026]<\/span><\/p>\n","protected":false},"author":1,"featured_media":0,"parent":0,"menu_order":0,"comment_status":"closed","ping_status":"closed","template":"","meta":{"footnotes":""},"class_list":["post-16838","page","type-page","status-publish","hentry"],"_links":{"self":[{"href":"https:\/\/remakeupacademy.com\/en\/wp-json\/wp\/v2\/pages\/16838","targetHints":{"allow":["GET"]}}],"collection":[{"href":"https:\/\/remakeupacademy.com\/en\/wp-json\/wp\/v2\/pages"}],"about":[{"href":"https:\/\/remakeupacademy.com\/en\/wp-json\/wp\/v2\/types\/page"}],"author":[{"embeddable":true,"href":"https:\/\/remakeupacademy.com\/en\/wp-json\/wp\/v2\/users\/1"}],"replies":[{"embeddable":true,"href":"https:\/\/remakeupacademy.com\/en\/wp-json\/wp\/v2\/comments?post=16838"}],"version-history":[{"count":1,"href":"https:\/\/remakeupacademy.com\/en\/wp-json\/wp\/v2\/pages\/16838\/revisions"}],"predecessor-version":[{"id":16839,"href":"https:\/\/remakeupacademy.com\/en\/wp-json\/wp\/v2\/pages\/16838\/revisions\/16839"}],"wp:attachment":[{"href":"https:\/\/remakeupacademy.com\/en\/wp-json\/wp\/v2\/media?parent=16838"}],"curies":[{"name":"wp","href":"https:\/\/api.w.org\/{rel}","templated":true}]}}