{"id":19,"date":"2022-10-27T08:49:46","date_gmt":"2022-10-27T08:49:46","guid":{"rendered":"https:\/\/remakeupacademy.com\/?page_id=19"},"modified":"2025-08-18T11:16:05","modified_gmt":"2025-08-18T10:16:05","slug":"sobre-nos","status":"publish","type":"page","link":"https:\/\/remakeupacademy.com\/en\/sobre-nos\/","title":{"rendered":"About us"},"content":{"rendered":"<div data-elementor-type=\"wp-page\" data-elementor-id=\"19\" class=\"elementor elementor-19\">\n\t\t\t\t\t\t<section class=\"elementor-section elementor-top-section elementor-element elementor-element-f193441 elementor-section-stretched elementor-section-boxed elementor-section-height-default elementor-section-height-default\" data-id=\"f193441\" data-element_type=\"section\" data-e-type=\"section\" data-settings=\"{&quot;stretch_section&quot;:&quot;section-stretched&quot;,&quot;background_background&quot;:&quot;video&quot;,&quot;background_video_link&quot;:&quot;https:\\\/\\\/remakeupacademy.com\\\/wp-content\\\/uploads\\\/2025\\\/07\\\/5649201-uhd_3840_2160_25fps-1.mp4&quot;,&quot;background_play_on_mobile&quot;:&quot;yes&quot;}\">\n\t\t\t\t\t\t\t\t<div class=\"elementor-background-video-container\">\n\t\t\t\t\t\t\t\t\t\t\t\t\t<video class=\"elementor-background-video-hosted\" role=\"presentation\" autoplay muted playsinline loop><\/video>\n\t\t\t\t\t\t\t\t\t\t\t<\/div>\n\t\t\t\t\t\t\t\t<div class=\"elementor-container elementor-column-gap-wider\">\n\t\t\t\t\t<div class=\"elementor-column elementor-col-100 elementor-top-column elementor-element elementor-element-919c1bb\" data-id=\"919c1bb\" data-element_type=\"column\" data-e-type=\"column\">\n\t\t\t<div class=\"elementor-widget-wrap elementor-element-populated\">\n\t\t\t\t\t\t<section class=\"elementor-section elementor-inner-section elementor-element elementor-element-1f59931 elementor-section-boxed elementor-section-height-default elementor-section-height-default\" data-id=\"1f59931\" data-element_type=\"section\" data-e-type=\"section\">\n\t\t\t\t\t\t<div class=\"elementor-container elementor-column-gap-default\">\n\t\t\t\t\t<div class=\"elementor-column elementor-col-66 elementor-inner-column elementor-element elementor-element-e3ffdba\" data-id=\"e3ffdba\" data-element_type=\"column\" data-e-type=\"column\">\n\t\t\t<div class=\"elementor-widget-wrap elementor-element-populated\">\n\t\t\t\t\t\t<div class=\"elementor-element elementor-element-490c350 elementor-widget elementor-widget-heading\" data-id=\"490c350\" data-element_type=\"widget\" data-e-type=\"widget\" data-widget_type=\"heading.default\">\n\t\t\t\t<div class=\"elementor-widget-container\">\n\t\t\t\t\t<h1 class=\"elementor-heading-title elementor-size-default\">About Us<\/h1>\t\t\t\t<\/div>\n\t\t\t\t<\/div>\n\t\t\t\t\t<\/div>\n\t\t<\/div>\n\t\t\t\t<div class=\"elementor-column elementor-col-33 elementor-inner-column elementor-element elementor-element-19df51f\" data-id=\"19df51f\" data-element_type=\"column\" data-e-type=\"column\">\n\t\t\t<div class=\"elementor-widget-wrap\">\n\t\t\t\t\t\t\t<\/div>\n\t\t<\/div>\n\t\t\t\t\t<\/div>\n\t\t<\/section>\n\t\t\t\t\t<\/div>\n\t\t<\/div>\n\t\t\t\t\t<\/div>\n\t\t<\/section>\n\t\t\t\t<section class=\"elementor-section elementor-top-section elementor-element elementor-element-51d11c7 elementor-section-stretched elementor-section-boxed elementor-section-height-default elementor-section-height-default\" data-id=\"51d11c7\" data-element_type=\"section\" data-e-type=\"section\" data-settings=\"{&quot;stretch_section&quot;:&quot;section-stretched&quot;,&quot;background_background&quot;:&quot;classic&quot;}\">\n\t\t\t\t\t\t<div class=\"elementor-container elementor-column-gap-wider\">\n\t\t\t\t\t<div class=\"elementor-column elementor-col-100 elementor-top-column elementor-element elementor-element-fc9aade\" data-id=\"fc9aade\" data-element_type=\"column\" data-e-type=\"column\">\n\t\t\t<div class=\"elementor-widget-wrap elementor-element-populated\">\n\t\t\t\t\t\t<div class=\"elementor-element elementor-element-3f809b8 elementor-widget elementor-widget-image\" data-id=\"3f809b8\" data-element_type=\"widget\" data-e-type=\"widget\" data-widget_type=\"image.default\">\n\t\t\t\t<div class=\"elementor-widget-container\">\n\t\t\t\t\t\t\t\t\t\t\t\t\t\t\t<img fetchpriority=\"high\" decoding=\"async\" width=\"960\" height=\"750\" src=\"https:\/\/remakeupacademy.com\/wp-content\/uploads\/2025\/07\/IMG_6877-960x750.jpg\" class=\"attachment-blog-portfolio size-blog-portfolio wp-image-16406\" alt=\"\" srcset=\"https:\/\/remakeupacademy.com\/wp-content\/uploads\/2025\/07\/IMG_6877-960x750.jpg 960w, https:\/\/remakeupacademy.com\/wp-content\/uploads\/2025\/07\/IMG_6877-1280x1000.jpg 1280w\" sizes=\"(max-width:767px) 480px, (max-width:960px) 100vw, 960px\" \/>\t\t\t\t\t\t\t\t\t\t\t\t\t\t\t<\/div>\n\t\t\t\t<\/div>\n\t\t\t\t\t<\/div>\n\t\t<\/div>\n\t\t\t\t\t<\/div>\n\t\t<\/section>\n\t\t\t\t<section class=\"elementor-section elementor-top-section elementor-element elementor-element-1accee0 elementor-section-full_width elementor-section-stretched elementor-section-height-default elementor-section-height-default\" data-id=\"1accee0\" data-element_type=\"section\" data-e-type=\"section\" data-settings=\"{&quot;stretch_section&quot;:&quot;section-stretched&quot;,&quot;background_background&quot;:&quot;classic&quot;}\">\n\t\t\t\t\t\t<div class=\"elementor-container elementor-column-gap-wider\">\n\t\t\t\t\t<div class=\"elementor-column elementor-col-100 elementor-top-column elementor-element elementor-element-6050977\" data-id=\"6050977\" data-element_type=\"column\" data-e-type=\"column\">\n\t\t\t<div class=\"elementor-widget-wrap elementor-element-populated\">\n\t\t\t\t\t\t<div class=\"elementor-element elementor-element-97ae5b3 elementor-widget elementor-widget-heading\" data-id=\"97ae5b3\" data-element_type=\"widget\" data-e-type=\"widget\" data-widget_type=\"heading.default\">\n\t\t\t\t<div class=\"elementor-widget-container\">\n\t\t\t\t\t<h3 class=\"elementor-heading-title elementor-size-default\">The Academy Of Leiria, Portugal<\/h3>\t\t\t\t<\/div>\n\t\t\t\t<\/div>\n\t\t\t\t\t<\/div>\n\t\t<\/div>\n\t\t\t\t\t<\/div>\n\t\t<\/section>\n\t\t\t\t<section class=\"elementor-section elementor-top-section elementor-element elementor-element-24f2893 elementor-section-stretched elementor-section-boxed elementor-section-height-default elementor-section-height-default\" data-id=\"24f2893\" data-element_type=\"section\" data-e-type=\"section\" data-settings=\"{&quot;stretch_section&quot;:&quot;section-stretched&quot;,&quot;background_background&quot;:&quot;classic&quot;}\">\n\t\t\t\t\t\t<div class=\"elementor-container elementor-column-gap-wider\">\n\t\t\t\t\t<div class=\"elementor-column elementor-col-100 elementor-top-column elementor-element elementor-element-3d5ff25\" data-id=\"3d5ff25\" data-element_type=\"column\" data-e-type=\"column\">\n\t\t\t<div class=\"elementor-widget-wrap\">\n\t\t\t\t\t\t\t<\/div>\n\t\t<\/div>\n\t\t\t\t\t<\/div>\n\t\t<\/section>\n\t\t\t\t<section class=\"elementor-section elementor-top-section elementor-element elementor-element-aab25cd elementor-section-stretched elementor-section-boxed elementor-section-height-default elementor-section-height-default\" data-id=\"aab25cd\" data-element_type=\"section\" data-e-type=\"section\" data-settings=\"{&quot;stretch_section&quot;:&quot;section-stretched&quot;,&quot;background_background&quot;:&quot;classic&quot;}\">\n\t\t\t\t\t\t<div class=\"elementor-container elementor-column-gap-wider\">\n\t\t\t\t\t<div class=\"elementor-column elementor-col-25 elementor-top-column elementor-element elementor-element-994a641\" data-id=\"994a641\" data-element_type=\"column\" data-e-type=\"column\">\n\t\t\t<div class=\"elementor-widget-wrap elementor-element-populated\">\n\t\t\t\t\t\t<div class=\"elementor-element elementor-element-dd8c751 elementor-widget elementor-widget-image\" data-id=\"dd8c751\" data-element_type=\"widget\" data-e-type=\"widget\" data-widget_type=\"image.default\">\n\t\t\t\t<div class=\"elementor-widget-container\">\n\t\t\t\t\t\t\t\t\t\t\t\t\t\t\t<img decoding=\"async\" width=\"1084\" height=\"1084\" src=\"https:\/\/remakeupacademy.com\/wp-content\/uploads\/2024\/04\/3.png\" class=\"attachment-large size-large wp-image-14430\" alt=\"\" srcset=\"https:\/\/remakeupacademy.com\/wp-content\/uploads\/2024\/04\/3.png 1084w, https:\/\/remakeupacademy.com\/wp-content\/uploads\/2024\/04\/3-500x500.png 500w, https:\/\/remakeupacademy.com\/wp-content\/uploads\/2024\/04\/3-300x300.png 300w, https:\/\/remakeupacademy.com\/wp-content\/uploads\/2024\/04\/3-768x768.png 768w, https:\/\/remakeupacademy.com\/wp-content\/uploads\/2024\/04\/3-150x150.png 150w, https:\/\/remakeupacademy.com\/wp-content\/uploads\/2024\/04\/3-75x75.png 75w, https:\/\/remakeupacademy.com\/wp-content\/uploads\/2024\/04\/3-480x480.png 480w, https:\/\/remakeupacademy.com\/wp-content\/uploads\/2024\/04\/3-800x800.png 800w\" sizes=\"(max-width:767px) 480px, (max-width:1084px) 100vw, 1084px\" \/>\t\t\t\t\t\t\t\t\t\t\t\t\t\t\t<\/div>\n\t\t\t\t<\/div>\n\t\t\t\t\t<\/div>\n\t\t<\/div>\n\t\t\t\t<div class=\"elementor-column elementor-col-50 elementor-top-column elementor-element elementor-element-306d6b5\" data-id=\"306d6b5\" data-element_type=\"column\" data-e-type=\"column\">\n\t\t\t<div class=\"elementor-widget-wrap elementor-element-populated\">\n\t\t\t\t\t\t<section class=\"elementor-section elementor-inner-section elementor-element elementor-element-64f91a8 elementor-section-boxed elementor-section-height-default elementor-section-height-default\" data-id=\"64f91a8\" data-element_type=\"section\" data-e-type=\"section\">\n\t\t\t\t\t\t<div class=\"elementor-container elementor-column-gap-default\">\n\t\t\t\t\t<div class=\"elementor-column elementor-col-25 elementor-inner-column elementor-element elementor-element-834be2c\" data-id=\"834be2c\" data-element_type=\"column\" data-e-type=\"column\">\n\t\t\t<div class=\"elementor-widget-wrap\">\n\t\t\t\t\t\t\t<\/div>\n\t\t<\/div>\n\t\t\t\t<div class=\"elementor-column elementor-col-50 elementor-inner-column elementor-element elementor-element-3637eb5\" data-id=\"3637eb5\" data-element_type=\"column\" data-e-type=\"column\">\n\t\t\t<div class=\"elementor-widget-wrap elementor-element-populated\">\n\t\t\t\t\t\t<div class=\"elementor-element elementor-element-e744035 elementor-widget elementor-widget-text-editor\" data-id=\"e744035\" data-element_type=\"widget\" data-e-type=\"widget\" data-widget_type=\"text-editor.default\">\n\t\t\t\t<div class=\"elementor-widget-container\">\n\t\t\t\t\t\t\t\t\t<p>Over the past 10 years, Cristina Bernardino, specialized in the field of Micropigmentation Paramedical in the United Kingdom, working in clinics in plastic surgery, and, in some cases, the hospitals of the National Health service (NHS). In 2016, he began his journey into the world of education in Micropigmentation, because they have already made in the field of Esthetics and Cosmetology since the year 2000.\u00a0<\/p>\t\t\t\t\t\t\t\t<\/div>\n\t\t\t\t<\/div>\n\t\t\t\t\t<\/div>\n\t\t<\/div>\n\t\t\t\t<div class=\"elementor-column elementor-col-25 elementor-inner-column elementor-element elementor-element-52aadde\" data-id=\"52aadde\" data-element_type=\"column\" data-e-type=\"column\">\n\t\t\t<div class=\"elementor-widget-wrap\">\n\t\t\t\t\t\t\t<\/div>\n\t\t<\/div>\n\t\t\t\t\t<\/div>\n\t\t<\/section>\n\t\t\t\t<section class=\"elementor-section elementor-inner-section elementor-element elementor-element-0ac330c elementor-section-boxed elementor-section-height-default elementor-section-height-default\" data-id=\"0ac330c\" data-element_type=\"section\" data-e-type=\"section\">\n\t\t\t\t\t\t<div class=\"elementor-container elementor-column-gap-default\">\n\t\t\t\t\t<div class=\"elementor-column elementor-col-25 elementor-inner-column elementor-element elementor-element-d411263\" data-id=\"d411263\" data-element_type=\"column\" data-e-type=\"column\">\n\t\t\t<div class=\"elementor-widget-wrap\">\n\t\t\t\t\t\t\t<\/div>\n\t\t<\/div>\n\t\t\t\t<div class=\"elementor-column elementor-col-50 elementor-inner-column elementor-element elementor-element-6ab44cb\" data-id=\"6ab44cb\" data-element_type=\"column\" data-e-type=\"column\">\n\t\t\t<div class=\"elementor-widget-wrap elementor-element-populated\">\n\t\t\t\t\t\t<div class=\"elementor-element elementor-element-16bb295 elementor-widget elementor-widget-text-editor\" data-id=\"16bb295\" data-element_type=\"widget\" data-e-type=\"widget\" data-widget_type=\"text-editor.default\">\n\t\t\t\t<div class=\"elementor-widget-container\">\n\t\t\t\t\t\t\t\t\t<p>The RemakeUp, our mission is to provide you with Micropigmentation to all of those who may benefit from a procedure that&#039;s so amazing, by our staff, and our students. As we go on this journey of training, workshops, and master classes on the Micropigmentation, beauty and Cosmetics, and our main goal is to provide the sessions and trainings are based on the best practice that is grounded in theory, be adapted to the reality, expertise, and level of each student and provide them with a career full of success. As such, we have developed a training offer that it can be carried out both in Portuguese and English, and makes use of a mix of sessions, both online and face-to-face (B-Learning). In 2021, we all made in the Uk by establishing new partnerships and developing new ones of the content of learning as well.<\/p>\t\t\t\t\t\t\t\t<\/div>\n\t\t\t\t<\/div>\n\t\t\t\t\t<\/div>\n\t\t<\/div>\n\t\t\t\t<div class=\"elementor-column elementor-col-25 elementor-inner-column elementor-element elementor-element-ed2d6ed\" data-id=\"ed2d6ed\" data-element_type=\"column\" data-e-type=\"column\">\n\t\t\t<div class=\"elementor-widget-wrap\">\n\t\t\t\t\t\t\t<\/div>\n\t\t<\/div>\n\t\t\t\t\t<\/div>\n\t\t<\/section>\n\t\t\t\t\t<\/div>\n\t\t<\/div>\n\t\t\t\t<div class=\"elementor-column elementor-col-25 elementor-top-column elementor-element elementor-element-7a76c82\" data-id=\"7a76c82\" data-element_type=\"column\" data-e-type=\"column\">\n\t\t\t<div class=\"elementor-widget-wrap elementor-element-populated\">\n\t\t\t\t\t\t<div class=\"elementor-element elementor-element-5645ea4 elementor-widget elementor-widget-image\" data-id=\"5645ea4\" data-element_type=\"widget\" data-e-type=\"widget\" data-widget_type=\"image.default\">\n\t\t\t\t<div class=\"elementor-widget-container\">\n\t\t\t\t\t\t\t\t\t\t\t\t\t\t\t<img decoding=\"async\" width=\"1200\" height=\"900\" src=\"https:\/\/remakeupacademy.com\/wp-content\/uploads\/2025\/07\/IMG_3540-1200x900.jpeg\" class=\"attachment-large size-large wp-image-16423\" alt=\"\" srcset=\"https:\/\/remakeupacademy.com\/wp-content\/uploads\/2025\/07\/IMG_3540-1200x900.jpeg 1200w, https:\/\/remakeupacademy.com\/wp-content\/uploads\/2025\/07\/IMG_3540-500x375.jpeg 500w, https:\/\/remakeupacademy.com\/wp-content\/uploads\/2025\/07\/IMG_3540-300x225.jpeg 300w, https:\/\/remakeupacademy.com\/wp-content\/uploads\/2025\/07\/IMG_3540-768x576.jpeg 768w, https:\/\/remakeupacademy.com\/wp-content\/uploads\/2025\/07\/IMG_3540-1536x1152.jpeg 1536w, https:\/\/remakeupacademy.com\/wp-content\/uploads\/2025\/07\/IMG_3540-2048x1536.jpeg 2048w, https:\/\/remakeupacademy.com\/wp-content\/uploads\/2025\/07\/IMG_3540-100x75.jpeg 100w, https:\/\/remakeupacademy.com\/wp-content\/uploads\/2025\/07\/IMG_3540-480x360.jpeg 480w, https:\/\/remakeupacademy.com\/wp-content\/uploads\/2025\/07\/IMG_3540-800x600.jpeg 800w\" sizes=\"(max-width:767px) 480px, (max-width:1200px) 100vw, 1200px\" \/>\t\t\t\t\t\t\t\t\t\t\t\t\t\t\t<\/div>\n\t\t\t\t<\/div>\n\t\t\t\t\t<\/div>\n\t\t<\/div>\n\t\t\t\t\t<\/div>\n\t\t<\/section>\n\t\t\t\t<section class=\"elementor-section elementor-top-section elementor-element elementor-element-8e60938 elementor-section-stretched elementor-section-boxed elementor-section-height-default elementor-section-height-default\" data-id=\"8e60938\" data-element_type=\"section\" data-e-type=\"section\" data-settings=\"{&quot;stretch_section&quot;:&quot;section-stretched&quot;,&quot;background_background&quot;:&quot;gradient&quot;}\">\n\t\t\t\t\t\t<div class=\"elementor-container elementor-column-gap-wider\">\n\t\t\t\t\t<div class=\"elementor-column elementor-col-100 elementor-top-column elementor-element elementor-element-e8f3d8d\" data-id=\"e8f3d8d\" data-element_type=\"column\" data-e-type=\"column\">\n\t\t\t<div class=\"elementor-widget-wrap elementor-element-populated\">\n\t\t\t\t\t\t<section class=\"elementor-section elementor-inner-section elementor-element elementor-element-89ba4fc elementor-reverse-mobile elementor-section-boxed elementor-section-height-default elementor-section-height-default\" data-id=\"89ba4fc\" data-element_type=\"section\" data-e-type=\"section\" data-settings=\"{&quot;background_background&quot;:&quot;classic&quot;}\">\n\t\t\t\t\t\t<div class=\"elementor-container elementor-column-gap-default\">\n\t\t\t\t\t<div class=\"elementor-column elementor-col-50 elementor-inner-column elementor-element elementor-element-f7197ca\" data-id=\"f7197ca\" data-element_type=\"column\" data-e-type=\"column\">\n\t\t\t<div class=\"elementor-widget-wrap elementor-element-populated\">\n\t\t\t\t\t\t<div class=\"elementor-element elementor-element-6276009 elementor-widget elementor-widget-heading\" data-id=\"6276009\" data-element_type=\"widget\" data-e-type=\"widget\" data-widget_type=\"heading.default\">\n\t\t\t\t<div class=\"elementor-widget-container\">\n\t\t\t\t\t<h4 class=\"elementor-heading-title elementor-size-default\">Social Responsibility<\/h4>\t\t\t\t<\/div>\n\t\t\t\t<\/div>\n\t\t\t\t<div class=\"elementor-element elementor-element-eaf6bf7 elementor-widget elementor-widget-text-editor\" data-id=\"eaf6bf7\" data-element_type=\"widget\" data-e-type=\"widget\" data-widget_type=\"text-editor.default\">\n\t\t\t\t<div class=\"elementor-widget-container\">\n\t\t\t\t\t\t\t\t\t<p>The ReMakeUp Academy places an emphasis on strategic training that provides the skills, the quality of it, but it also brings a social awareness in our students.<\/p><p>To do this, we will share the experience of our Clinic in Glasgow, which operates as a social enterprise, was created to help people who are suffering psychologically, as a result of the physical effects of a medical condition such as cancer, alopecia, or treatment, they are associated with, and provides services for permanent makeup, as a solution to the health care, allied, and supporting people to regain their confidence and boost your self-esteem when you recover from hair loss due to alopecia or cancer restoration of the nipple and areola after surgery of the breast due to cancer, among others.<\/p>\t\t\t\t\t\t\t\t<\/div>\n\t\t\t\t<\/div>\n\t\t\t\t\t<\/div>\n\t\t<\/div>\n\t\t\t\t<div class=\"elementor-column elementor-col-50 elementor-inner-column elementor-element elementor-element-fc0e23d\" data-id=\"fc0e23d\" data-element_type=\"column\" data-e-type=\"column\">\n\t\t\t<div class=\"elementor-widget-wrap elementor-element-populated\">\n\t\t\t\t\t\t<div class=\"elementor-element elementor-element-eaecf3f elementor-widget elementor-widget-image\" data-id=\"eaecf3f\" data-element_type=\"widget\" data-e-type=\"widget\" data-widget_type=\"image.default\">\n\t\t\t\t<div class=\"elementor-widget-container\">\n\t\t\t\t\t\t\t\t\t\t\t\t\t\t\t<img loading=\"lazy\" decoding=\"async\" width=\"953\" height=\"960\" src=\"https:\/\/remakeupacademy.com\/wp-content\/uploads\/2020\/08\/68761283_2488864924514757_5654117161472360448_o.jpg\" class=\"attachment-full size-full wp-image-9557\" alt=\"\" srcset=\"https:\/\/remakeupacademy.com\/wp-content\/uploads\/2020\/08\/68761283_2488864924514757_5654117161472360448_o.jpg 953w, https:\/\/remakeupacademy.com\/wp-content\/uploads\/2020\/08\/68761283_2488864924514757_5654117161472360448_o-496x500.jpg 496w, https:\/\/remakeupacademy.com\/wp-content\/uploads\/2020\/08\/68761283_2488864924514757_5654117161472360448_o-298x300.jpg 298w, https:\/\/remakeupacademy.com\/wp-content\/uploads\/2020\/08\/68761283_2488864924514757_5654117161472360448_o-768x774.jpg 768w, https:\/\/remakeupacademy.com\/wp-content\/uploads\/2020\/08\/68761283_2488864924514757_5654117161472360448_o-150x150.jpg 150w, https:\/\/remakeupacademy.com\/wp-content\/uploads\/2020\/08\/68761283_2488864924514757_5654117161472360448_o-74x75.jpg 74w, https:\/\/remakeupacademy.com\/wp-content\/uploads\/2020\/08\/68761283_2488864924514757_5654117161472360448_o-480x484.jpg 480w, https:\/\/remakeupacademy.com\/wp-content\/uploads\/2020\/08\/68761283_2488864924514757_5654117161472360448_o-800x806.jpg 800w\" sizes=\"(max-width:767px) 480px, (max-width:953px) 100vw, 953px\" \/>\t\t\t\t\t\t\t\t\t\t\t\t\t\t\t<\/div>\n\t\t\t\t<\/div>\n\t\t\t\t\t<\/div>\n\t\t<\/div>\n\t\t\t\t\t<\/div>\n\t\t<\/section>\n\t\t\t\t\t<\/div>\n\t\t<\/div>\n\t\t\t\t\t<\/div>\n\t\t<\/section>\n\t\t\t\t<\/div>","protected":false},"excerpt":{"rendered":"<p>Sobre N\u00f3s Academia Leiria, Portugal Nos \u00faltimos 10 anos, Cristina Bernardino especializou-se na \u00e1rea da Micropigmenta\u00e7\u00e3o Param\u00e9dica no Reino Unido, trabalhando com cl\u00ednicas de cirurgia pl\u00e1stica<span class=\"excerpt-hellip\"> [\u2026]<\/span><\/p>\n","protected":false},"author":1,"featured_media":0,"parent":0,"menu_order":0,"comment_status":"open","ping_status":"closed","template":"","meta":{"footnotes":""},"class_list":["post-19","page","type-page","status-publish","hentry"],"_links":{"self":[{"href":"https:\/\/remakeupacademy.com\/en\/wp-json\/wp\/v2\/pages\/19","targetHints":{"allow":["GET"]}}],"collection":[{"href":"https:\/\/remakeupacademy.com\/en\/wp-json\/wp\/v2\/pages"}],"about":[{"href":"https:\/\/remakeupacademy.com\/en\/wp-json\/wp\/v2\/types\/page"}],"author":[{"embeddable":true,"href":"https:\/\/remakeupacademy.com\/en\/wp-json\/wp\/v2\/users\/1"}],"replies":[{"embeddable":true,"href":"https:\/\/remakeupacademy.com\/en\/wp-json\/wp\/v2\/comments?post=19"}],"version-history":[{"count":28,"href":"https:\/\/remakeupacademy.com\/en\/wp-json\/wp\/v2\/pages\/19\/revisions"}],"predecessor-version":[{"id":16799,"href":"https:\/\/remakeupacademy.com\/en\/wp-json\/wp\/v2\/pages\/19\/revisions\/16799"}],"wp:attachment":[{"href":"https:\/\/remakeupacademy.com\/en\/wp-json\/wp\/v2\/media?parent=19"}],"curies":[{"name":"wp","href":"https:\/\/api.w.org\/{rel}","templated":true}]}}