{"id":16237,"date":"2025-06-11T12:24:17","date_gmt":"2025-06-11T12:24:17","guid":{"rendered":"https:\/\/remakeupacademy.com\/?post_type=product&#038;p=16237"},"modified":"2026-02-13T09:51:29","modified_gmt":"2026-02-13T09:51:29","slug":"formacao-em-hifu-mpt","status":"publish","type":"product","link":"https:\/\/remakeupacademy.com\/en\/loja\/formacao-em-hifu-mpt\/","title":{"rendered":"Forma\u00e7\u00e3o Inicial HIFU"},"content":{"rendered":"<p>O HIFU (High Intensity Focused Ultrasound) \u00e9 uma das tecnologias mais inovadoras e procuradas na est\u00e9tica atual para lifting facial, flacidez corporal, redefini\u00e7\u00e3o dos contornos do rosto e rejuvenescimento sem cirurgia.<\/p>\n<p>Esta forma\u00e7\u00e3o \u00e9 ideal para profissionais de sa\u00fade e afins, sem conhecimento pr\u00e9vio desta t\u00e9cnica inovadora, e que querem oferecer resultados reais com uma t\u00e9cnica n\u00e3o invasiva, segura e altamente eficaz.<\/p>\n<p>A forma\u00e7\u00e3o decorre ao longo de dois dias, incidindo na aplica\u00e7\u00e3o dos tratamentos de HIFU para Rosto e Corpo.<\/p>\n<p>\u2e3b<\/p>\n<p>\ud83d\udcc5 Dates:<br \/>\n\u2022\u00a0 \u00a0 27 e 28 de Abril \u2013 Leiria<\/p>\n<p>What you&#039;ll learn:<br \/>\n\u2022 \u00a0 \u00a0Funcionamento do equipamento HIFU MPT (macro e micropulsos)<br \/>\n\u2022 Indications and contraindications for treatment<br \/>\n\u2022 Protocols and facial by step-by-step<br \/>\n\u2022 Parameter settings on a per-zone, and the skin type<br \/>\n\u2022 Application of supervised practice<br \/>\n\u2022 Post-procedure, and in the maintenance of your results<\/p>\n<p>\ud83c\udf93 Qualification<br \/>\n\ud83d\udcda The Technical Manual Is Included<br \/>\n\ud83d\udc65 Group support post-training<br \/>\n\ud83d\udccd Training-100% face-to-face with the practical, real -<\/p>","protected":false},"excerpt":{"rendered":"<p>O HIFU (High Intensity Focused Ultrasound) \u00e9 uma das tecnologias mais inovadoras e procuradas na est\u00e9tica atual para lifting facial, flacidez corporal, redefini\u00e7\u00e3o dos contornos do<span class=\"excerpt-hellip\"> [\u2026]<\/span><\/p>\n","protected":false},"featured_media":16238,"template":"","meta":[],"product_brand":[],"product_cat":[90],"product_tag":[],"class_list":{"0":"post-16237","1":"product","2":"type-product","3":"status-publish","4":"has-post-thumbnail","6":"product_cat-cursos","8":"first","9":"instock","10":"taxable","11":"shipping-taxable","12":"purchasable","13":"product-type-simple"},"_links":{"self":[{"href":"https:\/\/remakeupacademy.com\/en\/wp-json\/wp\/v2\/product\/16237","targetHints":{"allow":["GET"]}}],"collection":[{"href":"https:\/\/remakeupacademy.com\/en\/wp-json\/wp\/v2\/product"}],"about":[{"href":"https:\/\/remakeupacademy.com\/en\/wp-json\/wp\/v2\/types\/product"}],"version-history":[{"count":8,"href":"https:\/\/remakeupacademy.com\/en\/wp-json\/wp\/v2\/product\/16237\/revisions"}],"predecessor-version":[{"id":17368,"href":"https:\/\/remakeupacademy.com\/en\/wp-json\/wp\/v2\/product\/16237\/revisions\/17368"}],"wp:featuredmedia":[{"embeddable":true,"href":"https:\/\/remakeupacademy.com\/en\/wp-json\/wp\/v2\/media\/16238"}],"wp:attachment":[{"href":"https:\/\/remakeupacademy.com\/en\/wp-json\/wp\/v2\/media?parent=16237"}],"wp:term":[{"taxonomy":"product_brand","embeddable":true,"href":"https:\/\/remakeupacademy.com\/en\/wp-json\/wp\/v2\/product_brand?post=16237"},{"taxonomy":"product_cat","embeddable":true,"href":"https:\/\/remakeupacademy.com\/en\/wp-json\/wp\/v2\/product_cat?post=16237"},{"taxonomy":"product_tag","embeddable":true,"href":"https:\/\/remakeupacademy.com\/en\/wp-json\/wp\/v2\/product_tag?post=16237"}],"curies":[{"name":"wp","href":"https:\/\/api.w.org\/{rel}","templated":true}]}}