{"id":16593,"date":"2025-06-11T15:47:13","date_gmt":"2025-06-11T14:47:13","guid":{"rendered":"https:\/\/remakeupacademy.com\/?post_type=product&#038;p=16593"},"modified":"2026-02-24T05:38:14","modified_gmt":"2026-02-24T05:38:14","slug":"curso-de-regeneracao-tecidular-avancada","status":"publish","type":"product","link":"https:\/\/remakeupacademy.com\/en\/loja\/curso-de-regeneracao-tecidular-avancada\/","title":{"rendered":"Regeneration Of Tissue"},"content":{"rendered":"<p>Melhoramento Funcional Est\u00e9tico<\/p>\n<p>Learn to regenerate the skin from the inside out with a therapeutic approach, and the scientific know-how. The technique is effective in the treatment of stretch marks, scars, wrinkles, sagging skin and brown spots.<\/p>\n<p>\ud83d\uddd3\ufe0fDatas dispon\u00edveis<\/p>\n<p>\u2022\u00a0 \u00a013 e 14 de Abril &#8211; Leiria<\/p>\n<p>&nbsp;<\/p>\n<p>What you&#039;ll learn:<br \/>\n\u2022 \u00a0 \u00a0Fundamentos da Regenera\u00e7\u00e3o Tecidular e Indu\u00e7\u00e3o de colag\u00e9nio<br \/>\n\u2022 The practical application of the principles to specific assets<br \/>\n\u2022 Protocol for skin rejuvenation and treatment of skin texture<\/p>\n<p>\ud83c\udf93 Qualification (I) and\/or DGERT)<br \/>\n\ud83e\uddf0 Includes a kit, and technical guide<br \/>\n\ud83d\udc65 Group support, ongoing<\/p>\n<p>\ud83d\udc49 Reserve your parking spot and delivers real results to your clients!<\/p>","protected":false},"excerpt":{"rendered":"<p>Melhoramento Funcional Est\u00e9tico Aprende a regenerar a pele de dentro para fora com uma abordagem terap\u00eautica e cient\u00edfica. T\u00e9cnica eficaz no tratamento de estrias, cicatrizes, rugas,<span class=\"excerpt-hellip\"> [\u2026]<\/span><\/p>\n","protected":false},"featured_media":16434,"template":"","meta":[],"product_brand":[],"product_cat":[90],"product_tag":[],"class_list":{"0":"post-16593","1":"product","2":"type-product","3":"status-publish","4":"has-post-thumbnail","6":"product_cat-cursos","8":"first","9":"instock","10":"taxable","11":"shipping-taxable","12":"purchasable","13":"product-type-simple"},"_links":{"self":[{"href":"https:\/\/remakeupacademy.com\/en\/wp-json\/wp\/v2\/product\/16593","targetHints":{"allow":["GET"]}}],"collection":[{"href":"https:\/\/remakeupacademy.com\/en\/wp-json\/wp\/v2\/product"}],"about":[{"href":"https:\/\/remakeupacademy.com\/en\/wp-json\/wp\/v2\/types\/product"}],"version-history":[{"count":7,"href":"https:\/\/remakeupacademy.com\/en\/wp-json\/wp\/v2\/product\/16593\/revisions"}],"predecessor-version":[{"id":17469,"href":"https:\/\/remakeupacademy.com\/en\/wp-json\/wp\/v2\/product\/16593\/revisions\/17469"}],"wp:featuredmedia":[{"embeddable":true,"href":"https:\/\/remakeupacademy.com\/en\/wp-json\/wp\/v2\/media\/16434"}],"wp:attachment":[{"href":"https:\/\/remakeupacademy.com\/en\/wp-json\/wp\/v2\/media?parent=16593"}],"wp:term":[{"taxonomy":"product_brand","embeddable":true,"href":"https:\/\/remakeupacademy.com\/en\/wp-json\/wp\/v2\/product_brand?post=16593"},{"taxonomy":"product_cat","embeddable":true,"href":"https:\/\/remakeupacademy.com\/en\/wp-json\/wp\/v2\/product_cat?post=16593"},{"taxonomy":"product_tag","embeddable":true,"href":"https:\/\/remakeupacademy.com\/en\/wp-json\/wp\/v2\/product_tag?post=16593"}],"curies":[{"name":"wp","href":"https:\/\/api.w.org\/{rel}","templated":true}]}}