{"id":16597,"date":"2025-06-11T15:50:41","date_gmt":"2025-06-11T14:50:41","guid":{"rendered":"https:\/\/remakeupacademy.com\/?post_type=product&#038;p=16597"},"modified":"2026-04-23T21:17:59","modified_gmt":"2026-04-23T20:17:59","slug":"curso-de-remocao-de-micropigmentacao-com-laser-yag","status":"publish","type":"product","link":"https:\/\/remakeupacademy.com\/en\/loja\/curso-de-remocao-de-micropigmentacao-com-laser-yag\/","title":{"rendered":"Redu\u00e7\u00e3o de Micropigmenta\u00e7\u00e3o com Picolaser e Solu\u00e7\u00e3o Salina"},"content":{"rendered":"<p>Aprende a remover pigmentos com seguran\u00e7a e efic\u00e1cia usando 2 t\u00e9cnicas: Picolaser e Solu\u00e7\u00e3o Salina. Ideal para quem deseja atuar em corre\u00e7\u00f5es de micropigmenta\u00e7\u00f5es antigas ou mal executadas.<\/p>\n<p>\ud83d\uddd3\ufe0fDatas dispon\u00edveis<\/p>\n<p>\u2022\u00a0 \u00a0Brevemente &#8211; Leiria<\/p>\n<p>What you&#039;ll learn:<br \/>\n\u2022 The principles of laser selective photothermolysis<br \/>\n\u2022 The parameters of the application, by a phototype, and the treated area<br \/>\n\u2022 Practice on real models<\/p>\n<p>\ud83c\udf93 Qualification<\/p>\n<p>\ud83d\udc49 Getting a new expertise, and increase your service!<\/p>","protected":false},"excerpt":{"rendered":"<p>Aprende a remover pigmentos com seguran\u00e7a e efic\u00e1cia usando 2 t\u00e9cnicas: Picolaser e Solu\u00e7\u00e3o Salina. Ideal para quem deseja atuar em corre\u00e7\u00f5es de micropigmenta\u00e7\u00f5es antigas ou<span class=\"excerpt-hellip\"> [\u2026]<\/span><\/p>\n","protected":false},"featured_media":16446,"template":"","meta":[],"product_brand":[],"product_cat":[90],"product_tag":[],"class_list":{"0":"post-16597","1":"product","2":"type-product","3":"status-publish","4":"has-post-thumbnail","6":"product_cat-cursos","8":"first","9":"instock","10":"taxable","11":"shipping-taxable","12":"purchasable","13":"product-type-simple"},"_links":{"self":[{"href":"https:\/\/remakeupacademy.com\/en\/wp-json\/wp\/v2\/product\/16597","targetHints":{"allow":["GET"]}}],"collection":[{"href":"https:\/\/remakeupacademy.com\/en\/wp-json\/wp\/v2\/product"}],"about":[{"href":"https:\/\/remakeupacademy.com\/en\/wp-json\/wp\/v2\/types\/product"}],"version-history":[{"count":8,"href":"https:\/\/remakeupacademy.com\/en\/wp-json\/wp\/v2\/product\/16597\/revisions"}],"predecessor-version":[{"id":17682,"href":"https:\/\/remakeupacademy.com\/en\/wp-json\/wp\/v2\/product\/16597\/revisions\/17682"}],"wp:featuredmedia":[{"embeddable":true,"href":"https:\/\/remakeupacademy.com\/en\/wp-json\/wp\/v2\/media\/16446"}],"wp:attachment":[{"href":"https:\/\/remakeupacademy.com\/en\/wp-json\/wp\/v2\/media?parent=16597"}],"wp:term":[{"taxonomy":"product_brand","embeddable":true,"href":"https:\/\/remakeupacademy.com\/en\/wp-json\/wp\/v2\/product_brand?post=16597"},{"taxonomy":"product_cat","embeddable":true,"href":"https:\/\/remakeupacademy.com\/en\/wp-json\/wp\/v2\/product_cat?post=16597"},{"taxonomy":"product_tag","embeddable":true,"href":"https:\/\/remakeupacademy.com\/en\/wp-json\/wp\/v2\/product_tag?post=16597"}],"curies":[{"name":"wp","href":"https:\/\/api.w.org\/{rel}","templated":true}]}}