{"id":16599,"date":"2025-06-11T15:52:35","date_gmt":"2025-06-11T14:52:35","guid":{"rendered":"https:\/\/remakeupacademy.com\/?post_type=product&#038;p=16599"},"modified":"2026-02-13T10:18:53","modified_gmt":"2026-02-13T10:18:53","slug":"curso-de-depilacao-a-laser-alexandrite","status":"publish","type":"product","link":"https:\/\/remakeupacademy.com\/en\/loja\/curso-de-depilacao-a-laser-alexandrite\/","title":{"rendered":"Depila\u00e7\u00e3o a Laser Alexandrite"},"content":{"rendered":"<p><img fetchpriority=\"high\" decoding=\"async\" class=\"alignnone wp-image-16243\" src=\"https:\/\/remakeupacademy.com\/wp-content\/uploads\/2025\/07\/Imagem3-334x500.png\" alt=\"\" width=\"278\" height=\"417\" srcset=\"https:\/\/remakeupacademy.com\/wp-content\/uploads\/2025\/07\/Imagem3-334x500.png 334w, https:\/\/remakeupacademy.com\/wp-content\/uploads\/2025\/07\/Imagem3-802x1200.png 802w, https:\/\/remakeupacademy.com\/wp-content\/uploads\/2025\/07\/Imagem3-200x300.png 200w, https:\/\/remakeupacademy.com\/wp-content\/uploads\/2025\/07\/Imagem3-768x1149.png 768w, https:\/\/remakeupacademy.com\/wp-content\/uploads\/2025\/07\/Imagem3-1026x1536.png 1026w, https:\/\/remakeupacademy.com\/wp-content\/uploads\/2025\/07\/Imagem3-1369x2048.png 1369w, https:\/\/remakeupacademy.com\/wp-content\/uploads\/2025\/07\/Imagem3-50x75.png 50w, https:\/\/remakeupacademy.com\/wp-content\/uploads\/2025\/07\/Imagem3-480x718.png 480w, https:\/\/remakeupacademy.com\/wp-content\/uploads\/2025\/07\/Imagem3-800x1197.png 800w, https:\/\/remakeupacademy.com\/wp-content\/uploads\/2025\/07\/Imagem3.png 1384w\" sizes=\"(max-width:767px) 278px, 278px\" \/><\/p>\n<p>A nurse, Jane, \u2013 the formation of Laser-Alexandrite at the RemakeUp Academy<\/p>\n<p>The Nurse, Jane, is a health care professional, highly qualified, with extensive experience in the field of advanced aesthetic and medical laser-aesthetic.<br \/>\nAn expert in laser hair removal, the masters of the technology, Alexandrite, which is considered the \u201cgold standard\u201d in the treatment is safe and effective for the removal of the different types of skin.<\/p>\n<p>The RemakeUp Academy, Joana is responsible for a Course of Laser Hair with a Master&#039;s Alexandrite, where it passes not only in their clinical practice, but it&#039;s also the best practices in the security arrangements, custom and long-lasting results.<\/p>\n<p>With the training, students will gain technical knowledge and solid, and the confidence to apply the treatment in a professional and outstanding in the market of beauty.<\/p>","protected":false},"excerpt":{"rendered":"<p>A removal is effective, long lasting and suited to all fototipos with a laser-Alexandrite. One of the most sought-after in the aesthetic market.<\/p>\n<p>\ud83d\uddd3\ufe0fDatas dispon\u00edveis<\/p>\n<p>\u2022\u00a0 \u00a022 de Fevereiro &#8211; Leiria<\/p>\n<p>\u2022\u00a0 \u00a007 de Abril &#8211; Leiria<\/p>\n<p>What you&#039;ll learn:<br \/>\n\u2022 The operation and safety of the laser-Alexandrite<br \/>\n\u2022 The protocols of the hair, by the area of the body and kind to the skin<br \/>\n\u2022 Supervised practice on real models<\/p>\n<p>\ud83c\udf93 Qualification<\/p>\n<p>\ud83d\udc49 D\u00e1 um passo em frente no mercado da est\u00e9tica avan\u00e7ada!<\/p>","protected":false},"featured_media":13503,"template":"","meta":[],"product_brand":[],"product_cat":[90],"product_tag":[],"class_list":{"0":"post-16599","1":"product","2":"type-product","3":"status-publish","4":"has-post-thumbnail","6":"product_cat-cursos","8":"first","9":"instock","10":"taxable","11":"shipping-taxable","12":"purchasable","13":"product-type-simple"},"_links":{"self":[{"href":"https:\/\/remakeupacademy.com\/en\/wp-json\/wp\/v2\/product\/16599","targetHints":{"allow":["GET"]}}],"collection":[{"href":"https:\/\/remakeupacademy.com\/en\/wp-json\/wp\/v2\/product"}],"about":[{"href":"https:\/\/remakeupacademy.com\/en\/wp-json\/wp\/v2\/types\/product"}],"version-history":[{"count":7,"href":"https:\/\/remakeupacademy.com\/en\/wp-json\/wp\/v2\/product\/16599\/revisions"}],"predecessor-version":[{"id":17391,"href":"https:\/\/remakeupacademy.com\/en\/wp-json\/wp\/v2\/product\/16599\/revisions\/17391"}],"wp:featuredmedia":[{"embeddable":true,"href":"https:\/\/remakeupacademy.com\/en\/wp-json\/wp\/v2\/media\/13503"}],"wp:attachment":[{"href":"https:\/\/remakeupacademy.com\/en\/wp-json\/wp\/v2\/media?parent=16599"}],"wp:term":[{"taxonomy":"product_brand","embeddable":true,"href":"https:\/\/remakeupacademy.com\/en\/wp-json\/wp\/v2\/product_brand?post=16599"},{"taxonomy":"product_cat","embeddable":true,"href":"https:\/\/remakeupacademy.com\/en\/wp-json\/wp\/v2\/product_cat?post=16599"},{"taxonomy":"product_tag","embeddable":true,"href":"https:\/\/remakeupacademy.com\/en\/wp-json\/wp\/v2\/product_tag?post=16599"}],"curies":[{"name":"wp","href":"https:\/\/api.w.org\/{rel}","templated":true}]}}