{"id":16981,"date":"2025-08-22T15:36:33","date_gmt":"2025-08-22T14:36:33","guid":{"rendered":"https:\/\/remakeupacademy.com\/?post_type=product&#038;p=16981"},"modified":"2026-02-13T10:30:50","modified_gmt":"2026-02-13T10:30:50","slug":"curso-de-depilacao-a-laser","status":"publish","type":"product","link":"https:\/\/remakeupacademy.com\/en\/loja\/curso-de-depilacao-a-laser\/","title":{"rendered":"A course of Laser Hair removal"},"content":{"rendered":"<p><img fetchpriority=\"high\" decoding=\"async\" class=\"alignnone wp-image-16243\" src=\"https:\/\/remakeupacademy.com\/wp-content\/uploads\/2025\/07\/Imagem3-334x500.png\" alt=\"\" width=\"278\" height=\"417\" srcset=\"https:\/\/remakeupacademy.com\/wp-content\/uploads\/2025\/07\/Imagem3-334x500.png 334w, https:\/\/remakeupacademy.com\/wp-content\/uploads\/2025\/07\/Imagem3-802x1200.png 802w, https:\/\/remakeupacademy.com\/wp-content\/uploads\/2025\/07\/Imagem3-200x300.png 200w, https:\/\/remakeupacademy.com\/wp-content\/uploads\/2025\/07\/Imagem3-768x1149.png 768w, https:\/\/remakeupacademy.com\/wp-content\/uploads\/2025\/07\/Imagem3-1026x1536.png 1026w, https:\/\/remakeupacademy.com\/wp-content\/uploads\/2025\/07\/Imagem3-1369x2048.png 1369w, https:\/\/remakeupacademy.com\/wp-content\/uploads\/2025\/07\/Imagem3-50x75.png 50w, https:\/\/remakeupacademy.com\/wp-content\/uploads\/2025\/07\/Imagem3-480x718.png 480w, https:\/\/remakeupacademy.com\/wp-content\/uploads\/2025\/07\/Imagem3-800x1197.png 800w, https:\/\/remakeupacademy.com\/wp-content\/uploads\/2025\/07\/Imagem3.png 1384w\" sizes=\"(max-width:767px) 278px, 278px\" \/><\/p>\n<p>Enfermeira Joana \u2013 Formadora de Laser na RemakeUp Academy<\/p>\n<p>The Nurse, Jane, is a health care professional, highly qualified, with extensive experience in the field of advanced aesthetic and medical laser-aesthetic.<br \/>\nEspecialista em depila\u00e7\u00e3o a laser, domina as diferentes tecnologias incluindo Alexandrite, considerada o \u201cgold standard\u201d no tratamento eficaz e seguro para remo\u00e7\u00e3o de pelos em diferentes tipos de pele.<\/p>\n<p>Na RemakeUp Academy, a Joana \u00e9 respons\u00e1vel pelo Curso de Laser de P\u00ealo e do Master Alexandrite, onde transmite n\u00e3o s\u00f3 a sua experi\u00eancia cl\u00ednica, mas tamb\u00e9m as boas pr\u00e1ticas em seguran\u00e7a, protocolos personalizados e resultados duradouros.<\/p>\n<p>With the training, students will gain technical knowledge and solid, and the confidence to apply the treatment in a professional and outstanding in the market of beauty.<\/p>","protected":false},"excerpt":{"rendered":"<div>A course of Laser Hair removal \u2013 Leiria (portugal)<\/div>\n<div><\/div>\n<div>\ud83d\udc69\u2695\ufe0f Training: Nurse Joana<\/div>\n<div><\/div>\n<div>Nestes 2 dias intensivos, aprenda a trabalhar com as principais tecnologias de depila\u00e7\u00e3o: Laser Diodo, IPL e Nd:YAG. A forma\u00e7\u00e3o \u00e9 ministrada pela Enfermeira Joana, garantindo qualidade, seguran\u00e7a e conhecimento pr\u00e1tico para aplicar no seu dia a dia.<\/div>\n<div><\/div>\n<div>\n<p>\ud83d\uddd3\ufe0fDatas dispon\u00edveis<\/p>\n<p>\u2022\u00a0 <strong>22 e 23<\/strong> de Abril- Leiria<\/p>\n<\/div>\n<div><\/div>\n<div>\ud83d\udcda What will you learn:<\/div>\n<div>\u2714\ufe0f Diferen\u00e7as entre Diodo, IPL, Nd:YAG e Alexandrite<\/div>\n<div>\u2714\ufe0f Safety protocols and best practices<\/div>\n<div>\u2714\ufe0f Set parameters for different skin types, and for the<\/div>\n<div>\u2714\ufe0f The indications, contraindications, and management of risk<\/div>\n<div>\u2714\ufe0f Customer service and follow-up care<\/div>\n<div><\/div>\n<div>\ud83d\udee0\ufe0f It includes:<\/div>\n<div>\u2022Forma\u00e7\u00e3o intensiva de 2 dias<\/div>\n<div>\u2022Professional certification<\/div>\n<div>\u2022Post-course follow up<\/div>\n<div><\/div>\n<div>\ud83d\udccd Location: Leiria<\/div>","protected":false},"featured_media":14409,"template":"","meta":[],"product_brand":[],"product_cat":[90],"product_tag":[],"class_list":{"0":"post-16981","1":"product","2":"type-product","3":"status-publish","4":"has-post-thumbnail","6":"product_cat-cursos","8":"first","9":"instock","10":"taxable","11":"shipping-taxable","12":"purchasable","13":"product-type-simple"},"_links":{"self":[{"href":"https:\/\/remakeupacademy.com\/en\/wp-json\/wp\/v2\/product\/16981","targetHints":{"allow":["GET"]}}],"collection":[{"href":"https:\/\/remakeupacademy.com\/en\/wp-json\/wp\/v2\/product"}],"about":[{"href":"https:\/\/remakeupacademy.com\/en\/wp-json\/wp\/v2\/types\/product"}],"version-history":[{"count":5,"href":"https:\/\/remakeupacademy.com\/en\/wp-json\/wp\/v2\/product\/16981\/revisions"}],"predecessor-version":[{"id":17403,"href":"https:\/\/remakeupacademy.com\/en\/wp-json\/wp\/v2\/product\/16981\/revisions\/17403"}],"wp:featuredmedia":[{"embeddable":true,"href":"https:\/\/remakeupacademy.com\/en\/wp-json\/wp\/v2\/media\/14409"}],"wp:attachment":[{"href":"https:\/\/remakeupacademy.com\/en\/wp-json\/wp\/v2\/media?parent=16981"}],"wp:term":[{"taxonomy":"product_brand","embeddable":true,"href":"https:\/\/remakeupacademy.com\/en\/wp-json\/wp\/v2\/product_brand?post=16981"},{"taxonomy":"product_cat","embeddable":true,"href":"https:\/\/remakeupacademy.com\/en\/wp-json\/wp\/v2\/product_cat?post=16981"},{"taxonomy":"product_tag","embeddable":true,"href":"https:\/\/remakeupacademy.com\/en\/wp-json\/wp\/v2\/product_tag?post=16981"}],"curies":[{"name":"wp","href":"https:\/\/api.w.org\/{rel}","templated":true}]}}