{"id":16983,"date":"2025-08-22T15:39:16","date_gmt":"2025-08-22T14:39:16","guid":{"rendered":"https:\/\/remakeupacademy.com\/?post_type=product&#038;p=16983"},"modified":"2026-03-06T18:46:29","modified_gmt":"2026-03-06T18:46:29","slug":"curso-de-peeling-de-hollywood-tratamento-de-onicomicoses","status":"publish","type":"product","link":"https:\/\/remakeupacademy.com\/en\/loja\/curso-de-peeling-de-hollywood-tratamento-de-onicomicoses\/","title":{"rendered":"Peeling de Hollywood &#038; Tratamento de Onicomicoses"},"content":{"rendered":"<p><img fetchpriority=\"high\" decoding=\"async\" class=\"alignnone wp-image-16243\" src=\"https:\/\/remakeupacademy.com\/wp-content\/uploads\/2025\/07\/Imagem3-334x500.png\" alt=\"\" width=\"278\" height=\"417\" srcset=\"https:\/\/remakeupacademy.com\/wp-content\/uploads\/2025\/07\/Imagem3-334x500.png 334w, https:\/\/remakeupacademy.com\/wp-content\/uploads\/2025\/07\/Imagem3-802x1200.png 802w, https:\/\/remakeupacademy.com\/wp-content\/uploads\/2025\/07\/Imagem3-200x300.png 200w, https:\/\/remakeupacademy.com\/wp-content\/uploads\/2025\/07\/Imagem3-768x1149.png 768w, https:\/\/remakeupacademy.com\/wp-content\/uploads\/2025\/07\/Imagem3-1026x1536.png 1026w, https:\/\/remakeupacademy.com\/wp-content\/uploads\/2025\/07\/Imagem3-1369x2048.png 1369w, https:\/\/remakeupacademy.com\/wp-content\/uploads\/2025\/07\/Imagem3-50x75.png 50w, https:\/\/remakeupacademy.com\/wp-content\/uploads\/2025\/07\/Imagem3-480x718.png 480w, https:\/\/remakeupacademy.com\/wp-content\/uploads\/2025\/07\/Imagem3-800x1197.png 800w, https:\/\/remakeupacademy.com\/wp-content\/uploads\/2025\/07\/Imagem3.png 1384w\" sizes=\"(max-width:767px) 278px, 278px\" \/><\/p>\n<p>Enfermeira Joana \u2013 Formadora de Laser na RemakeUp Academy<\/p>\n<p>The Nurse, Jane, is a health care professional, highly qualified, with extensive experience in the field of advanced aesthetic and medical laser-aesthetic.<br \/>\nEspecialista em tratamentos com recurso a laser, domina a tecnologia nas suas variadas formas e aplica\u00e7\u00f5es.<\/p>\n<p>Na RemakeUp Academy, a Joana \u00e9 respons\u00e1vel pelo Curso de Laser de P\u00ealo, Master Alexandrite e por este Inovador curso que combina duas terapias distintas para cuidados faciais e cuidados corporais, onde transmite n\u00e3o s\u00f3 a sua experi\u00eancia cl\u00ednica, mas tamb\u00e9m as boas pr\u00e1ticas em seguran\u00e7a, protocolos personalizados e resultados duradouros.<\/p>\n<p>With the training, students will gain technical knowledge and solid, and the confidence to apply the treatment in a professional and outstanding in the market of beauty.<\/p>","protected":false},"excerpt":{"rendered":"<div>The course for Such as Hollywood and Treatment of Onichomicosis \u2013 Leiria (portugal)<\/div>\n<div><\/div>\n<div>\ud83d\udc69\u2695\ufe0f Training: Nurse Joana<\/div>\n<div><\/div>\n<div>The Story Up to the Academy brings to you an exclusive training that combines the two treatments are highly sought after: the famous, Such as Hollywood peel laser, which is also known as the \u201cBlack man, isle of,\u201d or \u201cCarbon Peel\u201d), and the laser treatment of onichomicosis (nail fungus).<\/div>\n<div><\/div>\n<div>\n<p>\ud83d\uddd3\ufe0fDatas dispon\u00edveis:<\/p>\n<p>23 de Mar\u00e7o &#8211; Leiria<\/p>\n<\/div>\n<div><\/div>\n<div>\ud83d\udcda What will you learn:<\/div>\n<div><\/div>\n<div>\u2714\ufe0f The technique of Peeling of Hollywood&#039;s recommended for skin rejuvenation, blemishes, enlarged pores, and smoothing of the skin<\/div>\n<div>\u2714\ufe0f The full protocol for the evaluation, implementation, and post-treatment care<\/div>\n<div>\u2714\ufe0f Treatment of Onichomicosis laser \u2013 how to work safely and effectively in the fight nail fungus<\/div>\n<div>\u2714\ufe0f The indications, contraindications, and the parameter settings are correct<\/div>\n<div>\u2714\ufe0f Practice under supervision and guidance of professional<\/div>\n<div><\/div>\n<div>\ud83d\udee0\ufe0f It includes:<\/div>\n<div>\u2022The 1-day intensive training<\/div>\n<div>\u2022Professional certification<\/div>\n<div>\u2022Support Manual<\/div>\n<div>\u2022Follow-up training<\/div>\n<div><\/div>\n<div>\ud83d\udccd Location: Leiria<\/div>","protected":false},"featured_media":16241,"template":"","meta":[],"product_brand":[],"product_cat":[90],"product_tag":[],"class_list":{"0":"post-16983","1":"product","2":"type-product","3":"status-publish","4":"has-post-thumbnail","6":"product_cat-cursos","8":"first","9":"instock","10":"taxable","11":"shipping-taxable","12":"purchasable","13":"product-type-simple"},"_links":{"self":[{"href":"https:\/\/remakeupacademy.com\/en\/wp-json\/wp\/v2\/product\/16983","targetHints":{"allow":["GET"]}}],"collection":[{"href":"https:\/\/remakeupacademy.com\/en\/wp-json\/wp\/v2\/product"}],"about":[{"href":"https:\/\/remakeupacademy.com\/en\/wp-json\/wp\/v2\/types\/product"}],"version-history":[{"count":6,"href":"https:\/\/remakeupacademy.com\/en\/wp-json\/wp\/v2\/product\/16983\/revisions"}],"predecessor-version":[{"id":17472,"href":"https:\/\/remakeupacademy.com\/en\/wp-json\/wp\/v2\/product\/16983\/revisions\/17472"}],"wp:featuredmedia":[{"embeddable":true,"href":"https:\/\/remakeupacademy.com\/en\/wp-json\/wp\/v2\/media\/16241"}],"wp:attachment":[{"href":"https:\/\/remakeupacademy.com\/en\/wp-json\/wp\/v2\/media?parent=16983"}],"wp:term":[{"taxonomy":"product_brand","embeddable":true,"href":"https:\/\/remakeupacademy.com\/en\/wp-json\/wp\/v2\/product_brand?post=16983"},{"taxonomy":"product_cat","embeddable":true,"href":"https:\/\/remakeupacademy.com\/en\/wp-json\/wp\/v2\/product_cat?post=16983"},{"taxonomy":"product_tag","embeddable":true,"href":"https:\/\/remakeupacademy.com\/en\/wp-json\/wp\/v2\/product_tag?post=16983"}],"curies":[{"name":"wp","href":"https:\/\/api.w.org\/{rel}","templated":true}]}}