{"id":17340,"date":"2026-01-07T17:04:47","date_gmt":"2026-01-07T17:04:47","guid":{"rendered":"https:\/\/remakeupacademy.com\/?post_type=product&#038;p=17340"},"modified":"2026-01-07T17:07:34","modified_gmt":"2026-01-07T17:07:34","slug":"master-hifu-mpt","status":"publish","type":"product","link":"https:\/\/remakeupacademy.com\/en\/loja\/master-hifu-mpt\/","title":{"rendered":"Master HIFU MPT"},"content":{"rendered":"<p>The HIFU Y (Macro - &amp; Micro-Pulsed Technology) is one of the world&#039;s most innovative and sought-after in the aesthetics of the current-to-face lift, sagging skin of the body, the redefinition of the oval of the face and skin rejuvenation without surgery.<\/p>\n<p>This training course is ideal for healthcare professionals who want to deliver real-world results with a technique that is inexpensive, non-invasive, safe, and highly effective.<\/p>\n<p>\u2e3b<\/p>\n<p>\ud83d\udcc5 Dates:<br \/>\n\u2022 \u00a0 \u00a016 de Fevereiro \u2013 Leiria<\/p>\n<p>What you&#039;ll learn:<br \/>\n\u2022 The operation of the equipment, HIFU Y (macro-and micro-pulse)<br \/>\n\u2022 Indications and contraindications for treatment<br \/>\n\u2022 Protocols and facial by step-by-step<br \/>\n\u2022 Parameter settings on a per-zone, and the skin type<br \/>\n\u2022 Application of supervised practice<br \/>\n\u2022 Post-procedure, and in the maintenance of your results<\/p>\n<p>\ud83c\udf93 Qualification<br \/>\n\ud83d\udcda The Technical Manual Is Included<br \/>\n\ud83d\udc65 Group support post-training<br \/>\n\ud83d\udccd Training-100% face-to-face with the practical, real -<\/p>","protected":false},"excerpt":{"rendered":"<p>O HIFU MPT (Macro &amp; Micro Pulsed Technology) \u00e9 uma das tecnologias mais inovadoras e procuradas na est\u00e9tica atual para lifting facial, flacidez corporal, redefini\u00e7\u00e3o do<span class=\"excerpt-hellip\"> [\u2026]<\/span><\/p>\n","protected":false},"featured_media":16238,"template":"","meta":[],"product_brand":[],"product_cat":[90],"product_tag":[],"class_list":{"0":"post-17340","1":"product","2":"type-product","3":"status-publish","4":"has-post-thumbnail","6":"product_cat-cursos","8":"first","9":"instock","10":"taxable","11":"shipping-taxable","12":"purchasable","13":"product-type-simple"},"_links":{"self":[{"href":"https:\/\/remakeupacademy.com\/en\/wp-json\/wp\/v2\/product\/17340","targetHints":{"allow":["GET"]}}],"collection":[{"href":"https:\/\/remakeupacademy.com\/en\/wp-json\/wp\/v2\/product"}],"about":[{"href":"https:\/\/remakeupacademy.com\/en\/wp-json\/wp\/v2\/types\/product"}],"version-history":[{"count":1,"href":"https:\/\/remakeupacademy.com\/en\/wp-json\/wp\/v2\/product\/17340\/revisions"}],"predecessor-version":[{"id":17341,"href":"https:\/\/remakeupacademy.com\/en\/wp-json\/wp\/v2\/product\/17340\/revisions\/17341"}],"wp:featuredmedia":[{"embeddable":true,"href":"https:\/\/remakeupacademy.com\/en\/wp-json\/wp\/v2\/media\/16238"}],"wp:attachment":[{"href":"https:\/\/remakeupacademy.com\/en\/wp-json\/wp\/v2\/media?parent=17340"}],"wp:term":[{"taxonomy":"product_brand","embeddable":true,"href":"https:\/\/remakeupacademy.com\/en\/wp-json\/wp\/v2\/product_brand?post=17340"},{"taxonomy":"product_cat","embeddable":true,"href":"https:\/\/remakeupacademy.com\/en\/wp-json\/wp\/v2\/product_cat?post=17340"},{"taxonomy":"product_tag","embeddable":true,"href":"https:\/\/remakeupacademy.com\/en\/wp-json\/wp\/v2\/product_tag?post=17340"}],"curies":[{"name":"wp","href":"https:\/\/api.w.org\/{rel}","templated":true}]}}